{"id":211429,"date":"2022-02-20T11:07:20","date_gmt":"2022-02-20T10:07:20","guid":{"rendered":"https:\/\/www.moskito.cz\/produkt\/zatvaraci-noz-sog-seal-xr-usa-made\/"},"modified":"2025-05-07T10:37:19","modified_gmt":"2025-05-07T09:37:19","slug":"zatvaraci-noz-sog-seal-xr-usa-made","status":"publish","type":"product","link":"https:\/\/www.moskito.cz\/sk\/produkt\/zatvaraci-noz-sog-seal-xr-usa-made\/","title":{"rendered":"Zatv\u00e1rac\u00ed N\u00f4\u017e SOG SEAL XR USA MADE"},"content":{"rendered":"<p>N\u00e1\u0161 pr\u00edbeh za\u010d\u00edna vo Vietname, kde \u010dlenovia vysoko utajovanej americkej \u0161peci\u00e1lnej opera\u010dnej jednotky \u2013 zn\u00e1mej ako MACV \u2013 <strong>SOG<\/strong> \u2013 niesli jedine\u010dn\u00fd tajn\u00fd n\u00f4\u017e do d\u017eungle na skryt\u00fdch misi\u00e1ch. O nieko\u013eko rokov nesk\u00f4r, v roku 1986, tento n\u00f4\u017e in\u0161piroval mlad\u00e9ho n\u00e1vrh\u00e1ra menom Spencer Frazer, aby zalo\u017eil \u0161peci\u00e1lne no\u017ee SOG. Jeho poslanie: reprodukova\u0165 p\u00f4vodn\u00fd n\u00f4\u017e <strong>SOG<\/strong> Bowie a vzda\u0165 hold \u0161peci\u00e1lnej opera\u010dnej jednotke, ktor\u00e1 ho vytvorila. To, \u010do za\u010dalo ako jedin\u00fd pam\u00e4tn\u00fd model, sa \u010doskoro stalo cel\u00fdm radom inovat\u00edvnych n\u00e1strojov \u2013 osved\u010den\u00fdch americk\u00fdmi \u0161peci\u00e1lnymi silami, dokonca ocenen\u00fdch ako vybran\u00fd n\u00f4\u017e Navy SEAL. No\u017ee SOG sa dnes s istotou nosia do t\u00fdch najn\u00e1ro\u010dnej\u0161\u00edch situ\u00e1ci\u00ed. Kovan\u00e9 z trad\u00edcie, tvrden\u00e9 v poli, pilovan\u00e9 pre v\u00e1s.<\/p>\n<p>\u010ci u\u017e chr\u00e1nite ostatn\u00fdch alebo vediete epick\u00fa loveck\u00fa exped\u00edciu, rie\u0161ite jednu z ka\u017edodenn\u00fdch \u017eivotn\u00fdch v\u00fdziev alebo sa stret\u00e1vate so svojimi doteraz najextr\u00e9mnej\u0161\u00edmi podmienkami, urobte si cestu so <strong>SOG<\/strong> .<\/p>\n<p>Zatv\u00e1rac\u00ed N\u00f4\u017e <strong>SOG SEAL XR USA MADE<\/strong> .<\/p>\n<p>Zatv\u00e1rac\u00ed n\u00f4\u017e vyroben\u00fd v\u00fdhradne v USA. Navrhnut\u00e9 a optimalizovan\u00e9 po konzult\u00e1cii s profesion\u00e1lnymi pou\u017e\u00edvate\u013emi. SEAL XR poskytuje pocit a funk\u010dnos\u0165 no\u017ea SEAL vo forme ve\u013ekoform\u00e1tov\u00e9ho vreckov\u00e9ho no\u017ea. SEAL XR, vyroben\u00fd z ocele GRN a S35VN, je extr\u00e9mne odoln\u00fd n\u00f4\u017e s vysokou odolnos\u0165ou proti kor\u00f3zii a zachovan\u00edm ostria. Plne obojstrann\u00fd dizajn, z\u00e1mky SEAL XR sa otv\u00e1raj\u00fa pomocou bezpe\u010dn\u00e9ho z\u00e1mku XR. Jeden z najlep\u0161\u00edch taktick\u00fdch no\u017eov s\u00fa\u010dasnosti.<\/p>\n<p>V situ\u00e1ci\u00e1ch \u017eivota alebo smrti sa SEAL XR hod\u00ed. Bol vyvinut\u00fd, testovan\u00fd a vylep\u0161ovan\u00fd profesion\u00e1lnymi oper\u00e1tormi na niektor\u00fdch z najnehostinnej\u0161\u00edch a najnebezpe\u010dnej\u0161\u00edch z\u00e1kladn\u00ed po celom svete.<\/p>\n<p>Ve\u013ekoform\u00e1tov\u00fd n\u00f4\u017e pre profesion\u00e1lnych u\u017e\u00edvate\u013eov. Vyzna\u010duje sa r\u00fdchlym obojstrann\u00fdm otv\u00e1ran\u00edm, zar\u00e1\u017eac\u00edm bodom na rukov\u00e4ti GRN a oce\u013eou S35VN americkej v\u00fdroby.<\/p>\n<p>AMBIDEXTRN\u00dd DIZAJN<br \/>\nHladk\u00e9 a r\u00fdchle otv\u00e1ranie jednou rukou ktorouko\u013evek rukou s tromi sp\u00f4sobmi otv\u00e1rania: otvor pre palec, z\u00e1mok XR a kop.<\/p>\n<p>XR Z\u00c1MOK<br \/>\nSpo\u013eahliv\u00fd a v\u00fdkonn\u00fd, schopn\u00fd odola\u0165 sile a\u017e 1 500 libier, poskytuje maxim\u00e1lne vstavan\u00e9 zabezpe\u010denie \u010depele pri otvoren\u00ed a zais\u0165uje, \u017ee sa otvor\u00ed iba vtedy, ke\u010f je zam\u00fd\u0161\u013ean\u00e9.<\/p>\n<p>S35VN OCE\u013d<br \/>\nCPM-S35VN je oce\u013e vyroben\u00e1 v USA, ktor\u00e1 pon\u00faka zlep\u0161en\u00fa h\u00fa\u017eevnatos\u0165, lep\u0161ie dr\u017eanie ostria, vy\u0161\u0161iu odolnos\u0165 proti opotrebovaniu a vylamovaniu ostria pri zachovan\u00ed \u013eahk\u00e9ho ostrenia.<\/p>\n<p>UZAVRET\u00c1 D\u0139\u017dKA : 13.3 cm<br \/>\nGRAV\u00cdROVATE\u013dN\u00c9 : \u00c1no<br \/>\nD\u0139\u017dKA \u010cEPELA : 9.8 cm<br \/>\nKRAJINY P\u00d4VODU : USA<br \/>\nUZAMYKAC\u00cd MECHANIZMUS: XR<br \/>\nMECHANIZMUS OTV\u00c1RANIE: XR, otvor pre palec, kop<br \/>\nTYP SPONY NA OPASOK : Reverzibiln\u00fd Low-Carry<br \/>\nDOKON\u010cEN\u00cd : \u010cierna Cerakote<br \/>\nTYP OKRAJA: \u010ciasto\u010dne z\u00fabkovan\u00e9<br \/>\nOCE\u013dOV\u00dd TYP \u010cEPE\u013dA : S35VN<br \/>\nTVRDOS\u0164 : Rc. 59-61<br \/>\nMATERI\u00c1L RUKOV\u00c4TI : Nylon vystu\u017een\u00fd sklom<br \/>\nFARBA RUKOV\u00c4TI : \u010cierna<\/p>\n<p><iframe title=\"Seal XR\" width=\"800\" height=\"450\" src=\"https:\/\/www.youtube.com\/embed\/In0_XwMsm8M?feature=oembed\" frameborder=\"0\" allow=\"accelerometer; autoplay; clipboard-write; encrypted-media; gyroscope; picture-in-picture; web-share\" referrerpolicy=\"strict-origin-when-cross-origin\" allowfullscreen><\/iframe><\/p>\n<p>&nbsp;<\/p>\n","protected":false},"excerpt":{"rendered":"<p>\u010ci u\u017e chr\u00e1nite ostatn\u00fdch alebo vediete epick\u00fa loveck\u00fa exped\u00edciu, rie\u0161ite jednu z ka\u017edodenn\u00fdch \u017eivotn\u00fdch v\u00fdziev alebo sa stret\u00e1vate so svojimi doteraz najextr\u00e9mnej\u0161\u00edmi podmienkami, urobte si cestu so <strong>SOG<\/strong> .<\/p>\n<p><strong>Na v\u0161etky no\u017ee SOG d\u00e1vame do\u017eivotn\u00fa z\u00e1ruku!<\/strong><\/p>\n<p><strong>Doprava zadarmo.<\/strong><\/p>\n","protected":false},"featured_media":211405,"comment_status":"open","ping_status":"closed","template":"","meta":[],"pwb-brand":[3231],"product_brand":[],"product_cat":[3186,3233],"product_tag":[3668],"class_list":{"0":"post-211429","1":"product","2":"type-product","3":"status-publish","4":"has-post-thumbnail","6":"pwb-brand-pevny-noz-sog-snarl","7":"product_cat-noze-sk","8":"product_cat-zatvaracie-noze","9":"product_tag-b2b-sk","11":"first","12":"instock","13":"taxable","14":"shipping-taxable","15":"purchasable","16":"product-type-simple"},"brands":[{"id":3231,"name":"Pevn\u00fd N\u00f4\u017e SOG SNARL","slug":"pevny-noz-sog-snarl"}],"_links":{"self":[{"href":"https:\/\/www.moskito.cz\/sk\/wp-json\/wp\/v2\/product\/211429","targetHints":{"allow":["GET"]}}],"collection":[{"href":"https:\/\/www.moskito.cz\/sk\/wp-json\/wp\/v2\/product"}],"about":[{"href":"https:\/\/www.moskito.cz\/sk\/wp-json\/wp\/v2\/types\/product"}],"replies":[{"embeddable":true,"href":"https:\/\/www.moskito.cz\/sk\/wp-json\/wp\/v2\/comments?post=211429"}],"wp:featuredmedia":[{"embeddable":true,"href":"https:\/\/www.moskito.cz\/sk\/wp-json\/wp\/v2\/media\/211405"}],"wp:attachment":[{"href":"https:\/\/www.moskito.cz\/sk\/wp-json\/wp\/v2\/media?parent=211429"}],"wp:term":[{"taxonomy":"pwb-brand","embeddable":true,"href":"https:\/\/www.moskito.cz\/sk\/wp-json\/wp\/v2\/pwb-brand?post=211429"},{"taxonomy":"product_brand","embeddable":true,"href":"https:\/\/www.moskito.cz\/sk\/wp-json\/wp\/v2\/product_brand?post=211429"},{"taxonomy":"product_cat","embeddable":true,"href":"https:\/\/www.moskito.cz\/sk\/wp-json\/wp\/v2\/product_cat?post=211429"},{"taxonomy":"product_tag","embeddable":true,"href":"https:\/\/www.moskito.cz\/sk\/wp-json\/wp\/v2\/product_tag?post=211429"}],"curies":[{"name":"wp","href":"https:\/\/api.w.org\/{rel}","templated":true}]}}