{"id":211536,"date":"2021-10-17T19:07:32","date_gmt":"2021-10-17T18:07:32","guid":{"rendered":"https:\/\/www.moskito.cz\/produkt\/pevny-noz-sog-seal-pup-ballistic-nylon-sheath\/"},"modified":"2025-05-07T10:37:20","modified_gmt":"2025-05-07T09:37:20","slug":"pevny-noz-sog-seal-pup-ballistic-nylon-sheath","status":"publish","type":"product","link":"https:\/\/www.moskito.cz\/sk\/produkt\/pevny-noz-sog-seal-pup-ballistic-nylon-sheath\/","title":{"rendered":"Pevn\u00fd N\u00f4\u017e SOG SEAL PUP BALLISTIC NYLON SHEATH"},"content":{"rendered":"<p>N\u00e1\u0161 pr\u00edbeh za\u010d\u00edna vo Vietname, kde \u010dlenovia vysoko utajovanej americkej \u0161peci\u00e1lnej opera\u010dnej jednotky \u2013 zn\u00e1mej ako MACV \u2013 <strong>SOG<\/strong> \u2013 niesli jedine\u010dn\u00fd tajn\u00fd n\u00f4\u017e do d\u017eungle na skryt\u00fdch misi\u00e1ch. O nieko\u013eko rokov nesk\u00f4r, v roku 1986, tento n\u00f4\u017e in\u0161piroval mlad\u00e9ho n\u00e1vrh\u00e1ra menom Spencer Frazer, aby zalo\u017eil \u0161peci\u00e1lne no\u017ee <strong>SOG<\/strong> . Jeho poslanie: reprodukova\u0165 p\u00f4vodn\u00fd n\u00f4\u017e <strong>SOG<\/strong> Bowie a vzda\u0165 hold \u0161peci\u00e1lnej opera\u010dnej jednotke, ktor\u00e1 ho vytvorila. To, \u010do za\u010dalo ako jedin\u00fd pam\u00e4tn\u00fd model, sa \u010doskoro stalo cel\u00fdm radom inovat\u00edvnych n\u00e1strojov \u2013 osved\u010den\u00fdch americk\u00fdmi \u0161peci\u00e1lnymi silami, dokonca ocenen\u00fdch ako vybran\u00fd n\u00f4\u017e Navy SEAL. No\u017ee SOG sa dnes s istotou nosia do t\u00fdch najn\u00e1ro\u010dnej\u0161\u00edch situ\u00e1ci\u00ed. Kovan\u00e9 z trad\u00edcie, tvrden\u00e9 v poli, pilovan\u00e9 pre v\u00e1s.<\/p>\n<p>\u010ci u\u017e chr\u00e1nite ostatn\u00fdch alebo vediete epick\u00fa loveck\u00fa exped\u00edciu, rie\u0161ite jednu z ka\u017edodenn\u00fdch \u017eivotn\u00fdch v\u00fdziev alebo sa stret\u00e1vate so svojimi doteraz najextr\u00e9mnej\u0161\u00edmi podmienkami, urobte si cestu so <strong>SOG<\/strong> .<\/p>\n<p>Pevn\u00fd N\u00f4\u017e <strong>SOG<\/strong> SEAL PUP BALLISTIC NYLON SHEATH.<\/p>\n<p><strong>SEAL Pup<\/strong> m\u00e1 \u010diasto\u010dne z\u00fabkovan\u00fa \u010depe\u013e AUS-8 s pr\u00e1\u0161kov\u00fdm n\u00e1strekom pre n\u00edzku odrazivos\u0165 a odolnos\u0165 proti kor\u00f3zii. Jeho \u013eahk\u00e1 nylonov\u00e1 rukov\u00e4\u0165 vystu\u017een\u00e1 sklom m\u00e1 vyv\u00fd\u0161en\u00fd diamantov\u00fd vzor pre bezpe\u010dn\u00e9 uchopenie.<\/p>\n<p><strong>Seal Pup<\/strong> je vyroben\u00fd pre t\u00fdch, ktor\u00ed sl\u00fa\u017eia, a plnia aj \u0161tandardy alebo pre \u013eud\u00ed, ktor\u00ed potrebuj\u00fa siln\u00fd a spo\u013eahliv\u00fd n\u00f4\u017e s pevnou \u010depe\u013eou.<\/p>\n<p><strong>SEAL Pup<\/strong> m\u00e1 l\u00e9giu fan\u00fa\u0161ikov po celom svete. Od najjednoduch\u0161ej pr\u00e1ce po najtr\u00fdznivej\u0161iu pr\u00e1cu sa neust\u00e1le dod\u00e1vala.<\/p>\n<p><strong>Funkcia<\/strong><br \/>\nTaktick\u00fd n\u00f4\u017e s pevnou \u010depe\u013eou z ocele AUS-8, odoln\u00fd a \u013eahko uchopite\u013en\u00e1 nylonov\u00e1 rukov\u00e4\u0165 vystu\u017een\u00e1 sklom. Dod\u00e1va sa s dvoma mo\u017enos\u0165ami po\u0161vy.<\/p>\n<p><strong>AUS-8<\/strong><br \/>\nVysoko kvalitn\u00e1 japonsk\u00e1 nerezov\u00e1 oce\u013e s dobrou rovnov\u00e1hou h\u00fa\u017eevnatosti a pevnosti, schopnos\u0165ou dr\u017ea\u0165 hrany a odolnosti proti kor\u00f3zii.<\/p>\n<p><strong>RUKOV\u00c4\u0164 GRN<\/strong><br \/>\nSo zv\u00fd\u0161en\u00fdm diamantov\u00fdm vzorom na bezpe\u010dn\u00e9 uchopenie.<\/p>\n<p><strong>\u010cIASTO\u010cNE Z\u00daBKOVAN\u00c1 \u010cAPIEL<\/strong><br \/>\nPon\u00faka v\u00fdhody rovn\u00fdch aj vr\u00fabkovan\u00fdch hr\u00e1n v jednom ostrie.<\/p>\n<p>CELKOV\u00c1 D\u0139\u017dKA : 22.5 cm<br \/>\nHMOTNOS\u0164 PRODUKTU : 5,40 oz<br \/>\nD\u0139\u017dKA \u010cEPELA : 12 cm<br \/>\nTYP HRANY : \u010ciasto\u010dne z\u00fabkovan\u00e9<br \/>\nTYP \u010cEPE\u013dA : AUS-8<br \/>\nTVAR \u010cEPE\u013dA : Clip Point<br \/>\nMATERI\u00c1L RUKOV\u00c4TI : Nylon zosilnen\u00fd sklom<br \/>\nFARBA RUKOV\u00c4TI : \u010cierna<br \/>\nTVRDOS\u0164 : RC 57-58<br \/>\nVR\u00c1TANE PL\u00c1\u0160TE : \u00c1no<br \/>\nFARBA PL\u00c1\u0160TE : \u010cierna<br \/>\nTYP UCHYTENIA PL\u00c1\u0160TE : MOLLE<br \/>\nMATERI\u00c1L PL\u00c1\u0160TE : Balistick\u00fd nylon<\/p>\n<p>The SEAL Pup m\u00e1 partially serrated AUS-8 blade powder potiahnut\u00e9 pre low-reflection and corrosion resistance. Its lightweight, sklenen\u00e9-reinforced nylon handle features a zv\u00fd\u0161en\u00fd diamantov\u00fd vzor pre secure gripping<\/p>\n<p>Vyroben\u00e9 pre tento, ktor\u00fd uchov\u00e1va, Seal Pup tie\u017e prepracuje do \u0161tandardov alebo \u013eud\u00ed, ktor\u00ed potrebuj\u00fa a strong, reliable fixed-blade n\u00f4\u017e.<\/p>\n<p>The SEAL Pup m\u00e1 legi\u00f3n fan\u00fa\u0161ikov na svete. Z simplest job to most harrowing, to had consistently delivered.<\/p>\n<p>Features<br \/>\nFixovan\u00e9 blade taktick\u00e9 n\u00f4\u017e s AUS-8 steel a trvanliv\u00e9, a na \u010disto-to-grip sklo-reinforced nylon handle. Comes with two sheath choices.<\/p>\n<p>AUS-8<br \/>\nVysok\u00e1 \u0161k\u00e1la japonskej stainless steel s dobr\u00fdm vyv\u00e1\u017een\u00edm pevnosti a strength, edge holding ability a korrosion rezistencie.<\/p>\n<p>GRN HANDLE<br \/>\nWith a vyzna\u010den\u00fd diamantov\u00fd vzor pre bezpe\u010dn\u00e9 gripping.<\/p>\n<p>PARTIALLY SERRATED BLADE<br \/>\nOffers benefits of both straight and serrated edges in one blade.<\/p>\n<p>OVERALL LENGTH<br \/>\n9&#8243;<br \/>\nPRODUCT WEIGHT<br \/>\n5.40 oz<br \/>\nBLADE LENGTH<br \/>\n4.75&#8243;<br \/>\nBLADE THICKNESS<br \/>\n0.19&#8243;<br \/>\nUPC<br \/>\n7-29857-99476-7<br \/>\nNSN INFORMATION<br \/>\n7340-01-527-7123<br \/>\nIS PREORDER<br \/>\nN\/A<br \/>\nPREORDER DATE<br \/>\nN\/A<br \/>\nPRODUCT FAMILY<br \/>\nSeal Pup<br \/>\nPRODUCT TYPE<br \/>\nFixed Blade<br \/>\nLANYARD PALICE<br \/>\nYes<br \/>\nLANYARD INCLUDED<br \/>\nYes<br \/>\nLANYARD MATERIAL<br \/>\nNylon<br \/>\nPACKAGING<br \/>\nPeggable Box<br \/>\nENGRAVABLE<br \/>\nYes<br \/>\nFINISH<br \/>\nPowder Coated<br \/>\nEDGE TYPE<br \/>\nPartially Serrated<br \/>\nBLADE STEEL TYPE<br \/>\nAUS-8<br \/>\nBLADE SHAPE<br \/>\nClip Point<br \/>\nSPINE TYPE<br \/>\nStraight<br \/>\nHANDLE MATERIAL<br \/>\nGlass-Reinforced Nylon<br \/>\nHANDLE COLOR<br \/>\nBlack<br \/>\nHARDNESS<br \/>\nRc. 57-58<br \/>\nSHEATH INCLUDED<br \/>\nYes<br \/>\nSHEATH COLOR<br \/>\nBlack<br \/>\nSHEATH ATTACHMENT TYPE<br \/>\nMOLLE<br \/>\nSHEATH CLOSURE TYPE<br \/>\nHook and Loop<br \/>\nSHEATH MATERIAL<br \/>\nBallistic Nylon<\/p>\n","protected":false},"excerpt":{"rendered":"<p>\u010ci u\u017e chr\u00e1nite ostatn\u00fdch alebo vediete epick\u00fa loveck\u00fa exped\u00edciu, rie\u0161ite jednu z ka\u017edodenn\u00fdch \u017eivotn\u00fdch v\u00fdziev alebo sa stret\u00e1vate so svojimi doteraz najextr\u00e9mnej\u0161\u00edmi podmienkami, urobte si cestu so <strong>SOG<\/strong> .<\/p>\n<p><strong>Na v\u0161etky no\u017ee SOG d\u00e1vame do\u017eivotn\u00fa z\u00e1ruku!<\/strong><\/p>\n","protected":false},"featured_media":206825,"comment_status":"open","ping_status":"closed","template":"","meta":[],"pwb-brand":[3231],"product_brand":[],"product_cat":[3186,3187],"product_tag":[3668],"class_list":{"0":"post-211536","1":"product","2":"type-product","3":"status-publish","4":"has-post-thumbnail","6":"pwb-brand-pevny-noz-sog-snarl","7":"product_cat-noze-sk","8":"product_cat-pevne-noze-sk","9":"product_tag-b2b-sk","11":"first","12":"instock","13":"virtual","14":"taxable","15":"purchasable","16":"product-type-simple"},"brands":[{"id":3231,"name":"Pevn\u00fd N\u00f4\u017e SOG SNARL","slug":"pevny-noz-sog-snarl"}],"_links":{"self":[{"href":"https:\/\/www.moskito.cz\/sk\/wp-json\/wp\/v2\/product\/211536","targetHints":{"allow":["GET"]}}],"collection":[{"href":"https:\/\/www.moskito.cz\/sk\/wp-json\/wp\/v2\/product"}],"about":[{"href":"https:\/\/www.moskito.cz\/sk\/wp-json\/wp\/v2\/types\/product"}],"replies":[{"embeddable":true,"href":"https:\/\/www.moskito.cz\/sk\/wp-json\/wp\/v2\/comments?post=211536"}],"wp:featuredmedia":[{"embeddable":true,"href":"https:\/\/www.moskito.cz\/sk\/wp-json\/wp\/v2\/media\/206825"}],"wp:attachment":[{"href":"https:\/\/www.moskito.cz\/sk\/wp-json\/wp\/v2\/media?parent=211536"}],"wp:term":[{"taxonomy":"pwb-brand","embeddable":true,"href":"https:\/\/www.moskito.cz\/sk\/wp-json\/wp\/v2\/pwb-brand?post=211536"},{"taxonomy":"product_brand","embeddable":true,"href":"https:\/\/www.moskito.cz\/sk\/wp-json\/wp\/v2\/product_brand?post=211536"},{"taxonomy":"product_cat","embeddable":true,"href":"https:\/\/www.moskito.cz\/sk\/wp-json\/wp\/v2\/product_cat?post=211536"},{"taxonomy":"product_tag","embeddable":true,"href":"https:\/\/www.moskito.cz\/sk\/wp-json\/wp\/v2\/product_tag?post=211536"}],"curies":[{"name":"wp","href":"https:\/\/api.w.org\/{rel}","templated":true}]}}