{"id":211538,"date":"2021-10-17T09:38:14","date_gmt":"2021-10-17T08:38:14","guid":{"rendered":"https:\/\/www.moskito.cz\/produkt\/pevny-noz-sog-seal-pup-elite-black\/"},"modified":"2023-11-20T17:04:40","modified_gmt":"2023-11-20T16:04:40","slug":"pevny-noz-sog-seal-pup-elite-black","status":"publish","type":"product","link":"https:\/\/www.moskito.cz\/sk\/produkt\/pevny-noz-sog-seal-pup-elite-black\/","title":{"rendered":"Pevn\u00fd N\u00f4\u017e SOG SEAL PUP ELITE BLACK"},"content":{"rendered":"<pre id=\"tw-target-text\" class=\"tw-data-text tw-text-large tw-ta\" dir=\"ltr\" data-placeholder=\"P\u0159eklad\"><span class=\"Y2IQFc\" lang=\"sk\">Pevn\u00fd N\u00f4\u017e SOG SEAL PUP ELITE BLACK.\r\n\r\nSEAL Pup Elite je na\u0161a vysoko v\u00fdkonn\u00e1 ed\u00edcia produktov radu SEAL. Niekedy ... jednoducho \"mus\u00edme ma\u0165\" viac kon\u00ed, z\u00e1vodn\u00e9 odpru\u017eenie a v\u0161etky dostupn\u00e9 mo\u017enosti vr\u00e1tane stre\u0161n\u00e9ho okna. \u017dartujeme bokom- SEAL Pup Elite je seri\u00f3zny obchod a nadv\u00e4zuje na trad\u00edciu z\u00e1sobovania elitn\u00fdch vojensk\u00fdch s\u00edl sveta. Medzi vlastnosti patr\u00ed tvrd\u00e1 \u010dierna povrchov\u00e1 \u00faprava TiNi, novo navrhnut\u00e1 dlh\u0161ia ergonomick\u00e1 rukov\u00e4\u0165 s hlb\u0161\u00edmi dr\u00e1\u017ekami pre prsty, pikantn\u00fd nov\u00fd tvar \u010depele s dlh\u0161ou reznou hranou, pridan\u00e1 ra\u0161p\u013ea chrbtice \u010depele na umiestnenie palca a rukov\u00e4\u0165 vystu\u017een\u00e1 sklenou v\u00fdstu\u017enou linkou.\r\n\r\nTento n\u00f4\u017e nie je \u00faplne \u0161tandardnou z\u00e1le\u017eitos\u0165ou pre v\u0161etky vojensk\u00e9 zlo\u017eky, ale mal by by\u0165.\r\n\r\nCELKOV\u00c1 D\u0139\u017dKA : 24 cm\r\nHMOTNOS\u0164 PRODUKTU : 5,40 oz\r\nD\u0139\u017dKA \u010cEPE\u013dA: 12 cm\r\nPRODUKTOV\u00dd RAD : Seal Pup Elite\r\nDOKON\u010cENIE : Hardcased Black TiNi\r\nTYP HRANY : Rovn\u00fd\r\nTYP Z OCE\u013dOVEJ \u010cEPELE : AUS-8\r\nTVAR \u010cEPE\u013dA : Clip Point\r\nMATERI\u00c1L RUKOV\u00c4TI : Nylon zosilnen\u00fd sklom\r\nFARBA RUKOV\u00c4TI :\u010cierna\r\nTVRDOS\u0164 : RC 57-58\r\nVR\u00c1TANE P\u00daZDRA : \u00c1no\r\nFARBA PL\u00c1\u0160TE : \u010cierna\r\nTYP UCHYTENIA PL\u00c1\u0160TE : MOLLE\r\nTYP UZATVORENIE PL\u00c1\u0160TE : H\u00e1\u010dik a slu\u010dka\r\nMATERI\u00c1L PL\u00c1\u0160TE : Balistick\u00fd nylon<\/span><\/pre>\n","protected":false},"excerpt":{"rendered":"<p>\u010ci u\u017e chr\u00e1nite ostatn\u00fdch alebo vediete epick\u00fa loveck\u00fa exped\u00edciu, rie\u0161ite jednu z ka\u017edodenn\u00fdch \u017eivotn\u00fdch v\u00fdziev alebo sa stret\u00e1vate so svojimi doteraz najextr\u00e9mnej\u0161\u00edmi podmienkami, urobte si cestu so SOG.<\/p>\n<p>Na v\u0161etky no\u017ee SOG d\u00e1vame do\u017eivotn\u00fa z\u00e1ruku!<\/p>\n","protected":false},"featured_media":206768,"comment_status":"open","ping_status":"closed","template":"","meta":[],"pwb-brand":[3231],"product_brand":[],"product_cat":[3187,3186],"product_tag":[3668],"class_list":{"0":"post-211538","1":"product","2":"type-product","3":"status-publish","4":"has-post-thumbnail","6":"pwb-brand-pevny-noz-sog-snarl","7":"product_cat-pevne-noze-sk","8":"product_cat-noze-sk","9":"product_tag-b2b-sk","11":"first","12":"instock","13":"taxable","14":"shipping-taxable","15":"purchasable","16":"product-type-simple"},"brands":[{"id":3231,"name":"Pevn\u00fd N\u00f4\u017e SOG SNARL","slug":"pevny-noz-sog-snarl"}],"_links":{"self":[{"href":"https:\/\/www.moskito.cz\/sk\/wp-json\/wp\/v2\/product\/211538","targetHints":{"allow":["GET"]}}],"collection":[{"href":"https:\/\/www.moskito.cz\/sk\/wp-json\/wp\/v2\/product"}],"about":[{"href":"https:\/\/www.moskito.cz\/sk\/wp-json\/wp\/v2\/types\/product"}],"replies":[{"embeddable":true,"href":"https:\/\/www.moskito.cz\/sk\/wp-json\/wp\/v2\/comments?post=211538"}],"wp:featuredmedia":[{"embeddable":true,"href":"https:\/\/www.moskito.cz\/sk\/wp-json\/wp\/v2\/media\/206768"}],"wp:attachment":[{"href":"https:\/\/www.moskito.cz\/sk\/wp-json\/wp\/v2\/media?parent=211538"}],"wp:term":[{"taxonomy":"pwb-brand","embeddable":true,"href":"https:\/\/www.moskito.cz\/sk\/wp-json\/wp\/v2\/pwb-brand?post=211538"},{"taxonomy":"product_brand","embeddable":true,"href":"https:\/\/www.moskito.cz\/sk\/wp-json\/wp\/v2\/product_brand?post=211538"},{"taxonomy":"product_cat","embeddable":true,"href":"https:\/\/www.moskito.cz\/sk\/wp-json\/wp\/v2\/product_cat?post=211538"},{"taxonomy":"product_tag","embeddable":true,"href":"https:\/\/www.moskito.cz\/sk\/wp-json\/wp\/v2\/product_tag?post=211538"}],"curies":[{"name":"wp","href":"https:\/\/api.w.org\/{rel}","templated":true}]}}