{"id":211546,"date":"2021-10-16T20:04:31","date_gmt":"2021-10-16T19:04:31","guid":{"rendered":"https:\/\/www.moskito.cz\/produkt\/multifunkcny-klieste-sog-powerassist-black-nylon-pouch\/"},"modified":"2024-04-22T15:53:12","modified_gmt":"2024-04-22T14:53:12","slug":"multifunkcny-klieste-sog-powerassist-black-nylon-pouch","status":"publish","type":"product","link":"https:\/\/www.moskito.cz\/sk\/produkt\/multifunkcny-klieste-sog-powerassist-black-nylon-pouch\/","title":{"rendered":"Multifunk\u010dn\u00e9 Klie\u0161te SOG POWERASSIST BLACK NYLON POUCH"},"content":{"rendered":"<p>N\u00e1\u0161 pr\u00edbeh za\u010d\u00edna vo Vietname, kde \u010dlenovia vysoko utajovanej americkej \u0161peci\u00e1lnej opera\u010dnej jednotky \u2013 zn\u00e1mej ako MACV \u2013 <strong>SOG<\/strong> \u2013 niesli jedine\u010dn\u00fd tajn\u00fd n\u00f4\u017e do d\u017eungle na skryt\u00fdch misi\u00e1ch. O nieko\u013eko rokov nesk\u00f4r, v roku 1986, tento n\u00f4\u017e in\u0161piroval mlad\u00e9ho n\u00e1vrh\u00e1ra menom Spencer Frazer, aby zalo\u017eil \u0161peci\u00e1lne no\u017ee <strong>SOG<\/strong> . Jeho poslanie: reprodukova\u0165 p\u00f4vodn\u00fd n\u00f4\u017e <strong>SOG<\/strong> Bowie a vzda\u0165 hold \u0161peci\u00e1lnej opera\u010dnej jednotke, ktor\u00e1 ho vytvorila. To, \u010do za\u010dalo ako jedin\u00fd pam\u00e4tn\u00fd model, sa \u010doskoro stalo cel\u00fdm radom inovat\u00edvnych n\u00e1strojov \u2013 osved\u010den\u00fdch americk\u00fdmi \u0161peci\u00e1lnymi silami, dokonca ocenen\u00fdch ako vybran\u00fd n\u00f4\u017e Navy SEAL. No\u017ee SOG sa dnes s istotou nosia do t\u00fdch najn\u00e1ro\u010dnej\u0161\u00edch situ\u00e1ci\u00ed. Kovan\u00e9 z trad\u00edcie, tvrden\u00e9 v poli, pilovan\u00e9 pre v\u00e1s.<\/p>\n<p>\u010ci u\u017e chr\u00e1nite ostatn\u00fdch alebo vediete epick\u00fa loveck\u00fa exped\u00edciu, rie\u0161ite jednu z ka\u017edodenn\u00fdch \u017eivotn\u00fdch v\u00fdziev alebo sa stret\u00e1vate so svojimi doteraz najextr\u00e9mnej\u0161\u00edmi podmienkami, urobte si cestu so <strong>SOG<\/strong> .<\/p>\n<p>Multifunk\u010dn\u00e9 Klie\u0161te <strong>SOG<\/strong> POWERASSIST BLACK NYLON POUCH.<\/p>\n<p>PowerAssist pos\u00fava viac n\u00e1strojov na nov\u00fa \u00farove\u0148. Jedn\u00e1 sa o prv\u00fa na svete, kde je ulo\u017een\u00fd nielen jeden, ale dva no\u017ee s asistovanou technol\u00f3giou SOG. Za\u010dnite otv\u00e1ra\u0165 hlavn\u00e9 no\u017ee, ktor\u00e9 s\u00fa k dispoz\u00edcii, ke\u010f je hlavn\u00fd n\u00e1stroj zatvoren\u00fd, a SAT prevezme dokon\u010denie otvorenia. Ke\u010f sa tieto no\u017ee nepou\u017e\u00edvaj\u00fa, zablokuj\u00fa sa pomocou n\u00e1\u0161ho postrann\u00e9ho odblokovania. Otvorte n\u00e1stroj a vysk\u00fa\u0161ajte si presnos\u0165 schopnosti klie\u0161t\u00ed pre ve\u013ek\u00e9 za\u0165a\u017eenie a ve\u013ek\u00fdch reza\u010diek dr\u00f4tu. Hladk\u00e9 povrchy rukov\u00e4te zais\u0165uj\u00fa pohodlie aj pri t\u00fdch najn\u00e1ro\u010dnej\u0161\u00edch pr\u00e1cach. Tie\u017e obsahuje kryty prevodov Compound Leverage, odoln\u00fa kon\u0161trukciu, V-Cutter, vstavan\u00e9 tvarova\u010de a matn\u00fd \u010dierny povrch pre n\u00edzku odrazivos\u0165.<\/p>\n<p>V\u017edy majte PowerAssist so sebou<br \/>\nPokia\u013e sa chyst\u00e1te k jazernej chate na odpo\u010dinkov\u00fd v\u00edkend na hliadke, pridanie PowerAssistu do bal\u00ed\u010dka nevyhnutnost\u00ed sa v\u00e1m m\u00f4\u017ee vyplati\u0165, ke\u010f zrazu budete musie\u0165 nie\u010do opravi\u0165.<\/p>\n<p>Najmodernej\u0161ie SOG multi-n\u00e1stroj &#8211; 16 n\u00e1strojov!<br \/>\nObsahuje klie\u0161te, ch\u00e1padlo, reza\u010dku tvrd\u00e9ho dr\u00f4tu, drvi\u010d dr\u00f4tu, klie\u0161te na tryskaciu \u010depe\u013e, \u010depe\u013e s rovnou hranou, plne z\u00fabkovan\u00fa \u010depe\u013e, 3strann\u00fd piln\u00edk, ve\u013ek\u00fd skrutkova\u010d, kr\u00ed\u017eov\u00fd skrutkova\u010d, otv\u00e1ra\u010d na konzervy, mal\u00fd skrutkova\u010d, otv\u00e1ra\u010d &#8211; reza\u010dka a prav\u00edtka.<\/p>\n<p>NEREZOV\u00c1 OCE\u013d 420 PO\u0164A\u017dEN\u00c1 OXIDOM<br \/>\nPoskytuje dobr\u00fa pri\u013enavos\u0165 hr\u00e1n a odolnos\u0165 proti oderu.<\/p>\n<p>ZLO\u017dEN\u00c1 P\u00c1KA<br \/>\nPlynul\u00e9 otv\u00e1ranie a zatv\u00e1ranie so zv\u00fd\u0161enou uchopovacou silou.<\/p>\n<p>TECHNOL\u00d3GIA PODPOROVAN\u00c1 SOG<br \/>\nSAT bleskur\u00fdchlo zaklapne dva no\u017ee. Prv\u00fd multi-n\u00e1stroj svojho druhu s touto funkciou.<\/p>\n<p>CELKOV\u00c1 D\u0139\u017dKA : 17.5 cm<br \/>\nZATVOREN\u00c1 D\u0139\u017dKA : 11.5 cm<br \/>\nHMOTNOS\u0164 PRODUKTU : 9,60 oz<br \/>\nDOKON\u010cENIE : \u010cierny oxid<br \/>\nPO\u010cET N\u00c1STROJOV : 16<br \/>\nPuzdro : Balistick\u00fd nylon<br \/>\nTYP Z OCE\u013dOVEJ \u010cEPELE : 420<br \/>\nMATERI\u00c1L RUKOV\u00c4TI : 420 nerezov\u00e1 oce\u013e<br \/>\nTVRDOS\u0164 : RC 51-53<br \/>\nASISTOVAN\u00c9 OTVORENIE : \u00c1no<\/p>\n<p>The PowerAssist m\u00e1 multi-tools to a new level. Tento je prv\u00fd na svete na dome nie len jeden, ale dva SOG Assisted Technology blades. Za\u010dnite s otvoren\u00fdmi hlavn\u00fdmi blades, ktor\u00e9 s\u00fa dostupn\u00e9, ke\u010f hlavn\u00fd n\u00e1stroj je zavret\u00fd, a SAT je overen\u00fd \u00fapln\u00fdm otvoren\u00edm. Ke\u010f nie je mo\u017en\u00e9, tieto blades lock zavret\u00e9 pomocou n\u00e1\u0161ho patentu side release. Flip otv\u00e1ra n\u00e1stroje a experimenty prec\u00edzne heavy-duty plier schopnosti a ve\u013ek\u00e9 dr\u00f4ty cutters. Smooth handle surfaces promote comfort on even the toughest jobs. Also includes Compound Leverage gear covers, heavy duty construction, V-Cutter, built-in crimpers and matte black finish for low reflectivity.<\/p>\n<p>Always take the PowerAssist with you<br \/>\nAk ste hlavou na jazere chaty pre relax\u00e1ciu v\u00edkend na patrol, priradenie PowerAssist do v\u00e1\u0161ho bal\u00edka spotreby m\u00f4\u017ee by\u0165 off ke\u010f ste suddenly ma\u0165 fixn\u00fd something.<\/p>\n<p>The most feature rich SOG multi-tool &#8211; 16 tools!<br \/>\nIncludes pliers, gripper, hard wire cutter, wire crimper, blasting cap crimper, straight-edge blade, fully serrated blade, 3-sided file, large screwdriver, Phillips screwdriver, can opener, mal\u00fd screwdriver, bottle cutter, and rulers<\/p>\n<p>OVERALL LENGTH<br \/>\n7&#8243;<br \/>\nCLOSED LENGTH<br \/>\n4.60&#8243;<br \/>\nPRODUCT WEIGHT<br \/>\n9.60 oz<br \/>\nUPC<br \/>\n7-29857-99400-2<br \/>\nPREORDER DATE<br \/>\nN\/A<br \/>\nIS PREORDER<br \/>\nN\/A<br \/>\nDISCONTINUED PRODUCT<br \/>\nN\/A<br \/>\nPRODUCT TYPE<br \/>\nMulti-Tool<br \/>\nFINISH<br \/>\nBlack Oxide<br \/>\nTOOL COUNT<br \/>\n16<br \/>\nLANYARD PALICE<br \/>\nYes<br \/>\nPACKAGING<br \/>\nUnibox &#8211; Display Ready<br \/>\nSHEATH MATERIAL<br \/>\nBallistic Nylon<br \/>\nBLADE STEEL TYPE<br \/>\n420<br \/>\nHANDLE MATERIAL<br \/>\n420 Stainless Steel<br \/>\nHARDNESS<br \/>\nRc. 51-53<br \/>\nLOCK BLADES<br \/>\nYes<br \/>\nLOCK TOOLS<br \/>\nYes<br \/>\nASSISTED OPENING<br \/>\nYes<\/p>\n<p>&nbsp;<\/p>\n","protected":false},"excerpt":{"rendered":"<p>\u010ci u\u017e chr\u00e1nite ostatn\u00fdch alebo vediete epick\u00fa loveck\u00fa exped\u00edciu, rie\u0161ite jednu z ka\u017edodenn\u00fdch \u017eivotn\u00fdch v\u00fdziev alebo sa stret\u00e1vate so svojimi doteraz najextr\u00e9mnej\u0161\u00edmi podmienkami, urobte si cestu so <strong>SOG<\/strong> .<\/p>\n<p><strong>Na v\u0161etky no\u017ee SOG d\u00e1vame do\u017eivotn\u00fa z\u00e1ruku!<\/strong><\/p>\n","protected":false},"featured_media":206722,"comment_status":"open","ping_status":"closed","template":"","meta":[],"pwb-brand":[3231],"product_brand":[],"product_cat":[3342],"product_tag":[3668],"class_list":{"0":"post-211546","1":"product","2":"type-product","3":"status-publish","4":"has-post-thumbnail","6":"pwb-brand-pevny-noz-sog-snarl","7":"product_cat-multi-tool-sk","8":"product_tag-b2b-sk","10":"first","11":"instock","12":"taxable","13":"shipping-taxable","14":"purchasable","15":"product-type-simple"},"brands":[{"id":3231,"name":"Pevn\u00fd N\u00f4\u017e SOG SNARL","slug":"pevny-noz-sog-snarl"}],"_links":{"self":[{"href":"https:\/\/www.moskito.cz\/sk\/wp-json\/wp\/v2\/product\/211546","targetHints":{"allow":["GET"]}}],"collection":[{"href":"https:\/\/www.moskito.cz\/sk\/wp-json\/wp\/v2\/product"}],"about":[{"href":"https:\/\/www.moskito.cz\/sk\/wp-json\/wp\/v2\/types\/product"}],"replies":[{"embeddable":true,"href":"https:\/\/www.moskito.cz\/sk\/wp-json\/wp\/v2\/comments?post=211546"}],"wp:featuredmedia":[{"embeddable":true,"href":"https:\/\/www.moskito.cz\/sk\/wp-json\/wp\/v2\/media\/206722"}],"wp:attachment":[{"href":"https:\/\/www.moskito.cz\/sk\/wp-json\/wp\/v2\/media?parent=211546"}],"wp:term":[{"taxonomy":"pwb-brand","embeddable":true,"href":"https:\/\/www.moskito.cz\/sk\/wp-json\/wp\/v2\/pwb-brand?post=211546"},{"taxonomy":"product_brand","embeddable":true,"href":"https:\/\/www.moskito.cz\/sk\/wp-json\/wp\/v2\/product_brand?post=211546"},{"taxonomy":"product_cat","embeddable":true,"href":"https:\/\/www.moskito.cz\/sk\/wp-json\/wp\/v2\/product_cat?post=211546"},{"taxonomy":"product_tag","embeddable":true,"href":"https:\/\/www.moskito.cz\/sk\/wp-json\/wp\/v2\/product_tag?post=211546"}],"curies":[{"name":"wp","href":"https:\/\/api.w.org\/{rel}","templated":true}]}}