{"id":211555,"date":"2021-10-01T21:31:01","date_gmt":"2021-10-01T20:31:01","guid":{"rendered":"https:\/\/www.moskito.cz\/produkt\/zatvaraci-noz-sog-vision-xr-black-straight-edge\/"},"modified":"2025-05-07T10:37:21","modified_gmt":"2025-05-07T09:37:21","slug":"zatvaraci-noz-sog-vision-xr-black-straight-edge","status":"publish","type":"product","link":"https:\/\/www.moskito.cz\/sk\/produkt\/zatvaraci-noz-sog-vision-xr-black-straight-edge\/","title":{"rendered":"Zatv\u00e1rac\u00ed N\u00f4\u017e SOG VISION XR BLACK STRAIGHT EDGE"},"content":{"rendered":"<p>Zatv\u00e1rac\u00ed N\u00f4\u017e SOG VISION XR BLACK STRAIGHT EDGE.<\/p>\n<p>Z\u00e1kladn\u00fd n\u00e1stroj pre profesion\u00e1lov, SOG Vision XR je vybaven\u00fd 3,18 palcovou kryogenicky tepelne spracovanou \u010depe\u013eou Tanto z nerezovej ocele CTS XHP pre zv\u00fd\u0161enie pevnosti a univerz\u00e1lneho pou\u017eitia a ultra pri\u013enavou rukov\u00e4\u0165ou G10. SOG XR Lock\u00ae umo\u017e\u0148uje plynul\u00e9 obojstrann\u00e9 otv\u00e1ranie jednou rukou troma r\u00f4znymi sp\u00f4sobmi s inovat\u00edvnym pevn\u00fdm z\u00e1mkom \u010depele, akon\u00e1hle je otvoren\u00fd, a dod\u00e1va pocit a d\u00f4veru ako pevn\u00e1 \u010depe\u013e. SOG Vision XR je na vrchole v\u00fdkonu a schopnost\u00ed.<\/p>\n<p>VYROBEN\u00c9 PRE V\u00ddKON<br \/>\nZah\u0155\u0148a vylep\u0161en\u00fa prev\u00e1dzku otvoru \u010depele, plne obojstrann\u00fa prev\u00e1dzku a konfigur\u00e1ciu v\u0161etk\u00fdch funkci\u00ed, vylep\u0161en\u00fd dizajn \u010depele, v\u00e4\u010d\u0161ie pohodlie ruky a vylep\u0161en\u00e9 materi\u00e1ly.<\/p>\n<p>\u00da\u010cELN\u00dd DIZAJN<br \/>\nT\u00e1to gener\u00e1cia je navrhnut\u00e1 pre pevnos\u0165 a spo\u013eahlivos\u0165 s agres\u00edvnou rukov\u00e4\u0165ou G10 a \u00faplne obojstrann\u00fdm ovl\u00e1dan\u00edm a \u013eahk\u00fdm pou\u017e\u00edvan\u00edm, s XR Lock a odolnou \u010depe\u013eou v tvare tanto.<\/p>\n<p>XR LOCK<br \/>\nSOG XR Lock\u00ae umo\u017e\u0148uje plynul\u00e9, kontrolovan\u00e9 otv\u00e1ranie jednou rukou, pokia\u013e je to zam\u00fd\u0161\u013ean\u00e9 pomocou otv\u00e1ra\u010da kopov, \u010dapu na palec alebo podr\u017ean\u00edm z\u00e1mku a vytiahnut\u00edm \u010depele. Poskytuje maxim\u00e1lne vstavan\u00e9 zaistenie \u010depe\u013eou pri otvoren\u00ed, ktor\u00e9 vydr\u017eia 1 500 libier sily.<\/p>\n<p>CRYO CTS XHP OCE\u013d<br \/>\nOce\u013e s vysokou tvrdos\u0165ou a odolnos\u0165ou proti kor\u00f3zii, ktor\u00e1 je kryogenicky tepelne spracovan\u00e1 pod\u013ea jedine\u010dn\u00fdch v\u00fdkonnostn\u00fdch \u0161pecifik\u00e1ci\u00ed SOG. CTS XHP poskytuje ide\u00e1lnu kombin\u00e1ciu uchovania hr\u00e1n a trvanlivosti pre n\u00e1ro\u010dn\u00e9 pou\u017eitie s minim\u00e1lnou \u00fadr\u017ebou.<\/p>\n<p>AMBIDEXTROUS DESIGN<br \/>\nNavrhnut\u00e9 na obojru\u010dn\u00e9 pou\u017eitie jednou rukou, so v\u0161etk\u00fdmi funkciami pr\u00edstupn\u00fdmi oboma rukami, vr\u00e1tane reverzn\u00e9ho dr\u017eiaka klipu na nosenie v\u013eavo alebo vpravo.<\/p>\n<p>CELKOV\u00c1 D\u0139\u017dKA : 20 cm<br \/>\nD\u0139\u017dKA \u010cEPE\u013dA: 8.5 cm<br \/>\nHMOTNOS\u0164 : 4,40 oz<br \/>\nTYP Z OCE\u013dOVEJ \u010cEPELE : CTS XHP<br \/>\nMATERI\u00c1L RUKOV\u00c4TI : G10<br \/>\nFARBA RUKOV\u00c4TI : \u010cierna<br \/>\nDOKON\u010cENIE : \u010cierny nitrid tit\u00e1nu<br \/>\nMECHANIZMUS ZAMYKANIE : XR<br \/>\nOtv\u00e1rac\u00ed mechanizmus: XR, Palec, Kick<br \/>\nTVAR \u010cEPE\u013dA : Tanto<br \/>\nTYP HRANY : Rovn\u00fd<\/p>\n","protected":false},"excerpt":{"rendered":"<p>\u010ci u\u017e chr\u00e1nite ostatn\u00fdch alebo vediete epick\u00fa loveck\u00fa exped\u00edciu, rie\u0161ite jednu z ka\u017edodenn\u00fdch \u017eivotn\u00fdch v\u00fdziev alebo sa stret\u00e1vate so svojimi doteraz najextr\u00e9mnej\u0161\u00edmi podmienkami, urobte si cestu so SOG.<\/p>\n<p>Na v\u0161etky no\u017ee SOG d\u00e1vame do\u017eivotn\u00fa z\u00e1ruku!<\/p>\n","protected":false},"featured_media":206264,"comment_status":"open","ping_status":"closed","template":"","meta":[],"pwb-brand":[3231],"product_brand":[],"product_cat":[3186,3233],"product_tag":[3668],"class_list":{"0":"post-211555","1":"product","2":"type-product","3":"status-publish","4":"has-post-thumbnail","6":"pwb-brand-pevny-noz-sog-snarl","7":"product_cat-noze-sk","8":"product_cat-zatvaracie-noze","9":"product_tag-b2b-sk","11":"first","12":"instock","13":"taxable","14":"shipping-taxable","15":"purchasable","16":"product-type-simple"},"brands":[{"id":3231,"name":"Pevn\u00fd N\u00f4\u017e SOG SNARL","slug":"pevny-noz-sog-snarl"}],"_links":{"self":[{"href":"https:\/\/www.moskito.cz\/sk\/wp-json\/wp\/v2\/product\/211555","targetHints":{"allow":["GET"]}}],"collection":[{"href":"https:\/\/www.moskito.cz\/sk\/wp-json\/wp\/v2\/product"}],"about":[{"href":"https:\/\/www.moskito.cz\/sk\/wp-json\/wp\/v2\/types\/product"}],"replies":[{"embeddable":true,"href":"https:\/\/www.moskito.cz\/sk\/wp-json\/wp\/v2\/comments?post=211555"}],"wp:featuredmedia":[{"embeddable":true,"href":"https:\/\/www.moskito.cz\/sk\/wp-json\/wp\/v2\/media\/206264"}],"wp:attachment":[{"href":"https:\/\/www.moskito.cz\/sk\/wp-json\/wp\/v2\/media?parent=211555"}],"wp:term":[{"taxonomy":"pwb-brand","embeddable":true,"href":"https:\/\/www.moskito.cz\/sk\/wp-json\/wp\/v2\/pwb-brand?post=211555"},{"taxonomy":"product_brand","embeddable":true,"href":"https:\/\/www.moskito.cz\/sk\/wp-json\/wp\/v2\/product_brand?post=211555"},{"taxonomy":"product_cat","embeddable":true,"href":"https:\/\/www.moskito.cz\/sk\/wp-json\/wp\/v2\/product_cat?post=211555"},{"taxonomy":"product_tag","embeddable":true,"href":"https:\/\/www.moskito.cz\/sk\/wp-json\/wp\/v2\/product_tag?post=211555"}],"curies":[{"name":"wp","href":"https:\/\/api.w.org\/{rel}","templated":true}]}}