{"id":211585,"date":"2021-09-23T21:50:33","date_gmt":"2021-09-23T20:50:33","guid":{"rendered":"https:\/\/www.moskito.cz\/produkt\/zatvaraci-noz-sog-kiku-xr-lte-blackout-micarta-carbon\/"},"modified":"2025-05-07T10:37:24","modified_gmt":"2025-05-07T09:37:24","slug":"zatvaraci-noz-sog-kiku-xr-lte-blackout-micarta-carbon","status":"publish","type":"product","link":"https:\/\/www.moskito.cz\/sk\/produkt\/zatvaraci-noz-sog-kiku-xr-lte-blackout-micarta-carbon\/","title":{"rendered":"Zatv\u00e1rac\u00ed N\u00f4\u017e SOG KIKU XR LTE BLACKOUT MICARTA CARBON"},"content":{"rendered":"<p>Zatv\u00e1rac\u00ed N\u00f4\u017e <strong>SOG<\/strong> KIKU XR LTE BLACKOUT MICARTA CARBON.<\/p>\n<p>Svalnat\u00fd Kiku XR LTE, o 25% \u013eah\u0161\u00ed, prin\u00e1\u0161a v\u00fdraz sily a obratnosti. V\u010faka vlo\u017ek\u00e1m a di\u0161tan\u010dn\u00fdm vlo\u017ek\u00e1m z uhl\u00edkov\u00fdch vl\u00e1kien, ktor\u00e9 minimalizuj\u00fa hmotnos\u0165, sa Kiku \u013eahko hod\u00ed na ak\u00fako\u013evek vonkaj\u0161iu exkurziu. T\u00e1to ve\u013ekoform\u00e1tov\u00e1 zlo\u017eka je postaven\u00e1 na extr\u00e9mne silnom blokovacom mechanizme XR SOG, zatia\u013e \u010do oce\u013eov\u00e1 \u010depe\u013e CTS XHP pon\u00faka vysok\u00fd stupe\u0148 odolnosti proti kor\u00f3zii a vynikaj\u00facu retenciu hr\u00e1n.<\/p>\n<p>S\u00daHRN FUNKCI\u00cd<br \/>\nS iba 4,1 unca je Kiku XR LTE \u013eahk\u00e1 zlo\u017eka ur\u010den\u00e1 pre v\u0161etky v\u00fdzvy vonku. Plne obojstrann\u00fd, s obojstrannou vreckovou sponou, je vybaven\u00fd siln\u00fdm blokovac\u00edm mechanizmom SOR XR a pr\u00e9miovou oce\u013eou XHP.<\/p>\n<p>CRYO CTS XHP<br \/>\nPon\u00faka vysok\u00fd stupe\u0148 odolnosti proti kor\u00f3zii a vynikaj\u00facu retenciu hr\u00e1n.<\/p>\n<p>XR LOCK<br \/>\nSpo\u013eahliv\u00fd a v\u00fdkonn\u00fd, schopn\u00fd odola\u0165 sile a\u017e 1 500 libier, poskytuje maxim\u00e1lne vstavan\u00e9 zaistenie \u010depe\u013eou pri otvoren\u00ed a zais\u0165uje, \u017ee sa otv\u00e1ra iba vtedy, ke\u010f je zam\u00fd\u0161\u013ean\u00e9.<\/p>\n<p>VLO\u017dKY Z UHL\u00cdKOV\u00ddCH VL\u00c1KIEN<br \/>\nRad LTE vymie\u0148a metalick\u00e9 vlo\u017eky za uhl\u00edkov\u00e9 vl\u00e1kna. Rovnako odoln\u00e9, ale ove\u013ea \u013eah\u0161ie a \u013eah\u0161ie sa s nimi manipuluje a pren\u00e1\u0161a sa.<\/p>\n<p>D\u0139\u017dKA \u010cEPELA: 8 cm<br \/>\nCELKOV\u00c1 D\u0139\u017dKA : 18.5 cm<br \/>\nTYP SPONY NA OPASOK : Reverzibiln\u00fd Low-Carry<br \/>\nTYP HRANY : Rovn\u00fd<br \/>\nTVAR \u010cEPE\u013dA : Tanto<br \/>\nMATERI\u00c1L RUKOV\u00c4TI : Micarta<br \/>\nOtv\u00e1rac\u00ed mechanizmus : Z\u00e1mok XR, otvor pre palec,<br \/>\nTYP Z OCE\u013dOVEJ \u010cEPELE : CRYO CTS XHP<br \/>\nTVRDOS\u0164 : 61-63<\/p>\n<p><iframe title=\"Kiku XR LTE\" width=\"800\" height=\"450\" src=\"https:\/\/www.youtube.com\/embed\/cpaP1HPrnd8?feature=oembed\" frameborder=\"0\" allow=\"accelerometer; autoplay; clipboard-write; encrypted-media; gyroscope; picture-in-picture; web-share\" referrerpolicy=\"strict-origin-when-cross-origin\" allowfullscreen><\/iframe><\/p>\n<p>&nbsp;<\/p>\n","protected":false},"excerpt":{"rendered":"<p>\u010ci u\u017e chr\u00e1nite ostatn\u00fdch alebo vediete epick\u00fa loveck\u00fa exped\u00edciu, rie\u0161ite jednu z ka\u017edodenn\u00fdch \u017eivotn\u00fdch v\u00fdziev alebo sa stret\u00e1vate so svojimi doteraz najextr\u00e9mnej\u0161\u00edmi podmienkami, urobte si cestu so <strong>SOG<\/strong> .<\/p>\n<p><strong>Na v\u0161etky no\u017ee SOG d\u00e1vame do\u017eivotn\u00fa z\u00e1ruku! <\/strong><\/p>\n","protected":false},"featured_media":205884,"comment_status":"open","ping_status":"closed","template":"","meta":[],"pwb-brand":[3231],"product_brand":[],"product_cat":[3186,3233],"product_tag":[3668],"class_list":{"0":"post-211585","1":"product","2":"type-product","3":"status-publish","4":"has-post-thumbnail","6":"pwb-brand-pevny-noz-sog-snarl","7":"product_cat-noze-sk","8":"product_cat-zatvaracie-noze","9":"product_tag-b2b-sk","11":"first","12":"instock","13":"taxable","14":"shipping-taxable","15":"purchasable","16":"product-type-simple"},"brands":[{"id":3231,"name":"Pevn\u00fd N\u00f4\u017e SOG SNARL","slug":"pevny-noz-sog-snarl"}],"_links":{"self":[{"href":"https:\/\/www.moskito.cz\/sk\/wp-json\/wp\/v2\/product\/211585","targetHints":{"allow":["GET"]}}],"collection":[{"href":"https:\/\/www.moskito.cz\/sk\/wp-json\/wp\/v2\/product"}],"about":[{"href":"https:\/\/www.moskito.cz\/sk\/wp-json\/wp\/v2\/types\/product"}],"replies":[{"embeddable":true,"href":"https:\/\/www.moskito.cz\/sk\/wp-json\/wp\/v2\/comments?post=211585"}],"wp:featuredmedia":[{"embeddable":true,"href":"https:\/\/www.moskito.cz\/sk\/wp-json\/wp\/v2\/media\/205884"}],"wp:attachment":[{"href":"https:\/\/www.moskito.cz\/sk\/wp-json\/wp\/v2\/media?parent=211585"}],"wp:term":[{"taxonomy":"pwb-brand","embeddable":true,"href":"https:\/\/www.moskito.cz\/sk\/wp-json\/wp\/v2\/pwb-brand?post=211585"},{"taxonomy":"product_brand","embeddable":true,"href":"https:\/\/www.moskito.cz\/sk\/wp-json\/wp\/v2\/product_brand?post=211585"},{"taxonomy":"product_cat","embeddable":true,"href":"https:\/\/www.moskito.cz\/sk\/wp-json\/wp\/v2\/product_cat?post=211585"},{"taxonomy":"product_tag","embeddable":true,"href":"https:\/\/www.moskito.cz\/sk\/wp-json\/wp\/v2\/product_tag?post=211585"}],"curies":[{"name":"wp","href":"https:\/\/api.w.org\/{rel}","templated":true}]}}