{"id":211587,"date":"2021-09-23T21:23:32","date_gmt":"2021-09-23T20:23:32","guid":{"rendered":"https:\/\/www.moskito.cz\/produkt\/zatvaraci-noz-sog-trident-at-olive-drab\/"},"modified":"2025-05-07T10:37:24","modified_gmt":"2025-05-07T09:37:24","slug":"zatvaraci-noz-sog-trident-at-olive-drab","status":"publish","type":"product","link":"https:\/\/www.moskito.cz\/sk\/produkt\/zatvaraci-noz-sog-trident-at-olive-drab\/","title":{"rendered":"Zatv\u00e1rac\u00ed N\u00f4\u017e SOG TRIDENT AT OLIVE DRAB"},"content":{"rendered":"<p>Zatv\u00e1rac\u00ed N\u00f4\u017e SOG TRIDENT AT OLIVE DRAB.<\/p>\n<p>Trident AT, navrhnut\u00fd pre profesion\u00e1lnych u\u017e\u00edvate\u013eov, pon\u00faka r\u00fdchle asistovan\u00e9 otv\u00e1ranie pomocou inovat\u00edvneho obojstrann\u00e9ho z\u00e1mku AT-XR spolo\u010dnosti SOG, rovnako ako integrovan\u00fd reza\u010d liniek a rozb\u00edja\u010d skla. Trident AT sa \u013eahko pren\u00e1\u0161a, s vysoko funk\u010dnou &#8222;kryogenicky tepelne spracovanou \u010depe\u013eou z nerezovej ocele D2. Jeho v\u00fdkonn\u00fd blokovac\u00ed mechanizmus AT-XR m\u00e1 tie\u017e vstavan\u00fa poistku zamykania \u010depele a bezpe\u010dnostn\u00fd syst\u00e9m namontovan\u00fd na chrbtici. \u010eal\u0161\u00ed v\u00fdvoj v odbore -osved\u010den\u00fd Trident.<\/p>\n<p>\u00da\u010cELN\u00dd DIZAJN<br \/>\nKa\u017ed\u00fd prvok Trident AT bol vyvinut\u00fd pre extr\u00e9mne alebo n\u00fadzov\u00e9 situ\u00e1cie \u2013 vr\u00e1tane r\u00fdchleho otv\u00e1rania \u010depele, reza\u010da \u010diar a rozb\u00edja\u010da skla \u2013 to v\u0161etko je hladko integrovan\u00e9 s vysoko pri\u013enavou text\u00farou a odolnou rukov\u00e4\u0165ou.<br \/>\nZ\u00c1MOK AT-XR<br \/>\nPatentovan\u00fd z\u00e1mok XR s patentovanou technol\u00f3giou SOG Assisted Technology (AT) poskytuje r\u00fdchle otvorenie jednou rukou a pevn\u00e9 uzamknutie po otvoren\u00ed. Spo\u013eahliv\u00fd a v\u00fdkonn\u00fd, schopn\u00fd odola\u0165 sile 1500 libier, z\u00e1mok AT-XR poskytuje maxim\u00e1lne vstavan\u00e9 zabezpe\u010denie zamykania \u010depele pri otvoren\u00ed a zais\u0165uje, \u017ee sa otv\u00e1ra iba vtedy, ke\u010f je zam\u00fd\u0161\u013ean\u00e9.<\/p>\n<p>BEZPE\u010cNOS\u0164 2.0<br \/>\nSpolo\u010dnos\u0165 SOG spolupracovala s u\u017e\u00edvate\u013emi na v\u00fdvoji obojstrannej bezpe\u010dnosti, ktor\u00e1 je rovnako jednoduch\u00e1 ako r\u00fdchla. Je navrhnut\u00fd tak, aby bol intuit\u00edvny a vyu\u017e\u00edval prirodzen\u00e9 pohyby r\u00fak, \u010do znamen\u00e1, \u017ee na jeho ovl\u00e1danie nemus\u00edte l\u00e1ma\u0165 \u00fachop. Akon\u00e1hle sa otvor\u00ed, zablokuje sa na mieste ako zar\u00e1\u017eka palca. V\u0161etko, \u010do by bezpe\u010dnos\u0165 mala by\u0165.<\/p>\n<p>OCE\u013dOV\u00c1 OCE\u013d CRYO D2<br \/>\nUniverz\u00e1lna n\u00e1strojov\u00e1 oce\u013e s vysok\u00fdm obsahom uhl\u00edka, ktor\u00e1 je kryogenicky tepelne spracovan\u00e1 pod\u013ea jedine\u010dn\u00fdch v\u00fdkonnostn\u00fdch \u0161pecifik\u00e1ci\u00ed SOG. D2 poskytuje ide\u00e1lnu kombin\u00e1ciu udr\u017eania hr\u00e1n a trvanlivosti pre dlhodob\u00e9 pou\u017e\u00edvanie s jednoduchou \u00fadr\u017ebou.<\/p>\n<p>CELKOV\u00c1 D\u0139\u017dKA : 23 cm<br \/>\nD\u0139\u017dKA \u010cEPE\u013dA: 9.3 cm<br \/>\nHMOTNOS\u0164 : 5,15 oz<br \/>\nTYP Z OCE\u013dOVEJ \u010cEPELE : Cryo D2<br \/>\nMATERI\u00c1L RUKOV\u00c4TI : GRN<br \/>\nFARBA RUKOV\u00c4TI : Olivov\u00e1<br \/>\nFUNKCIA : reza\u010dka , rozb\u00edja\u010d skla<br \/>\nDOKON\u010cENIE : Nitrid tit\u00e1nu<br \/>\nMECHANIZMUS ZAMYKANIE : AT-XR<br \/>\nBEZPE\u010cNOS\u0164 : Obojstrann\u00e1 bezpe\u010dnos\u0165<br \/>\nOTV\u00c1RAJ\u00daCI MECHANIZMUS : Assisted Thumb Stud<br \/>\nTVAR \u010cEPE\u013dA : Clip Point<br \/>\nTYP HRANY : Rovn\u00fd<\/p>\n","protected":false},"excerpt":{"rendered":"<p>\u010ci u\u017e chr\u00e1nite ostatn\u00fdch alebo vediete epick\u00fa loveck\u00fa exped\u00edciu, rie\u0161ite jednu z ka\u017edodenn\u00fdch \u017eivotn\u00fdch v\u00fdziev alebo sa stret\u00e1vate so svojimi doteraz najextr\u00e9mnej\u0161\u00edmi podmienkami, urobte si cestu so SOG.<\/p>\n<p>Na v\u0161etky no\u017ee SOG d\u00e1vame do\u017eivotn\u00fa z\u00e1ruku!<\/p>\n","protected":false},"featured_media":205876,"comment_status":"open","ping_status":"closed","template":"","meta":[],"pwb-brand":[3231],"product_brand":[],"product_cat":[3186,3233],"product_tag":[3668],"class_list":{"0":"post-211587","1":"product","2":"type-product","3":"status-publish","4":"has-post-thumbnail","6":"pwb-brand-pevny-noz-sog-snarl","7":"product_cat-noze-sk","8":"product_cat-zatvaracie-noze","9":"product_tag-b2b-sk","11":"first","12":"instock","13":"taxable","14":"shipping-taxable","15":"purchasable","16":"product-type-simple"},"brands":[{"id":3231,"name":"Pevn\u00fd N\u00f4\u017e SOG SNARL","slug":"pevny-noz-sog-snarl"}],"_links":{"self":[{"href":"https:\/\/www.moskito.cz\/sk\/wp-json\/wp\/v2\/product\/211587","targetHints":{"allow":["GET"]}}],"collection":[{"href":"https:\/\/www.moskito.cz\/sk\/wp-json\/wp\/v2\/product"}],"about":[{"href":"https:\/\/www.moskito.cz\/sk\/wp-json\/wp\/v2\/types\/product"}],"replies":[{"embeddable":true,"href":"https:\/\/www.moskito.cz\/sk\/wp-json\/wp\/v2\/comments?post=211587"}],"wp:featuredmedia":[{"embeddable":true,"href":"https:\/\/www.moskito.cz\/sk\/wp-json\/wp\/v2\/media\/205876"}],"wp:attachment":[{"href":"https:\/\/www.moskito.cz\/sk\/wp-json\/wp\/v2\/media?parent=211587"}],"wp:term":[{"taxonomy":"pwb-brand","embeddable":true,"href":"https:\/\/www.moskito.cz\/sk\/wp-json\/wp\/v2\/pwb-brand?post=211587"},{"taxonomy":"product_brand","embeddable":true,"href":"https:\/\/www.moskito.cz\/sk\/wp-json\/wp\/v2\/product_brand?post=211587"},{"taxonomy":"product_cat","embeddable":true,"href":"https:\/\/www.moskito.cz\/sk\/wp-json\/wp\/v2\/product_cat?post=211587"},{"taxonomy":"product_tag","embeddable":true,"href":"https:\/\/www.moskito.cz\/sk\/wp-json\/wp\/v2\/product_tag?post=211587"}],"curies":[{"name":"wp","href":"https:\/\/api.w.org\/{rel}","templated":true}]}}