{"id":211595,"date":"2021-09-17T10:26:49","date_gmt":"2021-09-17T09:26:49","guid":{"rendered":"https:\/\/www.moskito.cz\/produkt\/zatvaraci-noz-sog-trident-at-black-red\/"},"modified":"2025-05-07T10:37:26","modified_gmt":"2025-05-07T09:37:26","slug":"zatvaraci-noz-sog-trident-at-black-red","status":"publish","type":"product","link":"https:\/\/www.moskito.cz\/sk\/produkt\/zatvaraci-noz-sog-trident-at-black-red\/","title":{"rendered":"Zatv\u00e1rac\u00ed N\u00f4\u017e SOG Trident AT Black &#038; Red"},"content":{"rendered":"<p>Trident AT, navrhnut\u00fd pre profesion\u00e1lnych u\u017e\u00edvate\u013eov, pon\u00faka r\u00fdchle asistovan\u00e9 otv\u00e1ranie pomocou inovat\u00edvneho obojstrann\u00e9ho z\u00e1mku AT-XR spolo\u010dnosti SOG a taktie\u017e integrovan\u00fa reza\u010dku \u010diar a rozb\u00edja\u010d skla. Trident AT sa \u013eahko pren\u00e1\u0161a, s vysoko funk\u010dnou 3,75&#8243; kryogenicky tepelne spracovanou \u010depe\u013eou z nerezovej ocele D2. Jeho v\u00fdkonn\u00fd blokovac\u00ed mechanizmus AT-XR m\u00e1 tie\u017e vstavan\u00fa poistku zamykania \u010depele a bezpe\u010dnostn\u00fd syst\u00e9m namontovan\u00fd na chrbtici. \u010eal\u0161\u00ed v\u00fdvoj v odbore -osved\u010den\u00fd Trident.<\/p>\n<p>&nbsp;<\/p>\n<p>\u00da\u010cELN\u00dd DIZAJN<br \/>\nKa\u017ed\u00fd prvok Trident AT bol vyvinut\u00fd pre extr\u00e9mne alebo n\u00fadzov\u00e9 situ\u00e1cie \u2013 vr\u00e1tane r\u00fdchleho otv\u00e1rania \u010depele, reza\u010da \u010diar a rozb\u00edja\u010da skla \u2013 to v\u0161etko je hladko integrovan\u00e9 s vysoko pri\u013enavou text\u00farou a odolnou rukov\u00e4\u0165ou.<\/p>\n<p>Z\u00c1MOK AT-XR<\/p>\n<p>Patentovan\u00fd z\u00e1mok XR s patentovanou technol\u00f3giou SOG Assisted Technology (AT) poskytuje r\u00fdchle otvorenie jednou rukou a pevn\u00e9 uzamknutie po otvoren\u00ed. Spo\u013eahliv\u00fd a v\u00fdkonn\u00fd, schopn\u00fd odola\u0165 sile 1500 libier, z\u00e1mok AT-XR poskytuje maxim\u00e1lne vstavan\u00e9 zabezpe\u010denie zamykania \u010depele pri otvoren\u00ed a zais\u0165uje, \u017ee sa otv\u00e1ra iba vtedy, ke\u010f je zam\u00fd\u0161\u013ean\u00e9.<\/p>\n<p>BEZPE\u010cNOS\u0164 2.0<\/p>\n<p>Spolo\u010dnos\u0165 SOG spolupracovala s u\u017e\u00edvate\u013emi na v\u00fdvoji obojstrannej bezpe\u010dnosti, ktor\u00e1 je rovnako jednoduch\u00e1 ako r\u00fdchla. Navrhnut\u00fd tak, aby bol intuit\u00edvny a vyu\u017e\u00edval prirodzen\u00e9 pohyby r\u00fak, znamen\u00e1 to, \u017ee na jeho ovl\u00e1danie nemus\u00edte l\u00e1ma\u0165 \u00fachop. Akon\u00e1hle sa otvor\u00ed, zablokuje sa na mieste ako zar\u00e1\u017eka palca. V\u0161etko, \u010do by bezpe\u010dnos\u0165 mala by\u0165.<\/p>\n<p>OCE\u013dOV\u00c1 \u010cAPIEL CRYO D2<\/p>\n<p>Univerz\u00e1lna n\u00e1strojov\u00e1 oce\u013e s vysok\u00fdm obsahom uhl\u00edka, ktor\u00e1 je kryogenicky tepelne spracovan\u00e1 pod\u013ea jedine\u010dn\u00fdch v\u00fdkonnostn\u00fdch \u0161pecifik\u00e1ci\u00ed SOG. D2 poskytuje ide\u00e1lnu kombin\u00e1ciu udr\u017eania hr\u00e1n a trvanlivosti pre dlhodob\u00e9 pou\u017e\u00edvanie s jednoduchou \u00fadr\u017ebou.<\/p>\n<p>Celkov\u00e1 d\u013a\u017eka. 22.5 cm<br \/>\nD\u013a\u017eka \u010depele: 9.2 cm<br \/>\nHmotnos\u0165 : 5,15 oz<br \/>\nTyp z oce\u013eovej \u010depele : Cryo D2<br \/>\nMateri\u00e1l rukov\u00e4te : GRN<br \/>\nFarba rukov\u00e4te : \u010cierna<br \/>\nFarba zv\u00fdraznenia : \u010cerven\u00e1<br \/>\nDokon\u010denie : Nitrid tit\u00e1nu<br \/>\nmechanizmus zamykania : AT-XR<\/p>\n","protected":false},"excerpt":{"rendered":"<p>\u010ci u\u017e chr\u00e1nite ostatn\u00fdch alebo vediete epick\u00fa loveck\u00fa exped\u00edciu, rie\u0161ite jednu z ka\u017edodenn\u00fdch \u017eivotn\u00fdch v\u00fdziev alebo sa stret\u00e1vate so svojimi doteraz najextr\u00e9mnej\u0161\u00edmi podmienkami, urobte si cestu so SOG.<\/p>\n<p>Na v\u0161etky no\u017ee SOG d\u00e1vame do\u017eivotn\u00fa z\u00e1ruku!<\/p>\n","protected":false},"featured_media":205389,"comment_status":"open","ping_status":"closed","template":"","meta":[],"pwb-brand":[3231],"product_brand":[],"product_cat":[3186,3233],"product_tag":[3668],"class_list":{"0":"post-211595","1":"product","2":"type-product","3":"status-publish","4":"has-post-thumbnail","6":"pwb-brand-pevny-noz-sog-snarl","7":"product_cat-noze-sk","8":"product_cat-zatvaracie-noze","9":"product_tag-b2b-sk","11":"first","12":"instock","13":"taxable","14":"shipping-taxable","15":"purchasable","16":"product-type-simple"},"brands":[{"id":3231,"name":"Pevn\u00fd N\u00f4\u017e SOG SNARL","slug":"pevny-noz-sog-snarl"}],"_links":{"self":[{"href":"https:\/\/www.moskito.cz\/sk\/wp-json\/wp\/v2\/product\/211595","targetHints":{"allow":["GET"]}}],"collection":[{"href":"https:\/\/www.moskito.cz\/sk\/wp-json\/wp\/v2\/product"}],"about":[{"href":"https:\/\/www.moskito.cz\/sk\/wp-json\/wp\/v2\/types\/product"}],"replies":[{"embeddable":true,"href":"https:\/\/www.moskito.cz\/sk\/wp-json\/wp\/v2\/comments?post=211595"}],"wp:featuredmedia":[{"embeddable":true,"href":"https:\/\/www.moskito.cz\/sk\/wp-json\/wp\/v2\/media\/205389"}],"wp:attachment":[{"href":"https:\/\/www.moskito.cz\/sk\/wp-json\/wp\/v2\/media?parent=211595"}],"wp:term":[{"taxonomy":"pwb-brand","embeddable":true,"href":"https:\/\/www.moskito.cz\/sk\/wp-json\/wp\/v2\/pwb-brand?post=211595"},{"taxonomy":"product_brand","embeddable":true,"href":"https:\/\/www.moskito.cz\/sk\/wp-json\/wp\/v2\/product_brand?post=211595"},{"taxonomy":"product_cat","embeddable":true,"href":"https:\/\/www.moskito.cz\/sk\/wp-json\/wp\/v2\/product_cat?post=211595"},{"taxonomy":"product_tag","embeddable":true,"href":"https:\/\/www.moskito.cz\/sk\/wp-json\/wp\/v2\/product_tag?post=211595"}],"curies":[{"name":"wp","href":"https:\/\/api.w.org\/{rel}","templated":true}]}}