{"id":211608,"date":"2021-09-16T13:00:00","date_gmt":"2021-09-16T12:00:00","guid":{"rendered":"https:\/\/www.moskito.cz\/produkt\/zatvaraci-noz-sog-ultra-xr-carbon-gold\/"},"modified":"2025-05-07T10:37:27","modified_gmt":"2025-05-07T09:37:27","slug":"zatvaraci-noz-sog-ultra-xr-carbon-gold","status":"publish","type":"product","link":"https:\/\/www.moskito.cz\/sk\/produkt\/zatvaraci-noz-sog-ultra-xr-carbon-gold\/","title":{"rendered":"Zatv\u00e1rac\u00ed N\u00f4\u017e SOG Ultra XR Carbon &#038; Gold"},"content":{"rendered":"<p>Zatv\u00e1rac\u00ed N\u00f4\u017e SOG Ultra XR Carbon &amp; Gold.<\/p>\n<p>V\u010faka hr\u00fabke 6,5 mm a hmotnosti iba 34 gramov m\u00e1 SOG Ultra XR tenk\u00fd dizajn a \u013eahk\u00e9 vysoko kvalitn\u00e9 materi\u00e1ly, vr\u00e1tane \u010depele CRYO CPM S35VN z nerezovej ocele a rukov\u00e4te z uhl\u00edkov\u00fdch vl\u00e1kien. Jeho z\u00e1mok XR umo\u017e\u0148uje hladk\u00e9 obojstrann\u00e9 otv\u00e1ranie jednou rukou a bezpe\u010dne zamyk\u00e1 \u010depe\u013e otvoren\u00fa. Vreckov\u00e1 spona z tit\u00e1nu sl\u00fa\u017ei z\u00e1rove\u0148 ako spona na peniaze. Ka\u017edodenn\u00e1 spo\u013eahlivos\u0165 v ka\u017edej situ\u00e1cii.<\/p>\n<p>Celkov\u00e1 d\u013a\u017eka: 16 cm<br \/>\nZatvoren\u00e1 d\u013a\u017eka: 9 cm<br \/>\nD\u013a\u017eka \u010depele: 7 m<br \/>\nHmotnos\u0165 : 1,2 oz<br \/>\nTyp z oce\u013eovej \u010depele : CRYO S35VN<br \/>\nMateri\u00e1l rukov\u00e4te : Uhl\u00edkov\u00e9 vl\u00e1kno<br \/>\nFarba rukov\u00e4te : \u010cierna (uhl\u00edkov\u00e9 vl\u00e1kno)<br \/>\nDokon\u010denie : Zlat\u00fd nitrid tit\u00e1nu<br \/>\nmechanizmus zamykania : XR<br \/>\nOtv\u00e1rac\u00ed mechanizmus: XR, palec diera<\/p>\n","protected":false},"excerpt":{"rendered":"<p>\u010ci u\u017e chr\u00e1nite ostatn\u00fdch alebo vediete epick\u00fa loveck\u00fa exped\u00edciu, rie\u0161ite jednu z ka\u017edodenn\u00fdch \u017eivotn\u00fdch v\u00fdziev alebo sa stret\u00e1vate so svojimi doteraz najextr\u00e9mnej\u0161\u00edmi podmienkami, urobte si cestu so SOG.<\/p>\n<p>Na v\u0161etky no\u017ee SOG d\u00e1vame do\u017eivotn\u00fa z\u00e1ruku!<\/p>\n","protected":false},"featured_media":205307,"comment_status":"open","ping_status":"closed","template":"","meta":[],"pwb-brand":[3231],"product_brand":[],"product_cat":[3186,3233],"product_tag":[3668],"class_list":{"0":"post-211608","1":"product","2":"type-product","3":"status-publish","4":"has-post-thumbnail","6":"pwb-brand-pevny-noz-sog-snarl","7":"product_cat-noze-sk","8":"product_cat-zatvaracie-noze","9":"product_tag-b2b-sk","11":"first","12":"instock","13":"taxable","14":"shipping-taxable","15":"purchasable","16":"product-type-simple"},"brands":[{"id":3231,"name":"Pevn\u00fd N\u00f4\u017e SOG SNARL","slug":"pevny-noz-sog-snarl"}],"_links":{"self":[{"href":"https:\/\/www.moskito.cz\/sk\/wp-json\/wp\/v2\/product\/211608","targetHints":{"allow":["GET"]}}],"collection":[{"href":"https:\/\/www.moskito.cz\/sk\/wp-json\/wp\/v2\/product"}],"about":[{"href":"https:\/\/www.moskito.cz\/sk\/wp-json\/wp\/v2\/types\/product"}],"replies":[{"embeddable":true,"href":"https:\/\/www.moskito.cz\/sk\/wp-json\/wp\/v2\/comments?post=211608"}],"wp:featuredmedia":[{"embeddable":true,"href":"https:\/\/www.moskito.cz\/sk\/wp-json\/wp\/v2\/media\/205307"}],"wp:attachment":[{"href":"https:\/\/www.moskito.cz\/sk\/wp-json\/wp\/v2\/media?parent=211608"}],"wp:term":[{"taxonomy":"pwb-brand","embeddable":true,"href":"https:\/\/www.moskito.cz\/sk\/wp-json\/wp\/v2\/pwb-brand?post=211608"},{"taxonomy":"product_brand","embeddable":true,"href":"https:\/\/www.moskito.cz\/sk\/wp-json\/wp\/v2\/product_brand?post=211608"},{"taxonomy":"product_cat","embeddable":true,"href":"https:\/\/www.moskito.cz\/sk\/wp-json\/wp\/v2\/product_cat?post=211608"},{"taxonomy":"product_tag","embeddable":true,"href":"https:\/\/www.moskito.cz\/sk\/wp-json\/wp\/v2\/product_tag?post=211608"}],"curies":[{"name":"wp","href":"https:\/\/api.w.org\/{rel}","templated":true}]}}