{"id":211644,"date":"2021-09-29T19:28:03","date_gmt":"2021-09-29T18:28:03","guid":{"rendered":"https:\/\/www.moskito.cz\/produkt\/zatvaraci-noz-sog-sideswipe\/"},"modified":"2025-05-07T10:37:28","modified_gmt":"2025-05-07T09:37:28","slug":"zatvaraci-noz-sog-sideswipe","status":"publish","type":"product","link":"https:\/\/www.moskito.cz\/sk\/produkt\/zatvaraci-noz-sog-sideswipe\/","title":{"rendered":"Zatv\u00e1rac\u00ed N\u00f4\u017e SOG SIDESWIPE"},"content":{"rendered":"<p>Zatv\u00e1rac\u00ed N\u00f4\u017e SOG SIDESWIPE.<\/p>\n<p>Sideswipe je robustn\u00fd a spo\u013eahliv\u00fd a je skvel\u00fdm no\u017eom na ka\u017edodenn\u00e9 nosenie. Je vyroben\u00fd z tvarovan\u00fdch anodizovan\u00fdch hlin\u00edkov\u00fdch rukov\u00e4t\u00ed s text\u00farovan\u00fdmi vlo\u017ekami GRN pre pohodlie a pri\u013enavos\u0165, osved\u010den\u00e9ho mechanizmu sp\u00e4tn\u00e9ho z\u00e1mku pre bezpe\u010dn\u00e9 zablokovanie \u010depel\u00ed a r\u00fdchloup\u00ednacieho no\u017ea s tryskou z nerezovej ocele 7Cr15. \u010cepe\u013e je pr\u00edstupn\u00e1 cez SAT (SOG Assisted Technology), tak\u017ee jednoduch\u00e9 zatla\u010denie na \u010dap palca vytla\u010d\u00ed \u010depe\u013e von a uzamkne sa v otvorenej polohe pripravenej na prev\u00e1dzku. Ke\u010f dr\u017e\u00edte Sideswipe v ruke, poc\u00edtite jeho kvalitu a robustnos\u0165. Sideswipe je vybaven\u00fd reverzibiln\u00fdm vreckov\u00fdm klipom s n\u00edzkou nosnos\u0165ou a je skvel\u00fdm EDC.<\/p>\n<p>Perfektn\u00fd EDC &#8230; vytrval\u00fd, bohat\u00fd na funkcie a spo\u013eahliv\u00fd<br \/>\nSkladac\u00ed n\u00f4\u017e s otv\u00e1ran\u00edm SAT SOG, nerezovou oce\u013eou 7Cr15, hlin\u00edkovou a GRN rukov\u00e4\u0165ou a reverzibilnou vreckovou sponou s n\u00edzkou nosnos\u0165ou.<\/p>\n<p>NEREZOV\u00c1 OCE\u013d 7CR15<br \/>\nOstr\u00e1 \u010depe\u013e z nerezovej ocele 7Cr15 ostr\u00e1 ako britva je funk\u010dn\u00e1 a kr\u00e1sna z\u00e1rove\u0148.<\/p>\n<p>TECHNOL\u00d3GIA PODPOROVAN\u00c1 SOG<br \/>\nSAT zais\u0165uje, \u017ee jednoduch\u00e9 zatla\u010denie na \u010dap palca vytla\u010d\u00ed \u010depe\u013e von a bezpe\u010dne ju zaist\u00ed na mieste.<\/p>\n<p>HLIN\u00cdKOV\u00c9 RUKOV\u00c4TI<br \/>\nTvarovan\u00e9 eloxovan\u00e9 hlin\u00edkov\u00e9 rukov\u00e4te s text\u00farovan\u00fdmi vlo\u017ekami GRN pre pohodlie a pri\u013enavos\u0165.<\/p>\n<p>HMOTNOS\u0164 PRODUKTU : 3,50 oz<br \/>\nD\u0139\u017dKA \u010cEPE\u013dA: 8.5 cm<br \/>\nPRODUKTOV\u00dd RAD : SideSwipe<br \/>\nTYP PRODUKTU : Skladac\u00ed n\u00f4\u017e<br \/>\nTYP SPONY NA OPASOK : Reverzibiln\u00fd Low-Carry<br \/>\nTYP Z OCE\u013dOVEJ \u010cEPELE : 7Cr15<br \/>\nTVAR \u010cEPE\u013dA : Clip Point<br \/>\nTVRDOS\u0164 : RC 55-57<br \/>\nMATERI\u00c1L RUKOV\u00c4TI : Hlin\u00edk<br \/>\nFARBA RUKOV\u00c4TI : Gray eloxovan\u00fd<\/p>\n","protected":false},"excerpt":{"rendered":"<p>\u010ci u\u017e chr\u00e1nite ostatn\u00fdch alebo vediete epick\u00fa loveck\u00fa exped\u00edciu, rie\u0161ite jednu z ka\u017edodenn\u00fdch \u017eivotn\u00fdch v\u00fdziev alebo sa stret\u00e1vate so svojimi doteraz najextr\u00e9mnej\u0161\u00edmi podmienkami, urobte si cestu so SOG.<\/p>\n<p>Na v\u0161etky no\u017ee SOG d\u00e1vame do\u017eivotn\u00fa z\u00e1ruku!<\/p>\n","protected":false},"featured_media":206095,"comment_status":"open","ping_status":"closed","template":"","meta":[],"pwb-brand":[3231],"product_brand":[],"product_cat":[3186,3233],"product_tag":[3668],"class_list":{"0":"post-211644","1":"product","2":"type-product","3":"status-publish","4":"has-post-thumbnail","6":"pwb-brand-pevny-noz-sog-snarl","7":"product_cat-noze-sk","8":"product_cat-zatvaracie-noze","9":"product_tag-b2b-sk","11":"first","12":"instock","13":"taxable","14":"shipping-taxable","15":"purchasable","16":"product-type-simple"},"brands":[{"id":3231,"name":"Pevn\u00fd N\u00f4\u017e SOG SNARL","slug":"pevny-noz-sog-snarl"}],"_links":{"self":[{"href":"https:\/\/www.moskito.cz\/sk\/wp-json\/wp\/v2\/product\/211644","targetHints":{"allow":["GET"]}}],"collection":[{"href":"https:\/\/www.moskito.cz\/sk\/wp-json\/wp\/v2\/product"}],"about":[{"href":"https:\/\/www.moskito.cz\/sk\/wp-json\/wp\/v2\/types\/product"}],"replies":[{"embeddable":true,"href":"https:\/\/www.moskito.cz\/sk\/wp-json\/wp\/v2\/comments?post=211644"}],"wp:featuredmedia":[{"embeddable":true,"href":"https:\/\/www.moskito.cz\/sk\/wp-json\/wp\/v2\/media\/206095"}],"wp:attachment":[{"href":"https:\/\/www.moskito.cz\/sk\/wp-json\/wp\/v2\/media?parent=211644"}],"wp:term":[{"taxonomy":"pwb-brand","embeddable":true,"href":"https:\/\/www.moskito.cz\/sk\/wp-json\/wp\/v2\/pwb-brand?post=211644"},{"taxonomy":"product_brand","embeddable":true,"href":"https:\/\/www.moskito.cz\/sk\/wp-json\/wp\/v2\/product_brand?post=211644"},{"taxonomy":"product_cat","embeddable":true,"href":"https:\/\/www.moskito.cz\/sk\/wp-json\/wp\/v2\/product_cat?post=211644"},{"taxonomy":"product_tag","embeddable":true,"href":"https:\/\/www.moskito.cz\/sk\/wp-json\/wp\/v2\/product_tag?post=211644"}],"curies":[{"name":"wp","href":"https:\/\/api.w.org\/{rel}","templated":true}]}}