{"id":211652,"date":"2021-09-28T09:03:39","date_gmt":"2021-09-28T08:03:39","guid":{"rendered":"https:\/\/www.moskito.cz\/produkt\/zatvaraci-noz-sog-aegis-flk\/"},"modified":"2025-05-07T10:37:29","modified_gmt":"2025-05-07T09:37:29","slug":"zatvaraci-noz-sog-aegis-flk","status":"publish","type":"product","link":"https:\/\/www.moskito.cz\/sk\/produkt\/zatvaraci-noz-sog-aegis-flk\/","title":{"rendered":"Zatv\u00e1rac\u00ed N\u00f4\u017e SOG AEGIS FLK"},"content":{"rendered":"<p>Jednoduch\u00fd a poctiv\u00fd n\u00f4\u017e s \u010depe\u013eou SOG Sharp je niekedy iba trik. Aegis FLK prin\u00e1\u0161a pr\u00e1ve to, nezmyseln\u00fd celokovov\u00fd r\u00e1mov\u00fd z\u00e1mok s rozmiestnen\u00edm kopov postaven\u00fd na osved\u010denej platforme SOG Aegis. Aegis FLK je perfektn\u00fd z\u00e1kladn\u00fd n\u00f4\u017e, ktor\u00fd vydr\u017e\u00ed. M\u00e1 odoln\u00fa celokovov\u00fa kon\u0161trukciu, hlbok\u00fd vreckov\u00fd klip a hladk\u00e9 a r\u00fdchle otv\u00e1ranie.<\/p>\n<p>Bohat\u00e1 funkcia a skvel\u00e1 hodnota<br \/>\nOdoln\u00e1, celokovov\u00e1 kon\u0161trukcia, hlbok\u00fd vreckov\u00fd klip, hladk\u00e9 a r\u00fdchle otv\u00e1ranie.<\/p>\n<p>Cena na z\u00e1kladnej \u00farovni s funkciami expertnej \u00farovne<br \/>\nCelokovov\u00e1 zlo\u017eka z\u00e1mku z\u00e1mku EDC z\u00e1kladnej \u00farovne s 3,38-palcovou \u010depe\u013eou klipu 8CR13MOV. R\u00fdchle otvorenie pomocou palcov\u00e9ho \u010dapu a hmotnosti iba 5,1 unca a rukov\u00e4te z nerezovej ocele.<\/p>\n<p>JEDNODUCH\u00c9 A BEZPE\u010cN\u00c9<br \/>\n\u017diadny nezmyseln\u00fd z\u00e1mok r\u00e1mu udr\u017euje veci v bezpe\u010d\u00ed.<\/p>\n<p>VYTVORTE SI AKO N\u00c1DR\u017d<br \/>\nCelokovov\u00e1 kon\u0161trukcia znamen\u00e1, \u017ee tento n\u00f4\u017e bude va\u0161im partnerom po mnoho rokov.<\/p>\n<p>R\u00ddCHLE OTVORENIE<br \/>\nJednoducho \u0161vihnite a tento n\u00f4\u017e sa otvor\u00ed lusknut\u00edm.<\/p>\n<p>CELKOV\u00c1 D\u0139\u017dKA : 20 cm<br \/>\nHMOTNOS\u0164 PRODUKTU : 5,20 oz<br \/>\nD\u0139\u017dKA \u010cEPE\u013dA: 8.5 cm<br \/>\nPRODUKTOV\u00dd RAD : Aegis<br \/>\nTYP PRODUKTU : Skladac\u00ed n\u00f4\u017e<br \/>\nMECHANIZMUS ZAMYKANIE : R\u00e1mov\u00fd z\u00e1mok<br \/>\nOtv\u00e1rac\u00ed mechanizmus: Kick, Thumb Stud<br \/>\nTYP SPONY NA OPASOK : Pevn\u00fd<br \/>\nDOKON\u010cEN\u00cd : Sat\u00e9n<br \/>\nTYP Z OCE\u013dOVEJ \u010cEPELE : Nerezov\u00e1 oce\u013e 8Cr13MoV<br \/>\nTVAR \u010cEPE\u013dA : Clip Point<br \/>\nTVRDOS\u0164 HRC : 58-60<\/p>\n","protected":false},"excerpt":{"rendered":"<p>\u010ci u\u017e chr\u00e1nite ostatn\u00fdch alebo vediete epick\u00fa loveck\u00fa exped\u00edciu, rie\u0161ite jednu z ka\u017edodenn\u00fdch \u017eivotn\u00fdch v\u00fdziev alebo sa stret\u00e1vate so svojimi doteraz najextr\u00e9mnej\u0161\u00edmi podmienkami, urobte si cestu so SOG.<\/p>\n<p>Na v\u0161etky no\u017ee SOG d\u00e1vame do\u017eivotn\u00fa z\u00e1ruku!<\/p>\n","protected":false},"featured_media":205994,"comment_status":"open","ping_status":"closed","template":"","meta":[],"pwb-brand":[3231],"product_brand":[],"product_cat":[3186,3233],"product_tag":[3668],"class_list":{"0":"post-211652","1":"product","2":"type-product","3":"status-publish","4":"has-post-thumbnail","6":"pwb-brand-pevny-noz-sog-snarl","7":"product_cat-noze-sk","8":"product_cat-zatvaracie-noze","9":"product_tag-b2b-sk","11":"first","12":"instock","13":"taxable","14":"shipping-taxable","15":"purchasable","16":"product-type-simple"},"brands":[{"id":3231,"name":"Pevn\u00fd N\u00f4\u017e SOG SNARL","slug":"pevny-noz-sog-snarl"}],"_links":{"self":[{"href":"https:\/\/www.moskito.cz\/sk\/wp-json\/wp\/v2\/product\/211652","targetHints":{"allow":["GET"]}}],"collection":[{"href":"https:\/\/www.moskito.cz\/sk\/wp-json\/wp\/v2\/product"}],"about":[{"href":"https:\/\/www.moskito.cz\/sk\/wp-json\/wp\/v2\/types\/product"}],"replies":[{"embeddable":true,"href":"https:\/\/www.moskito.cz\/sk\/wp-json\/wp\/v2\/comments?post=211652"}],"wp:featuredmedia":[{"embeddable":true,"href":"https:\/\/www.moskito.cz\/sk\/wp-json\/wp\/v2\/media\/205994"}],"wp:attachment":[{"href":"https:\/\/www.moskito.cz\/sk\/wp-json\/wp\/v2\/media?parent=211652"}],"wp:term":[{"taxonomy":"pwb-brand","embeddable":true,"href":"https:\/\/www.moskito.cz\/sk\/wp-json\/wp\/v2\/pwb-brand?post=211652"},{"taxonomy":"product_brand","embeddable":true,"href":"https:\/\/www.moskito.cz\/sk\/wp-json\/wp\/v2\/product_brand?post=211652"},{"taxonomy":"product_cat","embeddable":true,"href":"https:\/\/www.moskito.cz\/sk\/wp-json\/wp\/v2\/product_cat?post=211652"},{"taxonomy":"product_tag","embeddable":true,"href":"https:\/\/www.moskito.cz\/sk\/wp-json\/wp\/v2\/product_tag?post=211652"}],"curies":[{"name":"wp","href":"https:\/\/api.w.org\/{rel}","templated":true}]}}