{"id":211654,"date":"2021-09-28T08:36:18","date_gmt":"2021-09-28T07:36:18","guid":{"rendered":"https:\/\/www.moskito.cz\/produkt\/zatvaraci-noz-sog-kilowatt\/"},"modified":"2025-05-07T10:37:30","modified_gmt":"2025-05-07T09:37:30","slug":"zatvaraci-noz-sog-kilowatt","status":"publish","type":"product","link":"https:\/\/www.moskito.cz\/sk\/produkt\/zatvaraci-noz-sog-kilowatt\/","title":{"rendered":"Zatv\u00e1rac\u00ed N\u00f4\u017e SOG KILOWATT"},"content":{"rendered":"<p>Zatv\u00e1rac\u00ed N\u00f4\u017e <strong>SOG<\/strong> KILOWATT.<\/p>\n<p>N\u00e1\u0161 pr\u00edbeh za\u010d\u00edna vo Vietname, kde \u010dlenovia vysoko utajovanej americkej \u0161peci\u00e1lnej opera\u010dnej jednotky \u2013 zn\u00e1mej ako MACV \u2013 <strong>SOG<\/strong> \u2013 niesli jedine\u010dn\u00fd tajn\u00fd n\u00f4\u017e do d\u017eungle na skryt\u00fdch misi\u00e1ch. O nieko\u013eko rokov nesk\u00f4r, v roku 1986, tento n\u00f4\u017e in\u0161piroval mlad\u00e9ho n\u00e1vrh\u00e1ra menom Spencer Frazer, aby zalo\u017eil \u0161peci\u00e1lne no\u017ee <strong>SOG<\/strong> . Jeho poslanie: reprodukova\u0165 p\u00f4vodn\u00fd n\u00f4\u017e <strong>SOG<\/strong> Bowie a vzda\u0165 hold \u0161peci\u00e1lnej opera\u010dnej jednotke, ktor\u00e1 ho vytvorila. To, \u010do za\u010dalo ako jedin\u00fd pam\u00e4tn\u00fd model, sa \u010doskoro stalo cel\u00fdm radom inovat\u00edvnych n\u00e1strojov \u2013 osved\u010den\u00fdch americk\u00fdmi \u0161peci\u00e1lnymi silami, dokonca ocenen\u00fdch ako vybran\u00fd n\u00f4\u017e Navy SEAL. No\u017ee SOG sa dnes s istotou nosia do t\u00fdch najn\u00e1ro\u010dnej\u0161\u00edch situ\u00e1ci\u00ed. Kovan\u00e9 z trad\u00edcie, tvrden\u00e9 v poli, pilovan\u00e9 pre v\u00e1s.<\/p>\n<p>\u010ci u\u017e chr\u00e1nite ostatn\u00fdch alebo vediete epick\u00fa loveck\u00fa exped\u00edciu, rie\u0161ite jednu z ka\u017edodenn\u00fdch \u017eivotn\u00fdch v\u00fdziev alebo sa stret\u00e1vate so svojimi doteraz najextr\u00e9mnej\u0161\u00edmi podmienkami, urobte si cestu so <strong>SOG<\/strong> .<\/p>\n<p>Nechajte sa \u201enabi\u0165\u201c s Kilowattom, prv\u00fdm pracovn\u00fdm no\u017eom na t\u00e9mu ur\u010den\u00fdm pre elektrik\u00e1rov, majite\u013eov domov, dod\u00e1vate\u013eov alebo pre kohoko\u013evek, kto m\u00f4\u017ee potrebova\u0165 vyzliec\u0165 dr\u00f4t do \u0161tipky. Tri samostatn\u00e9 syst\u00e9my adresuj\u00fa vodi\u010de od jemn\u00fdch viacpramenn\u00fdch k\u00e1blov a\u017e po k\u00e1ble. Na zadnej strane je odizolovacia li\u0161ta pre ve\u013ekosti vodi\u010dov 10-22, nastavite\u013en\u00fd odpru\u017een\u00fd UTP\/odizolovac\u00ed dr\u00f4t a pre ka\u017ed\u00fd pr\u00edpad n\u00e1\u0161 patentovan\u00fd odizolovac\u00ed otvor, ktor\u00fd pou\u017e\u00edva hlavn\u00fa \u010depe\u013e. Schematick\u00e9 rukov\u00e4te, vysokonap\u00e4\u0165ov\u00e1 ve\u017eov\u00e1 spona, izol\u00e1tor s palcov\u00fdm \u010dapom a \u010depe\u013e s grav\u00edrovan\u00edm do z\u00e1suvky s\u00fa podpisy, v\u010faka ktor\u00fdm je tento n\u00f4\u017e ve\u013emi jedine\u010dn\u00fd. Bez Kilowattu&#8230; m\u00f4\u017eete skon\u010di\u0165 v tme!<\/p>\n<p>CELKOV\u00c1 D\u0139\u017dKA : 19 cm<br \/>\nHMOTNOS\u0164 PRODUKTU : 3,30 oz<br \/>\nD\u0139\u017dKA \u010cEPELA: 8.5 cm<br \/>\nPRODUKTOV\u00dd RAD : Kilowatt<br \/>\nTYP PRODUKTU : Skladac\u00ed n\u00f4\u017e<br \/>\nMECHANIZMUS ZAMYKANIE : Linerlock<br \/>\nTYP SPONY NA OPASOK : Pevn\u00fd<br \/>\nDOKON\u010cEN\u00cd : Sat\u00e9n<br \/>\nTYP OCE\u013dA : AUS-8<br \/>\nTVAR \u010cEPE\u013dA : Clip Point<br \/>\nTVRDOS\u0164 HRC : 57-58<br \/>\nFARBA RUKOV\u00c4TI : \u010cierna<\/p>\n<p>Get &#8218;zalo\u017een\u00e9&#8216; s kilowattom, prv\u00fd pracovn\u00fd t\u00e9mu n\u00f4\u017e designovan\u00fd pre elektrick\u00fd, dom\u00e1ci majite\u013e, konkurent, alebo k\u00fdmko\u013evek, ktor\u00e9 potrebuj\u00fa prestrihn\u00fa\u0165 dr\u00f4t v pinch. Three separate systems address wire from fine multi strand all the way up to cable. Je to stripper bar pre dr\u00f4ty ve\u013ekosti 10-22, adaptovate\u013en\u00e9 jarn\u00e9-loaded UTP\/dr\u00f4t stripper v zadku, a pr\u00e1ve v pr\u00edpade, na\u0161a patentov\u00e1 medzera palice stripper, ktor\u00fd sa pou\u017e\u00edva na hlave blade. Schematick\u00e9 uchopenia, hi voltage ve\u017ea klip, insol\u00e1tor palec stud, a blade s recept\u00e1rom grav\u00edrovanie s\u00fa podpisy, ktor\u00e9 robia ve\u013emi vern\u00e9 unique liner lock n\u00f4\u017e. Without the Kilowatt&#8230; vy sami skoro na konci v dare!<\/p>\n<p>OVERALL LENGTH<br \/>\n7.50&#8243;<br \/>\nCLOSED LENGTH<br \/>\n4.1&#8243;<br \/>\nPRODUCT WEIGHT<br \/>\n3.30 oz<br \/>\nBLADE LENGTH<br \/>\n3.4&#8243;<br \/>\nBLADE THICKNESS<br \/>\n0.12&#8243;<br \/>\nUPC<br \/>\n7-29857-99430-9<br \/>\nPREORDER DATE<br \/>\nN\/A<br \/>\nIS PREORDER<br \/>\nN\/A<br \/>\nPRODUCT FAMILY<br \/>\nKilowatt<br \/>\nPRODUCT TYPE<br \/>\nFolding Knife<br \/>\nCOUNTRY OF ORIGIN<br \/>\nTaiwan<br \/>\nLOCKING MECHANIZM<br \/>\nLinerlock<br \/>\nBELT CLIP TYPE<br \/>\nFixed<br \/>\nPACKAGING<br \/>\nUnibox &#8211; Display Ready<br \/>\nENGRAVABLE<br \/>\nYes<br \/>\nFINISH<br \/>\nSatin<br \/>\nEDGE TYPE<br \/>\nStraight<br \/>\nBLADE STEEL TYPE<br \/>\nAUS-8<br \/>\nBLADE SHAPE<br \/>\nClip Point<br \/>\nHARDNESS<br \/>\nRc. 57-58<br \/>\nHANDLE MATERIAL<br \/>\nGlass-Reinforced Nylon<br \/>\nHANDLE COLOR<br \/>\nBlack<\/p>\n","protected":false},"excerpt":{"rendered":"<p>\u010ci u\u017e chr\u00e1nite ostatn\u00fdch alebo vediete epick\u00fa loveck\u00fa exped\u00edciu, rie\u0161ite jednu z ka\u017edodenn\u00fdch \u017eivotn\u00fdch v\u00fdziev alebo sa stret\u00e1vate so svojimi doteraz najextr\u00e9mnej\u0161\u00edmi podmienkami, urobte si cestu so <strong>SOG<\/strong> .<\/p>\n<p><strong>Na v\u0161etky no\u017ee SOG d\u00e1vame do\u017eivotn\u00fa z\u00e1ruku!<\/strong><\/p>\n","protected":false},"featured_media":205978,"comment_status":"open","ping_status":"closed","template":"","meta":[],"pwb-brand":[3231],"product_brand":[],"product_cat":[3186,3233],"product_tag":[3668],"class_list":{"0":"post-211654","1":"product","2":"type-product","3":"status-publish","4":"has-post-thumbnail","6":"pwb-brand-pevny-noz-sog-snarl","7":"product_cat-noze-sk","8":"product_cat-zatvaracie-noze","9":"product_tag-b2b-sk","11":"first","12":"outofstock","13":"taxable","14":"shipping-taxable","15":"purchasable","16":"product-type-simple"},"brands":[{"id":3231,"name":"Pevn\u00fd N\u00f4\u017e SOG SNARL","slug":"pevny-noz-sog-snarl"}],"_links":{"self":[{"href":"https:\/\/www.moskito.cz\/sk\/wp-json\/wp\/v2\/product\/211654","targetHints":{"allow":["GET"]}}],"collection":[{"href":"https:\/\/www.moskito.cz\/sk\/wp-json\/wp\/v2\/product"}],"about":[{"href":"https:\/\/www.moskito.cz\/sk\/wp-json\/wp\/v2\/types\/product"}],"replies":[{"embeddable":true,"href":"https:\/\/www.moskito.cz\/sk\/wp-json\/wp\/v2\/comments?post=211654"}],"wp:featuredmedia":[{"embeddable":true,"href":"https:\/\/www.moskito.cz\/sk\/wp-json\/wp\/v2\/media\/205978"}],"wp:attachment":[{"href":"https:\/\/www.moskito.cz\/sk\/wp-json\/wp\/v2\/media?parent=211654"}],"wp:term":[{"taxonomy":"pwb-brand","embeddable":true,"href":"https:\/\/www.moskito.cz\/sk\/wp-json\/wp\/v2\/pwb-brand?post=211654"},{"taxonomy":"product_brand","embeddable":true,"href":"https:\/\/www.moskito.cz\/sk\/wp-json\/wp\/v2\/product_brand?post=211654"},{"taxonomy":"product_cat","embeddable":true,"href":"https:\/\/www.moskito.cz\/sk\/wp-json\/wp\/v2\/product_cat?post=211654"},{"taxonomy":"product_tag","embeddable":true,"href":"https:\/\/www.moskito.cz\/sk\/wp-json\/wp\/v2\/product_tag?post=211654"}],"curies":[{"name":"wp","href":"https:\/\/api.w.org\/{rel}","templated":true}]}}