{"id":211666,"date":"2021-09-14T20:59:29","date_gmt":"2021-09-14T19:59:29","guid":{"rendered":"https:\/\/www.moskito.cz\/produkt\/folding-knife-sog-kiku-xr-blackout\/"},"modified":"2025-12-10T13:58:32","modified_gmt":"2025-12-10T12:58:32","slug":"folding-knife-sog-kiku-xr-blackout","status":"publish","type":"product","link":"https:\/\/www.moskito.cz\/sk\/produkt\/folding-knife-sog-kiku-xr-blackout\/","title":{"rendered":"Zatv\u00e1rac\u00ed n\u00f4\u017e SOG KIKU XR &#8211; BLACKOUT"},"content":{"rendered":"<p>Zatv\u00e1rac\u00ed n\u00f4\u017e <strong>SOG<\/strong> KIKU XR &#8211; BLACKOUT.<\/p>\n<p>Svalnat\u00fd model Kiku XR s mohutn\u00fdm dizajnom, ktor\u00fd odkazuje na jeho japonsk\u00fa DNA, d\u00e1va najavo svoju silu v\u0161ade, kam sa pohne. Vysoko \u00fa\u017eitkov\u00e1 modifikovan\u00e1 \u010depe\u013e tanto re\u017ee prakticky za v\u0161etk\u00fdch podmienok a rukov\u00e4\u0165 z \u013eanovej mikarty zais\u0165uje ist\u00fd a bezpe\u010dn\u00fd \u00fachop. N\u00f4\u017e Kiku XR, ktor\u00fd odborne sp\u00e1ja formu a funk\u010dnos\u0165, je robustn\u00fdm rie\u0161en\u00edm pre situ\u00e1cie, ktor\u00e9 si vy\u017eaduj\u00fa r\u00fdchle otv\u00e1ranie a mimoriadne ostr\u00fd n\u00f4\u017e.  <\/p>\n<p>D\u013a\u017eka \u010depele : 76,96 mm<br \/>\nMECHANIZMUS ZABLOKOVANIA : XR z\u00e1mok<br \/>\nTYP P\u00c1SKY : Reverzibiln\u00e1 n\u00edzka<br \/>\nTvar \u010depele : Tanto<br \/>\nMATERI\u00c1L RUKOV\u00c4TE : Micarta<br \/>\nMECHANIZMUS OTV\u00c1RANIA : XR z\u00e1mok, otvor pre palec<br \/>\nTYP OCE\u013dOVEJ LI\u0160TY : CTS XHP<br \/>\nV\u00dd\u0160KA : 61-63<br \/>\nFARBA RUKAVICE : \u010cierna<\/p>\n<p>N\u00e1\u0161 pr\u00edbeh sa za\u010d\u00edna vo Vietname, kde \u010dlenovia pr\u00edsne utajovanej americkej jednotky \u0161peci\u00e1lnych oper\u00e1ci\u00ed &#8211; zn\u00e1mej ako MACV -SOG &#8211; nosili do d\u017eungle na tajn\u00e9 misie unik\u00e1tny tajn\u00fd n\u00f4\u017e. O nieko\u013eko rokov nesk\u00f4r, v roku 1986, tento n\u00f4\u017e in\u0161piroval mlad\u00e9ho n\u00e1vrh\u00e1ra menom Spencer Frazer, aby zalo\u017eil \u0161peci\u00e1lne no\u017ee SOG. Jeho poslanie: reprodukova\u0165 p\u00f4vodn\u00fd n\u00f4\u017e SOG Bowie a vzda\u0165 hold \u0161peci\u00e1lnej opera\u010dnej jednotke, ktor\u00e1 ho vytvorila. To, \u010do za\u010dalo ako jedin\u00fd pam\u00e4tn\u00fd model, sa \u010doskoro stalo cel\u00fdm radom inovat\u00edvnych n\u00e1strojov \u2013 osved\u010den\u00fdch americk\u00fdmi \u0161peci\u00e1lnymi silami, dokonca ocenen\u00fdch ako vybran\u00fd n\u00f4\u017e Navy SEAL. No\u017ee SOG sa dnes s istotou nosia do t\u00fdch najn\u00e1ro\u010dnej\u0161\u00edch situ\u00e1ci\u00ed. Kovan\u00e9 z trad\u00edcie, tvrden\u00e9 v poli, pilovan\u00e9 pre v\u00e1s.<\/p>\n<p>\u010ci u\u017e chr\u00e1nite ostatn\u00fdch alebo vediete epick\u00fa loveck\u00fa exped\u00edciu, rie\u0161ite jednu z ka\u017edodenn\u00fdch \u017eivotn\u00fdch v\u00fdziev alebo sa stret\u00e1vate so svojimi doteraz najextr\u00e9mnej\u0161\u00edmi podmienkami, urobte si cestu so <strong>SOG<\/strong> .<\/p>\n<p>&nbsp;<\/p>\n","protected":false},"excerpt":{"rendered":"<p>\u010ci u\u017e chr\u00e1ni\u0161 ostatn\u00fdch, alebo vedie\u0161 epick\u00fa loveck\u00fa v\u00fdpravu, rie\u0161i\u0161 jednu z ka\u017edodenn\u00fdch \u017eivotn\u00fdch v\u00fdziev, alebo si porad\u00ed\u0161 s t\u00fdmi najextr\u00e9mnej\u0161\u00edmi podmienkami, so <strong>SOG<\/strong> si raz\u00ed\u0161 cestu.<\/p>\n<p><strong>Na v\u0161etky no\u017ee SOG poskytujeme do\u017eivotn\u00fa z\u00e1ruku!<\/strong><\/p>\n","protected":false},"featured_media":205192,"comment_status":"open","ping_status":"closed","template":"","meta":[],"pwb-brand":[3231],"product_brand":[],"product_cat":[3233,3186],"product_tag":[3668],"class_list":{"0":"post-211666","1":"product","2":"type-product","3":"status-publish","4":"has-post-thumbnail","6":"pwb-brand-pevny-noz-sog-snarl","7":"product_cat-zatvaracie-noze","8":"product_cat-noze-sk","9":"product_tag-b2b-sk","11":"first","12":"instock","13":"taxable","14":"shipping-taxable","15":"purchasable","16":"product-type-simple"},"brands":[{"id":3231,"name":"Pevn\u00fd N\u00f4\u017e SOG SNARL","slug":"pevny-noz-sog-snarl"}],"_links":{"self":[{"href":"https:\/\/www.moskito.cz\/sk\/wp-json\/wp\/v2\/product\/211666","targetHints":{"allow":["GET"]}}],"collection":[{"href":"https:\/\/www.moskito.cz\/sk\/wp-json\/wp\/v2\/product"}],"about":[{"href":"https:\/\/www.moskito.cz\/sk\/wp-json\/wp\/v2\/types\/product"}],"replies":[{"embeddable":true,"href":"https:\/\/www.moskito.cz\/sk\/wp-json\/wp\/v2\/comments?post=211666"}],"wp:featuredmedia":[{"embeddable":true,"href":"https:\/\/www.moskito.cz\/sk\/wp-json\/wp\/v2\/media\/205192"}],"wp:attachment":[{"href":"https:\/\/www.moskito.cz\/sk\/wp-json\/wp\/v2\/media?parent=211666"}],"wp:term":[{"taxonomy":"pwb-brand","embeddable":true,"href":"https:\/\/www.moskito.cz\/sk\/wp-json\/wp\/v2\/pwb-brand?post=211666"},{"taxonomy":"product_brand","embeddable":true,"href":"https:\/\/www.moskito.cz\/sk\/wp-json\/wp\/v2\/product_brand?post=211666"},{"taxonomy":"product_cat","embeddable":true,"href":"https:\/\/www.moskito.cz\/sk\/wp-json\/wp\/v2\/product_cat?post=211666"},{"taxonomy":"product_tag","embeddable":true,"href":"https:\/\/www.moskito.cz\/sk\/wp-json\/wp\/v2\/product_tag?post=211666"}],"curies":[{"name":"wp","href":"https:\/\/api.w.org\/{rel}","templated":true}]}}