{"id":211668,"date":"2021-09-14T21:23:58","date_gmt":"2021-09-14T20:23:58","guid":{"rendered":"https:\/\/www.moskito.cz\/produkt\/vystrelovaci-noz-sog-tac-tini-tanto-auto\/"},"modified":"2025-12-30T14:46:09","modified_gmt":"2025-12-30T13:46:09","slug":"vystrelovaci-noz-sog-tac-tini-tanto-auto","status":"publish","type":"product","link":"https:\/\/www.moskito.cz\/sk\/produkt\/vystrelovaci-noz-sog-tac-tini-tanto-auto\/","title":{"rendered":"Vystre\u013eovac\u00ed N\u00f4\u017e SOG TAC TINI Tanto AUTO"},"content":{"rendered":"<p>Vystre\u013eovac\u00ed N\u00f4\u017e SOG TAC TINI Tanto AUTO.<\/p>\n<p>P\u00f4vodn\u00fd automatick\u00fd SOG, SOG-TAC, d\u00f4veruj\u00fa LEO v celej krajine. SOG-TAC je vyroben\u00fd z hlin\u00edka AUS-8 a 6061-T6 a m\u00e1 vylep\u0161en\u00fa rukov\u00e4\u0165 pre maxim\u00e1lnu pri\u013enavos\u0165, tak\u017ee je ide\u00e1lny pre sebaobranu. Odoln\u00fd a r\u00fdchlo sa otv\u00e1raj\u00faci, SOG-TAC je spo\u013eahliv\u00fd automat pre najn\u00e1ro\u010dnej\u0161ie situ\u00e1cie.<\/p>\n<p>CELKOV\u00c1 D\u0139\u017dKA : 20,32 cm<br \/>\nD\u0139\u017dKA V ZATVORENOM STAVE : 11,43 cm<br \/>\nHmotnos\u0165 v\u00fdrobku : 3,80 oz<br \/>\nD\u0139\u017dKA P\u00c1SU : 9 cm<br \/>\nL\u00cdNIA V\u00ddROBKU : SOG-TAC Auto<br \/>\nMECHANIZMUS ZABLOKOVANIA : Automatick\u00fd<br \/>\nMECHANIZMUS OTV\u00c1RANIA : Automatick\u00fd<br \/>\nTYP P\u00c1SOV\u00ddCH KAPSI\u010cIEK : Obojstrann\u00fd n\u00edzkostenn\u00fd<br \/>\nPovrchov\u00e1 \u00faprava : Tvrd\u00e1 \u010dierna TiNi<br \/>\nTYP RUKOJE\u0164 : \u010ciasto\u010dne z\u00fabkovan\u00e1<br \/>\nTYP OCE\u013dOV\u00c9HO N\u00c1BOJA : AUS-8<br \/>\nTvar N\u00c1BOJA : Tanto<br \/>\nTvrdos\u0165 : RC 57-58<br \/>\nMATERI\u00c1L RUKOJE\u0164E : Eloxovan\u00fd hlin\u00edk 6061-T6<br \/>\nFARBA RUKOJE\u0164E : \u010cierna<\/p>\n<p>Original SOG automatic, SOG-TAC je trusted by LEOs cez country. Vyroben\u00e9 z AUS-8 a 6061-T6 hlin\u00edka, SOG-TAC zlo\u017eiek a navrhnut\u00fdch r\u00fak pre maxim\u00e1lny grip, tvoria ho ide\u00e1lne pre self-defense. Durable and quick to open, SOG-TAC je reliable automatic pre toughest of situations.<\/p>\n<p>OVERALL LENGTH<br \/>\n8&#8243;<br \/>\nCLOSED LENGTH<br \/>\n4.5&#8243;<br \/>\nPRODUCT WEIGHT<br \/>\n3.80 oz<br \/>\nBLADE LENGTH<br \/>\n3.5&#8243;<br \/>\nUPC<br \/>\n7-29857-99123-0<br \/>\nPRODUCT FAMILY<br \/>\nSOG-TAC Auto<br \/>\nPRODUCT TYPE<br \/>\nFolding Knife<br \/>\nLOCKING MECHANIZM<br \/>\nAutomatic<br \/>\nOPENING MECHANISM<br \/>\nAutomatic<br \/>\nBELT CLIP TYPE<br \/>\nReversible Low-Carry<br \/>\nPACKAGING<br \/>\nPresentation Box<br \/>\nFINISH<br \/>\nHardcased Black TiNi<br \/>\nEDGE TYPE<br \/>\nPartially Serrated<br \/>\nBLADE STEEL TYPE<br \/>\nAUS-8<br \/>\nTvar \u010depele<br \/>\nTanto<br \/>\nTvrdos\u0165<br \/>\nRc. 57-58<br \/>\nMATERI\u00c1L RUKOV\u00c4TE<br \/>\nEloxovan\u00fd hlin\u00edk 6061-T6<br \/>\nFARBA RUKOV\u00c4TE<br \/>\n\u010cierna<\/p>\n","protected":false},"excerpt":{"rendered":"<p>\u010ci u\u017e chr\u00e1ni\u0161 ostatn\u00fdch, alebo vedie\u0161 epick\u00fa loveck\u00fa v\u00fdpravu, rie\u0161i\u0161 jednu z ka\u017edodenn\u00fdch \u017eivotn\u00fdch v\u00fdziev, alebo si porad\u00ed\u0161 s t\u00fdmi najextr\u00e9mnej\u0161\u00edmi podmienkami, so <strong>SOG<\/strong> si raz\u00ed\u0161 cestu.<\/p>\n<p><strong>Na v\u0161etky no\u017ee SOG poskytujeme do\u017eivotn\u00fa z\u00e1ruku!<\/strong><\/p>\n","protected":false},"featured_media":205199,"comment_status":"open","ping_status":"closed","template":"","meta":[],"pwb-brand":[3231],"product_brand":[],"product_cat":[3197,3186],"product_tag":[3668],"class_list":{"0":"post-211668","1":"product","2":"type-product","3":"status-publish","4":"has-post-thumbnail","6":"pwb-brand-pevny-noz-sog-snarl","7":"product_cat-vystrelovacie-noze-sk","8":"product_cat-noze-sk","9":"product_tag-b2b-sk","11":"first","12":"instock","13":"taxable","14":"shipping-taxable","15":"purchasable","16":"product-type-simple"},"brands":[{"id":3231,"name":"Pevn\u00fd N\u00f4\u017e SOG SNARL","slug":"pevny-noz-sog-snarl"}],"_links":{"self":[{"href":"https:\/\/www.moskito.cz\/sk\/wp-json\/wp\/v2\/product\/211668","targetHints":{"allow":["GET"]}}],"collection":[{"href":"https:\/\/www.moskito.cz\/sk\/wp-json\/wp\/v2\/product"}],"about":[{"href":"https:\/\/www.moskito.cz\/sk\/wp-json\/wp\/v2\/types\/product"}],"replies":[{"embeddable":true,"href":"https:\/\/www.moskito.cz\/sk\/wp-json\/wp\/v2\/comments?post=211668"}],"wp:featuredmedia":[{"embeddable":true,"href":"https:\/\/www.moskito.cz\/sk\/wp-json\/wp\/v2\/media\/205199"}],"wp:attachment":[{"href":"https:\/\/www.moskito.cz\/sk\/wp-json\/wp\/v2\/media?parent=211668"}],"wp:term":[{"taxonomy":"pwb-brand","embeddable":true,"href":"https:\/\/www.moskito.cz\/sk\/wp-json\/wp\/v2\/pwb-brand?post=211668"},{"taxonomy":"product_brand","embeddable":true,"href":"https:\/\/www.moskito.cz\/sk\/wp-json\/wp\/v2\/product_brand?post=211668"},{"taxonomy":"product_cat","embeddable":true,"href":"https:\/\/www.moskito.cz\/sk\/wp-json\/wp\/v2\/product_cat?post=211668"},{"taxonomy":"product_tag","embeddable":true,"href":"https:\/\/www.moskito.cz\/sk\/wp-json\/wp\/v2\/product_tag?post=211668"}],"curies":[{"name":"wp","href":"https:\/\/api.w.org\/{rel}","templated":true}]}}