{"id":211670,"date":"2021-09-14T21:44:02","date_gmt":"2021-09-14T20:44:02","guid":{"rendered":"https:\/\/www.moskito.cz\/produkt\/zatvaraci-noz-sog-terminus-black\/"},"modified":"2025-05-07T10:37:31","modified_gmt":"2025-05-07T09:37:31","slug":"zatvaraci-noz-sog-terminus-black","status":"publish","type":"product","link":"https:\/\/www.moskito.cz\/sk\/produkt\/zatvaraci-noz-sog-terminus-black\/","title":{"rendered":"Zatv\u00e1rac\u00ed N\u00f4\u017e SOG TERMINUS BLACK"},"content":{"rendered":"<p>Zatv\u00e1rac\u00ed N\u00f4\u017e SOG TERMINUS BLACK.<\/p>\n<p>Terminus je univerz\u00e1lny skladac\u00ed n\u00f4\u017e so sklzov\u00fdm k\u013abom, ktor\u00fd je na mnoh\u00fdch miestach leg\u00e1lny. Je vybaven\u00fd kvalitnou 3,0-palcovou \u010depe\u013eou z nerezovej ocele CTS BD1 a dr\u017eadlami G10. No\u017ee s klzn\u00fdm k\u013abom sa \u013eah\u0161ie \u010distia, udr\u017euj\u00fa a maj\u00fa menej mechanick\u00fdch bitov, ktor\u00e9 sa m\u00f4\u017eu za\u0161pini\u0165 a sp\u00f4sobi\u0165 probl\u00e9my. Univerz\u00e1lna \u010depe\u013e BD1 s klipov\u00fdm hrotom m\u00e1 rovn\u00fa hranu. Text\u00farovan\u00e9 rukov\u00e4te G10 a lemovanie \u010depele pon\u00fakaj\u00fa lep\u0161ie ovl\u00e1danie po\u010das pou\u017e\u00edvania. Mal\u00fd chr\u00e1ni\u010d na \u010depeli zabra\u0148uje n\u00e1hodn\u00e9mu uzavretiu \u010depele na prstoch. Jeho tenk\u00fd profil umo\u017e\u0148uje \u013eahk\u00e9 pren\u00e1\u0161anie s obojstrannou vreckovou sponou aj bez nej.<\/p>\n<p>ZATVOREN\u00c1 D\u0139\u017dKA : 10 cm<br \/>\nHMOTNOS\u0164 PRODUKTU :2,90 oz<br \/>\nD\u0139\u017dKA \u010cEPE\u013dA: 7.5 cm<br \/>\nTYP PRODUKTU : Skladac\u00ed n\u00f4\u017e<br \/>\nMECHANIZMUS ZAMYKANIE : K\u013azav\u00fd spoj<br \/>\nTYP SPONY NA OPASOK : Reverzibiln\u00fd Low-Carry<br \/>\nTYP Z OCE\u013dOVEJ \u010cEPELE : BD1<br \/>\nTVRDOS\u0164 : RC 58-60<br \/>\nMATERI\u00c1L RUKOV\u00c4TI : G10<\/p>\n","protected":false},"excerpt":{"rendered":"<p>\u010ci u\u017e chr\u00e1nite ostatn\u00fdch alebo vediete epick\u00fa loveck\u00fa exped\u00edciu, rie\u0161ite jednu z ka\u017edodenn\u00fdch \u017eivotn\u00fdch v\u00fdziev alebo sa stret\u00e1vate so svojimi doteraz najextr\u00e9mnej\u0161\u00edmi podmienkami, urobte si cestu so SOG.<\/p>\n<p>Na v\u0161etky no\u017ee SOG d\u00e1vame do\u017eivotn\u00fa z\u00e1ruku!<\/p>\n","protected":false},"featured_media":205209,"comment_status":"open","ping_status":"closed","template":"","meta":[],"pwb-brand":[3231],"product_brand":[],"product_cat":[3186,3233],"product_tag":[3668],"class_list":{"0":"post-211670","1":"product","2":"type-product","3":"status-publish","4":"has-post-thumbnail","6":"pwb-brand-pevny-noz-sog-snarl","7":"product_cat-noze-sk","8":"product_cat-zatvaracie-noze","9":"product_tag-b2b-sk","11":"first","12":"outofstock","13":"taxable","14":"shipping-taxable","15":"purchasable","16":"product-type-simple"},"brands":[{"id":3231,"name":"Pevn\u00fd N\u00f4\u017e SOG SNARL","slug":"pevny-noz-sog-snarl"}],"_links":{"self":[{"href":"https:\/\/www.moskito.cz\/sk\/wp-json\/wp\/v2\/product\/211670","targetHints":{"allow":["GET"]}}],"collection":[{"href":"https:\/\/www.moskito.cz\/sk\/wp-json\/wp\/v2\/product"}],"about":[{"href":"https:\/\/www.moskito.cz\/sk\/wp-json\/wp\/v2\/types\/product"}],"replies":[{"embeddable":true,"href":"https:\/\/www.moskito.cz\/sk\/wp-json\/wp\/v2\/comments?post=211670"}],"wp:featuredmedia":[{"embeddable":true,"href":"https:\/\/www.moskito.cz\/sk\/wp-json\/wp\/v2\/media\/205209"}],"wp:attachment":[{"href":"https:\/\/www.moskito.cz\/sk\/wp-json\/wp\/v2\/media?parent=211670"}],"wp:term":[{"taxonomy":"pwb-brand","embeddable":true,"href":"https:\/\/www.moskito.cz\/sk\/wp-json\/wp\/v2\/pwb-brand?post=211670"},{"taxonomy":"product_brand","embeddable":true,"href":"https:\/\/www.moskito.cz\/sk\/wp-json\/wp\/v2\/product_brand?post=211670"},{"taxonomy":"product_cat","embeddable":true,"href":"https:\/\/www.moskito.cz\/sk\/wp-json\/wp\/v2\/product_cat?post=211670"},{"taxonomy":"product_tag","embeddable":true,"href":"https:\/\/www.moskito.cz\/sk\/wp-json\/wp\/v2\/product_tag?post=211670"}],"curies":[{"name":"wp","href":"https:\/\/api.w.org\/{rel}","templated":true}]}}