{"id":211858,"date":"2022-02-23T21:22:21","date_gmt":"2022-02-23T20:22:21","guid":{"rendered":"https:\/\/www.moskito.cz\/produkt\/zatvaraci-noz-giantmouse-ace-sonoma-ti-satin\/"},"modified":"2025-11-26T10:55:45","modified_gmt":"2025-11-26T09:55:45","slug":"zatvaraci-noz-giantmouse-ace-sonoma-ti-satin","status":"publish","type":"product","link":"https:\/\/www.moskito.cz\/sk\/produkt\/zatvaraci-noz-giantmouse-ace-sonoma-ti-satin\/","title":{"rendered":"Zatv\u00e1rac\u00ed N\u00f4\u017e GiantMouse ACE SONOMA &#8211; TI SATIN"},"content":{"rendered":"<p>Zatv\u00e1rac\u00ed N\u00f4\u017e <strong>GiantMouse<\/strong> ACE SONOMA &#8211; TI SATIN.<\/p>\n<p>SPR\u00c1VNE NO\u017dE.\u00ae<\/p>\n<p>&#8220; <strong>Sonoma&#8220;<\/strong> je najnov\u0161\u00ed dizajn v na\u0161om rade ACE no\u017eov s neobmedzenou v\u00fdrobou. Ak ste videli fotografie Sonomy na Instagrame alebo Facebooku, nemalo by by\u0165 prekvapen\u00edm, \u017ee ve\u013ek\u00fa \u010das\u0165 na\u0161ej in\u0161pir\u00e1cie pre tento model poch\u00e1dzala z GiantMouse GM3, elegantnej p\u00e1nskej zlo\u017eky, ktor\u00e1 bola na\u0161imi z\u00e1kazn\u00edkmi v roku 2017 ve\u013emi dobre prijat\u00e1.<\/p>\n<p>Aj ke\u010f je Sonoma s\u00fa\u010das\u0165ou n\u00e1\u0161ho radu ACE, rozhodli sme sa \u00eds\u0165 naplno na toto prv\u00e9 vydanie od n\u00e1\u0161ho najnov\u0161ieho v\u00fdrobcu, Reate Knives. Navrhli sme to s fr\u00e9zovanou tit\u00e1novou skeletonizovanou sponou, sk\u00f4r ne\u017e so \u0161tandardnou dr\u00f4tenou sponou radu ACE, a eloxovan\u00fdmi tit\u00e1nov\u00fdmi oto\u010dn\u00fdmi obj\u00edmkami a backspacermi podobn\u00fdmi tomu, \u010do sme urobili na limitovanej ed\u00edcii no\u017eov radu GM. Po uveden\u00ed na trh bud\u00fa k dispoz\u00edcii dve verzie Sonomy \u2013 jedna z kamenn\u00e9ho tit\u00e1nu so sat\u00e9novou povrchovou \u00fapravou a jedna z PVD tit\u00e1nu s jemnou kamennou \u010depe\u013eou.<\/p>\n<p>V m\u00e1ji 2021 sme vydali klip Deep Pocket Carry Clip pre Titanium Sonoma av bud\u00facnosti bude ka\u017ed\u00fd predan\u00fd klip Titanium Sonoma obsahova\u0165 tento klip ako pr\u00edslu\u0161enstvo, tak\u017ee m\u00f4\u017eete vymeni\u0165 fr\u00e9zovan\u00fd tit\u00e1nov\u00fd klip za klip do hlbok\u00e9ho vrecka pod\u013ea potreby.<\/p>\n<p>Na\u0161e rozhodnutie o n\u00e1zve tejto zlo\u017eky je k\u00fdvnut\u00edm na Sonoma County, ktor\u00fd le\u017e\u00ed severne od p\u00f4vodn\u00e9ho s\u00eddla GiantMouse v Marin County v Kalifornii. Sonoma je zn\u00e1ma svojou malebnou kr\u00e1sou \u2013 zvlnen\u00e9 kopce a \u00fadolia, hekt\u00e1r za hekt\u00e1rmi vin\u00edc a viac ako 250 vin\u00e1rstiev. V\u010faka zvodnej krajine spolu s \u00fa\u017easn\u00fdm jedlom a v\u00ednom, ktor\u00e9 nikdy nekon\u010dia, je Sonoma ide\u00e1lnym miestom pre t\u00edm GiantMouse, kde m\u00f4\u017ee rozpr\u00fadi\u0165 na\u0161e kreat\u00edvne \u0161\u0165avy.<\/p>\n<p>\u0160PECIFIK\u00c1CIA<\/p>\n<p>Materi\u00e1ly:<br \/>\n \u010cepe\u013e Oce\u013e: Nerezov\u00e1 oce\u013e B\u00f6hler M390 MICROCLEAN. Sat\u00e9nov\u00e9 prevedenie.<br \/>\n Rukov\u00e4\u0165: Titanium &#8211; Stonewashed.<br \/>\n Klip: Fr\u00e9zovan\u00fd tit\u00e1n.<br \/>\n Oto\u010dn\u00fd mechanizmus: Gu\u013e\u00f4\u010dkov\u00e9 lo\u017eisk\u00e1.<br \/>\n Uzamykac\u00ed mechanizmus: R\u00e1mov\u00fd z\u00e1mok.<\/p>\n<p>Rozmery:<br \/>\n D\u013a\u017eka \u010depele: 3,4&#8243; (87,3 mm) &#8211; meran\u00e9 od \u0161pi\u010dky k prednej \u010dasti r\u00e1mu<br \/>\n Hr\u00fabka \u010depele: 0,138&#8243; (3,5 mm)<br \/>\n D\u013a\u017eka rukov\u00e4te: 4,5&#8243; (114,3 mm)<br \/>\n Celkov\u00e1 d\u013a\u017eka: 8&#8243; (203,2 mm)<br \/>\n Hmotnos\u0165 : 3,7 oz (105 g)<\/p>\n","protected":false},"excerpt":{"rendered":"<p>My\u0161lienka <strong>GiantMouse<\/strong> vznikla nad drinky jedn\u00e9ho ve\u010dera po\u010das americkej show no\u017eov v roku 2015. D\u00e1nski dizajn\u00e9ri \/ no\u017eiari Jens Ans\u00f8 a Jesper Voxnaes (Vox) sa spolu so svoj\u00edm americk\u00fdm podnikate\u013esk\u00fdm priate\u013eom Jimom Wirthom rozhodli, \u017ee by mohli postavi\u0165 lep\u0161iu pascu na my\u0161i. hovori\u0165. Zna\u010dka no\u017eov, ktor\u00e1 dok\u00e1\u017ee poskytn\u00fa\u0165 \u00fa\u017easn\u00e9 designy no\u017eov, s najvy\u0161\u0161ou mo\u017enou kvalitou v\u00fdroby, za f\u00e9rov\u00fa cenu a pritom zost\u00e1va \u00fazko zapojen\u00e1 do komunity svojich z\u00e1kazn\u00edkov.<\/p>\n<p><strong>Doprava zadarmo.<\/strong><\/p>\n","protected":false},"featured_media":211841,"comment_status":"open","ping_status":"closed","template":"","meta":[],"pwb-brand":[3230],"product_brand":[],"product_cat":[3233,3186],"product_tag":[],"class_list":{"0":"post-211858","1":"product","2":"type-product","3":"status-publish","4":"has-post-thumbnail","6":"pwb-brand-zatvaraci-noz-giantmouse-ace-sonoma-ti-satin","7":"product_cat-zatvaracie-noze","8":"product_cat-noze-sk","10":"first","11":"instock","12":"taxable","13":"shipping-taxable","14":"purchasable","15":"product-type-simple"},"brands":[{"id":3230,"name":"Zatv\u00e1rac\u00ed N\u00f4\u017e GiantMouse ACE SONOMA - TI SATIN","slug":"zatvaraci-noz-giantmouse-ace-sonoma-ti-satin"}],"_links":{"self":[{"href":"https:\/\/www.moskito.cz\/sk\/wp-json\/wp\/v2\/product\/211858","targetHints":{"allow":["GET"]}}],"collection":[{"href":"https:\/\/www.moskito.cz\/sk\/wp-json\/wp\/v2\/product"}],"about":[{"href":"https:\/\/www.moskito.cz\/sk\/wp-json\/wp\/v2\/types\/product"}],"replies":[{"embeddable":true,"href":"https:\/\/www.moskito.cz\/sk\/wp-json\/wp\/v2\/comments?post=211858"}],"wp:featuredmedia":[{"embeddable":true,"href":"https:\/\/www.moskito.cz\/sk\/wp-json\/wp\/v2\/media\/211841"}],"wp:attachment":[{"href":"https:\/\/www.moskito.cz\/sk\/wp-json\/wp\/v2\/media?parent=211858"}],"wp:term":[{"taxonomy":"pwb-brand","embeddable":true,"href":"https:\/\/www.moskito.cz\/sk\/wp-json\/wp\/v2\/pwb-brand?post=211858"},{"taxonomy":"product_brand","embeddable":true,"href":"https:\/\/www.moskito.cz\/sk\/wp-json\/wp\/v2\/product_brand?post=211858"},{"taxonomy":"product_cat","embeddable":true,"href":"https:\/\/www.moskito.cz\/sk\/wp-json\/wp\/v2\/product_cat?post=211858"},{"taxonomy":"product_tag","embeddable":true,"href":"https:\/\/www.moskito.cz\/sk\/wp-json\/wp\/v2\/product_tag?post=211858"}],"curies":[{"name":"wp","href":"https:\/\/api.w.org\/{rel}","templated":true}]}}