{"id":211910,"date":"2022-02-23T22:35:18","date_gmt":"2022-02-23T21:35:18","guid":{"rendered":"https:\/\/www.moskito.cz\/produkt\/zatvaraci-noz-giantmouse-ace-riv-brass\/"},"modified":"2025-05-07T10:37:35","modified_gmt":"2025-05-07T09:37:35","slug":"zatvaraci-noz-giantmouse-ace-riv-brass","status":"publish","type":"product","link":"https:\/\/www.moskito.cz\/sk\/produkt\/zatvaraci-noz-giantmouse-ace-riv-brass\/","title":{"rendered":"Zatv\u00e1rac\u00ed N\u00f4\u017e GiantMouse ACE RIV &#8211; BRASS"},"content":{"rendered":"<p>Zatv\u00e1rac\u00ed N\u00f4\u017e GiantMouse ACE RIV &#8211; BRASS<\/p>\n<p>SPR\u00c1VNE NO\u017dE.\u00ae<\/p>\n<p>Predstavujeme Riv&#8230;<\/p>\n<p>Mnoho \u013eud\u00ed sa pozer\u00e1 na Riv ako na mini-Biblio. Av\u0161ak sme nezmen\u0161ili iba Bibliu, aby sme urobili Riv. Za\u010dali sme znova a \u00faplne prepracovali nov\u00fd n\u00f4\u017e v radoch Biblio, ale s jeho vlastn\u00fdm pocitom a v\u00fdrazom. To bol aj sp\u00f4sob, ak\u00fdm sme navrhli Bibliu z l\u00edni\u00ed a konceptu GM1. Samozrejme by bolo \u013eah\u0161ie len zv\u00e4\u010d\u0161i\u0165 alebo zmen\u0161i\u0165 model no\u017ea na ak\u00fako\u013evek ve\u013ekos\u0165, o ktorej si mysl\u00edte, \u017ee by sa dobre pred\u00e1vala, ale my takto nefungujeme!<\/p>\n<p>Pre\u010do kompaktn\u00fd n\u00f4\u017e?<\/p>\n<p>Na\u0161i dizajn\u00e9ri, Jens Anso a Jesper Voxnaes, vyr\u00e1stli v pr\u00edrode, pracovali v lese a robili dom\u00e1ce pr\u00e1ce. U\u010dili ich, \u017ee ke\u010f pracujete alebo chod\u00edte na t\u00faru, nos\u00edte so sebou pevn\u00fa \u010depe\u013e a mal\u00fa zlo\u017eku. Pevn\u00e1 \u010depe\u013e zvl\u00e1dne v\u00e4\u010d\u0161inu rezn\u00fdch \u00faloh, ale zlo\u017eka by mala by\u0165 udr\u017eovan\u00e1 ako britva pre jemnej\u0161ie pr\u00e1ce a mala by by\u0165 va\u0161ou z\u00e1lohou, pokia\u013e sa pevn\u00e1 \u010depe\u013e strat\u00ed alebo sa otup\u00ed. V dne\u0161nej dobe v\u00e4\u010d\u0161ina kvalitn\u00fdch zlo\u017eiek zvl\u00e1dne v\u00e4\u010d\u0161inu \u00faloh strednej ve\u013ekosti s pevnou \u010depe\u013eou, ale st\u00e1le je skvel\u00e9 ma\u0165 ostr\u00fa z\u00e1lohu. A s \u201eRiv\u201c z\u00edskate kompaktn\u00fa zlo\u017eku, ktor\u00e1 zvl\u00e1dne v\u00e4\u010d\u0161inu ka\u017edodenn\u00fdch rezac\u00edch pr\u00e1c, a akon\u00e1hle ju dostanete do ruky, prekvap\u00ed v\u00e1s. N\u00e1stroj, nie trik!<\/p>\n<p>\u010co je v mene?<\/p>\n<p>Na\u0161e no\u017ee pomenov\u00e1vame pod\u013ea zvl\u00e1\u0161tnych miest, ktor\u00e9 si n\u00e1s v priebehu rokov ob\u013e\u00fabili. Menovec Biblio bol ob\u013e\u00faben\u00fdm nap\u00e1jadlom t\u00edmu GiantMouse v Brooklyne, kde sa zrodil n\u00e1pad na na\u0161u nov\u00fa zna\u010dku no\u017eov. The Grand je pomenovan\u00fd po na\u0161om ob\u013e\u00fabenom hoteli a bare v Norimbergu. Clyde je pomenovan\u00fd po bare Clyde Commons v Portlande, ktor\u00fd bol s\u00fa\u010das\u0165ou hotela ACE, po ktorom je pomenovan\u00fd n\u00e1\u0161 rad no\u017eov ACE. No, v roku 2020 GiantMouse presunula svoje s\u00eddlo zo San Francisco Bay Area do East Lansing, MI. Pova\u017eovali sme teda za spr\u00e1vne, \u017ee by sme si t\u00fato udalos\u0165 mali pripomen\u00fa\u0165 pomenovan\u00edm n\u00e1\u0161ho najnov\u0161ieho modelu po rovnako zmysluplnom miestnom podniku. Uk\u00e1zalo sa, \u017ee \u201eThe Riv\u201c je historick\u00fd miestny pot\u00e1pa\u010dsk\u00fd bar vo v\u00fdchodnom Lansingu, ktor\u00fd pravidelne nav\u0161tevoval gener\u00e1lny riadite\u013e GiantMouse Jim Wirth, ke\u010f nav\u0161tevoval Michigan State University v druhej polovici 80. rokov. Bar je dodnes miestnou dominantou, a akon\u00e1hle bude m\u00f4c\u0165 d\u00e1nsky kontingent t\u00edmu GiantMouse op\u00e4\u0165 cestova\u0165, m\u00f4\u017eete si by\u0165 ist\u00ed, \u017ee n\u00e1s n\u00e1jdete visie\u0165 tam na rohu Albert a MAC Ave. Ak tam nebudeme? &#8211; pozrite sa ved\u013ea na Pinball Pete&#8217;s.<\/p>\n<p>\u0160PECIFIK\u00c1CIA<\/p>\n<p>Materi\u00e1ly:<br \/>\n\u010cepe\u013e Oce\u013e: Elmax. Sat\u00e9nov\u00e9 prevedenie.<br \/>\nRukov\u00e4\u0165: Mosadzn\u00e1 prezenta\u010dn\u00e1 strana.<br \/>\nBackspacer: Tit\u00e1n.<br \/>\nKlip: dr\u00f4t.<br \/>\nOto\u010dn\u00fd mechanizmus: Guli\u010dkov\u00e9 lo\u017eisk\u00e1.<br \/>\nUzamykac\u00ed mechanizmus: Titanium Frame lock.<\/p>\n<p>Rozmery:<br \/>\nD\u013a\u017eka \u010depele: 2,44 &#8222;(62 mm) &#8211; meran\u00e9 od \u0161pi\u010dky k prednej \u010dasti r\u00e1mu<br \/>\nHr\u00fabka \u010depele: 0,118&#8243; (3 mm)<br \/>\nD\u013a\u017eka rukov\u00e4te: 3,375&#8243; (85,73 mm)<br \/>\nCelkov\u00e1 d\u013a\u017eka: 5,75&#8220; (146 mm)<br \/>\nHmotnos\u0165: 3,4 oz (96,4 g)<\/p>\n<p>&nbsp;<\/p>\n","protected":false},"excerpt":{"rendered":"<p>My\u0161lienka GiantMouse vznikla nad drinky jedn\u00e9ho ve\u010dera po\u010das americkej show no\u017eov v roku 2015. D\u00e1nski dizajn\u00e9ri\/no\u017eiari Jens Ans\u00f8 a Jesper Voxnaes (Vox) sa spolu so svoj\u00edm americk\u00fdm podnikate\u013esk\u00fdm priate\u013eom Jimom Wirthom rozhodli, \u017ee by mohli postavi\u0165 lep\u0161iu pascu na my\u0161i. hovori\u0165. Zna\u010dka no\u017eov, ktor\u00e1 dok\u00e1\u017ee poskytn\u00fa\u0165 \u00fa\u017easn\u00e9 designy no\u017eov, s najvy\u0161\u0161ou mo\u017enou kvalitou v\u00fdroby, za f\u00e9rov\u00fa cenu a pritom zost\u00e1va \u00fazko zapojen\u00e1 do komunity svojich z\u00e1kazn\u00edkov.<\/p>\n","protected":false},"featured_media":211883,"comment_status":"open","ping_status":"closed","template":"","meta":[],"pwb-brand":[3230],"product_brand":[],"product_cat":[3186,3233],"product_tag":[],"class_list":{"0":"post-211910","1":"product","2":"type-product","3":"status-publish","4":"has-post-thumbnail","6":"pwb-brand-zatvaraci-noz-giantmouse-ace-sonoma-ti-satin","7":"product_cat-noze-sk","8":"product_cat-zatvaracie-noze","10":"first","11":"outofstock","12":"taxable","13":"shipping-taxable","14":"purchasable","15":"product-type-simple"},"brands":[{"id":3230,"name":"Zatv\u00e1rac\u00ed N\u00f4\u017e GiantMouse ACE SONOMA - TI SATIN","slug":"zatvaraci-noz-giantmouse-ace-sonoma-ti-satin"}],"_links":{"self":[{"href":"https:\/\/www.moskito.cz\/sk\/wp-json\/wp\/v2\/product\/211910","targetHints":{"allow":["GET"]}}],"collection":[{"href":"https:\/\/www.moskito.cz\/sk\/wp-json\/wp\/v2\/product"}],"about":[{"href":"https:\/\/www.moskito.cz\/sk\/wp-json\/wp\/v2\/types\/product"}],"replies":[{"embeddable":true,"href":"https:\/\/www.moskito.cz\/sk\/wp-json\/wp\/v2\/comments?post=211910"}],"wp:featuredmedia":[{"embeddable":true,"href":"https:\/\/www.moskito.cz\/sk\/wp-json\/wp\/v2\/media\/211883"}],"wp:attachment":[{"href":"https:\/\/www.moskito.cz\/sk\/wp-json\/wp\/v2\/media?parent=211910"}],"wp:term":[{"taxonomy":"pwb-brand","embeddable":true,"href":"https:\/\/www.moskito.cz\/sk\/wp-json\/wp\/v2\/pwb-brand?post=211910"},{"taxonomy":"product_brand","embeddable":true,"href":"https:\/\/www.moskito.cz\/sk\/wp-json\/wp\/v2\/product_brand?post=211910"},{"taxonomy":"product_cat","embeddable":true,"href":"https:\/\/www.moskito.cz\/sk\/wp-json\/wp\/v2\/product_cat?post=211910"},{"taxonomy":"product_tag","embeddable":true,"href":"https:\/\/www.moskito.cz\/sk\/wp-json\/wp\/v2\/product_tag?post=211910"}],"curies":[{"name":"wp","href":"https:\/\/api.w.org\/{rel}","templated":true}]}}