{"id":212036,"date":"2022-02-24T22:57:32","date_gmt":"2022-02-24T21:57:32","guid":{"rendered":"https:\/\/www.moskito.cz\/produkt\/zatvaraci-noz-giantmouse-ace-clyde-natural-canvas-and-brass\/"},"modified":"2025-05-07T10:37:36","modified_gmt":"2025-05-07T09:37:36","slug":"zatvaraci-noz-giantmouse-ace-clyde-natural-canvas-and-brass","status":"publish","type":"product","link":"https:\/\/www.moskito.cz\/sk\/produkt\/zatvaraci-noz-giantmouse-ace-clyde-natural-canvas-and-brass\/","title":{"rendered":"Zatv\u00e1rac\u00ed N\u00f4\u017e GiantMouse ACE CLYDE &#8211; NATURAL CANVAS AND BRASS"},"content":{"rendered":"<p>Zatv\u00e1rac\u00ed N\u00f4\u017e GiantMouse ACE CLYDE &#8211; NATURAL CANVAS AND BRASS.<\/p>\n<p>SPR\u00c1VNE NO\u017dE.\u00ae<\/p>\n<p>Pozrite sa na cel\u00fa recenziu Clyde na PackConfig<\/p>\n<p>Zozn\u00e1mte sa s Clydom&#8230;<\/p>\n<p>Viac \u201e\u013eudov\u00e9\u201c ako \u201elore\u201c.<br \/>\nViac \u201emestsk\u00e9\u201c ako \u201elegendy\u201c.<br \/>\nSk\u00f4r \u201eblb\u00fd\u201c ako \u201egalantn\u00fd\u201c.<\/p>\n<p>Mo\u017eno je to na\u0161a chyba, \u017ee Clyde dopadol tak, ako dopadol. Koniec koncov, pomenovali sme ho po na\u0161om ob\u013e\u00fabenom nap\u00e1jadle v Portlande, \u201eThe Clyde Common\u201c, ktor\u00fd sa nach\u00e1dza v hoteli ACE v \u0161tvrti Pearl. A vytvorili sme ho ako zmes \u0160kandin\u00e1vie, Japonska a flirtovania s Per\u017eanmi \u2013 z toho nem\u00f4\u017ee vz\u00eds\u0165 \u017eiadne dobr\u00e9 milovan\u00e9 die\u0165a\u2026 alebo \u00e1no? No, to si ur\u010dite mysl\u00edme!<\/p>\n<p>Clyde m\u00e1 \u0161t\u00edhlu, \u0161picat\u00fa a mierne zahnut\u00fa \u010depe\u013e z ocele Elmax (alebo \u201eEl Max\u201c, ako Clyde tvrd\u00ed, \u017ee sa to vyslovuje, preto\u017ee je pomenovan\u00e1 po polosl\u00e1vnom z\u00e1pasn\u00edkovi Lucha libre zo 70. rokov). Rukov\u00e4\u0165 vyzer\u00e1 men\u0161ia, ne\u017e sa zd\u00e1, rovnako ako Clyde tvrd\u00ed v in\u00fdch z\u00e1le\u017eitostiach, a ergon\u00f3mia no\u017ea v\u00e1s mo\u017eno prekvap\u00ed vzh\u013eadom na jeho jednoduch\u00e9 l\u00ednie.<\/p>\n<p>T\u00e1to nov\u00e1 verzia z pr\u00edrodn\u00e9ho pl\u00e1tna Micarta so \u0161portov\u00fdm cvo\u010dkom a zadn\u00fdm medzern\u00edkom z mosadze!<\/p>\n<p>Mysl\u00edme si, \u017ee Clyde je perfektn\u00fd EDC n\u00f4\u017e, a pokia\u013e ste si to e\u0161te nev\u0161imli, m\u00e1 ve\u013ea pr\u00edstupu, ktor\u00fd ho odl\u00ed\u0161i!<\/p>\n<p>\u0160PECIFIK\u00c1CIA<\/p>\n<p>Materi\u00e1ly:<br \/>\n\u010cepe\u013e Oce\u013e: Elmax. Povrchov\u00e1 \u00faprava Stonewash.<br \/>\nRukov\u00e4\u0165: Pr\u00edrodn\u00e9 pl\u00e1tno micarta.<br \/>\nPalec a Backspacer: Mosadzn\u00e1<br \/>\nspona: dr\u00f4t.<br \/>\nPod\u0161\u00edvka: AISI 420 Kalen\u00e1 &#8211; Bead Blasted.<br \/>\nOto\u010dn\u00fd mechanizmus: Bronzov\u00e9 podlo\u017eky.<br \/>\nUzamykac\u00ed mechanizmus: Liner lock.<\/p>\n<p>Rozmery:<br \/>\nD\u013a\u017eka \u010depele: 3&#8243; (77 mm) &#8211; meran\u00e9 od \u0161pi\u010dky k prednej \u010dasti r\u00e1mu<br \/>\nHr\u00fabka \u010depele: 0,118&#8243; (3 mm)<br \/>\nD\u013a\u017eka rukov\u00e4te: 3,94&#8243; (100 mm)<br \/>\nCelkov\u00e1 d\u013a\u017eka: 6,97&#8243; (177 mm)<br \/>\nHmotnos\u0165: 2,8 oz ( 79,4 g)<\/p>\n","protected":false},"excerpt":{"rendered":"<p>My\u0161lienka GiantMouse vznikla nad drinky jedn\u00e9ho ve\u010dera po\u010das americkej show no\u017eov v roku 2015. D\u00e1nski dizajn\u00e9ri\/no\u017eiari Jens Ans\u00f8 a Jesper Voxnaes (Vox) sa spolu so svoj\u00edm americk\u00fdm podnikate\u013esk\u00fdm priate\u013eom Jimom Wirthom rozhodli, \u017ee by mohli postavi\u0165 lep\u0161iu pascu na my\u0161i. hovori\u0165. Zna\u010dka no\u017eov, ktor\u00e1 dok\u00e1\u017ee poskytn\u00fa\u0165 \u00fa\u017easn\u00e9 designy no\u017eov, s najvy\u0161\u0161ou mo\u017enou kvalitou v\u00fdroby, za f\u00e9rov\u00fa cenu a pritom zost\u00e1va \u00fazko zapojen\u00e1 do komunity svojich z\u00e1kazn\u00edkov.<\/p>\n","protected":false},"featured_media":212020,"comment_status":"open","ping_status":"closed","template":"","meta":[],"pwb-brand":[3230],"product_brand":[],"product_cat":[3186,3233],"product_tag":[],"class_list":{"0":"post-212036","1":"product","2":"type-product","3":"status-publish","4":"has-post-thumbnail","6":"pwb-brand-zatvaraci-noz-giantmouse-ace-sonoma-ti-satin","7":"product_cat-noze-sk","8":"product_cat-zatvaracie-noze","10":"first","11":"instock","12":"taxable","13":"shipping-taxable","14":"purchasable","15":"product-type-simple"},"brands":[{"id":3230,"name":"Zatv\u00e1rac\u00ed N\u00f4\u017e GiantMouse ACE SONOMA - TI SATIN","slug":"zatvaraci-noz-giantmouse-ace-sonoma-ti-satin"}],"_links":{"self":[{"href":"https:\/\/www.moskito.cz\/sk\/wp-json\/wp\/v2\/product\/212036","targetHints":{"allow":["GET"]}}],"collection":[{"href":"https:\/\/www.moskito.cz\/sk\/wp-json\/wp\/v2\/product"}],"about":[{"href":"https:\/\/www.moskito.cz\/sk\/wp-json\/wp\/v2\/types\/product"}],"replies":[{"embeddable":true,"href":"https:\/\/www.moskito.cz\/sk\/wp-json\/wp\/v2\/comments?post=212036"}],"wp:featuredmedia":[{"embeddable":true,"href":"https:\/\/www.moskito.cz\/sk\/wp-json\/wp\/v2\/media\/212020"}],"wp:attachment":[{"href":"https:\/\/www.moskito.cz\/sk\/wp-json\/wp\/v2\/media?parent=212036"}],"wp:term":[{"taxonomy":"pwb-brand","embeddable":true,"href":"https:\/\/www.moskito.cz\/sk\/wp-json\/wp\/v2\/pwb-brand?post=212036"},{"taxonomy":"product_brand","embeddable":true,"href":"https:\/\/www.moskito.cz\/sk\/wp-json\/wp\/v2\/product_brand?post=212036"},{"taxonomy":"product_cat","embeddable":true,"href":"https:\/\/www.moskito.cz\/sk\/wp-json\/wp\/v2\/product_cat?post=212036"},{"taxonomy":"product_tag","embeddable":true,"href":"https:\/\/www.moskito.cz\/sk\/wp-json\/wp\/v2\/product_tag?post=212036"}],"curies":[{"name":"wp","href":"https:\/\/api.w.org\/{rel}","templated":true}]}}