{"id":212143,"date":"2022-02-28T22:13:16","date_gmt":"2022-02-28T21:13:16","guid":{"rendered":"https:\/\/www.moskito.cz\/produkt\/zatvaraci-noz-giantmouse-ace-nimbus-v2-natural-canvas-micarta\/"},"modified":"2025-05-07T10:37:37","modified_gmt":"2025-05-07T09:37:37","slug":"zatvaraci-noz-giantmouse-ace-nimbus-v2-natural-canvas-micarta","status":"publish","type":"product","link":"https:\/\/www.moskito.cz\/sk\/produkt\/zatvaraci-noz-giantmouse-ace-nimbus-v2-natural-canvas-micarta\/","title":{"rendered":"Zatv\u00e1rac\u00ed N\u00f4\u017e GiantMouse ACE NIMBUS V2 &#8211; NATURAL CANVAS MICARTA"},"content":{"rendered":"<p>Zatv\u00e1rac\u00ed N\u00f4\u017e GiantMouse ACE NIMBUS V2 &#8211; NATURAL CANVAS MICARTA.<\/p>\n<p>SPR\u00c1VNE NO\u017dE.\u00ae<\/p>\n<p>P\u00f4vodn\u00fd ACE Nimbus bol vytvoren\u00fd ako dokonal\u00fd outdoorov\u00fd spolo\u010dn\u00edk, navrhnut\u00fd s oh\u013eadom na robustn\u00e9 seversk\u00e9 no\u017ee. S verziou 2 sme sa rozhodli posun\u00fa\u0165 koncepciu designu \u201en\u00e1stroj \/ pracovn\u00fd n\u00f4\u017e\u201c e\u0161te \u010falej, a to zaoblen\u00edm stupn\u00edc pre ergonomickej\u0161ie uchopenie, pou\u017eit\u00edm ocele Elmax a nahraden\u00edm lo\u017e\u00edsk na\u0161imi vlastn\u00fdmi \u0161peci\u00e1lnymi bronzov\u00fdmi podlo\u017ekami.<\/p>\n<p>Siln\u00fd, schopn\u00fd n\u00f4\u017e s elegantn\u00fdm u\u017eito\u010dn\u00fdm profilom \u010depele typu puuku, Nimbus re\u017ee ako sen v\u010faka vysok\u00e9mu pln\u00e9mu ploch\u00e9mu br\u00faseniu a tenk\u00e9mu ostrie. Moderne vyzeraj\u00faca zlo\u017eka s pr\u00edstupom a ve\u013ek\u00fdm rezn\u00fdm v\u00fdkonom.<\/p>\n<p>Na\u0161a in\u0161pir\u00e1cia pre ACE Nimbus vzi\u0161la z klasick\u00e9ho d\u00e1nskeho motocykla rovnak\u00e9ho mena. Motocykel Nimbus, p\u00f4vodne navrhnut\u00fd v roku 1915 d\u00e1nskym dizajn\u00e9rom Pederom Fiskerom, sa vyr\u00e1bal v rokoch 1919 a\u017e 1960. V \u010dl\u00e1nku o Nimbuse Type C z roku 1957 &#8218;Motorcycle Classics&#8216; p\u00ed\u0161e, \u017ee Nimbus \u201enie je stroj, ktor\u00fd chcete na mph alebo prech\u00e1dzanie okolo Porsche pri prekro\u010den\u00ed 12 000 st\u00f4p Independence Pass. Toto bolo zam\u00fd\u0161\u013ean\u00e9 ako \u00fa\u017eitkov\u00fd \u0165ah\u00fa\u0148, lesn\u00fd \u0165aha\u010d; be\u017e to pomaly a bude to be\u017ea\u0165 skoro nav\u017edy.&#8220;<\/p>\n<p>Tento n\u00f4\u017e, ktor\u00fd si vypo\u017ei\u010dal z robustn\u00e9ho, \u200b\u200b\u00fa\u017eitkov\u00e9ho dizajnu motocykla Nimbus, je na\u0161\u00edm poh\u013eadom na skvel\u00fd \u201en\u00e1strojov\u00fd n\u00f4\u017e\u201c. GiantMouse ACE Nimbus je n\u00f4\u017e, ktor\u00fd budete chcie\u0165 ma\u0165 vo svojom zimnom kab\u00e1te, batohu, pracovn\u00fdch d\u017e\u00ednsoch alebo kufri na n\u00e1rad\u00ed. Ten druh no\u017ea, ktor\u00fd tu bude, ke\u010f ho budete potrebova\u0165. Toto je n\u00f4\u017e, ktor\u00fd budete radi pou\u017e\u00edva\u0165 po mnoho rokov.<\/p>\n<p>\u0160PECIFIK\u00c1CIA<br \/>\nMateri\u00e1ly:<br \/>\n\u010cepe\u013e Oce\u013e: Elmax. Povrchov\u00e1 \u00faprava Stonewash.<br \/>\nRukov\u00e4\u0165: Natural Canvas Micarta.<br \/>\nKlip: dr\u00f4t &#8211; obojstrann\u00fd.<br \/>\nPod\u0161\u00edvka: AISI 420 Kalen\u00e1 &#8211; Bead Blasted.<br \/>\nOto\u010dn\u00fd mechanizmus: Bronzov\u00e9 podlo\u017eky.<br \/>\nUzamykac\u00ed mechanizmus: Liner lock.<\/p>\n<p>Rozmery:<br \/>\nD\u013a\u017eka \u010depele: 3&#8243; (76,2 mm) &#8211; meran\u00e9 od \u0161pi\u010dky k prednej \u010dasti r\u00e1mu<br \/>\nHr\u00fabka \u010depele: 0,138&#8243; (3,5 mm)<br \/>\nD\u013a\u017eka rukov\u00e4te: 4,1875&#8243; (106,36 mm)<br \/>\nCelkov\u00e1 d\u013a\u017eka: 7,25&#8243; (184,15 mm)<br \/>\nHmotnos\u0165 : 3,8 oz (107,73 g)<\/p>\n","protected":false},"excerpt":{"rendered":"<p>My\u0161lienka GiantMouse vznikla nad drinky jedn\u00e9ho ve\u010dera po\u010das americkej show no\u017eov v roku 2015. D\u00e1nski dizajn\u00e9ri\/no\u017eiari Jens Ans\u00f8 a Jesper Voxnaes (Vox) sa spolu so svoj\u00edm americk\u00fdm podnikate\u013esk\u00fdm priate\u013eom Jimom Wirthom rozhodli, \u017ee by mohli postavi\u0165 lep\u0161iu pascu na my\u0161i. hovori\u0165. Zna\u010dka no\u017eov, ktor\u00e1 dok\u00e1\u017ee poskytn\u00fa\u0165 \u00fa\u017easn\u00e9 designy no\u017eov, s najvy\u0161\u0161ou mo\u017enou kvalitou v\u00fdroby, za f\u00e9rov\u00fa cenu a pritom zost\u00e1va \u00fazko zapojen\u00e1 do komunity svojich z\u00e1kazn\u00edkov.<\/p>\n","protected":false},"featured_media":212127,"comment_status":"open","ping_status":"closed","template":"","meta":[],"pwb-brand":[3230],"product_brand":[],"product_cat":[3186,3233],"product_tag":[],"class_list":{"0":"post-212143","1":"product","2":"type-product","3":"status-publish","4":"has-post-thumbnail","6":"pwb-brand-zatvaraci-noz-giantmouse-ace-sonoma-ti-satin","7":"product_cat-noze-sk","8":"product_cat-zatvaracie-noze","10":"first","11":"instock","12":"taxable","13":"shipping-taxable","14":"purchasable","15":"product-type-simple"},"brands":[{"id":3230,"name":"Zatv\u00e1rac\u00ed N\u00f4\u017e GiantMouse ACE SONOMA - TI SATIN","slug":"zatvaraci-noz-giantmouse-ace-sonoma-ti-satin"}],"_links":{"self":[{"href":"https:\/\/www.moskito.cz\/sk\/wp-json\/wp\/v2\/product\/212143","targetHints":{"allow":["GET"]}}],"collection":[{"href":"https:\/\/www.moskito.cz\/sk\/wp-json\/wp\/v2\/product"}],"about":[{"href":"https:\/\/www.moskito.cz\/sk\/wp-json\/wp\/v2\/types\/product"}],"replies":[{"embeddable":true,"href":"https:\/\/www.moskito.cz\/sk\/wp-json\/wp\/v2\/comments?post=212143"}],"wp:featuredmedia":[{"embeddable":true,"href":"https:\/\/www.moskito.cz\/sk\/wp-json\/wp\/v2\/media\/212127"}],"wp:attachment":[{"href":"https:\/\/www.moskito.cz\/sk\/wp-json\/wp\/v2\/media?parent=212143"}],"wp:term":[{"taxonomy":"pwb-brand","embeddable":true,"href":"https:\/\/www.moskito.cz\/sk\/wp-json\/wp\/v2\/pwb-brand?post=212143"},{"taxonomy":"product_brand","embeddable":true,"href":"https:\/\/www.moskito.cz\/sk\/wp-json\/wp\/v2\/product_brand?post=212143"},{"taxonomy":"product_cat","embeddable":true,"href":"https:\/\/www.moskito.cz\/sk\/wp-json\/wp\/v2\/product_cat?post=212143"},{"taxonomy":"product_tag","embeddable":true,"href":"https:\/\/www.moskito.cz\/sk\/wp-json\/wp\/v2\/product_tag?post=212143"}],"curies":[{"name":"wp","href":"https:\/\/api.w.org\/{rel}","templated":true}]}}