{"id":212394,"date":"2022-03-03T21:48:58","date_gmt":"2022-03-03T20:48:58","guid":{"rendered":"https:\/\/www.moskito.cz\/produkt\/sekera-sog-fasthawk-black\/"},"modified":"2025-05-07T10:37:40","modified_gmt":"2025-05-07T09:37:40","slug":"sekera-sog-fasthawk-black","status":"publish","type":"product","link":"https:\/\/www.moskito.cz\/sk\/produkt\/sekera-sog-fasthawk-black\/","title":{"rendered":"Sekera SOG FASTHAWK &#8211; BLACK"},"content":{"rendered":"<p>Sekera SOG FASTHAWK &#8211; BLACK.<\/p>\n<p>SOG FastHawk je r\u00fdchlej\u0161\u00ed, \u013eah\u0161\u00ed, obratnej\u0161\u00ed a \u013eah\u0161ie sa nos\u00ed ako jeho s\u00farodenec Tactical Tomahawk. To neznamen\u00e1, \u017ee nie je st\u00e1le v\u00fdkonn\u00fd, v\u0161estrann\u00fd a funk\u010dn\u00fd. Je to n\u00e1stroj, ktor\u00fd bude pou\u017eit\u00fd ove\u013ea viac, ne\u017e by ste \u010dakali. Sekanie, l\u00e1manie, rezanie, zat\u013akanie, prepichovanie, kopanie, p\u00e1\u010denie, tl\u010denie, holenie, ryhovanie, otv\u00e1ranie a h\u00e1dzanie, to v\u0161etko s\u00fa schopnosti, ktor\u00e9 m\u00e1 FastHawk na dosah. Hlava z nerezovej ocele 420 s \u010diernym povlakom z tvrd\u00e9ho puzdra je pripevnen\u00e1 k rukov\u00e4ti z balistick\u00e9ho polym\u00e9ru pomocou odoln\u00fdch skrutiek a oce\u013eovej obj\u00edmky, aby bola zaisten\u00e1 t\u00e1 najsilnej\u0161ia integrita. Bo\u010dn\u00e1 kladivkov\u00e1 \u0161achovnica zais\u0165uje presn\u00e9 umiestnenie pri hojdan\u00ed. Nosen\u00e9 v nylonovom puzdre, ktor\u00e9 je mo\u017en\u00e9 pripevni\u0165 na opasok, batoh alebo v\u00fdstroj. Je to univerz\u00e1lny n\u00e1stroj pre modern\u00e9ho mu\u017ea.<\/p>\n<p>CELKOV\u00c1 D\u0139\u017dKA : 31 cm<br \/>\nHMOTNOS\u0164 PRODUKTU : 19,00 oz<br \/>\nD\u0139\u017dKA \u010cEPE\u013dA: 5 cm<br \/>\nTYP PRODUKTU : Sekera<br \/>\nDOKON\u010cENIE : \u010cierna<br \/>\nTVRDOS\u0164 : Rc. 51-53<br \/>\nOCE\u013dOV\u00dd TYP \u010cEPELE : 420 Nerez<br \/>\nMATERI\u00c1L RUKOV\u00c4TI : Nylon vystu\u017een\u00fd sklom<br \/>\nFARBA RUKOV\u00c4TI : \u010cierna<br \/>\nVR\u00c1TANE P\u00daZDRA : \u00c1no<br \/>\nFARBA PL\u00c1\u0160TE : \u010cierna<br \/>\nMATERI\u00c1L PL\u00c1\u0160TE : Balistick\u00fd nylon<\/p>\n","protected":false},"excerpt":{"rendered":"<p>\u010ci u\u017e chr\u00e1nite ostatn\u00fdch alebo vediete epick\u00fa loveck\u00fa exped\u00edciu, rie\u0161ite jednu z ka\u017edodenn\u00fdch \u017eivotn\u00fdch v\u00fdziev alebo sa stret\u00e1vate so svojimi doteraz najextr\u00e9mnej\u0161\u00edmi podmienkami, urobte si cestu so SOG.<\/p>\n<p>Na v\u0161etky no\u017ee SOG d\u00e1vame do\u017eivotn\u00fa z\u00e1ruku!<\/p>\n","protected":false},"featured_media":212381,"comment_status":"open","ping_status":"closed","template":"","meta":[],"pwb-brand":[3231],"product_brand":[],"product_cat":[3190],"product_tag":[3668],"class_list":{"0":"post-212394","1":"product","2":"type-product","3":"status-publish","4":"has-post-thumbnail","6":"pwb-brand-pevny-noz-sog-snarl","7":"product_cat-sekery-sk","8":"product_tag-b2b-sk","10":"first","11":"instock","12":"taxable","13":"shipping-taxable","14":"purchasable","15":"product-type-simple"},"brands":[{"id":3231,"name":"Pevn\u00fd N\u00f4\u017e SOG SNARL","slug":"pevny-noz-sog-snarl"}],"_links":{"self":[{"href":"https:\/\/www.moskito.cz\/sk\/wp-json\/wp\/v2\/product\/212394","targetHints":{"allow":["GET"]}}],"collection":[{"href":"https:\/\/www.moskito.cz\/sk\/wp-json\/wp\/v2\/product"}],"about":[{"href":"https:\/\/www.moskito.cz\/sk\/wp-json\/wp\/v2\/types\/product"}],"replies":[{"embeddable":true,"href":"https:\/\/www.moskito.cz\/sk\/wp-json\/wp\/v2\/comments?post=212394"}],"wp:featuredmedia":[{"embeddable":true,"href":"https:\/\/www.moskito.cz\/sk\/wp-json\/wp\/v2\/media\/212381"}],"wp:attachment":[{"href":"https:\/\/www.moskito.cz\/sk\/wp-json\/wp\/v2\/media?parent=212394"}],"wp:term":[{"taxonomy":"pwb-brand","embeddable":true,"href":"https:\/\/www.moskito.cz\/sk\/wp-json\/wp\/v2\/pwb-brand?post=212394"},{"taxonomy":"product_brand","embeddable":true,"href":"https:\/\/www.moskito.cz\/sk\/wp-json\/wp\/v2\/product_brand?post=212394"},{"taxonomy":"product_cat","embeddable":true,"href":"https:\/\/www.moskito.cz\/sk\/wp-json\/wp\/v2\/product_cat?post=212394"},{"taxonomy":"product_tag","embeddable":true,"href":"https:\/\/www.moskito.cz\/sk\/wp-json\/wp\/v2\/product_tag?post=212394"}],"curies":[{"name":"wp","href":"https:\/\/api.w.org\/{rel}","templated":true}]}}