{"id":212466,"date":"2022-03-04T21:24:15","date_gmt":"2022-03-04T20:24:15","guid":{"rendered":"https:\/\/www.moskito.cz\/produkt\/pevny-noz-heretic-knives-nephilim-black-green-h003-2a-grn\/"},"modified":"2025-05-07T10:37:41","modified_gmt":"2025-05-07T09:37:41","slug":"pevny-noz-heretic-knives-nephilim-black-green-h003-2a-grn","status":"publish","type":"product","link":"https:\/\/www.moskito.cz\/sk\/produkt\/pevny-noz-heretic-knives-nephilim-black-green-h003-2a-grn\/","title":{"rendered":"Pevn\u00fd N\u00f4\u017e Heretic Knives Nephilim Black\/Green H003-2A-GRN"},"content":{"rendered":"<p>Pevn\u00fd N\u00f4\u017e Heretic Knives Nephilim Black\/Green H003-2A-GRN<\/p>\n<p>Nespo\u010detn\u00e9 hodiny tr\u00e1vime navrhovan\u00edm, kon\u0161trukciou a v\u00fdrobou na\u0161ich no\u017eov, aby sme zaistili, \u017ee kone\u010dn\u00fd produkt bude ma\u0165 dlh\u00fa \u017eivotnos\u0165 a nad\u010dasov\u00fd dizajn. Zav\u00e4zujeme sa, \u017ee ka\u017ed\u00fd n\u00f4\u017e, ktor\u00fd opust\u00ed na\u0161e zariadenie, je dokonal\u00fdm umeleck\u00fdm dielom, ktor\u00e9 ur\u010dite urob\u00ed dojem!<\/p>\n<p>V\u0161etky na\u0161e no\u017ee s\u00fa vyroben\u00e9 v USA a my to tak zachov\u00e1me. Ke\u010f si k\u00fapite niektor\u00fd z na\u0161ich no\u017eov, m\u00f4\u017eete ma\u0165 d\u00f4veru vo svoj n\u00e1stroj s vedom\u00edm, \u017ee je podporovan\u00fd americkou spolo\u010dnos\u0165ou. Na\u0161e no\u017ee s\u00fa vyr\u00e1ban\u00e9 v mal\u00fdch s\u00e9ri\u00e1ch, aby sme zaistili, \u017ee dostanete kvalitn\u00fd n\u00f4\u017e, ktor\u00e9mu sa nevenuje pozornos\u0165, ktor\u00fa in\u00e9 s\u00e9riovo vyr\u00e1ban\u00e9 no\u017ee nedost\u00e1vaj\u00fa.<\/p>\n<p>Celkov\u00e9 dieliky: 30 cm<br \/>\n\u010cepe\u013e: 16 cm Elmax, Dagger, Stonewash<br \/>\nHr\u00fabka \u010depele: 0.5 cm<br \/>\nRukov\u00e4\u0165: zelen\u00e1\/\u010dierna G10<br \/>\nHmotnos\u0165: 8 oz.<br \/>\nTyp: Pevn\u00e1 \u010depe\u013e<br \/>\nVyroben\u00e9 v USA<\/p>\n","protected":false},"excerpt":{"rendered":"<p>V\u0161etky na\u0161e no\u017ee s\u00fa vyroben\u00e9 v USA a my to tak zachov\u00e1me. Ke\u010f si k\u00fapite niektor\u00fd z na\u0161ich no\u017eov, m\u00f4\u017eete ma\u0165 d\u00f4veru vo svoj n\u00e1stroj s vedom\u00edm, \u017ee je podporovan\u00fd americkou spolo\u010dnos\u0165ou. Na\u0161e no\u017ee s\u00fa vyr\u00e1ban\u00e9 v mal\u00fdch s\u00e9ri\u00e1ch, aby sme zaistili, \u017ee dostanete kvalitn\u00fd n\u00f4\u017e, ktor\u00e9mu sa nevenuje pozornos\u0165, ktor\u00fa in\u00e9 s\u00e9riovo vyr\u00e1ban\u00e9 no\u017ee nedost\u00e1vaj\u00fa.<\/p>\n","protected":false},"featured_media":212456,"comment_status":"open","ping_status":"closed","template":"","meta":[],"pwb-brand":[3196],"product_brand":[],"product_cat":[3186,3187],"product_tag":[],"class_list":{"0":"post-212466","1":"product","2":"type-product","3":"status-publish","4":"has-post-thumbnail","6":"pwb-brand-heretic-knives-sk","7":"product_cat-noze-sk","8":"product_cat-pevne-noze-sk","10":"first","11":"outofstock","12":"taxable","13":"shipping-taxable","14":"purchasable","15":"product-type-simple"},"brands":[{"id":3196,"name":"Heretic Knives","slug":"heretic-knives-sk"}],"_links":{"self":[{"href":"https:\/\/www.moskito.cz\/sk\/wp-json\/wp\/v2\/product\/212466","targetHints":{"allow":["GET"]}}],"collection":[{"href":"https:\/\/www.moskito.cz\/sk\/wp-json\/wp\/v2\/product"}],"about":[{"href":"https:\/\/www.moskito.cz\/sk\/wp-json\/wp\/v2\/types\/product"}],"replies":[{"embeddable":true,"href":"https:\/\/www.moskito.cz\/sk\/wp-json\/wp\/v2\/comments?post=212466"}],"wp:featuredmedia":[{"embeddable":true,"href":"https:\/\/www.moskito.cz\/sk\/wp-json\/wp\/v2\/media\/212456"}],"wp:attachment":[{"href":"https:\/\/www.moskito.cz\/sk\/wp-json\/wp\/v2\/media?parent=212466"}],"wp:term":[{"taxonomy":"pwb-brand","embeddable":true,"href":"https:\/\/www.moskito.cz\/sk\/wp-json\/wp\/v2\/pwb-brand?post=212466"},{"taxonomy":"product_brand","embeddable":true,"href":"https:\/\/www.moskito.cz\/sk\/wp-json\/wp\/v2\/product_brand?post=212466"},{"taxonomy":"product_cat","embeddable":true,"href":"https:\/\/www.moskito.cz\/sk\/wp-json\/wp\/v2\/product_cat?post=212466"},{"taxonomy":"product_tag","embeddable":true,"href":"https:\/\/www.moskito.cz\/sk\/wp-json\/wp\/v2\/product_tag?post=212466"}],"curies":[{"name":"wp","href":"https:\/\/api.w.org\/{rel}","templated":true}]}}