{"id":212576,"date":"2022-03-05T22:14:35","date_gmt":"2022-03-05T21:14:35","guid":{"rendered":"https:\/\/www.moskito.cz\/produkt\/vystrelovaci-noz-heretic-knives-manticore-x-otf-h030b-8a-jade\/"},"modified":"2025-05-07T10:37:44","modified_gmt":"2025-05-07T09:37:44","slug":"vystrelovaci-noz-heretic-knives-manticore-x-otf-h030b-8a-jade","status":"publish","type":"product","link":"https:\/\/www.moskito.cz\/sk\/produkt\/vystrelovaci-noz-heretic-knives-manticore-x-otf-h030b-8a-jade\/","title":{"rendered":"Vystre\u013eovac\u00ed N\u00f4\u017e Heretic Knives Manticore X OTF H030B-8A-JADE"},"content":{"rendered":"<pre id=\"tw-target-text\" class=\"tw-data-text tw-text-large tw-ta\" dir=\"ltr\" data-placeholder=\"P\u0159eklad\"><span class=\"Y2IQFc\" lang=\"sk\">Vystre\u013eovac\u00ed N\u00f4\u017e Heretic Knives Manticore X OTF H030B-8A-JADE.\r\n\r\nManticore X je najnov\u0161ia OTF ponuka spolo\u010dnosti Heretic a najv\u00e4\u010d\u0161ia zo s\u00e9rie Manticore. Tento n\u00f4\u017e je 100% vyroben\u00fd a zostaven\u00fd v USA. V\u010faka na\u0161ej do\u017eivotnej z\u00e1ruke si m\u00f4\u017eete by\u0165 ist\u00ed, \u017ee tento OTF vydr\u017e\u00ed. Hodv\u00e1bne hladk\u00e9 nasadenie jednou rukou a zatiahnutie s\u00fa \u0161tandardn\u00e9 oper\u00e1cie n\u00e1\u0161ho Manticore. X m\u00e1 integrovan\u00fd otvor pre \u0161n\u00farku, rozb\u00edja\u010d skla z tvrdenej ocele a hlbok\u00fa sponu.\r\n\r\nHeretic Manticore-X OTF Auto Bowie Edge so spodnou \u010das\u0165ou Jade G-10 a gomb\u00edkom s \u010diernou \u010depe\u013eou opotrebovanou bitkou H030B-8A-JADE\r\n\r\n\u010c\u00edslo modelu: H030B-8A-JADE\r\nCelkov\u00e1 d\u013a\u017eka: 23 cm\r\nD\u013a\u017eka \u010depele: 9.25 cm\r\nMateri\u00e1l \u010depele: ELMAX\r\n\u0160t\u00fdl \u010depele: Bowie Edge\r\nDokon\u010denie: Battleweard\r\nFarba: \u010cierna horn\u00e1\/Jade Green G-10 Spodn\u00e1 \u010das\u0165\r\nHmotnos\u0165: 4,5 oz<\/span><\/pre>\n","protected":false},"excerpt":{"rendered":"<pre id=\"tw-target-text\" class=\"tw-data-text tw-text-large tw-ta\" dir=\"ltr\" data-placeholder=\"P\u0159eklad\"><span class=\"Y2IQFc\" lang=\"sk\">V\u0161etky na\u0161e no\u017ee s\u00fa vyroben\u00e9 v USA a tak to zachov\u00e1me. Ke\u010f si k\u00fapite niektor\u00fd z na\u0161ich no\u017eov, m\u00f4\u017eete ma\u0165 d\u00f4veru vo svoj n\u00e1stroj s vedom\u00edm, \u017ee je podporovan\u00fd americkou spolo\u010dnos\u0165ou. Na\u0161e no\u017ee s\u00fa vyr\u00e1ban\u00e9 v mal\u00fdch s\u00e9ri\u00e1ch, aby sme zaistili, \u017ee dostanete kvalitn\u00fd n\u00f4\u017e, ktor\u00e9mu sa nedost\u00e1va pozornosti, ak\u00e9 sa nedost\u00e1va in\u00fdm s\u00e9riovo vyr\u00e1ban\u00fdm no\u017eom.<\/span><\/pre>\n","protected":false},"featured_media":212565,"comment_status":"open","ping_status":"closed","template":"","meta":[],"pwb-brand":[3196],"product_brand":[],"product_cat":[3186,3197],"product_tag":[],"class_list":{"0":"post-212576","1":"product","2":"type-product","3":"status-publish","4":"has-post-thumbnail","6":"pwb-brand-heretic-knives-sk","7":"product_cat-noze-sk","8":"product_cat-vystrelovacie-noze-sk","10":"first","11":"instock","12":"taxable","13":"shipping-taxable","14":"purchasable","15":"product-type-simple"},"brands":[{"id":3196,"name":"Heretic Knives","slug":"heretic-knives-sk"}],"_links":{"self":[{"href":"https:\/\/www.moskito.cz\/sk\/wp-json\/wp\/v2\/product\/212576","targetHints":{"allow":["GET"]}}],"collection":[{"href":"https:\/\/www.moskito.cz\/sk\/wp-json\/wp\/v2\/product"}],"about":[{"href":"https:\/\/www.moskito.cz\/sk\/wp-json\/wp\/v2\/types\/product"}],"replies":[{"embeddable":true,"href":"https:\/\/www.moskito.cz\/sk\/wp-json\/wp\/v2\/comments?post=212576"}],"wp:featuredmedia":[{"embeddable":true,"href":"https:\/\/www.moskito.cz\/sk\/wp-json\/wp\/v2\/media\/212565"}],"wp:attachment":[{"href":"https:\/\/www.moskito.cz\/sk\/wp-json\/wp\/v2\/media?parent=212576"}],"wp:term":[{"taxonomy":"pwb-brand","embeddable":true,"href":"https:\/\/www.moskito.cz\/sk\/wp-json\/wp\/v2\/pwb-brand?post=212576"},{"taxonomy":"product_brand","embeddable":true,"href":"https:\/\/www.moskito.cz\/sk\/wp-json\/wp\/v2\/product_brand?post=212576"},{"taxonomy":"product_cat","embeddable":true,"href":"https:\/\/www.moskito.cz\/sk\/wp-json\/wp\/v2\/product_cat?post=212576"},{"taxonomy":"product_tag","embeddable":true,"href":"https:\/\/www.moskito.cz\/sk\/wp-json\/wp\/v2\/product_tag?post=212576"}],"curies":[{"name":"wp","href":"https:\/\/api.w.org\/{rel}","templated":true}]}}