{"id":212600,"date":"2022-03-06T21:30:52","date_gmt":"2022-03-06T20:30:52","guid":{"rendered":"https:\/\/www.moskito.cz\/produkt\/vystrelovaci-noz-heretic-knives-manticore-x-h031-10a-jade\/"},"modified":"2025-05-07T10:37:44","modified_gmt":"2025-05-07T09:37:44","slug":"vystrelovaci-noz-heretic-knives-manticore-x-h031-10a-jade","status":"publish","type":"product","link":"https:\/\/www.moskito.cz\/sk\/produkt\/vystrelovaci-noz-heretic-knives-manticore-x-h031-10a-jade\/","title":{"rendered":"Vystre\u013eovac\u00ed N\u00f4\u017e Heretic Knives Manticore X H031-10A-JADE"},"content":{"rendered":"<p>Vystre\u013eovac\u00ed N\u00f4\u017e <strong>Heretic Knives<\/strong> Manticore X H031-10A-JADE. Manticore od Heretic Knives je fenomen\u00e1lny n\u00f4\u017e OTF pre ka\u017ed\u00e9ho, kto h\u013ead\u00e1 nie\u010do ve\u013ek\u00e9, ale \u013eahko prenosn\u00e9. Chlapci z Heretic Knives na Floride sa v tomto naozaj trafili z parku. Pr\u00e9miov\u00e1 oce\u013e Elmax, hladk\u00e1 dvojit\u00e1 akcia, hrot na rozb\u00edjanie skla, spona na hlbok\u00fa kapsu a otvor pre \u0161n\u00farku. Akcia m\u00e1 dobr\u00fd z\u00e1ber bez toho, aby bola pr\u00edli\u0161 tvrd\u00e1 na nasadenie alebo pr\u00edli\u0161 m\u00e4kk\u00e1. Manticore sa dod\u00e1va v r\u00f4znych \u0161t\u00fdloch a povrchov\u00fdch \u00faprav\u00e1ch. Toto Manticore je \u0161peci\u00e1lna ed\u00edcia. Tanto \u010depe\u013e m\u00e1 \u010dierny dvojfarebn\u00fd povrch a je vyroben\u00e1 z Elmax ocele. Rukov\u00e4\u0165 m\u00e1 \u010diernu hlin\u00edkov\u00fa rukov\u00e4\u0165 so zadn\u00fdmi krytmi Jade G-10. Celkov\u00e1 d\u013a\u017eka: 23 cm D\u013a\u017eka \u010depele: 9.25 cm Materi\u00e1l \u010depele: ELMAX \u0160t\u00fdl \u010depele: Tanto Dokon\u010denie: Battleweard Farba: \u010cierna horn\u00e1\/Jade Green G-10 Spodn\u00e1 \u010das\u0165 Hmotnos\u0165: 4,5 oz         <\/p>\n","protected":false},"excerpt":{"rendered":"<p>V\u0161etky na\u0161e no\u017ee s\u00fa vyroben\u00e9 v USA a tak to zachov\u00e1me. Ke\u010f si k\u00fapite niektor\u00fd z na\u0161ich no\u017eov, m\u00f4\u017eete ma\u0165 d\u00f4veru vo svoj n\u00e1stroj s vedom\u00edm, \u017ee je podporovan\u00fd americkou spolo\u010dnos\u0165ou. Na\u0161e no\u017ee s\u00fa vyr\u00e1ban\u00e9 v mal\u00fdch s\u00e9ri\u00e1ch, aby sme zaistili, \u017ee dostanete kvalitn\u00fd n\u00f4\u017e, ktor\u00e9mu sa nedost\u00e1va pozornosti, ak\u00e9 sa nedost\u00e1va in\u00fdm s\u00e9riovo vyr\u00e1ban\u00fdm no\u017eom.  <strong>Doprava zadarmo.<\/strong><\/p>\n","protected":false},"featured_media":212590,"comment_status":"open","ping_status":"closed","template":"","meta":[],"pwb-brand":[3196],"product_brand":[],"product_cat":[3186,3197],"product_tag":[],"class_list":{"0":"post-212600","1":"product","2":"type-product","3":"status-publish","4":"has-post-thumbnail","6":"pwb-brand-heretic-knives-sk","7":"product_cat-noze-sk","8":"product_cat-vystrelovacie-noze-sk","10":"first","11":"instock","12":"taxable","13":"shipping-taxable","14":"purchasable","15":"product-type-simple"},"brands":[{"id":3196,"name":"Heretic Knives","slug":"heretic-knives-sk"}],"_links":{"self":[{"href":"https:\/\/www.moskito.cz\/sk\/wp-json\/wp\/v2\/product\/212600","targetHints":{"allow":["GET"]}}],"collection":[{"href":"https:\/\/www.moskito.cz\/sk\/wp-json\/wp\/v2\/product"}],"about":[{"href":"https:\/\/www.moskito.cz\/sk\/wp-json\/wp\/v2\/types\/product"}],"replies":[{"embeddable":true,"href":"https:\/\/www.moskito.cz\/sk\/wp-json\/wp\/v2\/comments?post=212600"}],"wp:featuredmedia":[{"embeddable":true,"href":"https:\/\/www.moskito.cz\/sk\/wp-json\/wp\/v2\/media\/212590"}],"wp:attachment":[{"href":"https:\/\/www.moskito.cz\/sk\/wp-json\/wp\/v2\/media?parent=212600"}],"wp:term":[{"taxonomy":"pwb-brand","embeddable":true,"href":"https:\/\/www.moskito.cz\/sk\/wp-json\/wp\/v2\/pwb-brand?post=212600"},{"taxonomy":"product_brand","embeddable":true,"href":"https:\/\/www.moskito.cz\/sk\/wp-json\/wp\/v2\/product_brand?post=212600"},{"taxonomy":"product_cat","embeddable":true,"href":"https:\/\/www.moskito.cz\/sk\/wp-json\/wp\/v2\/product_cat?post=212600"},{"taxonomy":"product_tag","embeddable":true,"href":"https:\/\/www.moskito.cz\/sk\/wp-json\/wp\/v2\/product_tag?post=212600"}],"curies":[{"name":"wp","href":"https:\/\/api.w.org\/{rel}","templated":true}]}}