{"id":212908,"date":"2022-03-10T21:46:09","date_gmt":"2022-03-10T20:46:09","guid":{"rendered":"https:\/\/www.moskito.cz\/produkt\/zatvaraci-noz-rikeknife-mini-ping\/"},"modified":"2025-05-07T10:37:48","modified_gmt":"2025-05-07T09:37:48","slug":"zatvaraci-noz-rikeknife-mini-ping","status":"publish","type":"product","link":"https:\/\/www.moskito.cz\/sk\/produkt\/zatvaraci-noz-rikeknife-mini-ping\/","title":{"rendered":"Zatv\u00e1rac\u00ed N\u00f4\u017e RikeKnife Mini &#8211; Ping"},"content":{"rendered":"<p>Zatv\u00e1rac\u00ed N\u00f4\u017e RikeKnife Mini &#8211; Ping.<\/p>\n<p>Rikeknife je origin\u00e1lna zna\u010dka navrhnut\u00e1 na\u0161\u00edm zakladate\u013eom Richardom Wu. Je dlhoro\u010dn\u00fdm nad\u0161encom do no\u017eov, m\u00e1 sk\u00fasenosti s mechanick\u00fdm dizajnom a v\u00fdrobou, neust\u00e1le sa usiluje o dokonalos\u0165 a detailn\u00fa dokonalos\u0165 vo v\u0161etk\u00fdch dizajnoch no\u017eov vyr\u00e1ban\u00fdch Rikeknife.<\/p>\n<p>N\u00e1zov zna\u010dky bol odvoden\u00fd od prv\u00fdch dvoch p\u00edsmen jeho mena, potom sa zmenil a pomenoval Rike. Rikeknife je novo vznikaj\u00faca origin\u00e1lna zna\u010dka no\u017eov, ktor\u00e1 je predstavite\u013eom vysoko kvalitnej \u010d\u00ednskej v\u00fdroby.<\/p>\n<p>Na\u0161a zna\u010dka je zalo\u017een\u00e1 v origin\u00e1lnom dizajne, pre ktor\u00fd m\u00e1me profesion\u00e1lny dizajn\u00e9rsky t\u00edm a vlastn\u00fa nez\u00e1visl\u00fa tov\u00e1re\u0148. Tr\u00fafame si sta\u0165 sa inov\u00e1tormi a spochybni\u0165 tradi\u010dn\u00e9 postupy tradi\u010dn\u00fdch aj modern\u00fdch zna\u010diek no\u017eov. V\u017edy sa budeme sna\u017ei\u0165 pou\u017e\u00edva\u0165 tie najlep\u0161ie materi\u00e1ly na v\u00fdrobu no\u017eov vynikaj\u00facej kvality pre z\u00e1kazn\u00edkov po celom svete<\/p>\n<p>Model Rike Mini<br \/>\n: Hummingbird Celkov\u00e1 d\u013a\u017eka: 3,93&#8243;\/(10 cm)<br \/>\nD\u013a\u017eka \u010depele: 1,57&#8243;\/(37 mm)<br \/>\nHr\u00fabka \u010depele: 0,09&#8243;\/(2,5 mm)<br \/>\nMateri\u00e1l \u010depele: Ru\u017eov\u00e1 Dama\u0161kov\u00e1 oce\u013e<br \/>\n\u0160t\u00fdl \u010depele: Drop Point<br \/>\nTvrdos\u0165 \u010depele: HRC58-59<br \/>\nD\u013a\u017eka rukov\u00e4te: 2,36 &#8222;\/(6 cm)<br \/>\nHr\u00fabka rukov\u00e4te: 0,19&#8220; \/ (0,5 cm)<br \/>\nMateri\u00e1l rukov\u00e4te: TC4 tit\u00e1nov\u00fd<br \/>\nskrutka Materi\u00e1l: TC4 tit\u00e1nov\u00e1<br \/>\nspona Materi\u00e1l: TC4 tit\u00e1nov\u00e9<br \/>\npodlo\u017eky Materi\u00e1l: keramick\u00e9 guli\u010dkov\u00e9 lo\u017eisko<br \/>\nFarba: ru\u017eov\u00e1<br \/>\nHmotnos\u0165: 0,59 oz.\/( 17g)<br \/>\nOtv\u00e1ra\u010d:Flipper<br \/>\nLock Druh: r\u00e1m Lock Production Image<\/p>\n","protected":false},"excerpt":{"rendered":"<pre id=\"tw-target-text\" class=\"tw-data-text tw-text-large tw-ta\" dir=\"ltr\" data-placeholder=\"P\u0159eklad\"><span class=\"Y2IQFc\" lang=\"sk\">Rikeknife je origin\u00e1lna zna\u010dka navrhnut\u00e1 na\u0161\u00edm zakladate\u013eom Richardom Wu. Je dlhoro\u010dn\u00fdm nad\u0161encom do no\u017eov, m\u00e1 sk\u00fasenosti s mechanick\u00fdm dizajnom a v\u00fdrobou, neust\u00e1le sa usiluje o dokonalos\u0165 a detailn\u00fa dokonalos\u0165 vo v\u0161etk\u00fdch dizajnoch no\u017eov vyr\u00e1ban\u00fdch Rikeknife<\/span><\/pre>\n","protected":false},"featured_media":212901,"comment_status":"open","ping_status":"closed","template":"","meta":[],"pwb-brand":[3222],"product_brand":[],"product_cat":[3186,3233],"product_tag":[],"class_list":{"0":"post-212908","1":"product","2":"type-product","3":"status-publish","4":"has-post-thumbnail","6":"pwb-brand-zatvaraci-noz-rike-knife-thor7-bo-cf","7":"product_cat-noze-sk","8":"product_cat-zatvaracie-noze","10":"first","11":"instock","12":"taxable","13":"shipping-taxable","14":"purchasable","15":"product-type-simple"},"brands":[{"id":3222,"name":"Zatv\u00e1rac\u00ed n\u00f4\u017e Rike Knife Thor7-BO\/CF","slug":"zatvaraci-noz-rike-knife-thor7-bo-cf"}],"_links":{"self":[{"href":"https:\/\/www.moskito.cz\/sk\/wp-json\/wp\/v2\/product\/212908","targetHints":{"allow":["GET"]}}],"collection":[{"href":"https:\/\/www.moskito.cz\/sk\/wp-json\/wp\/v2\/product"}],"about":[{"href":"https:\/\/www.moskito.cz\/sk\/wp-json\/wp\/v2\/types\/product"}],"replies":[{"embeddable":true,"href":"https:\/\/www.moskito.cz\/sk\/wp-json\/wp\/v2\/comments?post=212908"}],"wp:featuredmedia":[{"embeddable":true,"href":"https:\/\/www.moskito.cz\/sk\/wp-json\/wp\/v2\/media\/212901"}],"wp:attachment":[{"href":"https:\/\/www.moskito.cz\/sk\/wp-json\/wp\/v2\/media?parent=212908"}],"wp:term":[{"taxonomy":"pwb-brand","embeddable":true,"href":"https:\/\/www.moskito.cz\/sk\/wp-json\/wp\/v2\/pwb-brand?post=212908"},{"taxonomy":"product_brand","embeddable":true,"href":"https:\/\/www.moskito.cz\/sk\/wp-json\/wp\/v2\/product_brand?post=212908"},{"taxonomy":"product_cat","embeddable":true,"href":"https:\/\/www.moskito.cz\/sk\/wp-json\/wp\/v2\/product_cat?post=212908"},{"taxonomy":"product_tag","embeddable":true,"href":"https:\/\/www.moskito.cz\/sk\/wp-json\/wp\/v2\/product_tag?post=212908"}],"curies":[{"name":"wp","href":"https:\/\/api.w.org\/{rel}","templated":true}]}}