{"id":214175,"date":"2022-04-10T22:01:29","date_gmt":"2022-04-10T21:01:29","guid":{"rendered":"https:\/\/www.moskito.cz\/?post_type=product&#038;p=214175"},"modified":"2026-03-02T12:24:29","modified_gmt":"2026-03-02T11:24:29","slug":"zaviraci-nuz-boker-magnum-eternal-classic-thumb-01ry324","status":"publish","type":"product","link":"https:\/\/www.moskito.cz\/sk\/produkt\/zaviraci-nuz-boker-magnum-eternal-classic-thumb-01ry324\/","title":{"rendered":"Zav\u00edrac\u00ed N\u016f\u017e B\u00f6ker Magnum Eternal Classic Thumb 01RY324"},"content":{"rendered":"<p>Zav\u00edrac\u00ed N\u016f\u017e <strong>B\u00f6ke<\/strong>r Magnum Eternal Classic Thumb 01RY324.<\/p>\n<p>Tato verze obl\u00edben\u00e9ho <strong>Magnum<\/strong> Eternal Classic je vybavena praktick\u00fdm kol\u00edkem na palec , tak\u017ee line\u00e1rn\u00ed kapesn\u00ed n\u016f\u017e lze snadno otev\u0159\u00edt jednou rukou. T\u00e9m\u011b\u0159 \u0161pi\u010dat\u00e1 zadn\u00ed \u010depel vyroben\u00e1 ze sat\u00e9nov\u011b upraven\u00e9ho 440A m\u00e1 v\u00fdrazn\u00e9 ricasso , kter\u00e9 z d\u00e1lky p\u0159ipom\u00edn\u00e1 \u017eraloka. \u0160t\u00edhl\u00e1 rukoje\u0165 z nerezov\u00e9 oceli s jednoduchou texturou se pohodln\u011b dr\u017e\u00ed a obsahuje spolehliv\u00fd r\u00e1mov\u00fd z\u00e1mek . S hlubokou sponou pro p\u0159en\u00e1\u0161en\u00ed (sklopen\u00edm dol\u016f) a otvorem pro \u0161\u0148\u016frku .<\/p>\n<p>Typ polo\u017eky: kapesn\u00ed n\u016f\u017e<br \/>\nCelkov\u00e1 d\u00e9lka: 20,40 cm<br \/>\nD\u00e9lka \u010depele: 9,00 cm<br \/>\nS\u00edla \u010depele: 2,84 mm<br \/>\nHmotnost: 116,00 g<br \/>\nMateri\u00e1l \u010depele: 440A<\/p>\n<p>This version of the popular Magnum Eternal Classic is supplied with a practical thumb stud so that the straight-bladed pocket knife can be opened comfortably with one hand. The almost spine-tipped blade made of satin-finished 440A has a distinctive ricasso, which from a distance is reminiscent of a shark. The slim, simply textured stainless steel handle fits comfortably in the hand and houses the reliable framelock. Supplied with a deep-carry clip (tip-down) and a lanyard hole.<\/p>\n<p>Type:<br \/>\nPocket Knife<br \/>\nOverall Length:<br \/>\n20,40 cm<br \/>\nBlade Length:<br \/>\n9,00 cm<br \/>\nBlade Thickness:<br \/>\n2,84 mm<br \/>\nWeight:<br \/>\n116,00 g<br \/>\nBlade Material:<br \/>\n440A<br \/>\nHandle Material:<br \/>\nSteel<br \/>\nOpener:<br \/>\nThumb Stud<br \/>\nOpening:<br \/>\nManual<br \/>\nLock Type:<br \/>\nFramelock<br \/>\nMade in:<br \/>\nAsia<br \/>\nColor:<br \/>\nGray<br \/>\nBlade Color:<br \/>\nUncoated<br \/>\nItem Number:<br \/>\n01RY324<\/p>\n<p>&nbsp;<\/p>\n","protected":false},"excerpt":{"rendered":"<p>No\u017e\u00ed\u0159sk\u00e1 manufaktura\u00a0<strong>B\u00f6ker<\/strong>\u00a0se postupem \u010dasu vypracovala na glob\u00e1ln\u00edho inova\u010dn\u00edho l\u00eddra a nejv\u011bt\u0161\u00edho v\u00fdrobce sportovn\u00edch no\u017e\u016f, taktick\u00fdch no\u017e\u016f a sb\u011bratelsk\u00fdch no\u017e\u016f v Evrop\u011b.<\/p>\n","protected":false},"featured_media":214176,"comment_status":"open","ping_status":"closed","template":"","meta":[],"pwb-brand":[140],"product_brand":[],"product_cat":[22,17],"product_tag":[3667],"class_list":{"0":"post-214175","1":"product","2":"type-product","3":"status-publish","4":"has-post-thumbnail","6":"pwb-brand-boker","7":"product_cat-zaviraci-noze","8":"product_cat-noze","9":"product_tag-b2b","11":"first","12":"outofstock","13":"taxable","14":"shipping-taxable","15":"purchasable","16":"product-type-simple"},"brands":[{"id":140,"name":"Boker","slug":"boker"}],"_links":{"self":[{"href":"https:\/\/www.moskito.cz\/sk\/wp-json\/wp\/v2\/product\/214175","targetHints":{"allow":["GET"]}}],"collection":[{"href":"https:\/\/www.moskito.cz\/sk\/wp-json\/wp\/v2\/product"}],"about":[{"href":"https:\/\/www.moskito.cz\/sk\/wp-json\/wp\/v2\/types\/product"}],"replies":[{"embeddable":true,"href":"https:\/\/www.moskito.cz\/sk\/wp-json\/wp\/v2\/comments?post=214175"}],"wp:featuredmedia":[{"embeddable":true,"href":"https:\/\/www.moskito.cz\/sk\/wp-json\/wp\/v2\/media\/214176"}],"wp:attachment":[{"href":"https:\/\/www.moskito.cz\/sk\/wp-json\/wp\/v2\/media?parent=214175"}],"wp:term":[{"taxonomy":"pwb-brand","embeddable":true,"href":"https:\/\/www.moskito.cz\/sk\/wp-json\/wp\/v2\/pwb-brand?post=214175"},{"taxonomy":"product_brand","embeddable":true,"href":"https:\/\/www.moskito.cz\/sk\/wp-json\/wp\/v2\/product_brand?post=214175"},{"taxonomy":"product_cat","embeddable":true,"href":"https:\/\/www.moskito.cz\/sk\/wp-json\/wp\/v2\/product_cat?post=214175"},{"taxonomy":"product_tag","embeddable":true,"href":"https:\/\/www.moskito.cz\/sk\/wp-json\/wp\/v2\/product_tag?post=214175"}],"curies":[{"name":"wp","href":"https:\/\/api.w.org\/{rel}","templated":true}]}}