{"id":214356,"date":"2022-04-14T20:47:36","date_gmt":"2022-04-14T19:47:36","guid":{"rendered":"https:\/\/www.moskito.cz\/?post_type=product&#038;p=214356"},"modified":"2025-05-07T10:38:07","modified_gmt":"2025-05-07T09:38:07","slug":"zaviraci-nuz-rockstead-nehan-zdp-er-titan-umely-mramor-mb","status":"publish","type":"product","link":"https:\/\/www.moskito.cz\/sk\/produkt\/zaviraci-nuz-rockstead-nehan-zdp-er-titan-umely-mramor-mb\/","title":{"rendered":"Zav\u00edrac\u00ed N\u016f\u017e Rockstead NEHAN-ZDP (ER) Titan-Um\u011bl\u00fd Mramor (MB)"},"content":{"rendered":"<p>Zav\u00edrac\u00ed N\u016f\u017e <strong>Rockstead<\/strong> NEHAN-ZDP (ER) Titan-Um\u011bl\u00fd Mramor (MB)<\/p>\n<p><strong>Rockstead<\/strong> vyr\u00e1b\u011bl p\u016fvodn\u00ed NEHAN v letech 2007 a\u017e 2010 a rozhodl se, \u017ee rok 2017 je ten spr\u00e1vn\u00fd \u010das ud\u011blat aktualizovanou verzi tohoto modelu. Byl navr\u017een Koji Harou, velmi slavn\u00fdm zak\u00e1zkov\u00fdm no\u017e\u00ed\u0159em zn\u00e1m\u00fdm po cel\u00e9m sv\u011bt\u011b, a je to velmi v\u011brn\u00e1, klasick\u00e1 reprezentace p\u016fvodn\u00edho kusu. V\u0161echny materi\u00e1ly jsou v\u0161ak zcela odli\u0161n\u00e9, d\u00edky \u010demu\u017e je tento NEHAN \u0161pi\u010dkov\u011bj\u0161\u00edm a tvrd\u0161\u00edm n\u00e1strojem ne\u017e origin\u00e1l.<\/p>\n<p><strong>NEHAN<\/strong> je dokonal\u00fdm p\u0159\u00edkladem japonsk\u00e9ho stylu, \u0159emesln\u00e9ho zpracov\u00e1n\u00ed a pozornosti k detailu. Jedn\u00e1 se o jeden z nejkvalitn\u011bj\u0161\u00edch zav\u00edrac\u00edch no\u017e\u016f dostupn\u00fdch na sv\u011bt\u011b s odborn\u00fdmi znalostmi <strong>Rockstead<\/strong> kultivovan\u00fdmi mnohalet\u00fdmi zku\u0161enostmi. \u010cepel je vyrobena z oceli ZDP-189 s tradi\u010dn\u00edm zrcadlov\u011b le\u0161t\u011bn\u00fdm povrchem a zamyk\u00e1 se pomoc\u00ed tla\u010d\u00edtka. U <strong>NEHAN<\/strong> jsou k dispozici dv\u011b r\u016fzn\u00e9 varianty materi\u00e1lu rukojeti; oba jsou odoln\u00e9 a maj\u00ed p\u0159esn\u011b stejn\u00fd vzor fr\u00e9zov\u00e1n\u00ed. MB je &#8222;um\u011bl\u00fd mramor&#8220;, pou\u017e\u00edvan\u00fd ve \u0161pi\u010dkov\u00fdch kuchy\u0148sk\u00fdch desk\u00e1ch, zat\u00edmco ER je &#8222;ebonit&#8220;, pou\u017e\u00edvan\u00fd ve \u0161pi\u010dkov\u00fdch plnic\u00edch perech. Tyto materi\u00e1ly jsou p\u0159ipevn\u011bny k titanov\u00fdm vlo\u017ek\u00e1m, aby no\u017ee m\u011bly pevnost a odolnost. Sou\u010dasn\u00e9 p\u0159esn\u00e9 dokon\u010den\u00ed procesu v\u00fdroby rukojeti umo\u017e\u0148uje Rockstead postavit n\u016f\u017e bez viditeln\u00fdch \u0161roub\u016f, co\u017e zachov\u00e1v\u00e1 \u010dist\u00fd vzhled tohoto designu, kter\u00fd m\u00e1 vypadat jako z\u00e1hyb japonsk\u00e9ho kimona. C\u00edt\u00ed se extr\u00e9mn\u011b pohodln\u011b a pevn\u011b v ruce. Jednotliv\u011b \u010d\u00edslovan\u00e9.<\/p>\n<p>P\u0159i spr\u00e1vn\u00e9 \u00fadr\u017eb\u011b je zn\u00e1mo, \u017ee <strong>Rocksteads<\/strong> udr\u017e\u00ed ostrou hranu po dobu 2-3 let.<\/p>\n<p>Materi\u00e1l \u010depele: ZDP189<br \/>\nD\u00e9lka \u010depele: 65 mm<br \/>\nTvar ost\u0159\u00ed: HONZUKURI<br \/>\nTlou\u0161\u0165ka \u010depele: 2,5 mm<br \/>\nTvrdost \u010depele 67 HRC<br \/>\nCelkov\u00e1 d\u00e9lka: 147 mm<br \/>\nHmotnost: 58 g<br \/>\nPojistka: tla\u010d\u00edtkov\u00e1<br \/>\nOtev\u00edr\u00e1n\u00ed no\u017ee: oboustran\u00fd kol\u00ed\u010dek na palec<br \/>\nSt\u0159enka: Titan-Um\u011bl\u00fd Mramor<br \/>\nKo\u017een\u00e9 pouzdro s klipem na opasek<\/p>\n<p>Rockstead produced the original NEHAN from 2007 to 2010 and decided that 2017 was the right time to do an updated version of this model. It was designed by Koji Hara, a very famous custom knifemaker known the world over, and it&#8217;s a very true, classic representation of the original piece. However, all the materials are totally different making this NEHAN a more high-end, hard use tool than the original.<\/p>\n<p>The NEHAN is a perfect example of Japanese styling, craftsmanship, and attention to detail. This is one of the highest quality folding knives available in the world with Rockstead&#8217;s expertise cultivated through years of experience. The blade is ZDP-189 steel with their traditional mirror polished finish and locks up with a button lock mechanism. There are two different handle material options with the NEHAN; both are durable and feature the exact same milling pattern. The MB is &#8222;Artificial Marble&#8220;, used in high-end kitchen countertops while the ER is &#8222;Ebonite&#8220;, used in high-end fountain pens. These materials are fixed to titanium liners to give the knife strength and durability throughout. The simultaneous precision finishing of the handle manufacturing process allows Rockstead to construct the knife without visible screws which keeps the clean look of this design, meant to look like the fold of a Japanese Kimono. Feels extremely comfortable and solid in the hand. Individually numbered.<\/p>\n<p>With proper maintenance, Rocksteads are known to keep a sharp edge for 2-3 years. Rockstead Knives come with free sharpening and regrinding. You would be responsible for shipping charges to and from Japan.<\/p>\n<p>Be sure to register your Rockstead Knife here.<\/p>\n<p>Specifications<br \/>\nBlade Length: 2.50&#8243;<br \/>\nOverall Length: 5.875&#8243;<br \/>\nBlade Material: ZDP-189<br \/>\nBlade Thickness: 0.10&#8243;<br \/>\nBlade Hardness: 67 HRC (approximate)<br \/>\nHandle Material: Artificial Marble<br \/>\nLiner Material: Titanium<br \/>\nWeight: 2.05 oz.<br \/>\nMade in Japan<\/p>\n<p><iframe title=\"ROCKSTEAD KNIFE cutting ability\" width=\"800\" height=\"600\" src=\"https:\/\/www.youtube.com\/embed\/PY3C7W7_sSU?start=10&#038;feature=oembed\" frameborder=\"0\" allow=\"accelerometer; autoplay; clipboard-write; encrypted-media; gyroscope; picture-in-picture\" allowfullscreen><\/iframe><\/p>\n<p>&nbsp;<\/p>\n<p>&nbsp;<\/p>\n<p>&nbsp;<\/p>\n<p>&nbsp;<\/p>\n","protected":false},"excerpt":{"rendered":"<p>N\u016f\u017e\u00a0<strong>Rockstead<\/strong>\u00a0je uzn\u00e1v\u00e1n jako tov\u00e1rn\u00ed zak\u00e1zkov\u00fd n\u016f\u017e. Vyu\u017e\u00edv\u00e1me jak pou\u017eit\u00ed pokro\u010dil\u00fdch obr\u00e1b\u011bc\u00edch n\u00e1stroj\u016f, tak \u0159emeslnou zru\u010dnost na\u0161ich osmi\u010dlenn\u00fdch zam\u011bstnanc\u016f. N\u00e1\u0161 \u0159emesln\u00edk ru\u010dn\u011b opracov\u00e1v\u00e1 \u010depel po procesu zrcadlov\u00e9ho le\u0161t\u011bn\u00ed a poskytuje stejn\u011b vysokou kvalitu pr\u00e1ce, jakou lze o\u010dek\u00e1vat u skute\u010dn\u00e9ho zak\u00e1zkov\u00e9ho no\u017ee. Na\u0161e tov\u00e1rn\u00ed zak\u00e1zkov\u00e9 no\u017ee jsou zcela jin\u00e9 kvality ne\u017e s\u00e9riov\u011b vyr\u00e1b\u011bn\u00e9 no\u017ee.<\/p>\n<p><strong>Doprava zdarma.<\/strong><\/p>\n","protected":false},"featured_media":214357,"comment_status":"open","ping_status":"closed","template":"","meta":[],"pwb-brand":[3227],"product_brand":[],"product_cat":[22,17],"product_tag":[],"class_list":{"0":"post-214356","1":"product","2":"type-product","3":"status-publish","4":"has-post-thumbnail","6":"pwb-brand-rockstead","7":"product_cat-zaviraci-noze","8":"product_cat-noze","10":"first","11":"instock","12":"taxable","13":"shipping-taxable","14":"purchasable","15":"product-type-simple"},"brands":[{"id":3227,"name":"Rockstead","slug":"rockstead"}],"_links":{"self":[{"href":"https:\/\/www.moskito.cz\/sk\/wp-json\/wp\/v2\/product\/214356","targetHints":{"allow":["GET"]}}],"collection":[{"href":"https:\/\/www.moskito.cz\/sk\/wp-json\/wp\/v2\/product"}],"about":[{"href":"https:\/\/www.moskito.cz\/sk\/wp-json\/wp\/v2\/types\/product"}],"replies":[{"embeddable":true,"href":"https:\/\/www.moskito.cz\/sk\/wp-json\/wp\/v2\/comments?post=214356"}],"wp:featuredmedia":[{"embeddable":true,"href":"https:\/\/www.moskito.cz\/sk\/wp-json\/wp\/v2\/media\/214357"}],"wp:attachment":[{"href":"https:\/\/www.moskito.cz\/sk\/wp-json\/wp\/v2\/media?parent=214356"}],"wp:term":[{"taxonomy":"pwb-brand","embeddable":true,"href":"https:\/\/www.moskito.cz\/sk\/wp-json\/wp\/v2\/pwb-brand?post=214356"},{"taxonomy":"product_brand","embeddable":true,"href":"https:\/\/www.moskito.cz\/sk\/wp-json\/wp\/v2\/product_brand?post=214356"},{"taxonomy":"product_cat","embeddable":true,"href":"https:\/\/www.moskito.cz\/sk\/wp-json\/wp\/v2\/product_cat?post=214356"},{"taxonomy":"product_tag","embeddable":true,"href":"https:\/\/www.moskito.cz\/sk\/wp-json\/wp\/v2\/product_tag?post=214356"}],"curies":[{"name":"wp","href":"https:\/\/api.w.org\/{rel}","templated":true}]}}