{"id":214474,"date":"2022-04-15T16:08:36","date_gmt":"2022-04-15T15:08:36","guid":{"rendered":"https:\/\/www.moskito.cz\/?post_type=product&#038;p=214474"},"modified":"2025-05-07T10:38:08","modified_gmt":"2025-05-07T09:38:08","slug":"hul-gun-sword-cane","status":"publish","type":"product","link":"https:\/\/www.moskito.cz\/sk\/produkt\/hul-gun-sword-cane\/","title":{"rendered":"H\u016fl Gun Sword Cane"},"content":{"rendered":"<p>H\u016fl Gun Sword Cane.<\/p>\n<p>Celkov\u00e1 d\u00e9lka hole je 95,25 cm. Nerezov\u00e1 \u010depel \u00a8je dlouh\u00e1 28,58 cm. \u010cern\u00e1 a st\u0159\u00edbrn\u00e1 rukoje\u0165 je vyrobena ze syntetick\u00e9 a kovov\u00e9 slitiny. \u010cern\u00e1 hlin\u00edkov\u00e1 n\u00e1sada m\u00e1 gumovou patkou.<\/p>\n<p>37.5&#8243; (95.25cm) overall. 11.25&#8243; (28.58cm) stainless blade. Black and silver synthetic and metal alloy handle. Black aluminum shaft with rubber foot. Boxed.<br \/>\nWeight:<br \/>\n4lbs<\/p>\n","protected":false},"excerpt":{"rendered":"<p>H\u016fl Gun Sword Cane s kordem.<\/p>\n","protected":false},"featured_media":214475,"comment_status":"open","ping_status":"closed","template":"","meta":[],"pwb-brand":[202],"product_brand":[],"product_cat":[24,1942],"product_tag":[],"class_list":{"0":"post-214474","1":"product","2":"type-product","3":"status-publish","4":"has-post-thumbnail","6":"pwb-brand-china-made","7":"product_cat-katany-a-mece","8":"product_cat-mece-dyky-repliky","10":"first","11":"outofstock","12":"taxable","13":"shipping-taxable","14":"purchasable","15":"product-type-simple"},"brands":[{"id":202,"name":"China Made","slug":"china-made"}],"_links":{"self":[{"href":"https:\/\/www.moskito.cz\/sk\/wp-json\/wp\/v2\/product\/214474","targetHints":{"allow":["GET"]}}],"collection":[{"href":"https:\/\/www.moskito.cz\/sk\/wp-json\/wp\/v2\/product"}],"about":[{"href":"https:\/\/www.moskito.cz\/sk\/wp-json\/wp\/v2\/types\/product"}],"replies":[{"embeddable":true,"href":"https:\/\/www.moskito.cz\/sk\/wp-json\/wp\/v2\/comments?post=214474"}],"wp:featuredmedia":[{"embeddable":true,"href":"https:\/\/www.moskito.cz\/sk\/wp-json\/wp\/v2\/media\/214475"}],"wp:attachment":[{"href":"https:\/\/www.moskito.cz\/sk\/wp-json\/wp\/v2\/media?parent=214474"}],"wp:term":[{"taxonomy":"pwb-brand","embeddable":true,"href":"https:\/\/www.moskito.cz\/sk\/wp-json\/wp\/v2\/pwb-brand?post=214474"},{"taxonomy":"product_brand","embeddable":true,"href":"https:\/\/www.moskito.cz\/sk\/wp-json\/wp\/v2\/product_brand?post=214474"},{"taxonomy":"product_cat","embeddable":true,"href":"https:\/\/www.moskito.cz\/sk\/wp-json\/wp\/v2\/product_cat?post=214474"},{"taxonomy":"product_tag","embeddable":true,"href":"https:\/\/www.moskito.cz\/sk\/wp-json\/wp\/v2\/product_tag?post=214474"}],"curies":[{"name":"wp","href":"https:\/\/api.w.org\/{rel}","templated":true}]}}