{"id":214757,"date":"2022-04-17T10:24:24","date_gmt":"2022-04-17T09:24:24","guid":{"rendered":"https:\/\/www.moskito.cz\/?post_type=product&#038;p=214757"},"modified":"2025-05-07T10:38:11","modified_gmt":"2025-05-07T09:38:11","slug":"zaviraci-nuz-boker-plus-gust-copper","status":"publish","type":"product","link":"https:\/\/www.moskito.cz\/sk\/produkt\/zaviraci-nuz-boker-plus-gust-copper\/","title":{"rendered":"Zav\u00edrac\u00ed N\u016f\u017e B\u00f6ker Plus Gust Copper"},"content":{"rendered":"<p>Zav\u00edrac\u00ed N\u016f\u017e <strong>B\u00f6ker<\/strong> Plus Gust Copper.<\/p>\n<p>Tato v\u00fdjime\u010dn\u00e1 vintage verze Boker Plus Gust navr\u017een\u00e1 Sergem Panchenkem se vyzna\u010duje m\u011bd\u011bn\u00fdmi stupnicemi na p\u0159edn\u00ed rukojeti, na kter\u00fdch se postupem \u010dasu tvo\u0159\u00ed jedine\u010dn\u00e1 patina. \u010cepel droppoint z D2 je opat\u0159ena robustn\u00ed \u00fapravou Stonewash a je spolehliv\u011b zaji\u0161t\u011bna r\u00e1mov\u00fdm z\u00e1mkem z nerezov\u00e9 oceli. S pomoc\u00ed velkoryse dimenzovan\u00e9ho otvoru pro palec se d\u00e1 pohodln\u011b ovl\u00e1dat. S otvorem pro \u0161\u0148\u016frku, sponou (sklopn\u00e1\/p) a vysoce kvalitn\u00edm nylonov\u00fdm pouzdrem pro ulo\u017een\u00ed.<\/p>\n<p>Druh no\u017ee: Zav\u00edrac\u00ed<br \/>\nDruh oceli: N\u00e1strojov\u00e1 ocel<br \/>\nMateri\u00e1l \u010depele: D2<br \/>\nMateri\u00e1l rukojeti: Kov<br \/>\nPojistka: Frame Lock<br \/>\nPouzdro: bez pouzdra<br \/>\nCelkov\u00e1 d\u00e9lka: 16,7 cm<br \/>\nD\u00e9lka \u010depele: 7,3 cm<br \/>\nTlou\u0161\u0165ka \u010depele: 3,6 mm<br \/>\nHmotnost: 126 g<\/p>\n<p>&nbsp;<\/p>\n","protected":false},"excerpt":{"rendered":"<p>No\u017e\u00ed\u0159sk\u00e1 manufaktura <strong>B\u00f6ker<\/strong> se postupem \u010dasu vypracovala na glob\u00e1ln\u00edho inova\u010dn\u00edho l\u00eddra a nejv\u011bt\u0161\u00edho v\u00fdrobce sportovn\u00edch no\u017e\u016f, taktick\u00fdch no\u017e\u016f a sb\u011bratelsk\u00fdch no\u017e\u016f v Evrop\u011b.<\/p>\n","protected":false},"featured_media":214759,"comment_status":"open","ping_status":"closed","template":"","meta":[],"pwb-brand":[140],"product_brand":[],"product_cat":[22,17],"product_tag":[3667],"class_list":{"0":"post-214757","1":"product","2":"type-product","3":"status-publish","4":"has-post-thumbnail","6":"pwb-brand-boker","7":"product_cat-zaviraci-noze","8":"product_cat-noze","9":"product_tag-b2b","11":"first","12":"instock","13":"taxable","14":"shipping-taxable","15":"purchasable","16":"product-type-simple"},"brands":[{"id":140,"name":"Boker","slug":"boker"}],"_links":{"self":[{"href":"https:\/\/www.moskito.cz\/sk\/wp-json\/wp\/v2\/product\/214757","targetHints":{"allow":["GET"]}}],"collection":[{"href":"https:\/\/www.moskito.cz\/sk\/wp-json\/wp\/v2\/product"}],"about":[{"href":"https:\/\/www.moskito.cz\/sk\/wp-json\/wp\/v2\/types\/product"}],"replies":[{"embeddable":true,"href":"https:\/\/www.moskito.cz\/sk\/wp-json\/wp\/v2\/comments?post=214757"}],"wp:featuredmedia":[{"embeddable":true,"href":"https:\/\/www.moskito.cz\/sk\/wp-json\/wp\/v2\/media\/214759"}],"wp:attachment":[{"href":"https:\/\/www.moskito.cz\/sk\/wp-json\/wp\/v2\/media?parent=214757"}],"wp:term":[{"taxonomy":"pwb-brand","embeddable":true,"href":"https:\/\/www.moskito.cz\/sk\/wp-json\/wp\/v2\/pwb-brand?post=214757"},{"taxonomy":"product_brand","embeddable":true,"href":"https:\/\/www.moskito.cz\/sk\/wp-json\/wp\/v2\/product_brand?post=214757"},{"taxonomy":"product_cat","embeddable":true,"href":"https:\/\/www.moskito.cz\/sk\/wp-json\/wp\/v2\/product_cat?post=214757"},{"taxonomy":"product_tag","embeddable":true,"href":"https:\/\/www.moskito.cz\/sk\/wp-json\/wp\/v2\/product_tag?post=214757"}],"curies":[{"name":"wp","href":"https:\/\/api.w.org\/{rel}","templated":true}]}}