{"id":214849,"date":"2022-04-17T12:21:23","date_gmt":"2022-04-17T11:21:23","guid":{"rendered":"https:\/\/www.moskito.cz\/?post_type=product&#038;p=214849"},"modified":"2026-01-11T08:49:51","modified_gmt":"2026-01-11T07:49:51","slug":"zaviraci-nuz-boker-magnum-outdoor-cuisine-iii","status":"publish","type":"product","link":"https:\/\/www.moskito.cz\/sk\/produkt\/zaviraci-nuz-boker-magnum-outdoor-cuisine-iii\/","title":{"rendered":"Zav\u00edrac\u00ed N\u016f\u017e B\u00f6ker Magnum Outdoor Cuisine III"},"content":{"rendered":"<p>Zav\u00edrac\u00ed N\u016f\u017e <strong>B\u00f6ker<\/strong> Magnum Outdoor Cuisine III<\/p>\n<p>Tento kapesn\u00ed n\u016f\u017e je dokonal\u00fdm spole\u010dn\u00edkem pro piknik nebo p\u0159i stanov\u00e1n\u00ed\/kempov\u00e1n\u00ed. \u010cepel je vyroben\u00e1 z nerezov\u00e9 oceli 440 a je bezpe\u010dn\u011b blokov\u00e1na v otev\u0159en\u00e9 poloze mechanismem pojistky Linerlock. Rukoje\u0165 je vyrobena z r\u016f\u017eov\u00e9ho d\u0159eva a je opat\u0159ena otvorem pro \u0161\u0148\u016fru. Tento model m\u00e1 japonskou \u010depel Nakiri.<\/p>\n<p>Popis produktu<\/p>\n<p>Celkov\u00e1 d\u00e9lka: 26 cm<br \/>\nD\u00e9lka \u010depele: 12 cm<br \/>\nTlou\u0161\u0165ka \u010depele: 1,8 mm<br \/>\nHmotnost: 165 g<br \/>\nMateri\u00e1l \u010depele: 440A<br \/>\nMateri\u00e1l rukojeti: Rosenwood<br \/>\nTyp pojistky: Linerlock<\/p>\n<p>&nbsp;<\/p>\n<p>&nbsp;<\/p>\n","protected":false},"excerpt":{"rendered":"<p><strong>No\u017e\u00ed\u0159sk\u00e1 manufaktura\u00a0B\u00f6ker\u00a0se postupem \u010dasu vypracovala na glob\u00e1ln\u00edho inova\u010dn\u00edho l\u00eddra a nejv\u011bt\u0161\u00edho v\u00fdrobce sportovn\u00edch no\u017e\u016f, taktick\u00fdch no\u017e\u016f a sb\u011bratelsk\u00fdch no\u017e\u016f v Evrop\u011b.<\/strong><\/p>\n","protected":false},"featured_media":214850,"comment_status":"open","ping_status":"closed","template":"","meta":[],"pwb-brand":[140],"product_brand":[],"product_cat":[22,17],"product_tag":[3667],"class_list":{"0":"post-214849","1":"product","2":"type-product","3":"status-publish","4":"has-post-thumbnail","6":"pwb-brand-boker","7":"product_cat-zaviraci-noze","8":"product_cat-noze","9":"product_tag-b2b","11":"first","12":"outofstock","13":"taxable","14":"shipping-taxable","15":"purchasable","16":"product-type-simple"},"brands":[{"id":140,"name":"Boker","slug":"boker"}],"_links":{"self":[{"href":"https:\/\/www.moskito.cz\/sk\/wp-json\/wp\/v2\/product\/214849","targetHints":{"allow":["GET"]}}],"collection":[{"href":"https:\/\/www.moskito.cz\/sk\/wp-json\/wp\/v2\/product"}],"about":[{"href":"https:\/\/www.moskito.cz\/sk\/wp-json\/wp\/v2\/types\/product"}],"replies":[{"embeddable":true,"href":"https:\/\/www.moskito.cz\/sk\/wp-json\/wp\/v2\/comments?post=214849"}],"wp:featuredmedia":[{"embeddable":true,"href":"https:\/\/www.moskito.cz\/sk\/wp-json\/wp\/v2\/media\/214850"}],"wp:attachment":[{"href":"https:\/\/www.moskito.cz\/sk\/wp-json\/wp\/v2\/media?parent=214849"}],"wp:term":[{"taxonomy":"pwb-brand","embeddable":true,"href":"https:\/\/www.moskito.cz\/sk\/wp-json\/wp\/v2\/pwb-brand?post=214849"},{"taxonomy":"product_brand","embeddable":true,"href":"https:\/\/www.moskito.cz\/sk\/wp-json\/wp\/v2\/product_brand?post=214849"},{"taxonomy":"product_cat","embeddable":true,"href":"https:\/\/www.moskito.cz\/sk\/wp-json\/wp\/v2\/product_cat?post=214849"},{"taxonomy":"product_tag","embeddable":true,"href":"https:\/\/www.moskito.cz\/sk\/wp-json\/wp\/v2\/product_tag?post=214849"}],"curies":[{"name":"wp","href":"https:\/\/api.w.org\/{rel}","templated":true}]}}