{"id":214877,"date":"2022-04-17T15:06:48","date_gmt":"2022-04-17T14:06:48","guid":{"rendered":"https:\/\/www.moskito.cz\/?post_type=product&#038;p=214877"},"modified":"2025-10-20T12:52:30","modified_gmt":"2025-10-20T11:52:30","slug":"cold-steel-dragonfly-wakizashi-long-handle","status":"publish","type":"product","link":"https:\/\/www.moskito.cz\/sk\/produkt\/cold-steel-dragonfly-wakizashi-long-handle\/","title":{"rendered":"Cold Steel Dragonfly Wakizashi Long Handle"},"content":{"rendered":"<p><strong>Cold Steel<\/strong> Dragonfly Wakizashi Long Handle<\/p>\n<p>Mnoho dnes nab\u00edzen\u00fdch japonsk\u00fdch me\u010d\u016f je interpreta\u010dn\u00edmi kopiemi staro\u017eitnost\u00ed z feud\u00e1ln\u00edho Japonska a byly vyrobeny pro v\u00e1le\u010dn\u00edky mal\u00e9ho vzr\u016fstu, kte\u0159\u00ed jen z\u0159\u00eddka p\u0159es\u00e1hli p\u011bt a p\u016fl stopy. Jakkoli jsou tyto me\u010de kr\u00e1sn\u00e9 a dovedn\u011b navr\u017een\u00e9, nemus\u00ed se dokonale hodit pro modern\u00edho v\u00e1le\u010dn\u00edka, kter\u00fd vyrostl v podstatn\u011b vy\u0161\u0161\u00ed a siln\u011bj\u0161\u00ed verzi sv\u00e9ho historick\u00e9ho prot\u011bj\u0161ku! S ohledem na to spole\u010dnost Cold Steel vytvo\u0159ila s\u00e9rii Dragonfly Series &#8211; \u0159adu japonsk\u00fdch me\u010d\u016f s tlust\u0161\u00edmi, \u0161ir\u0161\u00edmi a t\u011b\u017e\u0161\u00edmi \u010depelemi. Tyto kr\u00e1sn\u00e9 me\u010de maj\u00ed v\u00fdraznou modrozelenou hedv\u00e1bnou omot\u00e1vku a \u010dern\u00e9 sam\u00e9 (ray skin) rukojeti, kter\u00e9 dopl\u0148uj\u00ed bohat\u00fd \u017eelezn\u00fd n\u00e1bytek s motivem v\u00e1\u017eky. Jejich hluboce zak\u0159iven\u00e9 a ru\u010dn\u011b le\u0161t\u011bn\u00e9 \u010depele z oceli 1060 jsou zakon\u010deny dlouh\u00fdm hrotem \u201eirisov\u00e9ho listu\u201c pro maxim\u00e1ln\u00ed \u0159ezn\u00fd potenci\u00e1l. Dodate\u010dn\u011b, tyto me\u010de jsou dod\u00e1v\u00e1ny se dv\u011bma ochrann\u00fdmi vaky. Modr\u00e1 bavln\u011bn\u00e1 cestovn\u00ed ta\u0161ka a slo\u017eit\u011b dekorativn\u00ed ta\u0161ka na vystaven\u00ed z jemn\u00e9ho t\u011b\u017ek\u00e9ho hedv\u00e1bn\u00e9ho brok\u00e1tu.<\/p>\n<p>PARAMETRY PRODUKTU<br \/>\nBarva : \u010cern\u00e1\/St\u0159\u00edbrn\u00e1<br \/>\nOcel : 1060 Carbon<\/p>\n<p>D\u00e9lka \u010depele: 55 cm<\/p>\n<p>D\u00e9lka rukojeti: 29 cm<\/p>\n<p>Sam\u00e9 (Ray Skin) Rukoje\u0165 s modrozelen\u00fdm hedv\u00e1bn\u00fdm prov\u00e1zkem a mosazn\u00fdm Menuki<\/p>\n<p>Celkov\u00e1 d\u00e9lka: 84 cm<\/p>\n<p>Dodate\u010dn\u00e9 vlastnosti: Rukoje\u0165 Sam\u00e9 (Ray Skin) se \u0161\u0148\u016frkou z hedv\u00e1bn\u00e9ho opletu \u0161edozelen\u00e9 barvy a mosazn\u00fdm menuki. \u010cern\u00e1 lakovan\u00e1 d\u0159ev\u011bn\u00e1 pochva. Rozsah d\u00e9lek \u010depele: 20-30 in Steel Rodina: Vysoce uhl\u00edkov\u00e9 oceli Styl me\u010de: Japonsk\u00e1 Produktov\u00e1 \u0159ada: Dragon Fly<\/p>\n<p>Many Japanese swords offered today are interpretive copies of antiquities from feudal Japan, and they were made for warriors of small stature who seldom rose above five and a half feet. As beautiful and skillfully designed as these swords are, they may not be perfectly suited for the modern warrior, who has grown to be a substantially taller and stronger version of his historical counterpart! With that in mind, Cold Steel has created the Dragonfly Series &#8211; a line of Japanese swords featuring thicker, wider and heavier blades. These beautiful swords have a distinctive teal-green silk cord-wrap and black sam\u00e9 (ray skin) handles, complementing rich iron furniture with a dragonfly motif. Their deeply curved and hand polished 1060 steel blades terminate in a long &#8222;iris leaf&#8220; point for maximum cutting potential. Additionally, these swords come with two protective bags. A blue cotton travel bag and an intricately decorative display bag made from fine heavy silk brocade.<\/p>\n<p>Blade Thickness: 5\/16&#8243; Blade Length: 22&#8243; Blade Steel: 1060 Carbon Handle Length\/Material: 11 1\/2&#8243; Sam\u00e9 (Ray Skin) Handle with Teal Green Silk Braid Cord &amp; Brass Menuki Overall Length: 33-1\/2&#8243; Additional Features: Sam\u00e9 (Ray Skin) Handle with Teal Green Silk Braid Cord &amp; Brass Menuki.Black Lacquered Wood Scabbard. Blade Length Range: 20-30 in Steel Family: High Carbon Steels Sword Style: Japanese Product Family: Dragon Fly<\/p>\n","protected":false},"excerpt":{"rendered":"<p><strong>Cold Steel<\/strong> Wakizashi Dragonfly Series.<\/p>\n<p><strong>Doprava zdarma.<\/strong><\/p>\n<p>&nbsp;<\/p>\n","protected":false},"featured_media":214878,"comment_status":"open","ping_status":"closed","template":"","meta":[],"pwb-brand":[211],"product_brand":[],"product_cat":[24,1942],"product_tag":[3667],"class_list":{"0":"post-214877","1":"product","2":"type-product","3":"status-publish","4":"has-post-thumbnail","6":"pwb-brand-cold-steel","7":"product_cat-katany-a-mece","8":"product_cat-mece-dyky-repliky","9":"product_tag-b2b","11":"first","12":"outofstock","13":"taxable","14":"shipping-taxable","15":"purchasable","16":"product-type-simple"},"brands":[{"id":211,"name":"Cold Steel","slug":"cold-steel"}],"_links":{"self":[{"href":"https:\/\/www.moskito.cz\/sk\/wp-json\/wp\/v2\/product\/214877","targetHints":{"allow":["GET"]}}],"collection":[{"href":"https:\/\/www.moskito.cz\/sk\/wp-json\/wp\/v2\/product"}],"about":[{"href":"https:\/\/www.moskito.cz\/sk\/wp-json\/wp\/v2\/types\/product"}],"replies":[{"embeddable":true,"href":"https:\/\/www.moskito.cz\/sk\/wp-json\/wp\/v2\/comments?post=214877"}],"wp:featuredmedia":[{"embeddable":true,"href":"https:\/\/www.moskito.cz\/sk\/wp-json\/wp\/v2\/media\/214878"}],"wp:attachment":[{"href":"https:\/\/www.moskito.cz\/sk\/wp-json\/wp\/v2\/media?parent=214877"}],"wp:term":[{"taxonomy":"pwb-brand","embeddable":true,"href":"https:\/\/www.moskito.cz\/sk\/wp-json\/wp\/v2\/pwb-brand?post=214877"},{"taxonomy":"product_brand","embeddable":true,"href":"https:\/\/www.moskito.cz\/sk\/wp-json\/wp\/v2\/product_brand?post=214877"},{"taxonomy":"product_cat","embeddable":true,"href":"https:\/\/www.moskito.cz\/sk\/wp-json\/wp\/v2\/product_cat?post=214877"},{"taxonomy":"product_tag","embeddable":true,"href":"https:\/\/www.moskito.cz\/sk\/wp-json\/wp\/v2\/product_tag?post=214877"}],"curies":[{"name":"wp","href":"https:\/\/api.w.org\/{rel}","templated":true}]}}