{"id":214910,"date":"2022-04-17T17:04:12","date_gmt":"2022-04-17T16:04:12","guid":{"rendered":"https:\/\/www.moskito.cz\/?post_type=product&#038;p=214910"},"modified":"2025-05-07T10:38:18","modified_gmt":"2025-05-07T09:38:18","slug":"cold-steel-dragon-fly-wakizashi","status":"publish","type":"product","link":"https:\/\/www.moskito.cz\/sk\/produkt\/cold-steel-dragon-fly-wakizashi\/","title":{"rendered":"Cold Steel DRAGON FLY WAKIZASHI"},"content":{"rendered":"<p><strong>Cold Steel<\/strong> DRAGON FLY WAKIZASHI<\/p>\n<p>Mnoho dnes nab\u00edzen\u00fdch japonsk\u00fdch me\u010d\u016f je interpreta\u010dn\u00edmi kopiemi staro\u017eitnost\u00ed z feud\u00e1ln\u00edho Japonska a byly vyrobeny pro v\u00e1le\u010dn\u00edky mal\u00e9ho vzr\u016fstu, kte\u0159\u00ed jen z\u0159\u00eddka p\u0159es\u00e1hli p\u011bt a p\u016fl stopy. Jakkoli jsou tyto me\u010de kr\u00e1sn\u00e9 a dovedn\u011b navr\u017een\u00e9, nemus\u00ed se dokonale hodit pro modern\u00edho v\u00e1le\u010dn\u00edka, kter\u00fd vyrostl v podstatn\u011b vy\u0161\u0161\u00ed a siln\u011bj\u0161\u00ed verzi sv\u00e9ho historick\u00e9ho prot\u011bj\u0161ku! S ohledem na to spole\u010dnost Cold Steel vytvo\u0159ila s\u00e9rii Dragonfly Series &#8211; \u0159adu japonsk\u00fdch me\u010d\u016f s tlust\u0161\u00edmi, \u0161ir\u0161\u00edmi a t\u011b\u017e\u0161\u00edmi \u010depelemi. Tyto kr\u00e1sn\u00e9 me\u010de maj\u00ed v\u00fdraznou modrozelenou hedv\u00e1bnou omot\u00e1vku a \u010dern\u00e9 sam\u00e9 (ray skin) rukojeti, kter\u00e9 dopl\u0148uj\u00ed bohat\u00fd \u017eelezn\u00fd n\u00e1bytek s motivem v\u00e1\u017eky. Jejich hluboce zak\u0159iven\u00e9 a ru\u010dn\u011b le\u0161t\u011bn\u00e9 \u010depele z oceli 1060 jsou zakon\u010deny dlouhou irisovou \u0161pi\u010dkou pro maxim\u00e1ln\u00ed \u0159ezn\u00fd potenci\u00e1l. Dodate\u010dn\u011b, tyto me\u010de jsou dod\u00e1v\u00e1ny se dv\u011bma ochrann\u00fdmi vaky. Modr\u00e1 bavln\u011bn\u00e1 cestovn\u00ed ta\u0161ka a slo\u017eit\u011b dekorativn\u00ed ta\u0161ka na vystaven\u00ed z jemn\u00e9ho t\u011b\u017ek\u00e9ho hedv\u00e1bn\u00e9ho brok\u00e1tu.<\/p>\n<p>PARAMETRY PRODUKTU<br \/>\nCelkov\u00e1 velikost : 800 mm<br \/>\nBarva : \u010cern\u00e1\/St\u0159\u00edbrn\u00e1<br \/>\nOcel : 1060 Carbon<br \/>\nD\u00e9lka rukojeti : 241 mm<br \/>\nTlou\u0161\u0165ka \u010depele : 7,93 mm<br \/>\nHmotnost : 858,99 g<\/p>\n<p>Many Japanese swords offered today are interpretive copies of antiquities from feudal Japan, and they were made for warriors of small stature who seldom rose above five and a half feet. As beautiful and skillfully designed as these swords are, they may not be perfectly suited for the modern warrior, who has grown to be a substantially taller and stronger version of his historical counterpart! With that in mind, Cold Steel has created the Dragonfly Series &#8211; a line of Japanese swords featuring thicker, wider and heavier blades. These beautiful swords have a distinctive teal-green silk cord-wrap and black sam\u00e9 (ray skin) handles, complementing rich iron furniture with a dragonfly motif. Their deeply curved and hand polished 1060 steel blades terminate in a long iris leaf point for maximum cutting potential. Additionally, these swords come with two protective bags. A blue cotton travel bag and an intricately decorative display bag made from fine heavy silk brocade.<\/p>\n<p>Weight: 30.3oz Blade Thickness: 5\/16in Blade Length: 22in Blade Steel: 1060 Carbon Handle Length\/Material: 9-1\/2in Overall Length: 31-1\/2in Additional Features: Sam\u00a9 (Ray Skin) Handle with Teal Green Silk Braid Cord &amp; Brass Menuki. Black Lacquered Wood Scabbard. Blade Length Range: 20-30 in Steel Family: High Carbon Steels Sword Style: Japanese Product Family: Dragon Fly<\/p>\n","protected":false},"excerpt":{"rendered":"<p>Japonsk\u00fd me\u010d stejn\u00e9ho vzhledu jako m\u00e1 katana, se kterou byl pou\u017e\u00edv\u00e1n v p\u00e1ru\u00a0 jako z\u00e1lo\u017en\u00ed zbra\u0148.<\/p>\n","protected":false},"featured_media":214914,"comment_status":"open","ping_status":"closed","template":"","meta":[],"pwb-brand":[211],"product_brand":[],"product_cat":[24,1942],"product_tag":[3667],"class_list":{"0":"post-214910","1":"product","2":"type-product","3":"status-publish","4":"has-post-thumbnail","6":"pwb-brand-cold-steel","7":"product_cat-katany-a-mece","8":"product_cat-mece-dyky-repliky","9":"product_tag-b2b","11":"first","12":"outofstock","13":"taxable","14":"shipping-taxable","15":"purchasable","16":"product-type-simple"},"brands":[{"id":211,"name":"Cold Steel","slug":"cold-steel"}],"_links":{"self":[{"href":"https:\/\/www.moskito.cz\/sk\/wp-json\/wp\/v2\/product\/214910","targetHints":{"allow":["GET"]}}],"collection":[{"href":"https:\/\/www.moskito.cz\/sk\/wp-json\/wp\/v2\/product"}],"about":[{"href":"https:\/\/www.moskito.cz\/sk\/wp-json\/wp\/v2\/types\/product"}],"replies":[{"embeddable":true,"href":"https:\/\/www.moskito.cz\/sk\/wp-json\/wp\/v2\/comments?post=214910"}],"wp:featuredmedia":[{"embeddable":true,"href":"https:\/\/www.moskito.cz\/sk\/wp-json\/wp\/v2\/media\/214914"}],"wp:attachment":[{"href":"https:\/\/www.moskito.cz\/sk\/wp-json\/wp\/v2\/media?parent=214910"}],"wp:term":[{"taxonomy":"pwb-brand","embeddable":true,"href":"https:\/\/www.moskito.cz\/sk\/wp-json\/wp\/v2\/pwb-brand?post=214910"},{"taxonomy":"product_brand","embeddable":true,"href":"https:\/\/www.moskito.cz\/sk\/wp-json\/wp\/v2\/product_brand?post=214910"},{"taxonomy":"product_cat","embeddable":true,"href":"https:\/\/www.moskito.cz\/sk\/wp-json\/wp\/v2\/product_cat?post=214910"},{"taxonomy":"product_tag","embeddable":true,"href":"https:\/\/www.moskito.cz\/sk\/wp-json\/wp\/v2\/product_tag?post=214910"}],"curies":[{"name":"wp","href":"https:\/\/api.w.org\/{rel}","templated":true}]}}