{"id":214948,"date":"2022-04-17T20:59:34","date_gmt":"2022-04-17T19:59:34","guid":{"rendered":"https:\/\/www.moskito.cz\/?post_type=product&#038;p=214948"},"modified":"2026-02-02T11:43:25","modified_gmt":"2026-02-02T10:43:25","slug":"zaviraci-nuz-cold-steel-xl-espada-g-10-aus10a","status":"publish","type":"product","link":"https:\/\/www.moskito.cz\/sk\/produkt\/zaviraci-nuz-cold-steel-xl-espada-g-10-aus10a\/","title":{"rendered":"Zav\u00edrac\u00ed N\u016f\u017e Cold Steel XL ESPADA G-10 62MGC"},"content":{"rendered":"<h2 data-start=\"187\" data-end=\"234\">Zav\u00edrac\u00ed n\u016f\u017e Cold Steel XL ESPADA G-10 62MGC<\/h2>\n<p data-start=\"236\" data-end=\"583\">Jakmile otev\u0159e\u0161 masivn\u00ed \u010depel <strong data-start=\"266\" data-end=\"290\">Cold Steel XL Espada<\/strong> pomoc\u00ed typick\u00e9ho Demko thumb disku a usly\u0161\u00ed\u0161 pevn\u00e9 zaklapnut\u00ed z\u00e1mku Tri-Ad Lock, je okam\u017eit\u011b jasn\u00e9, \u017ee tohle nen\u00ed oby\u010dejn\u00fd zav\u00edrac\u00ed n\u016f\u017e. XL Espada je monument mezi foldery \u2013 n\u016f\u017e, kter\u00fd kombinuje historickou inspiraci \u0161pan\u011blskou Navajou s modern\u00ed extr\u00e9mn\u011b odolnou konstrukc\u00ed zna\u010dky Cold Steel.<\/p>\n<p data-start=\"585\" data-end=\"721\">Tento model je ur\u010den pro u\u017eivatele, kte\u0159\u00ed cht\u011bj\u00ed <strong data-start=\"634\" data-end=\"720\">maxim\u00e1ln\u00ed \u0159ezn\u00fd v\u00fdkon, absolutn\u00ed jistotu a n\u016f\u017e, kter\u00fd se neboj\u00ed velikosti ani s\u00edly<\/strong>.<\/p>\n<hr data-start=\"723\" data-end=\"726\" \/>\n<h2 data-start=\"728\" data-end=\"752\">Charakter a filozofie<\/h2>\n<p data-start=\"754\" data-end=\"1006\">Cold Steel XL Espada je zt\u011blesn\u011bn\u00edm filozofie \u201ev\u00edce je v\u00edce\u201c. Nehraje si na nen\u00e1padn\u00e9 EDC \u2013 jeho \u00fa\u010delem je <strong data-start=\"861\" data-end=\"887\">s\u00edla, dosah a kontrola<\/strong>. Dlouh\u00e1 \u010depel poskytuje enormn\u00ed \u0159eznou plochu, zat\u00edmco ergonomick\u00e1 rukoje\u0165 umo\u017e\u0148uje pevn\u00fd \u00fachop i p\u0159i silov\u00fdch \u0159ezech.<\/p>\n<p data-start=\"1008\" data-end=\"1229\">\u010cepel z japonsk\u00e9 oceli <strong data-start=\"1031\" data-end=\"1042\">AUS-10A<\/strong> je kalena tak, aby nab\u00eddla velmi dobrou kombinaci tvrdosti, hou\u017eevnatosti a snadn\u00e9 \u00fadr\u017eby. D\u00edky sv\u00e9 d\u00e9lce a profilu si Espada XL porad\u00ed s \u00fakoly, na kter\u00e9 jsou b\u011b\u017en\u00e9 zav\u00edrac\u00ed no\u017ee kr\u00e1tk\u00e9.<\/p>\n<p data-start=\"1231\" data-end=\"1382\">Rukoje\u0165 z odoln\u00e9ho <strong data-start=\"1250\" data-end=\"1258\">G-10<\/strong> je dlouh\u00e1, masivn\u00ed a tvarovan\u00e1 tak, aby poskytovala maxim\u00e1ln\u00ed kontrolu. I p\u0159i pln\u00e9m nasazen\u00ed m\u00e1\u0161 pocit jistoty a stability.<\/p>\n<p data-start=\"1384\" data-end=\"1602\">Srdcem no\u017ee je legend\u00e1rn\u00ed <strong data-start=\"1410\" data-end=\"1425\">Tri-Ad Lock<\/strong>, pova\u017eovan\u00fd za jeden z nejpevn\u011bj\u0161\u00edch z\u00e1mk\u016f mezi zav\u00edrac\u00edmi no\u017ei. Tento mechanismus je konstruov\u00e1n tak, aby odol\u00e1val extr\u00e9mn\u00edmu zat\u00ed\u017een\u00ed a chr\u00e1nil \u010depel p\u0159ed ne\u017e\u00e1douc\u00edm pohybem.<\/p>\n<hr data-start=\"1604\" data-end=\"1607\" \/>\n<h2 data-start=\"1609\" data-end=\"1624\">\ud83c\udfed O v\u00fdrobci<\/h2>\n<p data-start=\"1626\" data-end=\"1957\"><strong data-start=\"1626\" data-end=\"1640\">Cold Steel<\/strong> je zna\u010dka zn\u00e1m\u00e1 po cel\u00e9m sv\u011bt\u011b svou posedlost\u00ed pevnost\u00ed, odolnost\u00ed a praktick\u00fdm v\u00fdkonem. Jejich no\u017ee jsou testov\u00e1ny v extr\u00e9mn\u00edch podm\u00ednk\u00e1ch a \u010dasto posouvaj\u00ed hranice toho, co lze od zav\u00edrac\u00edho no\u017ee o\u010dek\u00e1vat. Modelov\u00e1 \u0159ada <strong data-start=\"1863\" data-end=\"1873\">Espada<\/strong> se stala ikonou d\u00edky kombinaci ob\u0159\u00edch rozm\u011br\u016f a nekompromisn\u00ed mechanick\u00e9 odolnosti.<\/p>\n<hr data-start=\"1959\" data-end=\"1962\" \/>\n<h2 data-start=\"1964\" data-end=\"1991\">\u2699\ufe0f Technick\u00e9 specifikace<\/h2>\n<div class=\"TyagGW_tableContainer\">\n<div class=\"group TyagGW_tableWrapper flex flex-col-reverse w-fit\" tabindex=\"-1\">\n<table class=\"w-fit min-w-(--thread-content-width)\" data-start=\"1993\" data-end=\"2523\">\n<thead data-start=\"1993\" data-end=\"2015\">\n<tr data-start=\"1993\" data-end=\"2015\">\n<th data-start=\"1993\" data-end=\"2004\" data-col-size=\"sm\">Parametr<\/th>\n<th data-start=\"2004\" data-end=\"2015\" data-col-size=\"sm\">Hodnota<\/th>\n<\/tr>\n<\/thead>\n<tbody data-start=\"2036\" data-end=\"2523\">\n<tr data-start=\"2036\" data-end=\"2079\">\n<td data-start=\"2036\" data-end=\"2044\" data-col-size=\"sm\">Model<\/td>\n<td data-col-size=\"sm\" data-start=\"2044\" data-end=\"2079\">Cold Steel XL Espada G-10 62MGC<\/td>\n<\/tr>\n<tr data-start=\"2080\" data-end=\"2102\">\n<td data-start=\"2080\" data-end=\"2086\" data-col-size=\"sm\">Typ<\/td>\n<td data-col-size=\"sm\" data-start=\"2086\" data-end=\"2102\">Zav\u00edrac\u00ed n\u016f\u017e<\/td>\n<\/tr>\n<tr data-start=\"2103\" data-end=\"2134\">\n<td data-start=\"2103\" data-end=\"2119\" data-col-size=\"sm\">Celkov\u00e1 d\u00e9lka<\/td>\n<td data-col-size=\"sm\" data-start=\"2119\" data-end=\"2134\">cca 42,5 cm<\/td>\n<\/tr>\n<tr data-start=\"2135\" data-end=\"2163\">\n<td data-start=\"2135\" data-end=\"2150\" data-col-size=\"sm\">D\u00e9lka \u010depele<\/td>\n<td data-col-size=\"sm\" data-start=\"2150\" data-end=\"2163\">cca 19 cm<\/td>\n<\/tr>\n<tr data-start=\"2164\" data-end=\"2196\">\n<td data-start=\"2164\" data-end=\"2182\" data-col-size=\"sm\">Tlou\u0161\u0165ka \u010depele<\/td>\n<td data-col-size=\"sm\" data-start=\"2182\" data-end=\"2196\">cca 3,8 mm<\/td>\n<\/tr>\n<tr data-start=\"2197\" data-end=\"2226\">\n<td data-start=\"2197\" data-end=\"2215\" data-col-size=\"sm\">Materi\u00e1l \u010depele<\/td>\n<td data-col-size=\"sm\" data-start=\"2215\" data-end=\"2226\">AUS-10A<\/td>\n<\/tr>\n<tr data-start=\"2227\" data-end=\"2268\">\n<td data-start=\"2227\" data-end=\"2241\" data-col-size=\"sm\">Tvar \u010depele<\/td>\n<td data-col-size=\"sm\" data-start=\"2241\" data-end=\"2268\">Clip Point (Bowie styl)<\/td>\n<\/tr>\n<tr data-start=\"2269\" data-end=\"2294\">\n<td data-start=\"2269\" data-end=\"2278\" data-col-size=\"sm\">V\u00fdbrus<\/td>\n<td data-col-size=\"sm\" data-start=\"2278\" data-end=\"2294\">Hollow Grind<\/td>\n<\/tr>\n<tr data-start=\"2295\" data-end=\"2328\">\n<td data-start=\"2295\" data-end=\"2311\" data-col-size=\"sm\">Povrch \u010depele<\/td>\n<td data-col-size=\"sm\" data-start=\"2311\" data-end=\"2328\">sat\u00e9n \/ tmav\u00fd<\/td>\n<\/tr>\n<tr data-start=\"2329\" data-end=\"2347\">\n<td data-start=\"2329\" data-end=\"2337\" data-col-size=\"sm\">Hrana<\/td>\n<td data-col-size=\"sm\" data-start=\"2337\" data-end=\"2347\">hladk\u00e1<\/td>\n<\/tr>\n<tr data-start=\"2348\" data-end=\"2374\">\n<td data-start=\"2348\" data-end=\"2358\" data-col-size=\"sm\">Rukoje\u0165<\/td>\n<td data-col-size=\"sm\" data-start=\"2358\" data-end=\"2374\">G-10 \u2013 \u010dern\u00e1<\/td>\n<\/tr>\n<tr data-start=\"2375\" data-end=\"2398\">\n<td data-start=\"2375\" data-end=\"2383\" data-col-size=\"sm\">Z\u00e1mek<\/td>\n<td data-col-size=\"sm\" data-start=\"2383\" data-end=\"2398\">Tri-Ad Lock<\/td>\n<\/tr>\n<tr data-start=\"2399\" data-end=\"2431\">\n<td data-start=\"2399\" data-end=\"2411\" data-col-size=\"sm\">Otev\u00edr\u00e1n\u00ed<\/td>\n<td data-col-size=\"sm\" data-start=\"2411\" data-end=\"2431\">Demko thumb disk<\/td>\n<\/tr>\n<tr data-start=\"2432\" data-end=\"2459\">\n<td data-start=\"2432\" data-end=\"2439\" data-col-size=\"sm\">Klip<\/td>\n<td data-col-size=\"sm\" data-start=\"2439\" data-end=\"2459\">kapesn\u00ed \u2013 tip-up<\/td>\n<\/tr>\n<tr data-start=\"2460\" data-end=\"2484\">\n<td data-start=\"2460\" data-end=\"2471\" data-col-size=\"sm\">Hmotnost<\/td>\n<td data-col-size=\"sm\" data-start=\"2471\" data-end=\"2484\">cca 410 g<\/td>\n<\/tr>\n<tr data-start=\"2485\" data-end=\"2523\">\n<td data-start=\"2485\" data-end=\"2494\" data-col-size=\"sm\">Design<\/td>\n<td data-col-size=\"sm\" data-start=\"2494\" data-end=\"2523\">Cold Steel \/ Andrew Demko<\/td>\n<\/tr>\n<\/tbody>\n<\/table>\n<\/div>\n<\/div>\n<hr data-start=\"2525\" data-end=\"2528\" \/>\n<h2 data-start=\"2530\" data-end=\"2548\">\u2705 Hlavn\u00ed v\u00fdhody<\/h2>\n<ul data-start=\"2550\" data-end=\"2801\">\n<li data-start=\"2550\" data-end=\"2588\">\n<p data-start=\"2552\" data-end=\"2588\">Extr\u00e9mn\u00ed <strong data-start=\"2561\" data-end=\"2588\">velikost a dosah \u010depele<\/strong><\/p>\n<\/li>\n<li data-start=\"2589\" data-end=\"2647\">\n<p data-start=\"2591\" data-end=\"2647\"><strong data-start=\"2591\" data-end=\"2606\">Tri-Ad Lock<\/strong> \u2013 jeden z nejbezpe\u010dn\u011bj\u0161\u00edch z\u00e1mk\u016f na trhu<\/p>\n<\/li>\n<li data-start=\"2648\" data-end=\"2709\">\n<p data-start=\"2650\" data-end=\"2709\">Odoln\u00e1 ocel <strong data-start=\"2662\" data-end=\"2673\">AUS-10A<\/strong> \u2013 dobr\u00e1 v\u00fddr\u017e ost\u0159\u00ed a snadn\u00e1 \u00fadr\u017eba<\/p>\n<\/li>\n<li data-start=\"2710\" data-end=\"2753\">\n<p data-start=\"2712\" data-end=\"2753\">Masivn\u00ed rukoje\u0165 z G-10 s v\u00fdborn\u00fdm \u00fachopem<\/p>\n<\/li>\n<li data-start=\"2754\" data-end=\"2801\">\n<p data-start=\"2756\" data-end=\"2801\">Ikonick\u00fd design inspirovan\u00fd historick\u00fdmi no\u017ei<\/p>\n<\/li>\n<\/ul>\n<hr data-start=\"2803\" data-end=\"2806\" \/>\n<h2 data-start=\"2808\" data-end=\"2827\">\u26a0\ufe0f Mo\u017en\u00e1 omezen\u00ed<\/h2>\n<ul data-start=\"2829\" data-end=\"2984\">\n<li data-start=\"2829\" data-end=\"2876\">\n<p data-start=\"2831\" data-end=\"2876\">Velk\u00e9 rozm\u011bry nejsou vhodn\u00e9 pro nen\u00e1padn\u00e9 EDC<\/p>\n<\/li>\n<li data-start=\"2877\" data-end=\"2934\">\n<p data-start=\"2879\" data-end=\"2934\">Vy\u0161\u0161\u00ed hmotnost m\u016f\u017ee b\u00fdt p\u0159i dlouhodob\u00e9m no\u0161en\u00ed znateln\u00e1<\/p>\n<\/li>\n<li data-start=\"2935\" data-end=\"2984\">\n<p data-start=\"2937\" data-end=\"2984\">Ne ka\u017ed\u00e9mu vyhovuje v\u00fdrazn\u00fd a dominantn\u00ed vzhled<\/p>\n<\/li>\n<\/ul>\n<hr data-start=\"2986\" data-end=\"2989\" \/>\n<h2 data-start=\"2991\" data-end=\"3011\">\ud83d\udee0\ufe0f \u00dadr\u017eba a p\u00e9\u010de<\/h2>\n<p data-start=\"3013\" data-end=\"3215\">Po pou\u017eit\u00ed \u010depel o\u010disti a osu\u0161i, zejm\u00e9na po kontaktu s vlhkost\u00ed.<br data-start=\"3077\" data-end=\"3080\" \/>Pravideln\u011b kontroluj chod z\u00e1mku a otev\u00edrac\u00edho mechanismu.<br data-start=\"3137\" data-end=\"3140\" \/>Ost\u0159\u00ed udr\u017euj pravideln\u00fdm brou\u0161en\u00edm \u2013 dlouh\u00e1 \u010depel ocen\u00ed systematickou p\u00e9\u010di.<\/p>\n<hr data-start=\"3217\" data-end=\"3220\" \/>\n<h2 data-start=\"3222\" data-end=\"3258\">\ud83d\udd2a Pro udr\u017een\u00ed ost\u0159\u00ed doporu\u010dujeme<\/h2>\n<p data-start=\"3260\" data-end=\"3474\">Pro udr\u017een\u00ed ost\u0159\u00ed doporu\u010dujeme <strong data-start=\"3291\" data-end=\"3357\">Spyderco Tri-Angle Sharpmaker Complete Sharpening System 204MF<\/strong> \u2013 ide\u00e1ln\u00ed \u0159e\u0161en\u00ed i pro dlouh\u00e9 a robustn\u00ed \u010depele, jako m\u00e1 Espada XL.<br data-start=\"3425\" data-end=\"3428\" \/>\ud83d\uded2 Koup\u00edte na na\u0161ich str\u00e1nk\u00e1ch <strong data-start=\"3459\" data-end=\"3473\">Moskito.cz<\/strong>.<\/p>\n<hr data-start=\"3476\" data-end=\"3479\" \/>\n<h2 data-start=\"3481\" data-end=\"3501\">\ud83c\udfaf Doporu\u010deno pro<\/h2>\n<ul data-start=\"3503\" data-end=\"3698\">\n<li data-start=\"3503\" data-end=\"3546\">\n<p data-start=\"3505\" data-end=\"3546\">milovn\u00edky <strong data-start=\"3515\" data-end=\"3546\">velk\u00fdch a dominantn\u00edch no\u017e\u016f<\/strong><\/p>\n<\/li>\n<li data-start=\"3547\" data-end=\"3592\">\n<p data-start=\"3549\" data-end=\"3592\">n\u00e1ro\u010dn\u00e9 u\u017eivatele hledaj\u00edc\u00ed maxim\u00e1ln\u00ed v\u00fdkon<\/p>\n<\/li>\n<li data-start=\"3593\" data-end=\"3626\">\n<p data-start=\"3595\" data-end=\"3626\">outdoorov\u00e9 a silov\u00e9 \u0159ezn\u00e9 \u00fakoly<\/p>\n<\/li>\n<li data-start=\"3627\" data-end=\"3655\">\n<p data-start=\"3629\" data-end=\"3655\">fanou\u0161ky zna\u010dky Cold Steel<\/p>\n<\/li>\n<li data-start=\"3656\" data-end=\"3698\">\n<p data-start=\"3658\" data-end=\"3698\">ty, kte\u0159\u00ed cht\u011bj\u00ed n\u016f\u017e, kter\u00fd bud\u00ed respekt<\/p>\n<\/li>\n<\/ul>\n<hr data-start=\"3700\" data-end=\"3703\" \/>\n<h2 data-start=\"3705\" data-end=\"3729\">\u2b50 Z\u00e1v\u011bre\u010dn\u00e9 hodnocen\u00ed<\/h2>\n<p data-start=\"3731\" data-end=\"3994\"><strong data-start=\"3731\" data-end=\"3766\">Cold Steel XL Espada G-10 62MGC<\/strong> nen\u00ed n\u016f\u017e pro ka\u017ed\u00e9ho \u2013 a p\u0159esn\u011b v tom spo\u010d\u00edv\u00e1 jeho s\u00edla. Nab\u00edz\u00ed extr\u00e9mn\u00ed rozm\u011bry, brut\u00e1ln\u00ed \u0159ezn\u00fd v\u00fdkon a jeden z nejbezpe\u010dn\u011bj\u0161\u00edch z\u00e1mk\u016f v\u016fbec. Pokud hled\u00e1\u0161 <strong data-start=\"3923\" data-end=\"3954\">zav\u00edrac\u00ed n\u016f\u017e bez kompromis\u016f<\/strong>, Espada XL ti d\u00e1 p\u0159esn\u011b to, co slibuje.<\/p>\n<p data-start=\"3996\" data-end=\"4056\">Espada XL \u2013 <strong data-start=\"4008\" data-end=\"4050\">velikost, s\u00edla a jistota v ka\u017ed\u00e9m \u0159ezu<\/strong>. \ud83d\udd2a\ud83d\udda4<\/p>\n","protected":false},"excerpt":{"rendered":"<p data-start=\"3731\" data-end=\"3994\"><strong>Cold Steel XL Espada G-10 62MGC nen\u00ed n\u016f\u017e pro ka\u017ed\u00e9ho \u2013 a p\u0159esn\u011b v tom spo\u010d\u00edv\u00e1 jeho s\u00edla. Nab\u00edz\u00ed extr\u00e9mn\u00ed rozm\u011bry, brut\u00e1ln\u00ed \u0159ezn\u00fd v\u00fdkon a jeden z nejbezpe\u010dn\u011bj\u0161\u00edch z\u00e1mk\u016f v\u016fbec. Pokud hled\u00e1\u0161 zav\u00edrac\u00ed n\u016f\u017e bez kompromis\u016f, Espada XL ti d\u00e1 p\u0159esn\u011b to, co slibuje.<\/strong><\/p>\n<p data-start=\"3996\" data-end=\"4056\"><strong>Espada XL \u2013 velikost, s\u00edla a jistota v ka\u017ed\u00e9m \u0159ezu. \ud83d\udd2a\ud83d\udda4<\/strong><\/p>\n<p data-start=\"3996\" data-end=\"4056\"><strong>Doprava zdarma.<\/strong><\/p>\n","protected":false},"featured_media":214949,"comment_status":"open","ping_status":"closed","template":"","meta":[],"pwb-brand":[211],"product_brand":[],"product_cat":[22,17],"product_tag":[3667],"class_list":{"0":"post-214948","1":"product","2":"type-product","3":"status-publish","4":"has-post-thumbnail","6":"pwb-brand-cold-steel","7":"product_cat-zaviraci-noze","8":"product_cat-noze","9":"product_tag-b2b","11":"first","12":"instock","13":"taxable","14":"shipping-taxable","15":"purchasable","16":"product-type-simple"},"brands":[{"id":211,"name":"Cold Steel","slug":"cold-steel"}],"_links":{"self":[{"href":"https:\/\/www.moskito.cz\/sk\/wp-json\/wp\/v2\/product\/214948","targetHints":{"allow":["GET"]}}],"collection":[{"href":"https:\/\/www.moskito.cz\/sk\/wp-json\/wp\/v2\/product"}],"about":[{"href":"https:\/\/www.moskito.cz\/sk\/wp-json\/wp\/v2\/types\/product"}],"replies":[{"embeddable":true,"href":"https:\/\/www.moskito.cz\/sk\/wp-json\/wp\/v2\/comments?post=214948"}],"wp:featuredmedia":[{"embeddable":true,"href":"https:\/\/www.moskito.cz\/sk\/wp-json\/wp\/v2\/media\/214949"}],"wp:attachment":[{"href":"https:\/\/www.moskito.cz\/sk\/wp-json\/wp\/v2\/media?parent=214948"}],"wp:term":[{"taxonomy":"pwb-brand","embeddable":true,"href":"https:\/\/www.moskito.cz\/sk\/wp-json\/wp\/v2\/pwb-brand?post=214948"},{"taxonomy":"product_brand","embeddable":true,"href":"https:\/\/www.moskito.cz\/sk\/wp-json\/wp\/v2\/product_brand?post=214948"},{"taxonomy":"product_cat","embeddable":true,"href":"https:\/\/www.moskito.cz\/sk\/wp-json\/wp\/v2\/product_cat?post=214948"},{"taxonomy":"product_tag","embeddable":true,"href":"https:\/\/www.moskito.cz\/sk\/wp-json\/wp\/v2\/product_tag?post=214948"}],"curies":[{"name":"wp","href":"https:\/\/api.w.org\/{rel}","templated":true}]}}