{"id":214986,"date":"2022-04-18T20:03:45","date_gmt":"2022-04-18T19:03:45","guid":{"rendered":"https:\/\/www.moskito.cz\/?post_type=product&#038;p=214986"},"modified":"2025-07-10T17:04:38","modified_gmt":"2025-07-10T16:04:38","slug":"cold-steel-chieftan-sax","status":"publish","type":"product","link":"https:\/\/www.moskito.cz\/sk\/produkt\/cold-steel-chieftan-sax\/","title":{"rendered":"Cold Steel CHIEFTAN SAX"},"content":{"rendered":"<p><strong>Cold Steel<\/strong> CHIEFTAN SAX.<\/p>\n<p>Ka\u017ed\u00fd n\u00e1\u010deln\u00edk Viking\u016f byl obezn\u00e1men, ne-li odborn\u00edkem na me\u010d, \u0161t\u00edt, kop\u00ed a sekeru. Ale jsou to dlouh\u00e9 a t\u011b\u017ek\u00e9 a \u010dasto objemn\u00e9 zbran\u011b, kter\u00e9 nebyly v\u017edy na dosah, tak\u017ee pro 24hodinovou ochranu t\u00e9m\u011b\u0159 univerz\u00e1ln\u011b nosili velk\u00fd Sax. Zav\u011b\u0161en\u00fd na opasku vp\u0159edu nebo vzadu (kde nezasahoval do jin\u00fdch zbran\u00ed, jako je jejich me\u010d nebo ru\u010dn\u00ed sekera), byl okam\u017eit\u011b k dispozici, pokud byl n\u00e1hle napaden, a \u010dasto byl pou\u017e\u00edv\u00e1n v tandemu s jin\u00fdmi zbran\u011bmi.<br \/>\nZat\u00edmco v\u011bt\u0161ina \u010depel\u00ed Sax p\u0159ipom\u00edn\u00e1 profil na\u0161ich Woodsmans Sax s rovn\u00fdm ost\u0159\u00edm a sklon\u011bnou \u0161pi\u010dkou, byly zde obl\u00edben\u00e9 varianty jako zlomen\u00fd Chieftans Sax, kter\u00e9 zde p\u0159edstavujeme.<br \/>\nVykovan\u00fd z vysoce uhl\u00edkov\u00e9 oceli s tvrdou pru\u017einou a sat\u00e9nov\u011b le\u0161t\u011bn\u00fd, m\u016f\u017ee se pochlubit zlomen\u00fdm profilem h\u0159betu \u010depele, kde se linie tvo\u0159en\u00e1 h\u0159betem zved\u00e1 a pot\u00e9 prudce kles\u00e1 a\u017e do t\u00e9 m\u00edry, \u017ee vytv\u00e1\u0159\u00ed iluzi bowie no\u017ee se zacvak\u00e1vac\u00ed \u0161pi\u010dkou, zat\u00edmco ve skute\u010dnosti p\u0159edch\u00e1z\u00ed bowie. o mnoho stalet\u00ed!<br \/>\nVzhledem k tomu, \u017ee Chieftans Sax m\u00e1 b\u00fdt v prvn\u00ed \u0159ad\u011b zbran\u00ed a a\u017e pot\u00e9 n\u00e1strojem, p\u0159ich\u00e1z\u00ed se skromn\u00fdm mosazn\u00fdm z\u00e1\u0161titou, kter\u00e1 slou\u017e\u00ed k tomu, aby prsty nesklouzly dop\u0159edu na \u010depel, a z\u00e1rove\u0148 nab\u00edz\u00ed \u0161petku ochrany p\u0159ed nep\u0159\u00e1telsk\u00fdmi zbran\u011bmi. Ale je to rukoje\u0165 Chieftans Sax, na kterou jsme obzvl\u00e1\u0161\u0165 hrd\u00ed. Slo\u017eit\u011b ru\u010dn\u011b vy\u0159ez\u00e1van\u00e9 s hlubok\u00fdm reli\u00e9fem ve vzoru \u010dl\u00e1nk\u016f, kter\u00fd je vizu\u00e1ln\u011b ohromuj\u00edc\u00ed a dopl\u0148uje odpov\u00eddaj\u00edc\u00ed mosazn\u00fd kryt a hlavici.<br \/>\nKa\u017ed\u00fd Chieftans Sax je dod\u00e1v\u00e1n s dobovou hn\u011bdou ko\u017eenou pochvou s mosazn\u00fdmi akcenty, ko\u017een\u00fdm \u0161n\u011brovan\u00fdm \u0161vem a dobov\u00fdmi ko\u017een\u00fdmi popruhy!<\/p>\n<p>Hmotnost: 22,9 oz<\/p>\n<p>Tlou\u0161\u0165ka \u010depele: 4,5 mm<\/p>\n<p>Ocelov\u00e9 \u010depele: 1055 uhl\u00edk<\/p>\n<p>D\u00e9lka rukojeti\/materi\u00e1l: 14 cm v malajsk\u00e9m salsk\u00e9m d\u0159ev\u011b<\/p>\n<p>Celkov\u00e1 d\u00e9lka: 48 cm<\/p>\n<p>Dal\u0161\u00ed funkce: Ko\u017een\u00e1 pochva Rodina<\/p>\n<p>Oceli: Vysoce uhl\u00edkov\u00e9 oceli Styl me\u010de: Viking<\/p>\n<p>Every Viking Chieftain was familiar if not an expert with sword, shield, spear and axe. But these are long and heavy and often bulky weapons that were not always within reach so for 24-hour protection they almost universally carried a large Sax. Suspended from the belt in front or back (where it didnt interfere with other weapons like their sword or hand axe) it was instantly available if suddenly attacked and was often used in tandem with other weapons.<br \/>\nWhile most Sax blades resemble the profile of our Woodsmans Sax with a straight edge and sloping point there were popular variations like the broke back Chieftans Sax we are introducing here.<br \/>\nForged out of high carbon steel with a hard spring temper and satin polished it boasts a broke back blade profile where the line formed by the spine rises then falls abruptly to the point of giving the illusion of a clip point bowie knife while actually predating the bowie by many centuries!<br \/>\nSince the Chieftans Sax is meant to be a weapon first and a tool a distant second it comes with a modestly sized brass guard that serves to keep the fingers from sliding forward on to the blade while offering a modicum of protection from opposing weapons. But it is the handle of the Chieftans Sax that we are especially proud of. Intricately hand carved in deep relief in link pattern that is visually stunning and compliments the matching brass guard and pommel.<br \/>\nEach Chieftans Sax comes with a period correct brown leather scabbard with brass accents, a leather laced seam and period correct leather carrying straps!<\/p>\n<p>Weight: 22.9oz Blade Thickness: 4.5mm Blade Steel: 1055 Carbon Handle Length\/Material: 5 5\/8in Malaysian Sal Wood Overall Length: 19in Additional Features: Leather Scabbard Steel Family: High Carbon Steels Sword Style: Viking<\/p>\n","protected":false},"excerpt":{"rendered":"<p><strong>Chieftans Sax<\/strong> s pouzdrem.<\/p>\n","protected":false},"featured_media":214987,"comment_status":"open","ping_status":"closed","template":"","meta":[],"pwb-brand":[211],"product_brand":[],"product_cat":[24,1942],"product_tag":[3667],"class_list":{"0":"post-214986","1":"product","2":"type-product","3":"status-publish","4":"has-post-thumbnail","6":"pwb-brand-cold-steel","7":"product_cat-katany-a-mece","8":"product_cat-mece-dyky-repliky","9":"product_tag-b2b","11":"first","12":"outofstock","13":"taxable","14":"shipping-taxable","15":"purchasable","16":"product-type-simple"},"brands":[{"id":211,"name":"Cold Steel","slug":"cold-steel"}],"_links":{"self":[{"href":"https:\/\/www.moskito.cz\/sk\/wp-json\/wp\/v2\/product\/214986","targetHints":{"allow":["GET"]}}],"collection":[{"href":"https:\/\/www.moskito.cz\/sk\/wp-json\/wp\/v2\/product"}],"about":[{"href":"https:\/\/www.moskito.cz\/sk\/wp-json\/wp\/v2\/types\/product"}],"replies":[{"embeddable":true,"href":"https:\/\/www.moskito.cz\/sk\/wp-json\/wp\/v2\/comments?post=214986"}],"wp:featuredmedia":[{"embeddable":true,"href":"https:\/\/www.moskito.cz\/sk\/wp-json\/wp\/v2\/media\/214987"}],"wp:attachment":[{"href":"https:\/\/www.moskito.cz\/sk\/wp-json\/wp\/v2\/media?parent=214986"}],"wp:term":[{"taxonomy":"pwb-brand","embeddable":true,"href":"https:\/\/www.moskito.cz\/sk\/wp-json\/wp\/v2\/pwb-brand?post=214986"},{"taxonomy":"product_brand","embeddable":true,"href":"https:\/\/www.moskito.cz\/sk\/wp-json\/wp\/v2\/product_brand?post=214986"},{"taxonomy":"product_cat","embeddable":true,"href":"https:\/\/www.moskito.cz\/sk\/wp-json\/wp\/v2\/product_cat?post=214986"},{"taxonomy":"product_tag","embeddable":true,"href":"https:\/\/www.moskito.cz\/sk\/wp-json\/wp\/v2\/product_tag?post=214986"}],"curies":[{"name":"wp","href":"https:\/\/api.w.org\/{rel}","templated":true}]}}