{"id":215000,"date":"2022-04-18T20:40:36","date_gmt":"2022-04-18T19:40:36","guid":{"rendered":"https:\/\/www.moskito.cz\/?post_type=product&#038;p=215000"},"modified":"2025-05-07T10:38:21","modified_gmt":"2025-05-07T09:38:21","slug":"zaviraci-nuz-cold-steel-american-lawman-s35vn","status":"publish","type":"product","link":"https:\/\/www.moskito.cz\/sk\/produkt\/zaviraci-nuz-cold-steel-american-lawman-s35vn\/","title":{"rendered":"Zav\u00edrac\u00ed N\u016f\u017e Cold Steel AMERICAN LAWMAN (S35VN)"},"content":{"rendered":"<p>Zav\u00edrac\u00ed N\u016f\u017e <strong>Cold Steel<\/strong> AMERICAN LAWMAN (S35VN).<\/p>\n<p>Cold Steel je hrd\u00fd na to, \u017ee v\u00e1m m\u016f\u017ee p\u0159edstavit American Lawman \u2013 pojmenovan\u00e9ho na po\u010dest a v\u00fdslovn\u011b navr\u017een\u00fd tak, aby slou\u017eil na\u0161im bratr\u016fm a sestr\u00e1m v prosazov\u00e1n\u00ed pr\u00e1va. Tyto odoln\u00e9 no\u017ee jsou k dispozici ve dvou velikostech a jsou navr\u017eeny tak, aby fungovaly v nejextr\u00e9mn\u011bj\u0161\u00edch prost\u0159ed\u00edch a p\u0159itom z\u016fstaly pohodln\u00e9 a snadno se p\u0159en\u00e1\u0161ely. Jejich \u010depele jsou dostate\u010dn\u011b velk\u00e9 a ostr\u00e9 pro t\u00e9m\u011b\u0159 jak\u00fdkoli \u00fakol, zat\u00edmco vypadaj\u00ed \u201eCivilian Friendly\u201c. Ka\u017ed\u00e1 \u010depel je vyrobena z vysoce v\u00fdkonn\u00e9 americk\u00e9 oceli S35VN a dut\u00e9ho brou\u0161en\u00ed s tenk\u00fdm, ru\u010dn\u011b le\u0161t\u011bn\u00fdm ost\u0159\u00edm a m\u00e1 tak\u00e9 povlak DLC (Diamond Like) pro v\u011bt\u0161\u00ed odolnost a odolnost proti korozi. Rukojeti Lawman jsou tak\u00e9 navr\u017eeny tak, aby byly co nejuniverz\u00e1ln\u011bj\u0161\u00ed a u\u017eivatelsky p\u0159\u00edv\u011btiv\u00e9. Jsou vyrobeny z G-10 a jsou tvarov\u00e1ny pro bezpe\u010dn\u00e9 uchopen\u00ed i v t\u011bch nejhor\u0161\u00edch podm\u00ednk\u00e1ch. Selh\u00e1n\u00ed z\u00e1mku na va\u0161\u00ed slo\u017ece je neuv\u011b\u0159iteln\u011b nebezpe\u010dn\u00e9 \u2013 ale pokud sel\u017ee z\u00e1mek na no\u017ee policisty p\u0159i v\u00fdkonu slu\u017eby, m\u016f\u017ee to m\u00edt katastrof\u00e1ln\u00ed n\u00e1sledky! To je d\u016fvod, pro\u010d jsme vybavili ka\u017ed\u00e9ho American Lawman na\u0161\u00edm uzamykac\u00edm mechanismem Tri-Ad. Navr\u017eeno tak, aby odolalo ohromn\u00fdm n\u00e1razov\u00fdm sil\u00e1m a ot\u0159es\u016fm, pro\u0161lo n\u011bkter\u00fdmi z nejd\u011bsiv\u011bj\u0161\u00edch test\u016f mu\u010den\u00ed v oboru.<\/p>\n<p>PARAMETRY PRODUKTU<br \/>\nCelkov\u00e1 velikost : 206 mm<br \/>\nD\u00e9lka rukojeti : 82 mm<br \/>\nHmotnost : 127,57 g<br \/>\nTlou\u0161\u0165ka \u010depele : 3,5 mm<br \/>\nOcel : CPM-S35VN Alloy with DLC Coating<br \/>\nDruh pojistky : Tri-Ad Lock<br \/>\nBarva : \u010cern\u00e1<\/p>\n<p>Cold Steel is proud to introduce the American Lawman &#8211; named in honor of, and expressly designed to serve, our brothers and sisters in Law Enforcement. Available in two sizes, these rugged knives are designed to perform in the most extreme environments while still remaining comfortable to use and easy to carry. Their drop point blades are big and sharp enough for almost any task while remaining &#8222;Civilian Friendly&#8220; in appearance. Made from high performance American S35VN steel and hollow ground to a thin, hand-polished edge, each blade is also DLC (Diamond Like) coated for added endurance and corrosion resistance. The Lawman&#8217;s handles are also designed to be as versatile and user friendly as possible. Made from G-10, they are contoured for grip security in even the worst conditions. A lock failure on your folder is incredibly dangerous &#8211; but if the lock fails on a police officer&#8217;s knife in the line of duty, it could be disastrous! That&#8217;s why we have equipped each American Lawman with our Tri-Ad locking mechanism. Designed to withstand terrific impact forces and shock, it has passed some of the most gruesome torture testing in the industry.<\/p>\n<p>Weight: 4.5oz Blade Thickness: 3.5mm Blade Length: 3-1\/2&#8243; Blade Steel: American S35VN w\/ DLC Coating Handle Length\/Material: 4-5\/8&#8243; G-10 Overall Length: 8-1\/8&#8243; Additional Features: Ambidextrous Pocket \/ Belt Clip Knife Type: Folder Blade Length Range: 3-5 in Steel Family: CPM Blade Shape: Drop Point Locking Mechanism: Tri-Ad Lock<\/p>\n<p>&nbsp;<\/p>\n","protected":false},"excerpt":{"rendered":"<p>American Lawman s \u010dernou rukojet\u00ed od firmy COLD STEEL je zav\u00edrac\u00ed n\u016f\u017e s hladk\u00fdm ost\u0159\u00edm. Jak ji\u017e n\u00e1zev napov\u00edd\u00e1, jde o n\u016f\u017e ur\u010den\u00fd p\u0159edev\u0161\u00edm mu\u017e\u016fm z\u00e1kona, tedy policist\u016fm.<\/p>\n","protected":false},"featured_media":215001,"comment_status":"open","ping_status":"closed","template":"","meta":[],"pwb-brand":[211],"product_brand":[],"product_cat":[22,17],"product_tag":[3667],"class_list":{"0":"post-215000","1":"product","2":"type-product","3":"status-publish","4":"has-post-thumbnail","6":"pwb-brand-cold-steel","7":"product_cat-zaviraci-noze","8":"product_cat-noze","9":"product_tag-b2b","11":"first","12":"instock","13":"taxable","14":"shipping-taxable","15":"purchasable","16":"product-type-simple"},"brands":[{"id":211,"name":"Cold Steel","slug":"cold-steel"}],"_links":{"self":[{"href":"https:\/\/www.moskito.cz\/sk\/wp-json\/wp\/v2\/product\/215000","targetHints":{"allow":["GET"]}}],"collection":[{"href":"https:\/\/www.moskito.cz\/sk\/wp-json\/wp\/v2\/product"}],"about":[{"href":"https:\/\/www.moskito.cz\/sk\/wp-json\/wp\/v2\/types\/product"}],"replies":[{"embeddable":true,"href":"https:\/\/www.moskito.cz\/sk\/wp-json\/wp\/v2\/comments?post=215000"}],"wp:featuredmedia":[{"embeddable":true,"href":"https:\/\/www.moskito.cz\/sk\/wp-json\/wp\/v2\/media\/215001"}],"wp:attachment":[{"href":"https:\/\/www.moskito.cz\/sk\/wp-json\/wp\/v2\/media?parent=215000"}],"wp:term":[{"taxonomy":"pwb-brand","embeddable":true,"href":"https:\/\/www.moskito.cz\/sk\/wp-json\/wp\/v2\/pwb-brand?post=215000"},{"taxonomy":"product_brand","embeddable":true,"href":"https:\/\/www.moskito.cz\/sk\/wp-json\/wp\/v2\/product_brand?post=215000"},{"taxonomy":"product_cat","embeddable":true,"href":"https:\/\/www.moskito.cz\/sk\/wp-json\/wp\/v2\/product_cat?post=215000"},{"taxonomy":"product_tag","embeddable":true,"href":"https:\/\/www.moskito.cz\/sk\/wp-json\/wp\/v2\/product_tag?post=215000"}],"curies":[{"name":"wp","href":"https:\/\/api.w.org\/{rel}","templated":true}]}}