{"id":215428,"date":"2022-04-22T22:04:47","date_gmt":"2022-04-22T21:04:47","guid":{"rendered":"https:\/\/www.moskito.cz\/?post_type=product&#038;p=215428"},"modified":"2026-02-11T13:35:13","modified_gmt":"2026-02-11T12:35:13","slug":"pevny-nuz-extrema-ratio-contact-black","status":"publish","type":"product","link":"https:\/\/www.moskito.cz\/sk\/produkt\/pevny-nuz-extrema-ratio-contact-black\/","title":{"rendered":"Pevn\u00fd N\u016f\u017e Extrema Ratio CONTACT BLACK"},"content":{"rendered":"<p>Pevn\u00fd N\u016f\u017e <strong>Extrema Ratio<\/strong> CONTACT BLACK.<\/p>\n<p><strong>Extrema Ratio<\/strong> vyvinula prvn\u00ed zrod nov\u00e9 \u0159ady. KONTAKT. M\u00e1 \u010depel s profilem hrotu kop\u00ed, ploch\u00fdm brou\u0161en\u00edm ost\u0159\u00ed a koso\u010dtvercovou geometri\u00ed. M\u00e1 spodn\u00ed z\u00e1\u0161titnou v\u011btev pro ochranu ruky p\u0159ed necht\u011bn\u00fdm seknut\u00edm, horn\u00ed sk\u00e1k\u00e1n\u00ed pro zlep\u0161en\u00ed \u00fachopu, &#8222;pln\u011bj\u0161\u00ed&#8220; odleh\u010den\u00ed konk\u00e1vn\u00edho tvaru po cel\u00e9 d\u00e9lce \u010depele a stejnou \u0161t\u011bdrou tlou\u0161\u0165ku (klasicky 6,30 mm). V\u0161echny tyto vlastnosti d\u00e1vaj\u00ed modelu Contact titul star\u0161\u00edho bratra dnes slavn\u00e9ho Requiem, p\u0159ehodnocen\u00e9ho v proporc\u00edch a v n\u011bkter\u00fdch technick\u00fdch za\u0159\u00edzen\u00edch. Prvn\u00ed z nov\u00e9 \u0159ady v\u00edce\u00fa\u010delov\u00fdch no\u017e\u016f. \u010cepel je vyrobena z oceli B\u00f6hler N690 o tvrdosti 58 HRC a chemick\u00e9m mod\u0159en\u00ed pro verzi Black. V\u0161echny ostatn\u00ed barvy v \u0159ad\u011b maj\u00ed \u010depel s povrchovou \u00fapravou Stone Washed. Rukoje\u0165 je v\u017edy ve forprenu, ale mont\u00e1\u017e ji\u017e neprob\u00edh\u00e1 pomoc\u00ed bo\u010dn\u00edch \u0161roub\u016f, ale prost\u0159ednictv\u00edm nerezov\u00e9 p\u0159\u00edchytky ve tvaru komol\u00e9ho ku\u017eele, kter\u00e1 se na\u0161roubuje na dno a zapadne do speci\u00e1ln\u00edho sedla, d\u00edky \u010demu\u017e je n\u016f\u017e pevn\u00fd a dob\u0159e vyv\u00e1\u017een\u00fd. Pochva je minimalistick\u00e1, svl\u00e9k\u00e1 v\u011bt\u0161inu l\u00e1tky d\u00edky zadr\u017eovac\u00edmu syst\u00e9mu 2. \u00farovn\u011b, kter\u00fd p\u0159ipom\u00edn\u00e1 styl modelu, ke kter\u00e9mu je inspirov\u00e1n. Hlavn\u00ed pl\u00e1\u0161\u0165 je vyroben z n\u00e1razuvzdorn\u00e9ho nylonov\u00e9ho vst\u0159ikov\u00e1n\u00ed. Sekund\u00e1rn\u00ed reten\u010dn\u00ed syst\u00e9m je reverzibiln\u00ed pro p\u0159enositelnost oboustrann\u00e9ho no\u017ee. \u010cepel je vedena p\u0159i vkl\u00e1d\u00e1n\u00ed pochvy d\u00edky ku\u017eelovit\u00e9mu tvaru, kter\u00fd se dob\u0159e hod\u00ed pro rychl\u00e9 zasunut\u00ed a vyta\u017een\u00ed no\u017ee. Chcete-li \u010depel vyjmout, tlak na spou\u0161\u0165 bude dostate\u010dn\u00fd, \u010d\u00edm\u017e se uvoln\u00ed pojistka, kter\u00e1 jej bezpe\u010dn\u011b dr\u017e\u00ed v pochv\u011b. Ve vodorovn\u00fdch \u0161t\u011brbin\u00e1ch tvrd\u00e9 sko\u0159epiny je syst\u00e9m, kter\u00fd tlum\u00ed \u010depel, aby nedoch\u00e1zelo k ot\u0159es\u016fm, kdy\u017e je \u010depel ulo\u017eena uvnit\u0159. Zadn\u00ed \u010d\u00e1st nylonov\u00e9ho pouzdra je navr\u017eena pro propojen\u00ed s MOLLE syst\u00e9mem Textiln\u00ed \u010d\u00e1st je redukov\u00e1na na minimum a m\u00e1 klasickou dvouknofl\u00edkovou bezpe\u010dnostn\u00ed tkanici s poutkem na opasek a stehenn\u00ed p\u00e1s s gumovou v\u00fdztuhou proti rotaci. Extrema Ratio c\u00edl\u00ed na tuto novou \u0159adu t\u00edm, \u017ee minimalizuje tlou\u0161\u0165ku a rozm\u011bry no\u017ee na maximum, ale nehodl\u00e1 \u0161et\u0159it na konstruk\u010dn\u00ed pevnosti a bezpe\u010dnostn\u00edch dopl\u0148c\u00edch. Ve vodorovn\u00fdch \u0161t\u011brbin\u00e1ch tvrd\u00e9 sko\u0159epiny je syst\u00e9m, kter\u00fd tlum\u00ed \u010depel, aby nedoch\u00e1zelo k ot\u0159es\u016fm, kdy\u017e je \u010depel ulo\u017eena uvnit\u0159. Zadn\u00ed \u010d\u00e1st nylonov\u00e9ho pouzdra je navr\u017eena pro propojen\u00ed s MOLLE syst\u00e9mem Textiln\u00ed \u010d\u00e1st je redukov\u00e1na na minimum a m\u00e1 klasickou dvouknofl\u00edkovou bezpe\u010dnostn\u00ed tkanici s poutkem na opasek a stehenn\u00ed p\u00e1s s gumovou v\u00fdztuhou proti rotaci. Extrema Ratio c\u00edl\u00ed na tuto novou \u0159adu t\u00edm, \u017ee minimalizuje tlou\u0161\u0165ku a rozm\u011bry no\u017ee na maximum, ale nehodl\u00e1 \u0161et\u0159it na konstruk\u010dn\u00ed pevnosti a bezpe\u010dnostn\u00edch dopl\u0148c\u00edch. Ve vodorovn\u00fdch \u0161t\u011brbin\u00e1ch tvrd\u00e9 sko\u0159epiny je syst\u00e9m, kter\u00fd tlum\u00ed \u010depel, aby nedoch\u00e1zelo k ot\u0159es\u016fm, kdy\u017e je \u010depel ulo\u017eena uvnit\u0159. Zadn\u00ed \u010d\u00e1st nylonov\u00e9ho pouzdra je navr\u017eena pro propojen\u00ed s MOLLE syst\u00e9mem Textiln\u00ed \u010d\u00e1st je redukov\u00e1na na minimum a m\u00e1 klasickou dvouknofl\u00edkovou bezpe\u010dnostn\u00ed tkanici s poutkem na opasek a stehenn\u00ed p\u00e1s s gumovou v\u00fdztuhou proti rotaci. Extrema Ratio c\u00edl\u00ed na tuto novou \u0159adu t\u00edm, \u017ee minimalizuje tlou\u0161\u0165ku a rozm\u011bry no\u017ee na maximum, ale nehodl\u00e1 \u0161et\u0159it na konstruk\u010dn\u00ed pevnosti a bezpe\u010dnostn\u00edch dopl\u0148c\u00edch. Textiln\u00ed \u010d\u00e1st je redukov\u00e1na na minimum a m\u00e1 klasickou dvouknofl\u00edkovou bezpe\u010dnostn\u00ed tkani\u010dku s poutkem na opasek a stehenn\u00ed p\u00e1s s gumovou v\u00fdztuhou proti rotaci. Extrema Ratio c\u00edl\u00ed na tuto novou \u0159adu t\u00edm, \u017ee minimalizuje tlou\u0161\u0165ku a rozm\u011bry no\u017ee na maximum, ale nehodl\u00e1 \u0161et\u0159it na konstruk\u010dn\u00ed pevnosti a bezpe\u010dnostn\u00edch dopl\u0148c\u00edch. Textiln\u00ed \u010d\u00e1st je redukov\u00e1na na minimum a m\u00e1 klasickou dvouknofl\u00edkovou bezpe\u010dnostn\u00ed tkani\u010dku s poutkem na opasek a stehenn\u00ed p\u00e1s s gumovou v\u00fdztuhou proti rotaci. Extrema Ratio c\u00edl\u00ed na tuto novou \u0159adu t\u00edm, \u017ee minimalizuje tlou\u0161\u0165ku a rozm\u011bry no\u017ee na maximum, ale nehodl\u00e1 \u0161et\u0159it na konstruk\u010dn\u00ed pevnosti a bezpe\u010dnostn\u00edch dopl\u0148c\u00edch.<\/p>\n<p>V\u00c1HA G.: 300<br \/>\nHMOTNOST OZ: 10,58<br \/>\nD\u00c9LKA \u010cEPELE (MM): 162<br \/>\nD\u00c9LKA \u010cEPELE (IN): 6,37<br \/>\nCELKOV\u00c1 D\u00c9LKA (MM): 293<br \/>\nCELKOV\u00c1 D\u00c9LKA (V): 11,53<br \/>\nTLOU\u0160\u0164KA \u010cEPELE (MM): 6,3<br \/>\nTLOU\u0160\u0164KA \u010cEPELE (IN): 0,248<br \/>\nMATERI\u00c1L \u010cEPELE: B\u00d6HLER N690 STEEL (58HRC)<br \/>\nPOVRCHOV\u00c1 \u00daPRAVA NO\u017dE: MIL-C-13924 BURNISH<br \/>\n\u0160IPKA \u010cEPELE: PLOCH\u00dd DR\u00c1T<br \/>\nMATERI\u00c1L RUKOJETI: FORPRENE<\/p>\n<p>&nbsp;<\/p>\n","protected":false},"excerpt":{"rendered":"<p>Spole\u010dnost\u00a0<strong>Extrema Ratio<\/strong>\u00a0se s\u00eddlem v italsk\u00e9m Pratu navrhuje a vyr\u00e1b\u00ed vysoce v\u00fdkonn\u00e9 bojov\u00e9, vojensk\u00e9, kuchy\u0148sk\u00e9, loveck\u00e9 a taktick\u00e9 no\u017ee od roku 1997 a m\u00e1 pov\u011bst vynikaj\u00edc\u00ed kvality, kter\u00e1 je v oboru vojensk\u00fdch a taktick\u00fdch no\u017e\u016f nep\u0159ekonateln\u00e1.\u00a0<strong>Doprava zdarma<\/strong>.<\/p>\n","protected":false},"featured_media":219316,"comment_status":"open","ping_status":"closed","template":"","meta":[],"pwb-brand":[267],"product_brand":[],"product_cat":[23,17],"product_tag":[3667],"class_list":{"0":"post-215428","1":"product","2":"type-product","3":"status-publish","4":"has-post-thumbnail","6":"pwb-brand-extrema-ratio","7":"product_cat-pevne-noze","8":"product_cat-noze","9":"product_tag-b2b","11":"first","12":"outofstock","13":"taxable","14":"shipping-taxable","15":"purchasable","16":"product-type-simple"},"brands":[{"id":267,"name":"Extrema Ratio","slug":"extrema-ratio"}],"_links":{"self":[{"href":"https:\/\/www.moskito.cz\/sk\/wp-json\/wp\/v2\/product\/215428","targetHints":{"allow":["GET"]}}],"collection":[{"href":"https:\/\/www.moskito.cz\/sk\/wp-json\/wp\/v2\/product"}],"about":[{"href":"https:\/\/www.moskito.cz\/sk\/wp-json\/wp\/v2\/types\/product"}],"replies":[{"embeddable":true,"href":"https:\/\/www.moskito.cz\/sk\/wp-json\/wp\/v2\/comments?post=215428"}],"wp:featuredmedia":[{"embeddable":true,"href":"https:\/\/www.moskito.cz\/sk\/wp-json\/wp\/v2\/media\/219316"}],"wp:attachment":[{"href":"https:\/\/www.moskito.cz\/sk\/wp-json\/wp\/v2\/media?parent=215428"}],"wp:term":[{"taxonomy":"pwb-brand","embeddable":true,"href":"https:\/\/www.moskito.cz\/sk\/wp-json\/wp\/v2\/pwb-brand?post=215428"},{"taxonomy":"product_brand","embeddable":true,"href":"https:\/\/www.moskito.cz\/sk\/wp-json\/wp\/v2\/product_brand?post=215428"},{"taxonomy":"product_cat","embeddable":true,"href":"https:\/\/www.moskito.cz\/sk\/wp-json\/wp\/v2\/product_cat?post=215428"},{"taxonomy":"product_tag","embeddable":true,"href":"https:\/\/www.moskito.cz\/sk\/wp-json\/wp\/v2\/product_tag?post=215428"}],"curies":[{"name":"wp","href":"https:\/\/api.w.org\/{rel}","templated":true}]}}