{"id":215560,"date":"2022-04-24T20:51:43","date_gmt":"2022-04-24T19:51:43","guid":{"rendered":"https:\/\/www.moskito.cz\/produkt\/vystrelovaci-noz-sog-tac-au-tanto\/"},"modified":"2025-05-07T10:38:33","modified_gmt":"2025-05-07T09:38:33","slug":"vystrelovaci-noz-sog-tac-au-tanto","status":"publish","type":"product","link":"https:\/\/www.moskito.cz\/sk\/produkt\/vystrelovaci-noz-sog-tac-au-tanto\/","title":{"rendered":"Vystre\u013eovac\u00ed N\u00f4\u017e SOG TAC AU TANTO"},"content":{"rendered":"<p>Vystre\u013eovac\u00ed N\u00f4\u017e <strong>SOG<\/strong> TAC AU TANTO.<\/p>\n<p>S text\u00farovanou hlin\u00edkovou rukov\u00e4\u0165ou a \u010depe\u013eou CRYO D2 je SOG-TAC AU r\u00fdchlo sa otv\u00e1raj\u00faci zatv\u00e1rac\u00ed n\u00f4\u017e, ktor\u00fd vysko\u010d\u00ed do akcie ktor\u00fako\u013evek rukou a zostane otvoren\u00fd s v\u00fdnimo\u010dnou silou uzamknutia v\u010faka pokro\u010dil\u00e9mu z\u00e1mku AU-XR od SOG. Vystre\u013eovacia \u010depe\u013e americkej v\u00fdroby, je to svalnat\u00fd pomocn\u00edk a z\u00e1lo\u017en\u00fd n\u00e1stroj pre arm\u00e1du, z\u00e1chran\u00e1rov a u\u017e\u00edvate\u013eov obrann\u00fdch nosi\u010dov, ktor\u00ed ocenia spo\u013eahliv\u00fa funkciu Double-action Safety.<\/p>\n<p>BEZPE\u010cN\u00c9 \u00cdS\u0164 JEDN\u00ddM \u0164AHNUT\u00cdM<br \/>\nInovat\u00edvne uzamykanie \u010depele, ktor\u00e9 v\u00e1m umo\u017en\u00ed prejs\u0165 z bezpe\u010dn\u00e9ho na \u010depe\u013e otvoren\u00fa jedn\u00fdm \u0165ahom, s funkciou SOG Double-action Safety.<\/p>\n<p>KOMPAKTN\u00dd DIZAJN<br \/>\nVyroben\u00e9 pre t\u00fdch, ktor\u00ed vy\u017eaduj\u00fa ni\u017e\u0161iu vidite\u013enos\u0165 alebo len potrebuj\u00fa kompaktnej\u0161\u00ed n\u00e1stroj, men\u0161iu ve\u013ekos\u0165 a ni\u017e\u0161iu hmotnos\u0165 umo\u017e\u0148uj\u00fa diskr\u00e9tnej\u0161ie pren\u00e1\u0161anie.<\/p>\n<p>ZHRNUTIE VLASTNOST\u00cd<br \/>\nSOG-TAC AU je \u00faplne modern\u00e9 rie\u0161enie tvrd\u00e9ho automatick\u00e9ho no\u017ea. Vyzna\u010duje sa siln\u00fdm uzamykac\u00edm mechanizmom SOG AU-XR, oce\u013eou CRYO D2 a r\u00fdchlym otv\u00e1ran\u00edm.<\/p>\n<p>CRYO D2 STEEL<br \/>\nV\u0161estrann\u00e1 n\u00e1strojov\u00e1 oce\u013e s vysok\u00fdm obsahom uhl\u00edka kryog\u00e9nne tepelne spracovan\u00e1 pod\u013ea jedine\u010dn\u00fdch v\u00fdkonov\u00fdch \u0161pecifik\u00e1ci\u00ed SOG. D2 poskytuje ide\u00e1lnu kombin\u00e1ciu zachovania hr\u00e1n a odolnosti pre dlhodob\u00e9 pou\u017e\u00edvanie s jednoduchou \u00fadr\u017ebou.<\/p>\n<p>MIKROTEXTUROVAN\u00c9 RUKOV\u00c4TI<br \/>\nHlin\u00edkov\u00e1 rukov\u00e4\u0165 SOG-TAC AU m\u00e1 obroben\u00fd povrch s mikrotext\u00farou, ktor\u00fd poskytuje spr\u00e1vnu \u00farove\u0148 \u00fachopu \u2013 na v\u0161etk\u00fdch spr\u00e1vnych miestach \u2013 bez opotrebenia ruky alebo vrecka.<\/p>\n<p>DVOJ\u00da\u010cINN\u00c1 BEZPE\u010cNOS\u0164<br \/>\nDvoj\u010dinn\u00e1 bezpe\u010dnos\u0165, integrovan\u00e1 do jedin\u00e9ho rozhrania, zabra\u0148uje n\u00e1hodn\u00e9mu rozvinutiu \u010depele a z\u00e1rove\u0148 poskytuje ist\u00e9 a konzistentn\u00e9 otvorenie na vy\u017eiadanie.<\/p>\n<p>PARAMETRE PRODUKTU<br \/>\nD\u0139\u017dKA \u010cEPELA : 8,7 CM<br \/>\nCELKOV\u00c1 VE\u013dKOS\u0164 : 20,4 CM<br \/>\nHMOTNOS\u0164 : 11,1 G<br \/>\nFARBA : Black<br \/>\nD\u0139\u017dKA RUKOV\u00c4TI : 11,7 CM<br \/>\nOCE\u013d : CRYO D2<br \/>\nH\u013d\u00daBKA \u010cEPELA : 2,8 CM<br \/>\nMATERI\u00c1L RUKOV\u00c4TI : AL 6061 T6<\/p>\n<p><iframe title=\"SOG-TAC AU Automatic Folding Knife\" width=\"800\" height=\"450\" src=\"https:\/\/www.youtube.com\/embed\/QbInOoD89k0?feature=oembed\" frameborder=\"0\" allow=\"accelerometer; autoplay; clipboard-write; encrypted-media; gyroscope; picture-in-picture; web-share\" referrerpolicy=\"strict-origin-when-cross-origin\" allowfullscreen><\/iframe><\/p>\n<p>&nbsp;<\/p>\n","protected":false},"excerpt":{"rendered":"<p>\u010ci u\u017e chr\u00e1nite ostatn\u00fdch alebo vediete epick\u00fa loveck\u00fa exped\u00edciu, rie\u0161ite jednu z ka\u017edodenn\u00fdch \u017eivotn\u00fdch v\u00fdziev alebo sa stret\u00e1vate so svojimi doteraz najextr\u00e9mnej\u0161\u00edmi podmienkami, urobte si cestu so <strong>SOG<\/strong> .<\/p>\n<p><strong>Na v\u0161etky no\u017ee SOG d\u00e1vame do\u017eivotn\u00fa z\u00e1ruku!<\/strong><\/p>\n","protected":false},"featured_media":215537,"comment_status":"open","ping_status":"closed","template":"","meta":[],"pwb-brand":[3231],"product_brand":[],"product_cat":[3197,3186],"product_tag":[3668],"class_list":{"0":"post-215560","1":"product","2":"type-product","3":"status-publish","4":"has-post-thumbnail","6":"pwb-brand-pevny-noz-sog-snarl","7":"product_cat-vystrelovacie-noze-sk","8":"product_cat-noze-sk","9":"product_tag-b2b-sk","11":"first","12":"instock","13":"taxable","14":"shipping-taxable","15":"purchasable","16":"product-type-simple"},"brands":[{"id":3231,"name":"Pevn\u00fd N\u00f4\u017e SOG SNARL","slug":"pevny-noz-sog-snarl"}],"_links":{"self":[{"href":"https:\/\/www.moskito.cz\/sk\/wp-json\/wp\/v2\/product\/215560","targetHints":{"allow":["GET"]}}],"collection":[{"href":"https:\/\/www.moskito.cz\/sk\/wp-json\/wp\/v2\/product"}],"about":[{"href":"https:\/\/www.moskito.cz\/sk\/wp-json\/wp\/v2\/types\/product"}],"replies":[{"embeddable":true,"href":"https:\/\/www.moskito.cz\/sk\/wp-json\/wp\/v2\/comments?post=215560"}],"wp:featuredmedia":[{"embeddable":true,"href":"https:\/\/www.moskito.cz\/sk\/wp-json\/wp\/v2\/media\/215537"}],"wp:attachment":[{"href":"https:\/\/www.moskito.cz\/sk\/wp-json\/wp\/v2\/media?parent=215560"}],"wp:term":[{"taxonomy":"pwb-brand","embeddable":true,"href":"https:\/\/www.moskito.cz\/sk\/wp-json\/wp\/v2\/pwb-brand?post=215560"},{"taxonomy":"product_brand","embeddable":true,"href":"https:\/\/www.moskito.cz\/sk\/wp-json\/wp\/v2\/product_brand?post=215560"},{"taxonomy":"product_cat","embeddable":true,"href":"https:\/\/www.moskito.cz\/sk\/wp-json\/wp\/v2\/product_cat?post=215560"},{"taxonomy":"product_tag","embeddable":true,"href":"https:\/\/www.moskito.cz\/sk\/wp-json\/wp\/v2\/product_tag?post=215560"}],"curies":[{"name":"wp","href":"https:\/\/api.w.org\/{rel}","templated":true}]}}