{"id":215819,"date":"2022-04-26T20:53:17","date_gmt":"2022-04-26T19:53:17","guid":{"rendered":"https:\/\/www.moskito.cz\/produkt\/multifunkcny-klieste-sog-powerlock-black-scissors-nylon-pouch\/"},"modified":"2025-05-07T10:38:37","modified_gmt":"2025-05-07T09:38:37","slug":"multifunkcny-klieste-sog-powerlock-black-scissors-nylon-pouch","status":"publish","type":"product","link":"https:\/\/www.moskito.cz\/sk\/produkt\/multifunkcny-klieste-sog-powerlock-black-scissors-nylon-pouch\/","title":{"rendered":"Multifunk\u010dn\u00e9 Klie\u0161te SOG POWERLOCK BLACK SCISSORS NYLON POUCH"},"content":{"rendered":"<p>Multifunk\u010dn\u00e9 Klie\u0161te <strong>SOG<\/strong> POWERLOCK BLACK SCISSORS NYLON POUCH.<\/p>\n<p>V\u010faka osved\u010den\u00e9mu \u0161asi PowerLock je SOG jedinou spolo\u010dnos\u0165ou, ktor\u00e1 aplikuje technol\u00f3giu Compound Leverage na EOD (Explosive Ordnance Disposal). V\u010faka tomu je \u013eahk\u00e9 krimpova\u0165 tryskacie kryty a demola\u010dn\u00fa \u0161n\u00faru s men\u0161\u00edm tlakom ruky. \u010eal\u0161ou unik\u00e1tnou funkciou SOG je umiestnenie krimpovacieho zariadenia v r\u00e1mci rukov\u00e4te&#8230;ne v \u010de\u013eusti klie\u0161t\u00ed, ako u v\u0161etk\u00fdch ostatn\u00fdch preveden\u00ed. To sl\u00fa\u017ei na minimaliz\u00e1ciu ved\u013eaj\u0161ieho po\u0161kodenia krimpovacieho stroja a umo\u017e\u0148uje obsluhe plne vyu\u017e\u00edva\u0165 nepreru\u0161ovan\u00fd povrch klie\u0161t\u00ed. Navy\u0161e nedoch\u00e1dza k \u017eiadnemu oslabeniu klie\u0161t\u00ed, ktor\u00e9 \u010dasto sp\u00f4sobuje zlomenie \u0161pi\u010diek klie\u0161t\u00ed. Krimpovacie zariadenie vytv\u00e1ra nezvlnen\u00e9 krimpy s vysokou pevnos\u0165ou v \u0165ahu, ktor\u00e9 sp\u013a\u0148aj\u00fa vl\u00e1dne \u0161pecifik\u00e1cie poistiek. S\u00fa\u010das\u0165ou je aj reza\u010dka tvrd\u00e9ho dr\u00f4tu. V\u0161etko schv\u00e1len\u00e9 GSA.<\/p>\n<p>Exkluz\u00edvna zlo\u017een\u00e1 p\u00e1ka SOG<br \/>\nJedna z naju\u017eito\u010dnej\u0161\u00edch noviniek vo svete multifunk\u010dn\u00fdch n\u00e1strojov. V\u010faka tomu je otv\u00e1ranie a uchopenie ove\u013ea hlad\u0161ie, jednoduch\u0161ie a v\u00fdkonnej\u0161ie.<\/p>\n<p>Vojaci pou\u017e\u00edvaj\u00fa PowerLock na niektor\u00fdch z najnebezpe\u010dnej\u0161\u00edch miest na Zemi<br \/>\nPovedzme to takto: je dos\u0165 schopn\u00fd zvl\u00e1dnu\u0165 ka\u017edodenn\u00e9 pr\u00e1ce okolo domu alebo na pracovisku.<\/p>\n<p>18 n\u00e1strojov na dosah ruky<br \/>\nObsahuje chapa\u010d, n\u00f4\u017e na tvrd\u00fd dr\u00f4t, krimpova\u010d dr\u00f4tu, krimpova\u010d trysiek, dvojzub\u00fa p\u00edlku na drevo, \u010diasto\u010dne z\u00fabkovan\u00fa \u010depe\u013e, 3strann\u00fd piln\u00edk, ve\u013ek\u00fd skrutkova\u010d, kr\u00ed\u017eov\u00fd skrutkova\u010d, 1\/4\u201d pohon, \u0161idlo, otv\u00e1ra\u010d na konzervy, mal\u00fd skrutkova\u010d, f\u013ea\u0161a stredn\u00fd skrutkova\u010d, no\u017enice a prav\u00edtka.<\/p>\n<p>420 NEREZ<br \/>\nNerezov\u00e1 oce\u013e 420 poskytuje odolnos\u0165 proti kor\u00f3zii a zv\u00fd\u0161en\u00fa pevnos\u0165 a tvrdos\u0165.<\/p>\n<p>ZLO\u017dEN\u00c1 P\u00c1KA<br \/>\nPatentovan\u00e1 technol\u00f3gia Compound Leverage spolo\u010dnosti SOG vyu\u017e\u00edva viac oto\u010dn\u00fdch bodov, ktor\u00e9 generuj\u00fa v\u00e4\u010d\u0161\u00ed zdvih rukov\u00e4te vo vz\u0165ahu k pohybu klie\u0161t\u00ed. V\u00fdsledkom je v\u00fdhoda p\u00e1kov\u00e9ho efektu pribli\u017ene dvojn\u00e1sobku v\u00fdkonu be\u017en\u00e9ho multifunk\u010dn\u00e9ho n\u00e1radia, v\u010faka ktor\u00e9mu je ka\u017ed\u00fd rez hlad\u0161\u00ed a jednoduch\u0161\u00ed.<\/p>\n<p>ZARIADENIE EOD CRIMPER<br \/>\nUmiestnen\u00fd vo vn\u00fatri rukov\u00e4te, aby sa minimalizovalo ved\u013eaj\u0161ie po\u0161kodenie krimpovacieho zariadenia a umo\u017enilo pln\u00e9 vyu\u017eitie nepreru\u0161ovan\u00e9ho povrchu klie\u0161t\u00ed. Krimpovacie krimpovacie zariadenie vytv\u00e1ra nezvlnen\u00e9 krimpy s vysokou pevnos\u0165ou pri vytiahnut\u00ed, ktor\u00e9 sp\u013a\u0148aj\u00fa vl\u00e1dne \u0161pecifik\u00e1cie poistiek.<\/p>\n<p>PARAMETRE PRODUKTU :<br \/>\nH\u013d\u00daBKA \u010cEPELA : 2 mm<br \/>\nD\u0139\u017dKA \u010cEPELA : 7 cm<br \/>\nOCE\u013d : 420 Stainless<br \/>\nHMOTNOS\u0164 : 27.2 g<br \/>\nMATERI\u00c1L RUKOV\u00c4TI : 420 Stainless Steel<br \/>\nCELKOV\u00c1 VE\u013dKOS\u0164 : 17,8 cm<br \/>\nMATERI\u00c1L P\u00daZDRA : Synthetic Fabric<br \/>\nD\u0139\u017dKA RUKOV\u00c4TI : 11,7 cm<br \/>\nFARBA : Black<br \/>\nDRUH POISTKY : Skladac\u00ed mechanizmus<\/p>\n<p>&nbsp;<\/p>\n","protected":false},"excerpt":{"rendered":"<p>\u010ci u\u017e chr\u00e1nite ostatn\u00fdch alebo vediete epick\u00fa loveck\u00fa exped\u00edciu, rie\u0161ite jednu z ka\u017edodenn\u00fdch \u017eivotn\u00fdch v\u00fdziev alebo sa stret\u00e1vate so svojimi doteraz najextr\u00e9mnej\u0161\u00edmi podmienkami, urobte si cestu so <strong>SOG<\/strong> .<\/p>\n<p><strong>Na v\u0161etky no\u017ee SOG d\u00e1vame do\u017eivotn\u00fa z\u00e1ruku!<\/strong><\/p>\n","protected":false},"featured_media":215794,"comment_status":"open","ping_status":"closed","template":"","meta":[],"pwb-brand":[3231],"product_brand":[],"product_cat":[3342],"product_tag":[3668],"class_list":{"0":"post-215819","1":"product","2":"type-product","3":"status-publish","4":"has-post-thumbnail","6":"pwb-brand-pevny-noz-sog-snarl","7":"product_cat-multi-tool-sk","8":"product_tag-b2b-sk","10":"first","11":"instock","12":"taxable","13":"shipping-taxable","14":"purchasable","15":"product-type-simple"},"brands":[{"id":3231,"name":"Pevn\u00fd N\u00f4\u017e SOG SNARL","slug":"pevny-noz-sog-snarl"}],"_links":{"self":[{"href":"https:\/\/www.moskito.cz\/sk\/wp-json\/wp\/v2\/product\/215819","targetHints":{"allow":["GET"]}}],"collection":[{"href":"https:\/\/www.moskito.cz\/sk\/wp-json\/wp\/v2\/product"}],"about":[{"href":"https:\/\/www.moskito.cz\/sk\/wp-json\/wp\/v2\/types\/product"}],"replies":[{"embeddable":true,"href":"https:\/\/www.moskito.cz\/sk\/wp-json\/wp\/v2\/comments?post=215819"}],"wp:featuredmedia":[{"embeddable":true,"href":"https:\/\/www.moskito.cz\/sk\/wp-json\/wp\/v2\/media\/215794"}],"wp:attachment":[{"href":"https:\/\/www.moskito.cz\/sk\/wp-json\/wp\/v2\/media?parent=215819"}],"wp:term":[{"taxonomy":"pwb-brand","embeddable":true,"href":"https:\/\/www.moskito.cz\/sk\/wp-json\/wp\/v2\/pwb-brand?post=215819"},{"taxonomy":"product_brand","embeddable":true,"href":"https:\/\/www.moskito.cz\/sk\/wp-json\/wp\/v2\/product_brand?post=215819"},{"taxonomy":"product_cat","embeddable":true,"href":"https:\/\/www.moskito.cz\/sk\/wp-json\/wp\/v2\/product_cat?post=215819"},{"taxonomy":"product_tag","embeddable":true,"href":"https:\/\/www.moskito.cz\/sk\/wp-json\/wp\/v2\/product_tag?post=215819"}],"curies":[{"name":"wp","href":"https:\/\/api.w.org\/{rel}","templated":true}]}}