{"id":215837,"date":"2022-04-26T21:34:21","date_gmt":"2022-04-26T20:34:21","guid":{"rendered":"https:\/\/www.moskito.cz\/produkt\/pevny-noz-sog-gambit\/"},"modified":"2025-05-07T10:38:37","modified_gmt":"2025-05-07T09:38:37","slug":"pevny-noz-sog-gambit","status":"publish","type":"product","link":"https:\/\/www.moskito.cz\/sk\/produkt\/pevny-noz-sog-gambit\/","title":{"rendered":"Pevn\u00fd N\u00f4\u017e SOG GAMBIT"},"content":{"rendered":"<p>Pevn\u00fd N\u00f4\u017e <strong>SOG<\/strong> GAMBIT.<\/p>\n<p>Pevn\u00e1 \u010depe\u013e navrhnut\u00e1 tak, aby zvl\u00e1dla viac pou\u017eit\u00ed vr\u00e1tane osobnej ochrany, \u00fa\u017eitkov\u00fdch \u00faloh a \u010fal\u0161\u00edch, SOG Gambit je postaven\u00e1 tak, aby fungovala za v\u0161etk\u00fdch okolnost\u00ed. Jedine\u010dn\u00e1 ergonomick\u00e1 rukov\u00e4\u0165, ktor\u00e1 je pohodln\u00e1 pri \u00fachope vpred aj vzad, je dr\u017ean\u00e1 celoplo\u0161n\u00fdm dizajnom no\u017ea pre v\u00e4\u010d\u0161iu silu. H\u00e1kovit\u00e1 2,6-palcov\u00e1 \u010depe\u013e, ktor\u00e1 pripom\u00edna paz\u00far, pon\u00faka \u010fal\u0161ie funkcie pre zah\u00e1knutie, trhanie a trhanie. Gambit je dod\u00e1van\u00fd s pevn\u00fdm nylonov\u00fdm puzdrom na jednoduch\u00e9 pren\u00e1\u0161anie. Historicky bol tento \u0161t\u00fdl \u010depele ur\u010den\u00fd na sebaobranu a pou\u017eitie v po\u013enohospod\u00e1rstve. Aj ke\u010f sa st\u00e1le pou\u017e\u00edva na tieto \u00fa\u010dely, je tie\u017e skvel\u00fd pre vonkaj\u0161ie pou\u017eitie.<\/p>\n<p>Pevn\u00e9 tvarovan\u00e9 nylonov\u00e9 puzdro s klipom na opasok\/top\u00e1nku, body na pripevnenie na opasok a \u0161n\u00farku pre viac mo\u017enost\u00ed nosenia.<\/p>\n<p>Mnohostrann\u00e9 pou\u017eitie vr\u00e1tane osobnej ochrany, u\u017eito\u010dn\u00fdch \u00faloh a mnoho \u010fal\u0161ieho<\/p>\n<p>Celkov\u00e1 d\u013a\u017eka: 185 mm, Hmotnos\u0165: 79 g . D\u013a\u017eka \u010depele: 66 mm<\/p>\n<p>&nbsp;<\/p>\n","protected":false},"excerpt":{"rendered":"<p>\u010ci u\u017e chr\u00e1nite ostatn\u00fdch alebo vediete epick\u00fa loveck\u00fa exped\u00edciu, rie\u0161ite jednu z ka\u017edodenn\u00fdch \u017eivotn\u00fdch v\u00fdziev alebo sa stret\u00e1vate so svojimi doteraz najextr\u00e9mnej\u0161\u00edmi podmienkami, urobte si cestu so <strong>SOG<\/strong> .<\/p>\n<p><strong>Na v\u0161etky no\u017ee SOG d\u00e1vame do\u017eivotn\u00fa z\u00e1ruku!<\/strong><\/p>\n","protected":false},"featured_media":215824,"comment_status":"open","ping_status":"closed","template":"","meta":[],"pwb-brand":[3231],"product_brand":[],"product_cat":[3186,3187],"product_tag":[3668],"class_list":{"0":"post-215837","1":"product","2":"type-product","3":"status-publish","4":"has-post-thumbnail","6":"pwb-brand-pevny-noz-sog-snarl","7":"product_cat-noze-sk","8":"product_cat-pevne-noze-sk","9":"product_tag-b2b-sk","11":"first","12":"outofstock","13":"taxable","14":"shipping-taxable","15":"purchasable","16":"product-type-simple"},"brands":[{"id":3231,"name":"Pevn\u00fd N\u00f4\u017e SOG SNARL","slug":"pevny-noz-sog-snarl"}],"_links":{"self":[{"href":"https:\/\/www.moskito.cz\/sk\/wp-json\/wp\/v2\/product\/215837","targetHints":{"allow":["GET"]}}],"collection":[{"href":"https:\/\/www.moskito.cz\/sk\/wp-json\/wp\/v2\/product"}],"about":[{"href":"https:\/\/www.moskito.cz\/sk\/wp-json\/wp\/v2\/types\/product"}],"replies":[{"embeddable":true,"href":"https:\/\/www.moskito.cz\/sk\/wp-json\/wp\/v2\/comments?post=215837"}],"wp:featuredmedia":[{"embeddable":true,"href":"https:\/\/www.moskito.cz\/sk\/wp-json\/wp\/v2\/media\/215824"}],"wp:attachment":[{"href":"https:\/\/www.moskito.cz\/sk\/wp-json\/wp\/v2\/media?parent=215837"}],"wp:term":[{"taxonomy":"pwb-brand","embeddable":true,"href":"https:\/\/www.moskito.cz\/sk\/wp-json\/wp\/v2\/pwb-brand?post=215837"},{"taxonomy":"product_brand","embeddable":true,"href":"https:\/\/www.moskito.cz\/sk\/wp-json\/wp\/v2\/product_brand?post=215837"},{"taxonomy":"product_cat","embeddable":true,"href":"https:\/\/www.moskito.cz\/sk\/wp-json\/wp\/v2\/product_cat?post=215837"},{"taxonomy":"product_tag","embeddable":true,"href":"https:\/\/www.moskito.cz\/sk\/wp-json\/wp\/v2\/product_tag?post=215837"}],"curies":[{"name":"wp","href":"https:\/\/api.w.org\/{rel}","templated":true}]}}