{"id":215969,"date":"2022-04-27T21:41:21","date_gmt":"2022-04-27T20:41:21","guid":{"rendered":"https:\/\/www.moskito.cz\/produkt\/brusik-sog-countertop-sharpener\/"},"modified":"2025-05-07T10:38:40","modified_gmt":"2025-05-07T09:38:40","slug":"brusik-sog-countertop-sharpener","status":"publish","type":"product","link":"https:\/\/www.moskito.cz\/sk\/produkt\/brusik-sog-countertop-sharpener\/","title":{"rendered":"Br\u00faska SOG COUNTERTOP SHARPENER"},"content":{"rendered":"<p>Br\u00faska <strong>SOG<\/strong> COUNTERTOP SHARPENER.<\/p>\n<p>Teraz SOG odstra\u0148uje probl\u00e9my s br\u00fasen\u00edm no\u017eov s najnov\u0161ou gener\u00e1ciou stoln\u00e9ho str\u00fahadla SOG! Jednoducho postavte SOG Countertop Sharpener na ak\u00fdko\u013evek ploch\u00fd nepor\u00e9zny povrch, aktivujte sanie a pretiahnite no\u017ee cez, aby ste z\u00edskali ostrie ako britva! Funguje na v\u0161etky no\u017ee SOG.<\/p>\n<p>Zanech\u00e1va no\u017ee s ostr\u00edm ostr\u00fdm ako britva. Mal\u00e9 a \u013eahko prenosn\u00e9. Technol\u00f3gia ods\u00e1vania poskytuje minim\u00e1lnu n\u00e1mahu.<\/p>\n<p>&nbsp;<\/p>\n<p>&nbsp;<\/p>\n","protected":false},"excerpt":{"rendered":"<p>\u010ci u\u017e chr\u00e1nite ostatn\u00fdch alebo vediete epick\u00fa loveck\u00fa exped\u00edciu, rie\u0161ite jednu z ka\u017edodenn\u00fdch \u017eivotn\u00fdch v\u00fdziev alebo sa stret\u00e1vate so svojimi doteraz najextr\u00e9mnej\u0161\u00edmi podmienkami, urobte si cestu so <strong>SOG<\/strong> .<\/p>\n<p><strong>Na v\u0161etky no\u017ee SOG d\u00e1vame do\u017eivotn\u00fa z\u00e1ruku!<\/strong><\/p>\n","protected":false},"featured_media":215962,"comment_status":"open","ping_status":"closed","template":"","meta":[],"pwb-brand":[3231],"product_brand":[],"product_cat":[3205],"product_tag":[3668],"class_list":{"0":"post-215969","1":"product","2":"type-product","3":"status-publish","4":"has-post-thumbnail","6":"pwb-brand-pevny-noz-sog-snarl","7":"product_cat-brusky-a-ocielky","8":"product_tag-b2b-sk","10":"first","11":"instock","12":"taxable","13":"shipping-taxable","14":"purchasable","15":"product-type-simple"},"brands":[{"id":3231,"name":"Pevn\u00fd N\u00f4\u017e SOG SNARL","slug":"pevny-noz-sog-snarl"}],"_links":{"self":[{"href":"https:\/\/www.moskito.cz\/sk\/wp-json\/wp\/v2\/product\/215969","targetHints":{"allow":["GET"]}}],"collection":[{"href":"https:\/\/www.moskito.cz\/sk\/wp-json\/wp\/v2\/product"}],"about":[{"href":"https:\/\/www.moskito.cz\/sk\/wp-json\/wp\/v2\/types\/product"}],"replies":[{"embeddable":true,"href":"https:\/\/www.moskito.cz\/sk\/wp-json\/wp\/v2\/comments?post=215969"}],"wp:featuredmedia":[{"embeddable":true,"href":"https:\/\/www.moskito.cz\/sk\/wp-json\/wp\/v2\/media\/215962"}],"wp:attachment":[{"href":"https:\/\/www.moskito.cz\/sk\/wp-json\/wp\/v2\/media?parent=215969"}],"wp:term":[{"taxonomy":"pwb-brand","embeddable":true,"href":"https:\/\/www.moskito.cz\/sk\/wp-json\/wp\/v2\/pwb-brand?post=215969"},{"taxonomy":"product_brand","embeddable":true,"href":"https:\/\/www.moskito.cz\/sk\/wp-json\/wp\/v2\/product_brand?post=215969"},{"taxonomy":"product_cat","embeddable":true,"href":"https:\/\/www.moskito.cz\/sk\/wp-json\/wp\/v2\/product_cat?post=215969"},{"taxonomy":"product_tag","embeddable":true,"href":"https:\/\/www.moskito.cz\/sk\/wp-json\/wp\/v2\/product_tag?post=215969"}],"curies":[{"name":"wp","href":"https:\/\/api.w.org\/{rel}","templated":true}]}}