{"id":216027,"date":"2022-05-02T20:59:51","date_gmt":"2022-05-02T19:59:51","guid":{"rendered":"https:\/\/www.moskito.cz\/produkt\/zatvaraci-noz-sog-centi-ii\/"},"modified":"2025-05-07T10:38:41","modified_gmt":"2025-05-07T09:38:41","slug":"zatvaraci-noz-sog-centi-ii","status":"publish","type":"product","link":"https:\/\/www.moskito.cz\/sk\/produkt\/zatvaraci-noz-sog-centi-ii\/","title":{"rendered":"Zatv\u00e1rac\u00ed N\u00f4\u017e SOG CENTI II"},"content":{"rendered":"<p>Zatv\u00e1rac\u00ed N\u00f4\u017e <strong>SOG<\/strong> CENTI II<\/p>\n<p>Zatv\u00e1racie no\u017ee Centi, ktor\u00e9 s\u00fa navrhnut\u00e9 tak, aby \u0161li kamko\u013evek, mo\u017eno \u013eahko nosi\u0165 na akejko\u013evek k\u013e\u00fa\u010denke alebo \u0161n\u00farke. Centi II je mal\u00fd a v\u0161estrann\u00fd vreckov\u00fd n\u00f4\u017e vyroben\u00fd z kvalitnej nerezovej ocele a navrhnut\u00fd na nosenie na kr\u00fa\u017eku na k\u013e\u00fa\u010de alebo na schovanie vo vrecku. Vyzna\u010duje sa dizajnom lockback a 2,1-palcovou \u010depe\u013eou z nerezovej ocele v jednoduchom dizajne. Tento drobn\u00fd n\u00e1stroj je ten\u0161\u00ed ako v\u00e4\u010d\u0161ina autok\u013e\u00fa\u010dov, ale dostato\u010dne pevn\u00fd na nen\u00e1ro\u010dn\u00e9 rezanie. Jeho celonerezov\u00e1 kon\u0161trukcia z neho rob\u00ed odoln\u00fd n\u00e1stroj. Majte ho st\u00e1le pri sebe a zist\u00edte, \u017ee sa hod\u00ed na r\u00fdchle ka\u017edodenn\u00e9 \u00falohy. Je tam, ke\u010f ho potrebujete, a neprek\u00e1\u017ea, ke\u010f ho nepotrebujete.<\/p>\n<p>PARAMETRE PRODUKTU :<\/p>\n<p>OCE\u013d : 3Cr13<br \/>\nD\u0139\u017dKA \u010cEPELA : 5.3 cm<br \/>\nHMOTNOS\u0164 : 37g<br \/>\nH\u013d\u00daBKA \u010cEPELA : 1,8 mm<br \/>\nFARBA : Black<br \/>\nDRUH POISTKY : LockBack<br \/>\nCELKOV\u00c1 VE\u013dKOS\u0164 : 12.7 cm<br \/>\nMATERI\u00c1L RUKOV\u00c4TI : Stainless Steel<\/p>\n<p><iframe title=\"SOG Centi I &amp; II\" width=\"800\" height=\"450\" src=\"https:\/\/www.youtube.com\/embed\/o2u5vudOSWM?feature=oembed\" frameborder=\"0\" allow=\"accelerometer; autoplay; clipboard-write; encrypted-media; gyroscope; picture-in-picture; web-share\" referrerpolicy=\"strict-origin-when-cross-origin\" allowfullscreen><\/iframe><\/p>\n<p>&nbsp;<\/p>\n","protected":false},"excerpt":{"rendered":"<p>\u010ci u\u017e chr\u00e1nite ostatn\u00fdch alebo vediete epick\u00fa loveck\u00fa exped\u00edciu, rie\u0161ite jednu z ka\u017edodenn\u00fdch \u017eivotn\u00fdch v\u00fdziev alebo sa stret\u00e1vate so svojimi doteraz najextr\u00e9mnej\u0161\u00edmi podmienkami, urobte si cestu so <strong>SOG<\/strong> .<\/p>\n<p><strong>Na v\u0161etky no\u017ee SOG d\u00e1vame do\u017eivotn\u00fa z\u00e1ruku!<\/strong><\/p>\n","protected":false},"featured_media":216014,"comment_status":"open","ping_status":"closed","template":"","meta":[],"pwb-brand":[3231],"product_brand":[],"product_cat":[3186,3233],"product_tag":[3668],"class_list":{"0":"post-216027","1":"product","2":"type-product","3":"status-publish","4":"has-post-thumbnail","6":"pwb-brand-pevny-noz-sog-snarl","7":"product_cat-noze-sk","8":"product_cat-zatvaracie-noze","9":"product_tag-b2b-sk","11":"first","12":"outofstock","13":"taxable","14":"shipping-taxable","15":"purchasable","16":"product-type-simple"},"brands":[{"id":3231,"name":"Pevn\u00fd N\u00f4\u017e SOG SNARL","slug":"pevny-noz-sog-snarl"}],"_links":{"self":[{"href":"https:\/\/www.moskito.cz\/sk\/wp-json\/wp\/v2\/product\/216027","targetHints":{"allow":["GET"]}}],"collection":[{"href":"https:\/\/www.moskito.cz\/sk\/wp-json\/wp\/v2\/product"}],"about":[{"href":"https:\/\/www.moskito.cz\/sk\/wp-json\/wp\/v2\/types\/product"}],"replies":[{"embeddable":true,"href":"https:\/\/www.moskito.cz\/sk\/wp-json\/wp\/v2\/comments?post=216027"}],"wp:featuredmedia":[{"embeddable":true,"href":"https:\/\/www.moskito.cz\/sk\/wp-json\/wp\/v2\/media\/216014"}],"wp:attachment":[{"href":"https:\/\/www.moskito.cz\/sk\/wp-json\/wp\/v2\/media?parent=216027"}],"wp:term":[{"taxonomy":"pwb-brand","embeddable":true,"href":"https:\/\/www.moskito.cz\/sk\/wp-json\/wp\/v2\/pwb-brand?post=216027"},{"taxonomy":"product_brand","embeddable":true,"href":"https:\/\/www.moskito.cz\/sk\/wp-json\/wp\/v2\/product_brand?post=216027"},{"taxonomy":"product_cat","embeddable":true,"href":"https:\/\/www.moskito.cz\/sk\/wp-json\/wp\/v2\/product_cat?post=216027"},{"taxonomy":"product_tag","embeddable":true,"href":"https:\/\/www.moskito.cz\/sk\/wp-json\/wp\/v2\/product_tag?post=216027"}],"curies":[{"name":"wp","href":"https:\/\/api.w.org\/{rel}","templated":true}]}}