{"id":216053,"date":"2021-10-14T14:08:38","date_gmt":"2021-10-14T13:08:38","guid":{"rendered":"https:\/\/www.moskito.cz\/produkt\/pevny-noz-sog-seal-pup-elite-black-2\/"},"modified":"2024-06-12T13:48:10","modified_gmt":"2024-06-12T12:48:10","slug":"pevny-noz-sog-seal-pup-elite-black-2","status":"publish","type":"product","link":"https:\/\/www.moskito.cz\/sk\/produkt\/pevny-noz-sog-seal-pup-elite-black-2\/","title":{"rendered":"Pevn\u00fd N\u00f4\u017e SOG SEAL Pup Elite Black"},"content":{"rendered":"<p>N\u00e1\u0161 pr\u00edbeh za\u010d\u00edna vo Vietname, kde \u010dlenovia vysoko utajovanej americkej \u0161peci\u00e1lnej opera\u010dnej jednotky \u2013 zn\u00e1mej ako MACV \u2013 <strong>SOG<\/strong> \u2013 niesli jedine\u010dn\u00fd tajn\u00fd n\u00f4\u017e do d\u017eungle na skryt\u00fdch misi\u00e1ch. O nieko\u013eko rokov nesk\u00f4r, v roku 1986, tento n\u00f4\u017e in\u0161piroval mlad\u00e9ho n\u00e1vrh\u00e1ra menom Spencer Frazer, aby zalo\u017eil \u0161peci\u00e1lne no\u017ee <strong>SOG<\/strong> . Jeho poslanie: reprodukova\u0165 p\u00f4vodn\u00fd n\u00f4\u017e <strong>SOG<\/strong> Bowie a vzda\u0165 hold \u0161peci\u00e1lnej opera\u010dnej jednotke, ktor\u00e1 ho vytvorila. To, \u010do za\u010dalo ako jedin\u00fd pam\u00e4tn\u00fd model, sa \u010doskoro stalo cel\u00fdm radom inovat\u00edvnych n\u00e1strojov \u2013 osved\u010den\u00fdch americk\u00fdmi \u0161peci\u00e1lnymi silami, dokonca ocenen\u00fdch ako vybran\u00fd n\u00f4\u017e Navy SEAL. No\u017ee SOG sa dnes s istotou nosia do t\u00fdch najn\u00e1ro\u010dnej\u0161\u00edch situ\u00e1ci\u00ed. Kovan\u00e9 z trad\u00edcie, tvrden\u00e9 v poli, pilovan\u00e9 pre v\u00e1s.<\/p>\n<p>\u010ci u\u017e chr\u00e1nite ostatn\u00fdch alebo vediete epick\u00fa loveck\u00fa exped\u00edciu, rie\u0161ite jednu z ka\u017edodenn\u00fdch \u017eivotn\u00fdch v\u00fdziev alebo sa stret\u00e1vate so svojimi doteraz najextr\u00e9mnej\u0161\u00edmi podmienkami, urobte si cestu so <strong>SOG<\/strong> .<\/p>\n<p>Pevn\u00fd N\u00f4\u017e <strong>SOG<\/strong> SEAL Pup Elite Black.<\/p>\n<p>Tu\u010dn\u00e1 a odoln\u00e1 kompaktn\u00e1 taktick\u00e1 pevn\u00e1 \u010depe\u013e s nylonovou rukov\u00e4\u0165ou vystu\u017eenou sklom. K dispoz\u00edcii s nylonov\u00fdm puzdrom kompatibiln\u00fdm s MOLLE.<\/p>\n<p>Nie ka\u017ed\u00fd n\u00f4\u017e na pre\u017eitie mus\u00ed ma\u0165 super ve\u013ekos\u0165 a tento stredne ve\u013ek\u00fd n\u00f4\u017e nesie mnoho skvel\u00fdch vlastnost\u00ed, ktor\u00e9 sme u SOG o\u010dak\u00e1vali a na ktor\u00e9 sa m\u00f4\u017eeme spo\u013eahn\u00fa\u0165. Najlep\u0161ou vlastnos\u0165ou tohto no\u017ea je dlhovekos\u0165 jeho ostrosti. Viem, \u017ee aj ke\u010f tento n\u00f4\u017e pou\u017e\u00edvam na niektor\u00e9 ka\u017edodenn\u00e9 \u00falohy, bude st\u00e1le ostr\u00fd, ak ho budem musie\u0165 pou\u017ei\u0165 v pr\u00edpade n\u00fadze.<\/p>\n<p>Celkov\u00e1 d\u013a\u017eka: 24 cm<br \/>\nHmotnos\u0165 produktu : 5,40 oz<br \/>\nD\u013a\u017eka \u010depele: 12.5 cm<br \/>\nProduktov\u00fd rad : Seal Pup Elite<br \/>\nHardcased Black TiNi<br \/>\nTyp hrany : \u010ciasto\u010dne z\u00fabkovan\u00e9<br \/>\nTyp z oce\u013eovej \u010depele : AUS-8<br \/>\nMateri\u00e1l rukov\u00e4te : Nylon zosilnen\u00fd sklom<br \/>\nFarba rukov\u00e4te : \u010cierna<br \/>\nTvrdos\u0165 : RC 57-58<br \/>\nVr\u00e1tane puzdra : \u00c1no<br \/>\nFarba puzdra : \u010cierna<\/p>\n<p>Thick and durable kompaktn\u00fd takticky fixovan\u00fd blade s spine rasp and glass-reinforced nylon handle. Available with MOLLE compatible nylon sheath.<\/p>\n<p>&#8222;No jedna survival n\u00f4\u017e nepotrebuje by\u0165 super-sized, a t\u00e1to stredn\u00e1 n\u00f4\u017e medve\u010f ve\u013ea fine features mi urobi\u0165 expect a rely upon v SOG. Best feature this n\u00f4\u017e je longevity jeho sha Aj know that even if I use this knife for some daily tasks, it will still be sharp if I have to use it in an emergency.&#8220;<\/p>\n<p>Overall Length<br \/>\n9.5&#8243;<br \/>\nProduct Weight<br \/>\n5.40 oz<br \/>\nBlade Length<br \/>\n4.85&#8243;<br \/>\nBlade Thickness<br \/>\n0.19&#8243;<br \/>\nProduct Family<br \/>\nSeal Pup Elite<br \/>\nProduct Type<br \/>\nFixed Blade<br \/>\nCountry of Origin<br \/>\nTaiwan<br \/>\nLanyard Hole<br \/>\nYes<br \/>\nLanyard Material<br \/>\nNylon<br \/>\nEngravable<br \/>\nYes<br \/>\nFinish<br \/>\nHardcased Black TiNi<br \/>\nEdge Type<br \/>\nPartially Serrated<br \/>\nBlade Steel Type<br \/>\nAUS-8<br \/>\nBlade Shape<br \/>\nClip Point<br \/>\nSpine Type<br \/>\nRasp<br \/>\nHandle Material<br \/>\nGlass-Reinforced Nylon<br \/>\nHandle Color<br \/>\nBlack<br \/>\nHardness<br \/>\nRc. 57-58<br \/>\nSheath Included<br \/>\nYes<br \/>\nSheath Color<br \/>\nBlack<\/p>\n<p>&nbsp;<\/p>\n","protected":false},"excerpt":{"rendered":"<div class=\"elementor-element elementor-element-bbb542b elementor-widget elementor-widget-woocommerce-product-short-description\" data-id=\"bbb542b\" data-element_type=\"widget\" data-widget_type=\"woocommerce-product-short-description.default\">\n<div class=\"elementor-widget-container\">\n<div class=\"woocommerce-product-details__short-description\">\n<div class=\"elementor-element elementor-element-bbb542b elementor-widget elementor-widget-woocommerce-product-short-description\" data-id=\"bbb542b\" data-element_type=\"widget\" data-widget_type=\"woocommerce-product-short-description.default\">\n<div class=\"elementor-widget-container\">\n<div class=\"woocommerce-product-details__short-description\">\n<p>\u010ci u\u017e chr\u00e1nite ostatn\u00fdch alebo vediete epick\u00fa loveck\u00fa exped\u00edciu, rie\u0161ite jednu z ka\u017edodenn\u00fdch \u017eivotn\u00fdch v\u00fdziev alebo sa stret\u00e1vate so svojimi doteraz najextr\u00e9mnej\u0161\u00edmi podmienkami, urobte si cestu so <strong>SOG<\/strong> .<\/p>\n<p><strong>Na v\u0161etky no\u017ee SOG d\u00e1vame do\u017eivotn\u00fa z\u00e1ruku!<\/strong><\/p>\n<\/div>\n<\/div>\n<\/div>\n<\/div>\n<\/div>\n<\/div>\n","protected":false},"featured_media":206606,"comment_status":"open","ping_status":"closed","template":"","meta":[],"pwb-brand":[3231],"product_brand":[],"product_cat":[3187,3186],"product_tag":[3668],"class_list":{"0":"post-216053","1":"product","2":"type-product","3":"status-publish","4":"has-post-thumbnail","6":"pwb-brand-pevny-noz-sog-snarl","7":"product_cat-pevne-noze-sk","8":"product_cat-noze-sk","9":"product_tag-b2b-sk","11":"first","12":"instock","13":"taxable","14":"shipping-taxable","15":"purchasable","16":"product-type-simple"},"brands":[{"id":3231,"name":"Pevn\u00fd N\u00f4\u017e SOG SNARL","slug":"pevny-noz-sog-snarl"}],"_links":{"self":[{"href":"https:\/\/www.moskito.cz\/sk\/wp-json\/wp\/v2\/product\/216053","targetHints":{"allow":["GET"]}}],"collection":[{"href":"https:\/\/www.moskito.cz\/sk\/wp-json\/wp\/v2\/product"}],"about":[{"href":"https:\/\/www.moskito.cz\/sk\/wp-json\/wp\/v2\/types\/product"}],"replies":[{"embeddable":true,"href":"https:\/\/www.moskito.cz\/sk\/wp-json\/wp\/v2\/comments?post=216053"}],"wp:featuredmedia":[{"embeddable":true,"href":"https:\/\/www.moskito.cz\/sk\/wp-json\/wp\/v2\/media\/206606"}],"wp:attachment":[{"href":"https:\/\/www.moskito.cz\/sk\/wp-json\/wp\/v2\/media?parent=216053"}],"wp:term":[{"taxonomy":"pwb-brand","embeddable":true,"href":"https:\/\/www.moskito.cz\/sk\/wp-json\/wp\/v2\/pwb-brand?post=216053"},{"taxonomy":"product_brand","embeddable":true,"href":"https:\/\/www.moskito.cz\/sk\/wp-json\/wp\/v2\/product_brand?post=216053"},{"taxonomy":"product_cat","embeddable":true,"href":"https:\/\/www.moskito.cz\/sk\/wp-json\/wp\/v2\/product_cat?post=216053"},{"taxonomy":"product_tag","embeddable":true,"href":"https:\/\/www.moskito.cz\/sk\/wp-json\/wp\/v2\/product_tag?post=216053"}],"curies":[{"name":"wp","href":"https:\/\/api.w.org\/{rel}","templated":true}]}}