{"id":216058,"date":"2021-09-14T20:35:41","date_gmt":"2021-09-14T19:35:41","guid":{"rendered":"https:\/\/www.moskito.cz\/produkt\/zatvaraci-noz-sog-terminus-xr-g10-crimson\/"},"modified":"2025-05-07T10:38:42","modified_gmt":"2025-05-07T09:38:42","slug":"zatvaraci-noz-sog-terminus-xr-g10-crimson","status":"publish","type":"product","link":"https:\/\/www.moskito.cz\/sk\/produkt\/zatvaraci-noz-sog-terminus-xr-g10-crimson\/","title":{"rendered":"Zatv\u00e1rac\u00ed N\u00f4\u017e SOG TERMINUS XR G10 &#8211; CRIMSON"},"content":{"rendered":"<p>Zatv\u00e1rac\u00ed N\u00f4\u017e SOG TERMINUS XR G10 &#8211; CRIMSON. Pre t\u00fdch, ktor\u00ed h\u013eadaj\u00fa nie\u010do trochu drsnej\u0161ie, je tu Terminus XR G10. Odizolovan\u00fd, zadn\u00fd, priamo\u010diary, odet\u00fd poctivou rukov\u00e4\u0165ou G10 a hardv\u00e9rom vypran\u00fdm kame\u0148om. Uzamykac\u00ed mechanizmus XR je elegantn\u00fd a prisp\u00f4sobuje sa po cel\u00fa dobu \u017eivotnosti no\u017ea. Oce\u013eov\u00e1 \u010depe\u013e D2 sa vyzna\u010duje vysokou h\u00fa\u017eevnatos\u0165ou a odolnos\u0165ou proti opotrebeniu. N\u00f4\u017e je plne obojstrann\u00fd, s vymenite\u013enou sponou na opasok na nosenie v\u013eavo alebo vpravo. Tri r\u00f4zne sp\u00f4soby otv\u00e1rania: \u010dap na palec, z\u00e1mok XR a kop. Terminus XR nastavuje nov\u00fd pruh pre EDC. CELKOV\u00c1 D\u0139\u017dKA : 18 cm ZATVOREN\u00c1 D\u0139\u017dKA : 10.6 cm HMOTNOS\u0164 PRODUKTU: 3,2 oz D\u0139\u017dKA \u010cEPE\u013dA: 8cm TYP PRODUKTU : Skladac\u00ed n\u00f4\u017e MECHANIZMUS ZAMYKANIE : XR Otv\u00e1rac\u00ed mechanizmus: XR, Palec, Kick TYP SPONY NA OPASOK : Reverzibiln\u00fd Low-Carry DOKON\u010cEN\u00cd : Stone Wash TYP HRANY : Rovn\u00fd TYP Z OCE\u013dOVEJ \u010cEPELE : D2 TVRDOS\u0164 : RC 58-60 MATERI\u00c1L RUKOV\u00c4TI : G10 FARBA RUKOV\u00c4TI : Karm\u00ednov\u00fd N\u00e1\u0161 pr\u00edbeh za\u010d\u00edna vo Vietname, kde \u010dlenovia vysoko utajovanej americkej \u0161peci\u00e1lnej opera\u010dnej jednotky &#8211; zn\u00e1mej ako MACV -SOG &#8211; niesli jedine\u010dn\u00fd tajn\u00fd n\u00f4\u017e do d\u017eungle na skryt\u00fdch misi\u00e1ch. O nieko\u013eko rokov nesk\u00f4r, v roku 1986, tento n\u00f4\u017e in\u0161piroval mlad\u00e9ho n\u00e1vrh\u00e1ra menom Spencer Frazer, aby zalo\u017eil \u0161peci\u00e1lne no\u017ee SOG. Jeho poslanie: reprodukova\u0165 p\u00f4vodn\u00fd n\u00f4\u017e SOG Bowie a vzda\u0165 hold \u0161peci\u00e1lnej opera\u010dnej jednotke, ktor\u00e1 ho vytvorila. To, \u010do za\u010dalo ako jedin\u00fd pam\u00e4tn\u00fd model, sa \u010doskoro stalo cel\u00fdm radom inovat\u00edvnych n\u00e1strojov \u2013 osved\u010den\u00fdch americk\u00fdmi \u0161peci\u00e1lnymi silami, dokonca ocenen\u00fdch ako vybran\u00fd n\u00f4\u017e Navy SEAL. No\u017ee SOG sa dnes s istotou nosia do t\u00fdch najn\u00e1ro\u010dnej\u0161\u00edch situ\u00e1ci\u00ed. Kovan\u00e9 z trad\u00edcie, tvrden\u00e9 v poli, pilovan\u00e9 pre v\u00e1s.<\/p>\n","protected":false},"excerpt":{"rendered":"<pre id=\"tw-target-text\" class=\"tw-data-text tw-text-large tw-ta\" dir=\"ltr\" data-placeholder=\"P\u0159eklad\"><span class=\"Y2IQFc\" lang=\"sk\">\u010ci u\u017e chr\u00e1nite ostatn\u00fdch alebo vediete epick\u00fa loveck\u00fa exped\u00edciu, rie\u0161ite jednu z ka\u017edodenn\u00fdch \u017eivotn\u00fdch v\u00fdziev alebo sa stret\u00e1vate so svojimi doteraz najextr\u00e9mnej\u0161\u00edmi podmienkami, urobte si cestu so SOG.\r\n\r\nNa v\u0161etky no\u017ee SOG d\u00e1vame do\u017eivotn\u00fa z\u00e1ruku!<\/span><\/pre>\n","protected":false},"featured_media":205185,"comment_status":"open","ping_status":"closed","template":"","meta":[],"pwb-brand":[3231],"product_brand":[],"product_cat":[3186,3233],"product_tag":[3668],"class_list":{"0":"post-216058","1":"product","2":"type-product","3":"status-publish","4":"has-post-thumbnail","6":"pwb-brand-pevny-noz-sog-snarl","7":"product_cat-noze-sk","8":"product_cat-zatvaracie-noze","9":"product_tag-b2b-sk","11":"first","12":"outofstock","13":"taxable","14":"shipping-taxable","15":"purchasable","16":"product-type-simple"},"brands":[{"id":3231,"name":"Pevn\u00fd N\u00f4\u017e SOG SNARL","slug":"pevny-noz-sog-snarl"}],"_links":{"self":[{"href":"https:\/\/www.moskito.cz\/sk\/wp-json\/wp\/v2\/product\/216058","targetHints":{"allow":["GET"]}}],"collection":[{"href":"https:\/\/www.moskito.cz\/sk\/wp-json\/wp\/v2\/product"}],"about":[{"href":"https:\/\/www.moskito.cz\/sk\/wp-json\/wp\/v2\/types\/product"}],"replies":[{"embeddable":true,"href":"https:\/\/www.moskito.cz\/sk\/wp-json\/wp\/v2\/comments?post=216058"}],"wp:featuredmedia":[{"embeddable":true,"href":"https:\/\/www.moskito.cz\/sk\/wp-json\/wp\/v2\/media\/205185"}],"wp:attachment":[{"href":"https:\/\/www.moskito.cz\/sk\/wp-json\/wp\/v2\/media?parent=216058"}],"wp:term":[{"taxonomy":"pwb-brand","embeddable":true,"href":"https:\/\/www.moskito.cz\/sk\/wp-json\/wp\/v2\/pwb-brand?post=216058"},{"taxonomy":"product_brand","embeddable":true,"href":"https:\/\/www.moskito.cz\/sk\/wp-json\/wp\/v2\/product_brand?post=216058"},{"taxonomy":"product_cat","embeddable":true,"href":"https:\/\/www.moskito.cz\/sk\/wp-json\/wp\/v2\/product_cat?post=216058"},{"taxonomy":"product_tag","embeddable":true,"href":"https:\/\/www.moskito.cz\/sk\/wp-json\/wp\/v2\/product_tag?post=216058"}],"curies":[{"name":"wp","href":"https:\/\/api.w.org\/{rel}","templated":true}]}}