{"id":216074,"date":"2021-10-17T18:31:07","date_gmt":"2021-10-17T17:31:07","guid":{"rendered":"https:\/\/www.moskito.cz\/produkt\/pevny-noz-sog-seal-strike-black\/"},"modified":"2023-11-20T17:04:42","modified_gmt":"2023-11-20T16:04:42","slug":"pevny-noz-sog-seal-strike-black","status":"publish","type":"product","link":"https:\/\/www.moskito.cz\/sk\/produkt\/pevny-noz-sog-seal-strike-black\/","title":{"rendered":"Pevn\u00fd N\u00f4\u017e SOG SEAL STRIKE BLACK"},"content":{"rendered":"<pre id=\"tw-target-text\" class=\"tw-data-text tw-text-large tw-ta\" dir=\"ltr\" data-placeholder=\"P\u0159eklad\"><span class=\"Y2IQFc\" lang=\"sk\">N\u00e1\u0161 pr\u00edbeh za\u010d\u00edna vo Vietname, kde \u010dlenovia vysoko utajovanej americkej \u0161peci\u00e1lnej opera\u010dnej jednotky \u2013 zn\u00e1mej ako MACV \u2013SOG \u2013 niesli jedine\u010dn\u00fd tajn\u00fd n\u00f4\u017e do d\u017eungle na skryt\u00fdch misi\u00e1ch. O nieko\u013eko rokov nesk\u00f4r, v roku 1986, tento n\u00f4\u017e in\u0161piroval mlad\u00e9ho n\u00e1vrh\u00e1ra menom Spencer Frazer, aby zalo\u017eil \u0161peci\u00e1lne no\u017ee SOG. Jeho poslanie: reprodukova\u0165 p\u00f4vodn\u00fd n\u00f4\u017e SOG Bowie a vzda\u0165 hold \u0161peci\u00e1lnej opera\u010dnej jednotke, ktor\u00e1 ho vytvorila. To, \u010do za\u010dalo ako jedin\u00fd pam\u00e4tn\u00fd model, sa \u010doskoro stalo cel\u00fdm radom inovat\u00edvnych n\u00e1strojov \u2013 osved\u010den\u00fdch americk\u00fdmi \u0161peci\u00e1lnymi silami, dokonca ocenen\u00fdch ako vybran\u00fd n\u00f4\u017e Navy SEAL. No\u017ee SOG sa dnes s istotou nosia do t\u00fdch najn\u00e1ro\u010dnej\u0161\u00edch situ\u00e1ci\u00ed. Kovan\u00e9 z trad\u00edcie, tvrden\u00e9 v poli, pilovan\u00e9 pre v\u00e1s.\r\n\r\n\u010ci u\u017e chr\u00e1nite ostatn\u00fdch alebo vediete epick\u00fa loveck\u00fa exped\u00edciu, rie\u0161ite jednu z ka\u017edodenn\u00fdch \u017eivotn\u00fdch v\u00fdziev alebo sa stret\u00e1vate so svojimi doteraz najextr\u00e9mnej\u0161\u00edmi podmienkami, urobte si cestu so SOG.\r\n\r\nPevn\u00fd N\u00f4\u017e SOG SEAL STRIKE BLACK.\r\n\r\nSEAL Strike, najnov\u0161\u00ed \u010dlen rodiny no\u017eov SEAL s pevn\u00fdmi \u010depe\u013eami, berie v\u0161etko, \u010do sa SOG nau\u010dila za roky nasadenia v re\u00e1lnom svete, a sp\u00e1ja to do jedn\u00e9ho ve\u013ekolep\u00e9ho bal\u00ed\u010dka. T\u00e1to kvalitn\u00e1 \u010diasto\u010dne z\u00fabkovan\u00e1 \u010depe\u013e z nerezovej ocele AUS-8 je vynikaj\u00facim spolo\u010dn\u00edkom pre outdoorov\u00e9 aj podvodn\u00e9 dobrodru\u017estvo. SEAL Strike je seri\u00f3zny obchod a nadv\u00e4zuje na trad\u00edciu z\u00e1sobovania elitn\u00fdch vojensk\u00fdch s\u00edl sveta. Dod\u00e1va sa so \u0161tandardn\u00fdm tvrd\u00fdm nylonov\u00fdm puzdrom alebo deluxe modelom so vstavanou reza\u010dkou \u0161n\u00far, jednostup\u0148ov\u00fdm str\u00fahadlom, zapa\u013eova\u010dom a v\u00e4\u010d\u0161\u00edmi upev\u0148ovac\u00edmi bodmi. Bu\u010fte pripraven\u00ed s plne schopn\u00fdm \u00faderom SEAL.\r\n\r\nRozdiel medzi \u017eivotom a smr\u0165ou m\u00f4\u017ee by\u0165 niekedy n\u00e1strojom, ktor\u00fd \u010dlovek pou\u017e\u00edva. Preto m\u00e1 SEAL Strike tak\u00fa l\u00e9giu oddan\u00fdch fan\u00fa\u0161ikov.<\/span><\/pre>\n","protected":false},"excerpt":{"rendered":"<pre id=\"tw-target-text\" class=\"tw-data-text tw-text-large tw-ta\" dir=\"ltr\" data-placeholder=\"P\u0159eklad\"><span class=\"Y2IQFc\" lang=\"sk\">\u010ci u\u017e chr\u00e1nite ostatn\u00fdch alebo vediete epick\u00fa loveck\u00fa exped\u00edciu, rie\u0161ite jednu z ka\u017edodenn\u00fdch \u017eivotn\u00fdch v\u00fdziev alebo sa stret\u00e1vate so svojimi doteraz najextr\u00e9mnej\u0161\u00edmi podmienkami, urobte si cestu so SOG.\r\n\r\nNa v\u0161etky no\u017ee SOG d\u00e1vame do\u017eivotn\u00fa z\u00e1ruku!<\/span><\/pre>\n","protected":false},"featured_media":206811,"comment_status":"open","ping_status":"closed","template":"","meta":[],"pwb-brand":[3231],"product_brand":[],"product_cat":[3187,3186],"product_tag":[3668],"class_list":{"0":"post-216074","1":"product","2":"type-product","3":"status-publish","4":"has-post-thumbnail","6":"pwb-brand-pevny-noz-sog-snarl","7":"product_cat-pevne-noze-sk","8":"product_cat-noze-sk","9":"product_tag-b2b-sk","11":"first","12":"instock","13":"taxable","14":"shipping-taxable","15":"purchasable","16":"product-type-simple"},"brands":[{"id":3231,"name":"Pevn\u00fd N\u00f4\u017e SOG SNARL","slug":"pevny-noz-sog-snarl"}],"_links":{"self":[{"href":"https:\/\/www.moskito.cz\/sk\/wp-json\/wp\/v2\/product\/216074","targetHints":{"allow":["GET"]}}],"collection":[{"href":"https:\/\/www.moskito.cz\/sk\/wp-json\/wp\/v2\/product"}],"about":[{"href":"https:\/\/www.moskito.cz\/sk\/wp-json\/wp\/v2\/types\/product"}],"replies":[{"embeddable":true,"href":"https:\/\/www.moskito.cz\/sk\/wp-json\/wp\/v2\/comments?post=216074"}],"wp:featuredmedia":[{"embeddable":true,"href":"https:\/\/www.moskito.cz\/sk\/wp-json\/wp\/v2\/media\/206811"}],"wp:attachment":[{"href":"https:\/\/www.moskito.cz\/sk\/wp-json\/wp\/v2\/media?parent=216074"}],"wp:term":[{"taxonomy":"pwb-brand","embeddable":true,"href":"https:\/\/www.moskito.cz\/sk\/wp-json\/wp\/v2\/pwb-brand?post=216074"},{"taxonomy":"product_brand","embeddable":true,"href":"https:\/\/www.moskito.cz\/sk\/wp-json\/wp\/v2\/product_brand?post=216074"},{"taxonomy":"product_cat","embeddable":true,"href":"https:\/\/www.moskito.cz\/sk\/wp-json\/wp\/v2\/product_cat?post=216074"},{"taxonomy":"product_tag","embeddable":true,"href":"https:\/\/www.moskito.cz\/sk\/wp-json\/wp\/v2\/product_tag?post=216074"}],"curies":[{"name":"wp","href":"https:\/\/api.w.org\/{rel}","templated":true}]}}