{"id":216106,"date":"2022-05-03T20:32:25","date_gmt":"2022-05-03T19:32:25","guid":{"rendered":"https:\/\/www.moskito.cz\/?post_type=product&#038;p=216106"},"modified":"2025-08-21T09:28:26","modified_gmt":"2025-08-21T08:28:26","slug":"zaviraci-nuz-motylek-magnum-boker-06ex401","status":"publish","type":"product","link":"https:\/\/www.moskito.cz\/sk\/produkt\/zaviraci-nuz-motylek-magnum-boker-06ex401\/","title":{"rendered":"Zav\u00edrac\u00ed N\u016f\u017e Mot\u00fdlek Magnum B\u00f6ker 06EX401"},"content":{"rendered":"<p>Zav\u00edrac\u00ed N\u016f\u017e Mot\u00fdlek <strong>Magnum<\/strong> B\u00f6ker 06EX401<\/p>\n<p>Tento balisong je prvn\u00ed v\u011bc\u00ed, kter\u00e1 dokonale zapad\u00e1 do obl\u00edben\u00e9 s\u00e9rie Rainbow. Strukturovan\u00e1 ocelov\u00e1 rukoje\u0165 m\u00e1 jemn\u00e9 dr\u00e1\u017eky, co\u017e velmi prosp\u00edv\u00e1 pot\u0159ebn\u00e9mu \u00fachopu. \u010cepel 440 a rukoje\u0165 se t\u0159pyt\u00ed v barv\u00e1ch duhy.<\/p>\n<p>Typ polo\u017eky: kapesn\u00ed n\u016f\u017e<br \/>\nCelkov\u00e1 d\u00e9lka: 22,50 cm<br \/>\nD\u00e9lka \u010depele: 10,20 cm<br \/>\nS\u00edla \u010depele: 2,90 mm<br \/>\nHmotnost: 155,00 g<br \/>\nMateri\u00e1l \u010depele: 440<br \/>\nMateri\u00e1l rukojeti: nerezov\u00e1 ocel<br \/>\nOtev\u00edrac\u00ed: Ru\u010dn\u011b<br \/>\nBarva: v\u00edcebarevn\u00fd<br \/>\nBarva \u010depele: v\u00edcebarevn\u00fd<br \/>\n\u010c\u00edslo polo\u017eky: 06EX401<\/p>\n","protected":false},"excerpt":{"rendered":"<p><strong>B\u00d6KER\u00ae je n\u011bmeck\u00e1 firma, kter\u00e1 vyr\u00e1b\u00ed no\u017ee t\u00e9 nejvy\u0161\u0161\u00ed kvality. No\u017ee s\u00a0pevnou \u010depel\u00ed, zav\u00edrac\u00ed no\u017ee, kuchy\u0148sk\u00e9 no\u017ee a stojany si d\u00edky v\u00fdjime\u010dn\u00e9 kvalit\u011b obl\u00edbila \u0159ada z\u00e1kazn\u00edk\u016f z\u00a0cel\u00e9ho sv\u011bta.<\/strong><\/p>\n","protected":false},"featured_media":216108,"comment_status":"open","ping_status":"closed","template":"","meta":[],"pwb-brand":[140],"product_brand":[],"product_cat":[22,2030,17],"product_tag":[3667],"class_list":{"0":"post-216106","1":"product","2":"type-product","3":"status-publish","4":"has-post-thumbnail","6":"pwb-brand-boker","7":"product_cat-zaviraci-noze","8":"product_cat-motylky","9":"product_cat-noze","10":"product_tag-b2b","12":"first","13":"instock","14":"taxable","15":"shipping-taxable","16":"purchasable","17":"product-type-simple"},"brands":[{"id":140,"name":"Boker","slug":"boker"}],"_links":{"self":[{"href":"https:\/\/www.moskito.cz\/sk\/wp-json\/wp\/v2\/product\/216106","targetHints":{"allow":["GET"]}}],"collection":[{"href":"https:\/\/www.moskito.cz\/sk\/wp-json\/wp\/v2\/product"}],"about":[{"href":"https:\/\/www.moskito.cz\/sk\/wp-json\/wp\/v2\/types\/product"}],"replies":[{"embeddable":true,"href":"https:\/\/www.moskito.cz\/sk\/wp-json\/wp\/v2\/comments?post=216106"}],"wp:featuredmedia":[{"embeddable":true,"href":"https:\/\/www.moskito.cz\/sk\/wp-json\/wp\/v2\/media\/216108"}],"wp:attachment":[{"href":"https:\/\/www.moskito.cz\/sk\/wp-json\/wp\/v2\/media?parent=216106"}],"wp:term":[{"taxonomy":"pwb-brand","embeddable":true,"href":"https:\/\/www.moskito.cz\/sk\/wp-json\/wp\/v2\/pwb-brand?post=216106"},{"taxonomy":"product_brand","embeddable":true,"href":"https:\/\/www.moskito.cz\/sk\/wp-json\/wp\/v2\/product_brand?post=216106"},{"taxonomy":"product_cat","embeddable":true,"href":"https:\/\/www.moskito.cz\/sk\/wp-json\/wp\/v2\/product_cat?post=216106"},{"taxonomy":"product_tag","embeddable":true,"href":"https:\/\/www.moskito.cz\/sk\/wp-json\/wp\/v2\/product_tag?post=216106"}],"curies":[{"name":"wp","href":"https:\/\/api.w.org\/{rel}","templated":true}]}}