{"id":216223,"date":"2022-05-04T20:25:50","date_gmt":"2022-05-04T19:25:50","guid":{"rendered":"https:\/\/www.moskito.cz\/?post_type=product&#038;p=216223"},"modified":"2025-05-07T10:38:44","modified_gmt":"2025-05-07T09:38:44","slug":"pevny-nuz-magnum-boker-elk-hunter-zebrawood-02gl687","status":"publish","type":"product","link":"https:\/\/www.moskito.cz\/sk\/produkt\/pevny-nuz-magnum-boker-elk-hunter-zebrawood-02gl687\/","title":{"rendered":"Pevn\u00fd N\u016f\u017e Magnum B\u00f6ker Elk Hunter Zebrawood 02GL687"},"content":{"rendered":"<p>Pevn\u00fd N\u016f\u017e <strong>Magnum B\u00f6ker<\/strong> Elk Hunter Zebrawood 02GL687<\/p>\n<p>Osv\u011bd\u010den\u00fd Magnum Elk Hunter je spolehliv\u00fd outdoorov\u00fd n\u016f\u017e a p\u0159esv\u011bd\u010d\u00ed svou ide\u00e1ln\u00ed d\u00e9lkou \u010depele jak v divo\u010din\u011b, tak v ka\u017edodenn\u00edm \u017eivot\u011b. Tvarov\u011b tvarovan\u00fd n\u016f\u017e s pouzdrem a \u010depel\u00ed z nerezov\u00e9 oceli 440A , kter\u00e1 m\u00e1 sat\u00e9novou \u00fapravu a je jemn\u011b brou\u0161en\u00e1, se vyzna\u010duje sv\u00fdm vzhledem a funkc\u00ed. Prot\u00e1hl\u00e9 ricasso na h\u0159betu \u010depele dod\u00e1v\u00e1 no\u017ei modern\u00ed vzhled. Stabiln\u00ed full tang konstrukce je vybavena ergonomicky tvarovan\u00fdmi sko\u0159epinami rukojet\u00ed ze zebrov\u00e9ho d\u0159eva, kter\u00e9 okam\u017eit\u011b upout\u00e1 svou prot\u00e1hlou kresbou. V\u00fdrazn\u00e1 ochrana rukou a hlubok\u00e9 vybr\u00e1n\u00ed pro prsty zabra\u0148uj\u00ed necht\u011bn\u00e9mu sklouznut\u00ed na \u010depel a zvy\u0161uj\u00ed tak bezpe\u010dnost pr\u00e1ce. Pomoc\u00ed vyztu\u017een\u00e9ho otvoru pro \u0161\u0148\u016frkuna konec rukojeti lze k no\u017ei p\u0159ipevnit \u0161\u0148\u016frku nebo p\u0159\u00edv\u011bsek. Dod\u00e1v\u00e1no s praktick\u00fdm ko\u017een\u00fdm pouzdrem, kter\u00e9 je zaji\u0161t\u011bno patentkou a lze jej snadno p\u0159ipevnit na opasek.<\/p>\n<p>Typ polo\u017eky: Pevn\u00fd n\u016f\u017e<br \/>\nCelkov\u00e1 d\u00e9lka: 22,30 cm<br \/>\nD\u00e9lka \u010depele: 10,10 cm<br \/>\nS\u00edla \u010depele: 4,60 mm<br \/>\nHmotnost: 154,00 g<br \/>\nMateri\u00e1l \u010depele: 440A<br \/>\nMateri\u00e1l rukojeti: zebra d\u0159evo<br \/>\nSpona: Pevn\u00fd<br \/>\nBarva: Hn\u011bd\u00fd<br \/>\nBarva \u010depele: nepota\u017een\u00e9<br \/>\nMateri\u00e1l pl\u00e1\u0161t\u011b: k\u016f\u017ee<br \/>\n\u010c\u00edslo polo\u017eky: 02GL687<\/p>\n","protected":false},"excerpt":{"rendered":"<p><strong>B\u00d6KER\u00ae<\/strong>\u00a0je n\u011bmeck\u00e1 firma, kter\u00e1 vyr\u00e1b\u00ed no\u017ee t\u00e9 nejvy\u0161\u0161\u00ed kvality. No\u017ee s\u00a0pevnou \u010depel\u00ed, zav\u00edrac\u00ed no\u017ee, kuchy\u0148sk\u00e9 no\u017ee a stojany si d\u00edky v\u00fdjime\u010dn\u00e9 kvalit\u011b obl\u00edbila \u0159ada z\u00e1kazn\u00edk\u016f z\u00a0cel\u00e9ho sv\u011bta.<\/p>\n","protected":false},"featured_media":216224,"comment_status":"open","ping_status":"closed","template":"","meta":[],"pwb-brand":[140],"product_brand":[],"product_cat":[23,17],"product_tag":[3667],"class_list":{"0":"post-216223","1":"product","2":"type-product","3":"status-publish","4":"has-post-thumbnail","6":"pwb-brand-boker","7":"product_cat-pevne-noze","8":"product_cat-noze","9":"product_tag-b2b","11":"first","12":"instock","13":"taxable","14":"shipping-taxable","15":"purchasable","16":"product-type-simple"},"brands":[{"id":140,"name":"Boker","slug":"boker"}],"_links":{"self":[{"href":"https:\/\/www.moskito.cz\/sk\/wp-json\/wp\/v2\/product\/216223","targetHints":{"allow":["GET"]}}],"collection":[{"href":"https:\/\/www.moskito.cz\/sk\/wp-json\/wp\/v2\/product"}],"about":[{"href":"https:\/\/www.moskito.cz\/sk\/wp-json\/wp\/v2\/types\/product"}],"replies":[{"embeddable":true,"href":"https:\/\/www.moskito.cz\/sk\/wp-json\/wp\/v2\/comments?post=216223"}],"wp:featuredmedia":[{"embeddable":true,"href":"https:\/\/www.moskito.cz\/sk\/wp-json\/wp\/v2\/media\/216224"}],"wp:attachment":[{"href":"https:\/\/www.moskito.cz\/sk\/wp-json\/wp\/v2\/media?parent=216223"}],"wp:term":[{"taxonomy":"pwb-brand","embeddable":true,"href":"https:\/\/www.moskito.cz\/sk\/wp-json\/wp\/v2\/pwb-brand?post=216223"},{"taxonomy":"product_brand","embeddable":true,"href":"https:\/\/www.moskito.cz\/sk\/wp-json\/wp\/v2\/product_brand?post=216223"},{"taxonomy":"product_cat","embeddable":true,"href":"https:\/\/www.moskito.cz\/sk\/wp-json\/wp\/v2\/product_cat?post=216223"},{"taxonomy":"product_tag","embeddable":true,"href":"https:\/\/www.moskito.cz\/sk\/wp-json\/wp\/v2\/product_tag?post=216223"}],"curies":[{"name":"wp","href":"https:\/\/api.w.org\/{rel}","templated":true}]}}