{"id":216836,"date":"2020-01-28T16:39:34","date_gmt":"2020-01-28T15:39:34","guid":{"rendered":"https:\/\/www.moskito.cz\/produkt\/vystrelovaci-noz-microtech-utx-85-233-10-od\/"},"modified":"2025-07-11T07:50:37","modified_gmt":"2025-07-11T06:50:37","slug":"vystrelovaci-noz-microtech-utx-85-233-10-od","status":"publish","type":"product","link":"https:\/\/www.moskito.cz\/sk\/produkt\/vystrelovaci-noz-microtech-utx-85-233-10-od\/","title":{"rendered":"Vystre\u013eovac\u00ed N\u00f4\u017e Microtech UTX-85 233-10 OD"},"content":{"rendered":"<p>Vystre\u013eovac\u00ed N\u00f4\u017e <strong>Microtech<\/strong> UTX-85 233-10 OD.<\/p>\n<p><span lang=\"cs\">N\u00f4\u017e <strong>Microtech<\/strong> UTX-85 OTF je perfektnou kombin\u00e1ciou kompaktnej ve\u013ekosti a ve\u013ek\u00e9ho v\u00fdkonu. Pri ve\u013ekosti 85% Ultratech je <strong>Microtech<\/strong> UTX-85 vyroben\u00fd z rovnak\u00fdch materi\u00e1lov, na rovnak\u00fdch strojoch as rovnakou vynaliezavos\u0165ou ako jeho predchodca. Microtech UTX-85 je perfektn\u00fd n\u00f4\u017e pre v\u0161etky situ\u00e1cie \u2013 bez oh\u013eadu na to, ak\u00fa \u00falohu re\u017eete; bude hladko zapada\u0165 do v\u00e1\u0161ho \u017eivotn\u00e9ho \u0161t\u00fdlu. V\u010faka r\u00fdchlemu otv\u00e1raniu a zatv\u00e1raniu jednou rukou zvl\u00e1dne pr\u00e1cu v priebehu nieko\u013ek\u00fdch sek\u00fand. Vybaven\u00fd obojstrann\u00fdm vreckov\u00fdm klipom a kompaktnou ve\u013ekos\u0165ou, je to perfektn\u00e1 vo\u013eba pre ka\u017edodenn\u00e9 pou\u017eitie a nosenie.<\/span><\/p>\n<p><span class=\"tlid-translation translation\"><span class=\"\" title=\"\">Celkov\u00e1 d\u013a\u017eka: 18.75 cm<\/span><br \/>\n<span class=\"\" title=\"\">D\u013a\u017eka \u010depele: 7.81 cm<\/span><br \/>\n<span class=\"\" title=\"\">Rezn\u00e1 hrana: 7.17 cm<\/span><br \/>\n<span class=\"\" title=\"\">Hr\u00fabka \u010depele: 0.32cm<\/span><br \/>\n<span class=\"\" title=\"\">Materi\u00e1l \u010depele: Bohler M390<\/span><br \/>\n<span title=\"\">\u0160t\u00fdl \u010depele: Tanto<\/span><br \/>\n<span title=\"\">Britov\u00e9 do\u0161ti\u010dky: Ploch\u00e9<\/span><br \/>\n<span title=\"\">Typ okraja: oby\u010dajn\u00fd<\/span><br \/>\n<span title=\"\">D\u013a\u017eka rukov\u00e4te: 10.92 cm<\/span><br \/>\n<span class=\"\" title=\"\">Hr\u00fabka rukov\u00e4te: 1.17 cm<\/span><br \/>\n<span title=\"\">Materi\u00e1l rukov\u00e4te: hlin\u00edk<\/span><br \/>\n<span title=\"\">Hmotnos\u0165: 3,06 oz.<\/span><br \/>\n<span title=\"\">U\u017e\u00edvate\u013e: Prav\u00e1 ruka<\/span><br \/>\n<span title=\"\">Pocket Clip: Tip-Down<\/span><br \/>\n<span title=\"\">Typ no\u017ea: Double-Action OTF Automatic<\/span><br \/>\n<span title=\"\">Otv\u00e1ra\u010d: Thumb Slide<\/span><br \/>\n<span title=\"\">Zna\u010dka: Microtech<\/span><br \/>\n<span title=\"\">Model: UTX-85<\/span><br \/>\n<span title=\"\">\u010c\u00edslo modelu:<\/span> 233-10 OD<br \/>\n<span title=\"\">Krajina p\u00f4vodu: USA<\/span><br \/>\n<span title=\"\">Najlep\u0161ie vyu\u017eitie: Taktick\u00e9<\/span><\/span><\/p>\n<p><iframe title=\"Microtech Combat Troodon Torture Test\" width=\"800\" height=\"450\" src=\"https:\/\/www.youtube.com\/embed\/xE9TeOFYEjg?feature=oembed\" frameborder=\"0\" allow=\"accelerometer; autoplay; clipboard-write; encrypted-media; gyroscope; picture-in-picture; web-share\" allowfullscreen><\/iframe><\/p>\n<div id=\"ProductDetail_ProductDetails_div2\"><\/div>\n","protected":false},"excerpt":{"rendered":"<p>V priebehu rokov <strong>Microtech\u00ae Knives<\/strong> naplnil v\u00e1\u0161\u0148ou a zru\u010dnos\u0165ou v\u00fdrobu no\u017eov, a\u017e z nich vytvoril takmer umeleck\u00e9 diela, ktor\u00e9 s\u00fa vrcholom funk\u010dnosti. V\u0161etky diely s\u00fa vyroden\u00e9 v USA.<br \/>\n<strong>Na v\u0161etky no\u017ee Microtech je do\u017eivotn\u00e1 z\u00e1ruka.<\/strong><\/p>\n<p><strong>Doprava zadarmo.<\/strong><\/p>\n","protected":false},"featured_media":216826,"comment_status":"open","ping_status":"closed","template":"","meta":[],"pwb-brand":[3200],"product_brand":[],"product_cat":[3186,3197],"product_tag":[3668],"class_list":{"0":"post-216836","1":"product","2":"type-product","3":"status-publish","4":"has-post-thumbnail","6":"pwb-brand-microtech-sk","7":"product_cat-noze-sk","8":"product_cat-vystrelovacie-noze-sk","9":"product_tag-b2b-sk","11":"first","12":"instock","13":"taxable","14":"shipping-taxable","15":"purchasable","16":"product-type-simple"},"brands":[{"id":3200,"name":"Microtech","slug":"microtech-sk"}],"_links":{"self":[{"href":"https:\/\/www.moskito.cz\/sk\/wp-json\/wp\/v2\/product\/216836","targetHints":{"allow":["GET"]}}],"collection":[{"href":"https:\/\/www.moskito.cz\/sk\/wp-json\/wp\/v2\/product"}],"about":[{"href":"https:\/\/www.moskito.cz\/sk\/wp-json\/wp\/v2\/types\/product"}],"replies":[{"embeddable":true,"href":"https:\/\/www.moskito.cz\/sk\/wp-json\/wp\/v2\/comments?post=216836"}],"wp:featuredmedia":[{"embeddable":true,"href":"https:\/\/www.moskito.cz\/sk\/wp-json\/wp\/v2\/media\/216826"}],"wp:attachment":[{"href":"https:\/\/www.moskito.cz\/sk\/wp-json\/wp\/v2\/media?parent=216836"}],"wp:term":[{"taxonomy":"pwb-brand","embeddable":true,"href":"https:\/\/www.moskito.cz\/sk\/wp-json\/wp\/v2\/pwb-brand?post=216836"},{"taxonomy":"product_brand","embeddable":true,"href":"https:\/\/www.moskito.cz\/sk\/wp-json\/wp\/v2\/product_brand?post=216836"},{"taxonomy":"product_cat","embeddable":true,"href":"https:\/\/www.moskito.cz\/sk\/wp-json\/wp\/v2\/product_cat?post=216836"},{"taxonomy":"product_tag","embeddable":true,"href":"https:\/\/www.moskito.cz\/sk\/wp-json\/wp\/v2\/product_tag?post=216836"}],"curies":[{"name":"wp","href":"https:\/\/api.w.org\/{rel}","templated":true}]}}