{"id":217058,"date":"2022-06-08T11:26:54","date_gmt":"2022-06-08T10:26:54","guid":{"rendered":"https:\/\/www.moskito.cz\/?post_type=product&#038;p=217058"},"modified":"2025-05-07T10:38:59","modified_gmt":"2025-05-07T09:38:59","slug":"pevny-nuz-magnum-life-knife","status":"publish","type":"product","link":"https:\/\/www.moskito.cz\/sk\/produkt\/pevny-nuz-magnum-life-knife\/","title":{"rendered":"Pevn\u00fd N\u016f\u017e  Magnum Life Knife"},"content":{"rendered":"<p>Pevn\u00fd N\u016f\u017e <strong>Magnum<\/strong> Life Knife.<\/p>\n<div id=\"tw-target-text-container\" class=\"tw-ta-container F0azHf tw-nfl\" tabindex=\"0\">\n<pre id=\"tw-target-text\" class=\"tw-data-text tw-text-large tw-ta\" dir=\"ltr\" data-placeholder=\"P\u0159eklad\"><span class=\"Y2IQFc\" lang=\"cs\">Magnum Life Knife je jedn\u00edm z t\u011bch no\u017e\u016f, o kter\u00e9 by se uch\u00e1zelo, kdybyste za sv\u016fj \u017eivot mohli vlastnit pouze jeden n\u016f\u017e. Na jednu stranu je dostate\u010dn\u011b velk\u00fd a robustn\u00ed, aby zvl\u00e1dl v\u0161echny bushcraftov\u00e9 a outdoorov\u00e9 sc\u00e9n\u00e1\u0159e a na druhou stranu je dostate\u010dn\u011b kompaktn\u00ed, aby byl va\u0161\u00edm EDC. \u0160ed\u011b pota\u017een\u00e1 \u010depel z nerezov\u00e9 oceli 440A a rukoje\u0165 nab\u00edzej\u00edc\u00ed n\u011bkolik mo\u017enost\u00ed \u00fachopu byly navr\u017eeny jako spolehliv\u00e1 full tang konstrukce. \u0160upiny G10 maj\u00ed protiskluzovou texturu ryb\u00ed k\u016f\u017ee a jsou lemov\u00e1ny jemn\u00fdmi, ale elegantn\u00edmi vrstvami \u010derven\u00fdch vl\u00e1ken. Kydexov\u00e9 pouzdro s odpov\u00eddaj\u00edc\u00edm adapt\u00e9rem na opasek podporuje nekompromisn\u00ed funk\u010dnost no\u017ee.<\/span><\/pre>\n<\/div>\n<div id=\"tw-target-rmn-container\" class=\"tw-target-rmn tw-ta-container F0azHf tw-nfl\">\n<p>Typ: Pevn\u00e1 \u010depel<br \/>\nCelkov\u00e1 d\u00e9lka: 20,00 cm<br \/>\nD\u00e9lka \u010depele: 10,00 cm<br \/>\nTlou\u0161\u0165ka \u010depele: 3,90 mm<br \/>\nHmotnost: 156,00 g<br \/>\nMateri\u00e1l \u010depele: 440A<br \/>\nMateri\u00e1l rukojeti: G10<br \/>\nBarva: \u010cern\u00e1<br \/>\nBarva \u010depele: \u0160ed\u00e1<br \/>\nMateri\u00e1l pl\u00e1\u0161t\u011b: Kydex<br \/>\n\u010c\u00edslo polo\u017eky: 02 MB201<\/p>\n<\/div>\n","protected":false},"excerpt":{"rendered":"<p><span class=\"Y2IQFc\" lang=\"cs\"><strong>Magnum Life<\/strong> Knife je jedn\u00edm z t\u011bch no\u017e\u016f, o kter\u00e9 by se uch\u00e1zelo, kdybyste za sv\u016fj \u017eivot mohli vlastnit pouze jeden n\u016f\u017e. <\/span><\/p>\n","protected":false},"featured_media":217059,"comment_status":"open","ping_status":"closed","template":"","meta":[],"pwb-brand":[140],"product_brand":[],"product_cat":[23,17],"product_tag":[3667],"class_list":{"0":"post-217058","1":"product","2":"type-product","3":"status-publish","4":"has-post-thumbnail","6":"pwb-brand-boker","7":"product_cat-pevne-noze","8":"product_cat-noze","9":"product_tag-b2b","11":"first","12":"outofstock","13":"taxable","14":"shipping-taxable","15":"purchasable","16":"product-type-simple"},"brands":[{"id":140,"name":"Boker","slug":"boker"}],"_links":{"self":[{"href":"https:\/\/www.moskito.cz\/sk\/wp-json\/wp\/v2\/product\/217058","targetHints":{"allow":["GET"]}}],"collection":[{"href":"https:\/\/www.moskito.cz\/sk\/wp-json\/wp\/v2\/product"}],"about":[{"href":"https:\/\/www.moskito.cz\/sk\/wp-json\/wp\/v2\/types\/product"}],"replies":[{"embeddable":true,"href":"https:\/\/www.moskito.cz\/sk\/wp-json\/wp\/v2\/comments?post=217058"}],"wp:featuredmedia":[{"embeddable":true,"href":"https:\/\/www.moskito.cz\/sk\/wp-json\/wp\/v2\/media\/217059"}],"wp:attachment":[{"href":"https:\/\/www.moskito.cz\/sk\/wp-json\/wp\/v2\/media?parent=217058"}],"wp:term":[{"taxonomy":"pwb-brand","embeddable":true,"href":"https:\/\/www.moskito.cz\/sk\/wp-json\/wp\/v2\/pwb-brand?post=217058"},{"taxonomy":"product_brand","embeddable":true,"href":"https:\/\/www.moskito.cz\/sk\/wp-json\/wp\/v2\/product_brand?post=217058"},{"taxonomy":"product_cat","embeddable":true,"href":"https:\/\/www.moskito.cz\/sk\/wp-json\/wp\/v2\/product_cat?post=217058"},{"taxonomy":"product_tag","embeddable":true,"href":"https:\/\/www.moskito.cz\/sk\/wp-json\/wp\/v2\/product_tag?post=217058"}],"curies":[{"name":"wp","href":"https:\/\/api.w.org\/{rel}","templated":true}]}}