{"id":217879,"date":"2022-06-28T21:38:55","date_gmt":"2022-06-28T20:38:55","guid":{"rendered":"https:\/\/www.moskito.cz\/?post_type=product&#038;p=217879"},"modified":"2025-06-28T11:30:42","modified_gmt":"2025-06-28T10:30:42","slug":"zaviraci-nuz-zero-tolerance-0230","status":"publish","type":"product","link":"https:\/\/www.moskito.cz\/sk\/produkt\/zaviraci-nuz-zero-tolerance-0230\/","title":{"rendered":"Zav\u00edrac\u00ed N\u016f\u017e Zero Tolerance 0230"},"content":{"rendered":"<p>Zav\u00edrac\u00ed N\u016f\u017e <strong>Zero Tolerance<\/strong> 0230<\/p>\n<p>Minimalistick\u00fd design se setk\u00e1v\u00e1 s maxim\u00e1ln\u00edm v\u00fdkonem v nov\u00e9m 0230 od ZT a d\u00e1nsk\u00e9ho design\u00e9ra Jense Ans\u00f8. Tento n\u016f\u017e s posuvn\u00fdm kloubem m\u00e1 dvojit\u00fd areta\u010dn\u00ed syst\u00e9m: dv\u011b ocelov\u00e9 areta\u010dn\u00ed kuli\u010dky, jedna na ka\u017ed\u00e9 stran\u011b \u010depele. \u010cepel dr\u017e\u00ed bezpe\u010dn\u011b zav\u0159enou pro p\u0159en\u00e1\u0161en\u00ed. Pak pro \u0159\u00edzen\u00e9 otev\u00edr\u00e1n\u00ed a zav\u00edr\u00e1n\u00ed m\u00e1 0230 tak\u00e9 polootev\u0159enou polohu. V\u0161e se snoub\u00ed, aby se z tohoto stal jednoduch\u00fd, ale mimo\u0159\u00e1dn\u00fd kapesn\u00ed n\u016f\u017e.<\/p>\n<p>Vyrobeno v USA<br \/>\nDvojit\u00fd areta\u010dn\u00ed syst\u00e9m: dv\u011b ocelov\u00e9 areta\u010dn\u00ed kuli\u010dky, jedna na ka\u017ed\u00e9 stran\u011b \u010depele pro bezpe\u010dn\u00e9 p\u0159en\u00e1\u0161en\u00ed, kontrolovan\u00e9 otev\u00edr\u00e1n\u00ed\/zav\u00edr\u00e1n\u00ed<br \/>\nModr\u00fd eloxovan\u00fd hlin\u00edkov\u00fd backspacer s integrovan\u00fdm uchycen\u00edm na \u0161\u0148\u016frku<br \/>\nOcel \u010depele CPM 20CV nab\u00edz\u00ed v\u00fdjime\u010dnou tvrdost, odolnost proti opot\u0159eben\u00ed, zachov\u00e1n\u00ed ost\u0159\u00ed; Stonewashed povrch pom\u00e1h\u00e1 skr\u00fdt \u0161kr\u00e1bance od pou\u017e\u00edv\u00e1n\u00ed<br \/>\nUltralehk\u00e1 rukoje\u0165 z uhl\u00edkov\u00fdch vl\u00e1ken<\/p>\n<p>Typ Manual, Folder<br \/>\nPou\u017e\u00edvejte ka\u017ed\u00fd den, pracujte<br \/>\nStylov\u00fd kapesn\u00ed n\u016f\u017e<br \/>\nN\u00e1vrh\u00e1\u0159 Jens Ans\u00f8<br \/>\nStyl \u010depele Sheepfoot<br \/>\nBlade Edge Plain<br \/>\nOtev\u00edr\u00e1n\u00ed Ru\u010dn\u00ed podlo\u017eky<br \/>\nOtev\u0159e se p\u0159ezd\u00edvkou na nehty<br \/>\nTyp z\u00e1mku Slipjoint<br \/>\nVyrobeno v USA Ano<br \/>\nHardware Oto\u010dn\u00e1 matice z brun\u00fdrovan\u00e9 oceli, n\u00e1mo\u0159nick\u00e1 mod\u0159 eloxovan\u00fd hlin\u00edkov\u00fd backspacer, \u0161rouby z brun\u00fdrovan\u00e9 oceli<br \/>\nExtra d\u00edra na \u0161\u0148\u016frku<\/p>\n<p>\u010cepel ocel CPM 20CV<br \/>\nD\u00e9lka \u010depele 2,6 palce (6,6 cm)<br \/>\nHRC 60\u201362<br \/>\nPovrchov\u00e1 \u00faprava \u010depele\/potah Povrchov\u00e1 \u00faprava Stonewash<br \/>\nTlou\u0161\u0165ka \u010depele 0,121 palce (0,31 cm)<br \/>\nD\u00e9lka v zav\u0159en\u00e9m stavu 3,7 palce (9,5 cm)<br \/>\nMateri\u00e1l rukojeti Karbonov\u00e9 vl\u00e1kno<br \/>\nBarva rukojeti \u010cern\u00e1<br \/>\nTlou\u0161\u0165ka rukojeti 0,4 palce (10,2 mm)<br \/>\nCelkov\u00e1 d\u00e9lka 6,2 palce (15,7 cm)<br \/>\nHmotnost 1,8 oz. (52 g)<\/p>\n","protected":false},"excerpt":{"rendered":"<p>Budeme i nad\u00e1le stav\u011bt profesion\u00e1ln\u00ed no\u017ee pr\u00e9miov\u00e9 kvality, na kter\u00e9 se na\u0161i z\u00e1kazn\u00edci mohou ka\u017ed\u00fd den spolehnout!!<\/p>\n<p><strong>To je Zero Tolerance!!<\/strong><\/p>\n<p><strong>Doprava zdarma.<\/strong><\/p>\n","protected":false},"featured_media":217880,"comment_status":"open","ping_status":"closed","template":"","meta":[],"pwb-brand":[717],"product_brand":[],"product_cat":[22,17],"product_tag":[],"class_list":{"0":"post-217879","1":"product","2":"type-product","3":"status-publish","4":"has-post-thumbnail","6":"pwb-brand-zero-tolerance","7":"product_cat-zaviraci-noze","8":"product_cat-noze","10":"first","11":"instock","12":"sale","13":"taxable","14":"shipping-taxable","15":"purchasable","16":"product-type-simple"},"brands":[{"id":717,"name":"Zero Tolerance","slug":"zero-tolerance"}],"_links":{"self":[{"href":"https:\/\/www.moskito.cz\/sk\/wp-json\/wp\/v2\/product\/217879","targetHints":{"allow":["GET"]}}],"collection":[{"href":"https:\/\/www.moskito.cz\/sk\/wp-json\/wp\/v2\/product"}],"about":[{"href":"https:\/\/www.moskito.cz\/sk\/wp-json\/wp\/v2\/types\/product"}],"replies":[{"embeddable":true,"href":"https:\/\/www.moskito.cz\/sk\/wp-json\/wp\/v2\/comments?post=217879"}],"wp:featuredmedia":[{"embeddable":true,"href":"https:\/\/www.moskito.cz\/sk\/wp-json\/wp\/v2\/media\/217880"}],"wp:attachment":[{"href":"https:\/\/www.moskito.cz\/sk\/wp-json\/wp\/v2\/media?parent=217879"}],"wp:term":[{"taxonomy":"pwb-brand","embeddable":true,"href":"https:\/\/www.moskito.cz\/sk\/wp-json\/wp\/v2\/pwb-brand?post=217879"},{"taxonomy":"product_brand","embeddable":true,"href":"https:\/\/www.moskito.cz\/sk\/wp-json\/wp\/v2\/product_brand?post=217879"},{"taxonomy":"product_cat","embeddable":true,"href":"https:\/\/www.moskito.cz\/sk\/wp-json\/wp\/v2\/product_cat?post=217879"},{"taxonomy":"product_tag","embeddable":true,"href":"https:\/\/www.moskito.cz\/sk\/wp-json\/wp\/v2\/product_tag?post=217879"}],"curies":[{"name":"wp","href":"https:\/\/api.w.org\/{rel}","templated":true}]}}