{"id":220994,"date":"2022-08-17T20:38:45","date_gmt":"2022-08-17T19:38:45","guid":{"rendered":"https:\/\/www.moskito.cz\/?post_type=product&#038;p=220994"},"modified":"2025-06-28T11:30:52","modified_gmt":"2025-06-28T10:30:52","slug":"zaviraci-nuz-crkt-ignitor-6850","status":"publish","type":"product","link":"https:\/\/www.moskito.cz\/sk\/produkt\/zaviraci-nuz-crkt-ignitor-6850\/","title":{"rendered":"Zav\u00edrac\u00ed n\u016f\u017e CRKT IGNITOR 6850"},"content":{"rendered":"<article class=\"w-full scroll-mb-[var(--thread-trailing-height,150px)] text-token-text-primary focus-visible:outline-2 focus-visible:outline-offset-[-4px]\" dir=\"auto\" data-testid=\"conversation-turn-351\" data-scroll-anchor=\"false\">\n<div class=\"m-auto text-base py-[18px] px-3 md:px-4 w-full md:px-5 lg:px-4 xl:px-5\">\n<div class=\"mx-auto flex flex-1 gap-4 text-base md:gap-5 lg:gap-6 md:max-w-3xl\">\n<div class=\"group\/conversation-turn relative flex w-full min-w-0 flex-col agent-turn\">\n<div class=\"flex-col gap-1 md:gap-3\">\n<div class=\"flex max-w-full flex-col flex-grow\">\n<div class=\"min-h-8 text-message flex w-full flex-col items-end gap-2 whitespace-normal break-words text-start [.text-message+&amp;]:mt-5\" dir=\"auto\" data-message-author-role=\"assistant\" data-message-id=\"f6049b5c-ac51-4541-bf9c-60b591012646\" data-message-model-slug=\"gpt-4o-mini\">\n<div class=\"flex w-full flex-col gap-1 empty:hidden first:pt-[3px]\">\n<div class=\"markdown prose w-full break-words dark:prose-invert light\">\n<p><strong>Zav\u00edrac\u00ed n\u016f\u017e CRKT IGNITOR 6850<\/strong> je skv\u011bl\u00fdm p\u0159\u00edkladem cenov\u011b dostupn\u00e9ho, ale technologicky vysoce pokro\u010dil\u00e9ho skl\u00e1dac\u00edho no\u017ee pro ka\u017edodenn\u00ed pou\u017eit\u00ed. Tento model je navr\u017een pro u\u017eivatele, kte\u0159\u00ed po\u017eaduj\u00ed v\u00fdkonn\u00fd a spolehliv\u00fd n\u00e1stroj s modern\u00edmi funkcemi a kvalitn\u00edmi materi\u00e1ly.<\/p>\n<h3><strong>Hlavn\u00ed vlastnosti:<\/strong><\/h3>\n<h4><strong>Rychl\u00e9 otev\u00edr\u00e1n\u00ed s Outburst\u00ae<\/strong><\/h4>\n<p>N\u016f\u017e je vybaven <strong>asistovan\u00fdm otev\u00edr\u00e1n\u00edm Outburst\u00ae<\/strong>, co\u017e znamen\u00e1, \u017ee \u010depel se otev\u0159e extr\u00e9mn\u011b rychle a snadno. Sta\u010d\u00ed jemn\u011b stisknout <strong>flipper<\/strong> na rukojeti, a n\u016f\u017e se automaticky otev\u0159e s pomoc\u00ed pru\u017einov\u00e9ho mechanismu. Tento mechanismus zaru\u010duje, \u017ee n\u016f\u017e budete m\u00edt rychle k dispozici, co\u017e je ide\u00e1ln\u00ed v situac\u00edch, kdy pot\u0159ebujete jednat okam\u017eit\u011b.<\/p>\n<h4><strong>Bezpe\u010dnostn\u00ed mechanismus<\/strong><\/h4>\n<p><strong>Integrovan\u00fd bezpe\u010dnostn\u00ed kol\u00edk<\/strong> br\u00e1n\u00ed n\u00e1hodn\u00e9mu otev\u0159en\u00ed no\u017ee, co\u017e zaji\u0161\u0165uje vy\u0161\u0161\u00ed \u00farove\u0148 ochrany. Tento mechanismus je navr\u017een tak, aby zajistil, \u017ee n\u016f\u017e se neotev\u0159e necht\u011bn\u011b, kdy\u017e je v kapse nebo p\u0159i manipulaci s n\u00edm, co\u017e zvy\u0161uje bezpe\u010dnost u\u017eivatele.<\/p>\n<h4><strong>Kvalitn\u00ed \u010depel<\/strong><\/h4>\n<ul>\n<li><strong>Materi\u00e1l \u010depele<\/strong> je <strong>ocel 8Cr14MoV<\/strong>, co\u017e je nerezov\u00e1 ocel s vysok\u00fdm obsahem uhl\u00edku, kter\u00e1 je zn\u00e1m\u00e1 svou odolnost\u00ed proti korozi a schopnost\u00ed dr\u017eet ost\u0159\u00ed. \u010cepel je tak\u00e9 upravena <strong>sat\u00e9novou povrchovou \u00fapravou<\/strong>, kter\u00e1 ji \u010din\u00ed nejen odolnou, ale tak\u00e9 elegantn\u00ed.<\/li>\n<li><strong>Design \u010depele<\/strong> je <strong>drop point<\/strong> s vysok\u00fdm dut\u00fdm brou\u0161en\u00edm, co\u017e znamen\u00e1, \u017ee n\u016f\u017e je v\u00fdborn\u00fd pro \u0159ez\u00e1n\u00ed a prora\u017een\u00ed. Tento tvar \u010depele je ide\u00e1ln\u00ed pro v\u0161estrann\u00e9 pou\u017eit\u00ed, od ka\u017edodenn\u00edch \u00fakol\u016f a\u017e po n\u00e1ro\u010dn\u011bj\u0161\u00ed \u0159ez\u00e1n\u00ed.<\/li>\n<\/ul>\n<h4><strong>Rukoje\u0165 G10<\/strong><\/h4>\n<ul>\n<li><strong>Rukoje\u0165<\/strong> z materi\u00e1lu <strong>G10<\/strong> je velmi odoln\u00e1 a z\u00e1rove\u0148 lehk\u00e1, co\u017e d\u00e1v\u00e1 no\u017ei <strong>vynikaj\u00edc\u00ed p\u0159ilnavost<\/strong> a komfort p\u0159i pou\u017e\u00edv\u00e1n\u00ed. G10 je vysoce odoln\u00fd proti n\u00e1raz\u016fm, vlhkosti a chemick\u00fdm vliv\u016fm, co\u017e \u010din\u00ed rukoje\u0165 trvanlivou i v n\u00e1ro\u010dn\u00fdch podm\u00ednk\u00e1ch.<\/li>\n<\/ul>\n<h4><strong>Praktick\u00e9 a kompaktn\u00ed rozm\u011bry<\/strong><\/h4>\n<ul>\n<li><strong>Celkov\u00e1 d\u00e9lka<\/strong> no\u017ee je <strong>7,63&#8243; (193,68 mm)<\/strong>, co\u017e je dostate\u010dn\u011b velk\u00e9 pro efektivn\u00ed pou\u017eit\u00ed, ale z\u00e1rove\u0148 kompaktn\u00ed pro ka\u017edodenn\u00ed no\u0161en\u00ed.<\/li>\n<li><strong>D\u00e9lka \u010depele<\/strong> je <strong>3,38&#8243; (85,85 mm)<\/strong>, co\u017e je ide\u00e1ln\u00ed pro v\u011bt\u0161inu \u00fakol\u016f, a p\u0159itom st\u00e1le dostate\u010dn\u011b bezpe\u010dn\u00e9 pro no\u0161en\u00ed v kapse.<\/li>\n<li><strong>Uzav\u0159en\u00e1 d\u00e9lka<\/strong> je <strong>4,22&#8243; (107,24 mm)<\/strong>, co\u017e \u010din\u00ed tento n\u016f\u017e dostate\u010dn\u011b kompaktn\u00edm pro pohodln\u00e9 no\u0161en\u00ed v kapse nebo na opasku.<\/li>\n<li><strong>Hmotnost<\/strong> no\u017ee je <strong>3,50 oz (99,22 g)<\/strong>, co\u017e je ide\u00e1ln\u00ed hmotnost pro n\u016f\u017e, kter\u00fd budete m\u00edt s sebou cel\u00fd den, ani\u017e by v\u00e1s p\u0159\u00edli\u0161 zat\u011b\u017eoval.<\/li>\n<\/ul>\n<h3><strong>Specifikace:<\/strong><\/h3>\n<ul>\n<li><strong>D\u00e9lka \u010depele:<\/strong> 3,38&#8243; (85,85 mm)<\/li>\n<li><strong>Ost\u0159\u00ed \u010depele:<\/strong> Prost\u00fd<\/li>\n<li><strong>Materi\u00e1l \u010depele:<\/strong> Ocel 8Cr14MoV<\/li>\n<li><strong>Povrchov\u00e1 \u00faprava \u010depele:<\/strong> Sat\u00e9n<\/li>\n<li><strong>Tlou\u0161\u0165ka \u010depele:<\/strong> 0,11&#8243; (2,72 mm)<\/li>\n<li><strong>Celkov\u00e1 d\u00e9lka:<\/strong> 7,63&#8243; (193,68 mm)<\/li>\n<li><strong>Uzav\u0159en\u00e1 d\u00e9lka:<\/strong> 4,22&#8243; (107,24 mm)<\/li>\n<li><strong>Hmotnost:<\/strong> 3,50 oz (99,22 g)<\/li>\n<li><strong>Rukoje\u0165:<\/strong> G10<\/li>\n<li><strong>Styl:<\/strong> Asistovan\u00fd skl\u00e1dac\u00ed n\u016f\u017e s <strong>Liner Lock<\/strong> mechanismem<\/li>\n<\/ul>\n<h3><strong>V\u00fdhody:<\/strong><\/h3>\n<ul>\n<li><strong>Outburst\u00ae asistovan\u00e9 otev\u00edr\u00e1n\u00ed<\/strong> pro rychl\u00e9 a hladk\u00e9 otev\u0159en\u00ed no\u017ee.<\/li>\n<li><strong>Bezpe\u010dnostn\u00ed kol\u00edk<\/strong> zabra\u0148uje necht\u011bn\u00e9mu otev\u0159en\u00ed, co\u017e poskytuje v\u011bt\u0161\u00ed bezpe\u010dnost.<\/li>\n<li><strong>Kvalitn\u00ed materi\u00e1ly<\/strong> jako ocel 8Cr14MoV a rukoje\u0165 G10 zaji\u0161\u0165uj\u00ed odolnost, trvanlivost a komfort.<\/li>\n<li><strong>Ergonomick\u00e1 rukoje\u0165<\/strong> s vynikaj\u00edc\u00ed p\u0159ilnavost\u00ed, ide\u00e1ln\u00ed pro pou\u017eit\u00ed v r\u016fzn\u00fdch podm\u00ednk\u00e1ch.<\/li>\n<li>**Kompaktn\u00ed a p\u0159enosn\u00fd<\/li>\n<\/ul>\n<\/div>\n<\/div>\n<\/div>\n<\/div>\n<div class=\"mb-2 flex gap-3 empty:hidden -ml-2\">\n<div class=\"items-center justify-start rounded-xl p-1 z-10 -mt-1 bg-token-main-surface-primary screen-arch:mt-1 md:absolute md:sr-only\">\n<div class=\"flex items-center\"><\/div>\n<\/div>\n<\/div>\n<\/div>\n<\/div>\n<\/div>\n<\/div>\n<\/article>\n<article class=\"w-full scroll-mb-[var(--thread-trailing-height,150px)] text-token-text-primary focus-visible:outline-2 focus-visible:outline-offset-[-4px]\" dir=\"auto\" data-testid=\"conversation-turn-352\" data-scroll-anchor=\"false\">Zav\u00edrac\u00ed n\u016f\u017e <strong>CRKT IGNITOR 6850<\/strong> je navr\u017een jako <strong>v\u0161estrann\u00fd n\u00e1stroj pro ka\u017edodenn\u00ed pou\u017eit\u00ed<\/strong> (EDC \u2013 Every Day Carry). D\u00edky sv\u00e9 <strong>kvalitn\u00ed \u010depeli<\/strong>, <strong>asistovan\u00e9mu otev\u00edr\u00e1n\u00ed<\/strong> a <strong>bezpe\u010dnostn\u00edm funkc\u00edm<\/strong> se hod\u00ed pro r\u016fzn\u00e9 \u00fakoly, jak v m\u011bstsk\u00e9m prost\u0159ed\u00ed, tak i v p\u0159\u00edrod\u011b nebo na pracovn\u00edch projektech. Zde jsou konkr\u00e9tn\u00ed p\u0159\u00edklady, na co v\u0161e tento n\u016f\u017e m\u016f\u017eete pou\u017e\u00edt:<\/p>\n<h3><strong>1. Ka\u017edodenn\u00ed \u00fakoly (EDC)<\/strong>:<\/h3>\n<ul>\n<li><strong>Otev\u0159en\u00ed obal\u016f a bal\u00ed\u010dk\u016f<\/strong>: D\u00edky sv\u00e9 kompaktn\u00ed \u010depeli je ide\u00e1ln\u00ed pro rychl\u00e9 a bezpe\u010dn\u00e9 rozbalov\u00e1n\u00ed z\u00e1silek, otev\u0159en\u00ed po\u0161ty, bal\u00edk\u016f a obal\u016f.<\/li>\n<li><strong>\u0158ez\u00e1n\u00ed a kr\u00e1jen\u00ed<\/strong>: N\u016f\u017e s <strong>Veff Serrations\u2122<\/strong> je skv\u011bl\u00fd pro rychl\u00e9 a efektivn\u00ed \u0159ez\u00e1n\u00ed r\u016fzn\u00fdch materi\u00e1l\u016f, jako jsou \u0161\u0148\u016fry, provazy, plasty, nebo i kartonov\u00e9 krabice.<\/li>\n<li><strong>Pr\u00e1ce s dr\u00e1ty a kabely<\/strong>: Veff Serrations\u2122 umo\u017e\u0148uj\u00ed pohodln\u00e9 \u0159ez\u00e1n\u00ed dr\u00e1t\u016f, kabel\u016f a tenk\u00fdch kovov\u00fdch p\u0159edm\u011bt\u016f.<\/li>\n<li><strong>P\u0159esn\u00e9 \u0159ez\u00e1n\u00ed<\/strong>: Ide\u00e1ln\u00ed pro drobn\u00e9 \u00fapravy materi\u00e1l\u016f nebo \u0159ez\u00e1n\u00ed jemn\u011bj\u0161\u00edch p\u0159edm\u011bt\u016f, kde je vy\u017eadov\u00e1na p\u0159esnost.<\/li>\n<\/ul>\n<h3><strong>2. Taktick\u00e9 pou\u017eit\u00ed<\/strong>:<\/h3>\n<ul>\n<li><strong>Osobn\u00ed ochrana<\/strong>: I kdy\u017e tento n\u016f\u017e nen\u00ed ur\u010den p\u0159\u00edmo k boji, d\u00edky sv\u00e9mu designu a <strong>rychl\u00e9mu otev\u0159en\u00ed<\/strong> je vhodn\u00fd pro z\u00e1kladn\u00ed sebeobranu v nebezpe\u010dn\u00fdch situac\u00edch.<\/li>\n<li><strong>Kempov\u00e1n\u00ed a outdoorov\u00e9 aktivity<\/strong>: N\u016f\u017e lze pou\u017e\u00edt p\u0159i <strong>p\u0159\u00edprav\u011b j\u00eddla<\/strong>, <strong>\u0161t\u00edp\u00e1n\u00ed v\u011btvi\u010dek<\/strong> nebo na <strong>\u00fadr\u017ebu vybaven\u00ed<\/strong> v p\u0159\u00edrod\u011b. D\u00e1le je vhodn\u00fd pro <strong>\u0159ez\u00e1n\u00ed prov\u00e1zk\u016f<\/strong>, <strong>sp\u0159\u00e1d\u00e1n\u00ed lana<\/strong> a mnoho dal\u0161\u00edch outdoorov\u00fdch \u00fakol\u016f.<\/li>\n<\/ul>\n<h3><strong>3. Pr\u00e1ce v d\u00edln\u011b nebo na stavb\u011b<\/strong>:<\/h3>\n<ul>\n<li><strong>\u0158ez\u00e1n\u00ed materi\u00e1l\u016f<\/strong>: S <strong>odborn\u00fdmi serrations<\/strong> je tento n\u016f\u017e skv\u011bl\u00fd pro pr\u00e1ce, kde je t\u0159eba rychle \u0159ezat pevn\u00e9 materi\u00e1ly, jako je plachtovina, <strong>plastov\u00e9 trubky<\/strong>, nebo <strong>tenk\u00e9 plechy<\/strong>.<\/li>\n<li><strong>Opravy a \u00fapravy<\/strong>: Pokud se v\u00e1m na stavb\u011b nebo p\u0159i pr\u00e1ci na projektu p\u0159etrhne nebo po\u0161kod\u00ed n\u011bjak\u00fd materi\u00e1l (nap\u0159\u00edklad <strong>ropn\u00e9 hadice, p\u00e1sky nebo kabely<\/strong>), tento n\u016f\u017e v\u00e1m pom\u016f\u017ee je rychle p\u0159etnout nebo opravit.<\/li>\n<\/ul>\n<h3><strong>4. Cestov\u00e1n\u00ed a turismus<\/strong>:<\/h3>\n<ul>\n<li><strong>Pohodln\u00e9 no\u0161en\u00ed v kapse<\/strong>: D\u00edky kompaktn\u00ed velikosti a <strong>mal\u00e9 hmotnosti<\/strong> je tento n\u016f\u017e skv\u011bl\u00fd pro ka\u017edodenn\u00ed no\u0161en\u00ed, tak\u017ee jej m\u016f\u017eete m\u00edt s sebou na cest\u00e1ch, v\u00fdletech nebo v pr\u016fb\u011bhu ka\u017edodenn\u00edho doj\u00ed\u017ed\u011bn\u00ed.<\/li>\n<li><strong>Z\u00e1kladn\u00ed \u00fadr\u017eba<\/strong>: Tento n\u016f\u017e je velmi u\u017eite\u010dn\u00fd pro <strong>kempov\u00e1n\u00ed<\/strong>, <strong>turistiku<\/strong> a <strong>p\u011b\u0161\u00ed v\u00fdlety<\/strong>, kde si m\u016f\u017eete snadno upravit stravu, pomoci si s <strong>p\u0159\u00edpravou t\u00e1bora<\/strong> nebo <strong>\u00fadr\u017ebou vybaven\u00ed<\/strong>.<\/li>\n<\/ul>\n<h3><strong>5. Dom\u00e1c\u00ed pou\u017eit\u00ed<\/strong>:<\/h3>\n<ul>\n<li><strong>Opravy a \u00fadr\u017eba v dom\u00e1cnosti<\/strong>: Tento n\u016f\u017e je vhodn\u00fd pro drobn\u00e9 opravy kolem domu. M\u016f\u017eete ho pou\u017e\u00edt na <strong>rozbalov\u00e1n\u00ed n\u00e1kup\u016f<\/strong>, <strong>opravov\u00e1n\u00ed dom\u00e1c\u00edho vybaven\u00ed<\/strong> nebo <strong>st\u0159\u00edh\u00e1n\u00ed tkanin<\/strong> p\u0159i dom\u00e1c\u00edch projektech.<\/li>\n<li><strong>Kuchy\u0148sk\u00e9 \u00fakoly<\/strong>: A\u010dkoliv je tento n\u016f\u017e mal\u00fd, je dostate\u010dn\u011b ostr\u00fd pro jednoduch\u00e9 <strong>kr\u00e1jen\u00ed potravin<\/strong> (nap\u0159. kr\u00e1jen\u00ed ovoce, zeleniny, nebo balen\u00ed potravin).<\/li>\n<\/ul>\n<h3><strong>6. Z\u00e1chran\u00e1\u0159sk\u00e9 pou\u017eit\u00ed<\/strong>:<\/h3>\n<ul>\n<li><strong>\u0158ez\u00e1n\u00ed p\u00e1s\u016f bezpe\u010dnostn\u00edch p\u00e1s\u016f<\/strong>: Tento n\u016f\u017e m\u016f\u017ee b\u00fdt pou\u017eit v krizov\u00fdch situac\u00edch pro <strong>p\u0159eru\u0161en\u00ed p\u00e1s\u016f<\/strong> v aut\u011b nebo jin\u00fdch typech z\u00e1chran\u00e1\u0159sk\u00fdch \u00fakol\u016f, kdy je pot\u0159eba rychle p\u0159etnout lano nebo p\u00e1sek.<\/li>\n<\/ul>\n<h3><strong>Shrnut\u00ed pou\u017eit\u00ed:<\/strong><\/h3>\n<ul>\n<li><strong>\u0158ez\u00e1n\u00ed obal\u016f a bal\u00ed\u010dk\u016f<\/strong><\/li>\n<li><strong>Pr\u00e1ce s kabelem, dr\u00e1ty nebo provazy<\/strong><\/li>\n<li><strong>Taktick\u00e1 a sebeobrann\u00e1 funkce<\/strong><\/li>\n<li><strong>Outdoorov\u00e9 a kempingov\u00e9 \u00fakoly<\/strong><\/li>\n<li><strong>Pr\u00e1ce v d\u00edln\u011b nebo na stavb\u011b<\/strong><\/li>\n<li><strong>Cestov\u00e1n\u00ed a turismus<\/strong><\/li>\n<li><strong>Dom\u00e1c\u00ed \u00fadr\u017eba<\/strong><\/li>\n<li><strong>Z\u00e1chran\u00e1\u0159sk\u00e9 situace<\/strong><\/li>\n<\/ul>\n<p>D\u00edky <strong>kompaktn\u00ed velikosti<\/strong>, <strong>ergonomick\u00e9 rukojeti G10<\/strong>, a <strong>kvalitn\u00edmu materi\u00e1lu \u010depele<\/strong> se tento n\u016f\u017e st\u00e1v\u00e1 vynikaj\u00edc\u00edm n\u00e1strojem pro \u0161irokou \u0161k\u00e1lu \u00fakol\u016f, co\u017e z n\u011bj \u010din\u00ed ide\u00e1ln\u00ed volbu pro ka\u017edodenn\u00ed no\u0161en\u00ed i specifick\u00e9 situace, kter\u00e9 vy\u017eaduj\u00ed spolehlivost, rychlost a bezpe\u010dnost.<\/p>\n<div class=\"m-auto text-base py-[18px] px-3 md:px-4 w-full md:px-5 lg:px-4 xl:px-5\">\n<div class=\"mx-auto flex flex-1 gap-4 text-base md:gap-5 lg:gap-6 md:max-w-3xl\">\n<div class=\"group\/conversation-turn relative flex w-full min-w-0 flex-col\">\n<div class=\"flex-col gap-1 md:gap-3\">\n<div class=\"flex max-w-full flex-col flex-grow\">\n<div class=\"min-h-8 text-message flex w-full flex-col items-end gap-2 whitespace-normal break-words text-start [.text-message+&amp;]:mt-5\" dir=\"auto\" data-message-author-role=\"user\" data-message-id=\"aaa2b224-127d-4577-950c-058afe75a4d5\">\n<div class=\"flex w-full flex-col gap-1 empty:hidden items-end rtl:items-start\">\n<div class=\"relative max-w-[var(--user-chat-width,70%)] rounded-3xl bg-token-message-surface px-5 py-2.5\">\n<div class=\"whitespace-pre-wrap\"><\/div>\n<\/div>\n<\/div>\n<\/div>\n<\/div>\n<\/div>\n<\/div>\n<\/div>\n<\/div>\n<\/article>\n","protected":false},"excerpt":{"rendered":"<p><strong>D\u00edky kompaktn\u00ed velikosti, ergonomick\u00e9 rukojeti G10, a kvalitn\u00edmu materi\u00e1lu \u010depele se tento n\u016f\u017e st\u00e1v\u00e1 vynikaj\u00edc\u00edm n\u00e1strojem pro \u0161irokou \u0161k\u00e1lu \u00fakol\u016f, co\u017e z n\u011bj \u010din\u00ed ide\u00e1ln\u00ed volbu pro ka\u017edodenn\u00ed no\u0161en\u00ed i specifick\u00e9 situace, kter\u00e9 vy\u017eaduj\u00ed spolehlivost, rychlost a bezpe\u010dnost.<\/strong><\/p>\n","protected":false},"featured_media":220995,"comment_status":"open","ping_status":"closed","template":"","meta":[],"pwb-brand":[209],"product_brand":[],"product_cat":[22,17],"product_tag":[3667],"class_list":{"0":"post-220994","1":"product","2":"type-product","3":"status-publish","4":"has-post-thumbnail","6":"pwb-brand-crkt","7":"product_cat-zaviraci-noze","8":"product_cat-noze","9":"product_tag-b2b","11":"first","12":"instock","13":"sale","14":"taxable","15":"shipping-taxable","16":"purchasable","17":"product-type-simple"},"brands":[{"id":209,"name":"CRKT","slug":"crkt"}],"_links":{"self":[{"href":"https:\/\/www.moskito.cz\/sk\/wp-json\/wp\/v2\/product\/220994","targetHints":{"allow":["GET"]}}],"collection":[{"href":"https:\/\/www.moskito.cz\/sk\/wp-json\/wp\/v2\/product"}],"about":[{"href":"https:\/\/www.moskito.cz\/sk\/wp-json\/wp\/v2\/types\/product"}],"replies":[{"embeddable":true,"href":"https:\/\/www.moskito.cz\/sk\/wp-json\/wp\/v2\/comments?post=220994"}],"wp:featuredmedia":[{"embeddable":true,"href":"https:\/\/www.moskito.cz\/sk\/wp-json\/wp\/v2\/media\/220995"}],"wp:attachment":[{"href":"https:\/\/www.moskito.cz\/sk\/wp-json\/wp\/v2\/media?parent=220994"}],"wp:term":[{"taxonomy":"pwb-brand","embeddable":true,"href":"https:\/\/www.moskito.cz\/sk\/wp-json\/wp\/v2\/pwb-brand?post=220994"},{"taxonomy":"product_brand","embeddable":true,"href":"https:\/\/www.moskito.cz\/sk\/wp-json\/wp\/v2\/product_brand?post=220994"},{"taxonomy":"product_cat","embeddable":true,"href":"https:\/\/www.moskito.cz\/sk\/wp-json\/wp\/v2\/product_cat?post=220994"},{"taxonomy":"product_tag","embeddable":true,"href":"https:\/\/www.moskito.cz\/sk\/wp-json\/wp\/v2\/product_tag?post=220994"}],"curies":[{"name":"wp","href":"https:\/\/api.w.org\/{rel}","templated":true}]}}