{"id":224049,"date":"2022-09-08T20:13:01","date_gmt":"2022-09-08T19:13:01","guid":{"rendered":"https:\/\/www.moskito.cz\/?post_type=product&#038;p=224049"},"modified":"2025-06-28T11:31:09","modified_gmt":"2025-06-28T10:31:09","slug":"zaviraci-nuz-crkt-bona-fide-silver-k540gxp","status":"publish","type":"product","link":"https:\/\/www.moskito.cz\/sk\/produkt\/zaviraci-nuz-crkt-bona-fide-silver-k540gxp\/","title":{"rendered":"Zav\u00edrac\u00ed N\u016f\u017e CRKT BONA FIDE SILVER K540GXP"},"content":{"rendered":"<div class=\"flex-1 overflow-hidden @container\/thread\">\n<div class=\"h-full\">\n<div class=\"react-scroll-to-bottom--css-vxybp-79elbk h-full\">\n<div class=\"react-scroll-to-bottom--css-vxybp-1n7m0yu\">\n<div class=\"flex flex-col text-sm md:pb-9\">\n<article class=\"w-full scroll-mb-[var(--thread-trailing-height,150px)] text-token-text-primary focus-visible:outline-2 focus-visible:outline-offset-[-4px]\" dir=\"auto\" data-testid=\"conversation-turn-165\" data-scroll-anchor=\"true\">\n<div class=\"m-auto text-base py-[18px] px-3 md:px-4 w-full md:px-5 lg:px-4 xl:px-5\">\n<div class=\"mx-auto flex flex-1 gap-4 text-base md:gap-5 lg:gap-6 md:max-w-3xl\">\n<div class=\"group\/conversation-turn relative flex w-full min-w-0 flex-col agent-turn\">\n<div class=\"flex-col gap-1 md:gap-3\">\n<div class=\"flex max-w-full flex-col flex-grow\">\n<div class=\"min-h-8 text-message flex w-full flex-col items-end gap-2 whitespace-normal break-words text-start [.text-message+&amp;]:mt-5\" dir=\"auto\" data-message-author-role=\"assistant\" data-message-id=\"39f576da-5f3a-49cb-8e81-0e279be3c3ac\" data-message-model-slug=\"gpt-4o-mini\">\n<div class=\"flex w-full flex-col gap-1 empty:hidden first:pt-[3px]\">\n<div class=\"markdown prose w-full break-words dark:prose-invert light\">\n<p><strong>Zav\u00edrac\u00ed N\u016f\u017e CRKT BONA FIDE SILVER K540GXP<\/strong> je v\u00fdjime\u010dn\u00fdm modelem, kter\u00fd spojuje <strong>inovativn\u00ed technologie<\/strong>, <strong>vysok\u00fd v\u00fdkon<\/strong> a <strong>poctu tradi\u010dn\u00edm hodnot\u00e1m<\/strong>. Tento n\u016f\u017e navrhl sv\u011btov\u011b proslul\u00fd design\u00e9r <strong>Ken Onion<\/strong>, kter\u00fd cht\u011bl vzd\u00e1t hold kultu\u0159e Havaje, je\u017e ho inspirovala. <strong>Bona Fide\u2122<\/strong> je v\u00fdsledkem jeho \u00fasil\u00ed vytvo\u0159it skl\u00e1dac\u00ed n\u016f\u017e pro ka\u017edodenn\u00ed no\u0161en\u00ed, kter\u00fd nejen vynik\u00e1 svou funk\u010dnost\u00ed, ale tak\u00e9 odr\u00e1\u017e\u00ed <strong>havarijskou tradici<\/strong> a <strong>modern\u00ed technologie<\/strong>.<\/p>\n<h3>Kl\u00ed\u010dov\u00e9 vlastnosti a v\u00fdhody:<\/h3>\n<ol>\n<li><strong>Inovativn\u00ed technologie Field Strip Gen II<\/strong>:\n<ul>\n<li>Tento model je vybaven technologi\u00ed <strong>Field Strip Gen II<\/strong>, kterou Ken Onion vyvinul, aby umo\u017enil u\u017eivatel\u016fm rychlou a snadnou demont\u00e1\u017e no\u017ee bez pot\u0159eby n\u00e1\u0159ad\u00ed. Tato funkce je <strong>ide\u00e1ln\u00ed pro \u00fadr\u017ebu<\/strong>, proto\u017ee umo\u017e\u0148uje snadn\u00e9 odstran\u011bn\u00ed mastnoty a \u0161p\u00edny a zaji\u0161\u0165uje tak dlouhou \u017eivotnost no\u017ee.<\/li>\n<li><strong>Jednoduch\u00e9 rozeb\u00edr\u00e1n\u00ed<\/strong>: Posunut\u00edm p\u00e1ky nahoru se n\u016f\u017e rozlo\u017e\u00ed na t\u0159i \u010d\u00e1sti, a to velmi rychle a snadno. Pot\u00e9 sta\u010d\u00ed sestavit n\u016f\u017e posunut\u00edm p\u00e1ky dol\u016f, co\u017e \u010din\u00ed \u00fadr\u017ebu pohodlnou a efektivn\u00ed.<\/li>\n<\/ul>\n<\/li>\n<li><strong>Klasick\u00fd design s modern\u00edmi prvky<\/strong>:\n<ul>\n<li><strong>Tvar \u010depele<\/strong>: \u010cepel m\u00e1 upraven\u00fd <strong>wharncliffe<\/strong> a <strong>drop point<\/strong> design, co\u017e z n\u00ed \u010din\u00ed vynikaj\u00edc\u00ed volbu pro <strong>precizn\u00ed \u0159ez\u00e1n\u00ed<\/strong>. Tento tvar je vhodn\u00fd pro \u0161irokou \u0161k\u00e1lu \u00fakol\u016f, od ka\u017edodenn\u00edho pou\u017e\u00edv\u00e1n\u00ed po specifick\u00e9 \u00fakoly v p\u0159\u00edrod\u011b.<\/li>\n<li><strong>Materi\u00e1l \u010depele<\/strong>: <strong>Ocel D2<\/strong> je vysoce odoln\u00e1, m\u00e1 vynikaj\u00edc\u00ed <strong>dr\u017een\u00ed ost\u0159\u00ed<\/strong> a <strong>odolnost proti opot\u0159eben\u00ed<\/strong>, co\u017e zaji\u0161\u0165uje dlouhou \u017eivotnost i p\u0159i intenzivn\u00edm pou\u017e\u00edv\u00e1n\u00ed. <strong>Sat\u00e9nov\u00e1 povrchov\u00e1 \u00faprava<\/strong> dod\u00e1v\u00e1 no\u017ei elegantn\u00ed vzhled a z\u00e1rove\u0148 usnad\u0148uje \u00fadr\u017ebu.<\/li>\n<\/ul>\n<\/li>\n<li><strong>Snadn\u00e9 otev\u00edr\u00e1n\u00ed s kuli\u010dkov\u00fdmi lo\u017eisky IKBS\u2122<\/strong>:\n<ul>\n<li>N\u016f\u017e je vybaven <strong>syst\u00e9mem \u010depu s kuli\u010dkov\u00fdmi lo\u017eisky IKBS\u2122<\/strong>, co\u017e znamen\u00e1, \u017ee \u010depel se otev\u00edr\u00e1 plynule a rychle, i jednou rukou. Tento syst\u00e9m zaji\u0161\u0165uje hladk\u00fd a bezprobl\u00e9mov\u00fd pohyb \u010depele p\u0159i ka\u017ed\u00e9m pou\u017eit\u00ed.<\/li>\n<\/ul>\n<\/li>\n<li><strong>Ergonomick\u00e1 a pevn\u00e1 rukoje\u0165<\/strong>:\n<ul>\n<li><strong>Rukoje\u0165 z hlin\u00edku<\/strong> je texturovan\u00e1 pro <strong>lep\u0161\u00ed p\u0159ilnavost<\/strong> a <strong>pohodln\u00e9 dr\u017een\u00ed<\/strong>. Hlin\u00edk je lehk\u00fd, ale z\u00e1rove\u0148 velmi odoln\u00fd, co\u017e zaji\u0161\u0165uje, \u017ee n\u016f\u017e bude pohodln\u00fd na no\u0161en\u00ed a z\u00e1rove\u0148 dostate\u010dn\u011b pevn\u00fd pro n\u00e1ro\u010dn\u00e9 \u00fakoly.<\/li>\n<\/ul>\n<\/li>\n<li><strong>Elegantn\u00ed a kompaktn\u00ed design<\/strong>:\n<ul>\n<li><strong>D\u00e9lka \u010depele<\/strong>: 91,08 mm (3,59&#8243;) \u2013 Ide\u00e1ln\u00ed pro \u0161irokou \u0161k\u00e1lu \u00fakol\u016f, od \u0159ez\u00e1n\u00ed karton\u016f po jemn\u00e9 \u0159ez\u00e1n\u00ed men\u0161\u00edch materi\u00e1l\u016f.<\/li>\n<li><strong>Celkov\u00e1 d\u00e9lka<\/strong>: 209,55 mm (8,25&#8243;) \u2013 Kompaktn\u00ed velikost pro snadn\u00e9 no\u0161en\u00ed v kapse.<\/li>\n<li><strong>Uzav\u0159en\u00e1 d\u00e9lka<\/strong>: 118,34 mm (4,66&#8243;) \u2013 Velikost, kter\u00e1 je dostate\u010dn\u011b mal\u00e1 pro pohodln\u00e9 ka\u017edodenn\u00ed no\u0161en\u00ed.<\/li>\n<li><strong>Hmotnost<\/strong>: 121,90 g (4,30 oz) \u2013 Optim\u00e1ln\u00ed hmotnost pro robustn\u00ed pocit v ruce, ale st\u00e1le pohodln\u00fd na no\u0161en\u00ed.<\/li>\n<\/ul>\n<\/li>\n<\/ol>\n<h3>Specifikace:<\/h3>\n<ul>\n<li><strong>D\u00e9lka \u010depele<\/strong>: 91,08 mm (3,59&#8243;)<\/li>\n<li><strong>Ost\u0159\u00ed \u010depele<\/strong>: Prost\u00e9<\/li>\n<li><strong>Materi\u00e1l \u010depele<\/strong>: Ocel D2<\/li>\n<li><strong>Povrchov\u00e1 \u00faprava \u010depele<\/strong>: Sat\u00e9n<\/li>\n<li><strong>Tlou\u0161\u0165ka \u010depele<\/strong>: 3,38 mm (0,13&#8243;)<\/li>\n<li><strong>Celkov\u00e1 d\u00e9lka<\/strong>: 209,55 mm (8,25&#8243;)<\/li>\n<li><strong>Uzav\u0159en\u00e1 d\u00e9lka<\/strong>: 118,34 mm (4,66&#8243;)<\/li>\n<li><strong>Hmotnost<\/strong>: 121,90 g (4,30 oz)<\/li>\n<li><strong>Rukoje\u0165<\/strong>: Hlin\u00edk<\/li>\n<li><strong>Mechanismus<\/strong>: Skl\u00e1dac\u00ed n\u016f\u017e Field Strip se z\u00e1mkem Liner<\/li>\n<\/ul>\n<h3>Vhodn\u00e9 pou\u017eit\u00ed:<\/h3>\n<ul>\n<li><strong>Ka\u017edodenn\u00ed no\u0161en\u00ed (EDC)<\/strong>: D\u00edky sv\u00e9 <strong>ergonomii<\/strong> a <strong>odolnosti<\/strong> je tento n\u016f\u017e ide\u00e1ln\u00ed pro ka\u017edodenn\u00ed pou\u017eit\u00ed, jako je \u0159ez\u00e1n\u00ed, otev\u00edr\u00e1n\u00ed obal\u016f a dal\u0161\u00ed b\u011b\u017en\u00e9 \u00fakoly.<\/li>\n<li><strong>Outdoor a dobrodru\u017estv\u00ed<\/strong>: <strong>Odoln\u00e1 \u010depel<\/strong> a <strong>ergonomick\u00e1 rukoje\u0165<\/strong> d\u011blaj\u00ed z tohoto no\u017ee ide\u00e1ln\u00ed volbu pro <strong>kempov\u00e1n\u00ed<\/strong>, <strong>turistiku<\/strong> a jin\u00e9 outdoorov\u00e9 aktivity.<\/li>\n<li><strong>Taktick\u00e9 a profesion\u00e1ln\u00ed pou\u017eit\u00ed<\/strong>: S jeho <strong>siln\u00fdm designem<\/strong> a <strong>vysokou spolehlivost\u00ed<\/strong> je tento n\u016f\u017e skv\u011bl\u00fdm n\u00e1strojem pro ty, kte\u0159\u00ed pot\u0159ebuj\u00ed <strong>siln\u00e9ho a spolehliv\u00e9ho pomocn\u00edka<\/strong> v n\u00e1ro\u010dn\u00fdch podm\u00ednk\u00e1ch.<\/li>\n<\/ul>\n<h3>Shrnut\u00ed:<\/h3>\n<p><strong>CRKT Bona Fide Silver K540GXP<\/strong> je <strong>v\u0161estrann\u00fd<\/strong>, <strong>funk\u010dn\u00ed<\/strong> a <strong>inovativn\u00ed<\/strong> zav\u00edrac\u00ed n\u016f\u017e, kter\u00fd v sob\u011b spojuje <strong>modern\u00ed technologie<\/strong> a <strong>poctu tradi\u010dn\u00edm hodnot\u00e1m<\/strong>. Jeho <strong>Field Strip Gen II<\/strong> mechanismus, <strong>kvalitn\u00ed ocel D2<\/strong> a <strong>ergonomick\u00e1 rukoje\u0165<\/strong> d\u011blaj\u00ed z tohoto no\u017ee skv\u011bl\u00e9ho kandid\u00e1ta pro ka\u017edodenn\u00ed no\u0161en\u00ed i pro n\u00e1ro\u010dn\u00e9 \u00fakoly v p\u0159\u00edrod\u011b nebo v pr\u00e1ci. Tento n\u016f\u017e nen\u00ed jen n\u00e1strojem, ale tak\u00e9 <strong>poctou tradi\u010dn\u00ed havajsk\u00e9 kultu\u0159e<\/strong>.<\/p>\n<\/div>\n<\/div>\n<\/div>\n<\/div>\n<div class=\"mb-2 flex gap-3 empty:hidden -ml-2\">\n<div class=\"items-center justify-start rounded-xl p-1 flex\">\n<div class=\"flex items-center\"><\/div>\n<\/div>\n<\/div>\n<\/div>\n<\/div>\n<\/div>\n<\/div>\n<\/article>\n<\/div>\n<\/div>\n<\/div>\n<\/div>\n<\/div>\n<div class=\"md:pt-0 dark:border-white\/20 md:border-transparent md:dark:border-transparent w-full\">\n<div>\n<div class=\"m-auto text-base px-3 md:px-4 w-full md:px-5 lg:px-4 xl:px-5\">\n<div class=\"mx-auto flex flex-1 gap-4 text-base md:gap-5 lg:gap-6 md:max-w-3xl\">\n<div class=\"flex justify-center\"><\/div>\n<\/div>\n<\/div>\n<\/div>\n<\/div>\n<p><iframe title=\"CRKT BONA FIDE\u2122 | Ken Onion Design\" width=\"800\" height=\"450\" src=\"https:\/\/www.youtube.com\/embed\/kFbfhD9zduE?feature=oembed\" frameborder=\"0\" allow=\"accelerometer; autoplay; clipboard-write; encrypted-media; gyroscope; picture-in-picture; web-share\" referrerpolicy=\"strict-origin-when-cross-origin\" allowfullscreen><\/iframe><\/p>\n<p>&nbsp;<\/p>\n","protected":false},"excerpt":{"rendered":"<div class=\"flex max-w-full flex-col flex-grow\">\n<div class=\"min-h-8 text-message flex w-full flex-col items-end gap-2 whitespace-normal break-words text-start [.text-message+&amp;]:mt-5\" dir=\"auto\" data-message-author-role=\"assistant\" data-message-id=\"39f576da-5f3a-49cb-8e81-0e279be3c3ac\" data-message-model-slug=\"gpt-4o-mini\">\n<div class=\"flex w-full flex-col gap-1 empty:hidden first:pt-[3px]\">\n<div class=\"markdown prose w-full break-words dark:prose-invert light\">\n<p><strong>CRKT Bona Fide Silver K540GXP je v\u0161estrann\u00fd, funk\u010dn\u00ed a inovativn\u00ed zav\u00edrac\u00ed n\u016f\u017e, kter\u00fd v sob\u011b spojuje modern\u00ed technologie a poctu tradi\u010dn\u00edm hodnot\u00e1m. Jeho Field Strip Gen II mechanismus, kvalitn\u00ed ocel D2 a ergonomick\u00e1 rukoje\u0165 d\u011blaj\u00ed z tohoto no\u017ee skv\u011bl\u00e9ho kandid\u00e1ta pro ka\u017edodenn\u00ed no\u0161en\u00ed i pro n\u00e1ro\u010dn\u00e9 \u00fakoly v p\u0159\u00edrod\u011b nebo v pr\u00e1ci. Tento n\u016f\u017e nen\u00ed jen n\u00e1strojem, ale tak\u00e9 poctou tradi\u010dn\u00ed havajsk\u00e9 kultu\u0159e.<\/strong><\/p>\n<\/div>\n<\/div>\n<\/div>\n<\/div>\n<div class=\"mb-2 flex gap-3 empty:hidden -ml-2\">\n<div class=\"items-center justify-start rounded-xl p-1 flex\">\n<div class=\"flex items-center\"><\/div>\n<\/div>\n<\/div>\n","protected":false},"featured_media":224050,"comment_status":"open","ping_status":"closed","template":"","meta":[],"pwb-brand":[209],"product_brand":[],"product_cat":[22,17],"product_tag":[3667],"class_list":{"0":"post-224049","1":"product","2":"type-product","3":"status-publish","4":"has-post-thumbnail","6":"pwb-brand-crkt","7":"product_cat-zaviraci-noze","8":"product_cat-noze","9":"product_tag-b2b","11":"first","12":"instock","13":"sale","14":"taxable","15":"shipping-taxable","16":"purchasable","17":"product-type-simple"},"brands":[{"id":209,"name":"CRKT","slug":"crkt"}],"_links":{"self":[{"href":"https:\/\/www.moskito.cz\/sk\/wp-json\/wp\/v2\/product\/224049","targetHints":{"allow":["GET"]}}],"collection":[{"href":"https:\/\/www.moskito.cz\/sk\/wp-json\/wp\/v2\/product"}],"about":[{"href":"https:\/\/www.moskito.cz\/sk\/wp-json\/wp\/v2\/types\/product"}],"replies":[{"embeddable":true,"href":"https:\/\/www.moskito.cz\/sk\/wp-json\/wp\/v2\/comments?post=224049"}],"wp:featuredmedia":[{"embeddable":true,"href":"https:\/\/www.moskito.cz\/sk\/wp-json\/wp\/v2\/media\/224050"}],"wp:attachment":[{"href":"https:\/\/www.moskito.cz\/sk\/wp-json\/wp\/v2\/media?parent=224049"}],"wp:term":[{"taxonomy":"pwb-brand","embeddable":true,"href":"https:\/\/www.moskito.cz\/sk\/wp-json\/wp\/v2\/pwb-brand?post=224049"},{"taxonomy":"product_brand","embeddable":true,"href":"https:\/\/www.moskito.cz\/sk\/wp-json\/wp\/v2\/product_brand?post=224049"},{"taxonomy":"product_cat","embeddable":true,"href":"https:\/\/www.moskito.cz\/sk\/wp-json\/wp\/v2\/product_cat?post=224049"},{"taxonomy":"product_tag","embeddable":true,"href":"https:\/\/www.moskito.cz\/sk\/wp-json\/wp\/v2\/product_tag?post=224049"}],"curies":[{"name":"wp","href":"https:\/\/api.w.org\/{rel}","templated":true}]}}